{"id":99,"date":"2015-07-17T15:40:28","date_gmt":"2015-07-17T15:40:28","guid":{"rendered":"http:\/\/ab-party.testverze.cz\/?page_id=99"},"modified":"2024-01-06T16:55:27","modified_gmt":"2024-01-06T16:55:27","slug":"catering-a-hostesky","status":"publish","type":"page","link":"https:\/\/www.ab-party.cz\/en\/dalsi-sluzby\/catering-a-hostesky\/","title":{"rendered":"Catering a hostesky"},"content":{"rendered":"<div class='wysiwyg'><p><span style=\"color: #c9391d;\">Nab\u00edz\u00edme kompletn\u00ed cateringov\u00e9 slu\u017eby.<\/span> Koktejly, bankety, recepce, galave\u010de\u0159e, barbecue, garden party, pracovn\u00ed ob\u010derstven\u00ed.<\/p>\n<p>Na z\u00e1klad\u011b po\u017eadavk\u016f klienta zaji\u0161\u0165ujeme hostesky a kost\u00fdmy.<\/p>\n\t\t\n\t\t<div class=\"row\">\n\t\t\t<div class=\"col-lg-12\">\n\t\t\t\t<div class=\"title-box\">\n\t\t\t\t\t<h2 class=\"gallery-title\"><\/h2>\n\t\t\t\t<\/div>\n\t\t\t\n\t    \t<div class=\"row photo-gallery-magnific\">\n\t\t\t\t\t<div class=\"col-md-3 col-sm-4 col-xs-6 gallery-item\">\n\t\t\t\t\t\t<a href=\"https:\/\/www.ab-party.cz\/wp-content\/uploads\/2015\/07\/Catering-a-hostesky_1.jpg\" title=\"Cateringov\u00e9 slu\u017eby od AB Party\">\n\t\t\t    \t\t\t<img decoding=\"async\" src=\"https:\/\/www.ab-party.cz\/wp-content\/uploads\/2015\/07\/Catering-a-hostesky_1-300x300.jpg\" alt=\"Cateringov\u00e9 slu\u017eby od AB Party\" title=\"Cateringov\u00e9 slu\u017eby od AB Party\" class=\"img-responsive\" \/>\n\t\t\t    \t\t<\/a>\n\t\t\t    \t<\/div>\n\t\t\t\t\t<div class=\"col-md-3 col-sm-4 col-xs-6 gallery-item\">\n\t\t\t\t\t\t<a href=\"https:\/\/www.ab-party.cz\/wp-content\/uploads\/2015\/07\/Catering-a-hostesky_2.jpg\" title=\"Cateringov\u00e9 slu\u017eby od AB Party\">\n\t\t\t    \t\t\t<img decoding=\"async\" src=\"https:\/\/www.ab-party.cz\/wp-content\/uploads\/2015\/07\/Catering-a-hostesky_2-300x300.jpg\" alt=\"Cateringov\u00e9 slu\u017eby od AB Party\" title=\"Cateringov\u00e9 slu\u017eby od AB Party\" class=\"img-responsive\" \/>\n\t\t\t    \t\t<\/a>\n\t\t\t    \t<\/div>\n\t\t\t\t\t<div class=\"col-md-3 col-sm-4 col-xs-6 gallery-item\">\n\t\t\t\t\t\t<a href=\"https:\/\/www.ab-party.cz\/wp-content\/uploads\/2015\/07\/Catering-a-hostesky_3.jpg\" title=\"Cateringov\u00e9 slu\u017eby od AB Party\">\n\t\t\t    \t\t\t<img decoding=\"async\" src=\"https:\/\/www.ab-party.cz\/wp-content\/uploads\/2015\/07\/Catering-a-hostesky_3-300x300.jpg\" alt=\"Cateringov\u00e9 slu\u017eby od AB Party\" title=\"Cateringov\u00e9 slu\u017eby od AB Party\" class=\"img-responsive\" \/>\n\t\t\t    \t\t<\/a>\n\t\t\t    \t<\/div>\n\t\t\t\t\t<div class=\"col-md-3 col-sm-4 col-xs-6 gallery-item\">\n\t\t\t\t\t\t<a href=\"https:\/\/www.ab-party.cz\/wp-content\/uploads\/2015\/07\/Catering-a-hostesky_4.jpg\" title=\"Cateringov\u00e9 slu\u017eby od AB Party\">\n\t\t\t    \t\t\t<img decoding=\"async\" src=\"https:\/\/www.ab-party.cz\/wp-content\/uploads\/2015\/07\/Catering-a-hostesky_4-300x300.jpg\" alt=\"Cateringov\u00e9 slu\u017eby od AB Party\" title=\"Cateringov\u00e9 slu\u017eby od AB Party\" class=\"img-responsive\" \/>\n\t\t\t    \t\t<\/a>\n\t\t\t    \t<\/div>\n\t\t\t\t\t<div class=\"col-md-3 col-sm-4 col-xs-6 gallery-item\">\n\t\t\t\t\t\t<a href=\"https:\/\/www.ab-party.cz\/wp-content\/uploads\/2015\/07\/Catering-a-hostesky_5.jpg\" title=\"Cateringov\u00e9 slu\u017eby od AB Party\">\n\t\t\t    \t\t\t<img decoding=\"async\" src=\"https:\/\/www.ab-party.cz\/wp-content\/uploads\/2015\/07\/Catering-a-hostesky_5-300x300.jpg\" alt=\"Cateringov\u00e9 slu\u017eby od AB Party\" title=\"Cateringov\u00e9 slu\u017eby od AB Party\" class=\"img-responsive\" \/>\n\t\t\t    \t\t<\/a>\n\t\t\t    \t<\/div>\n\t\t\t\t\t<div class=\"col-md-3 col-sm-4 col-xs-6 gallery-item\">\n\t\t\t\t\t\t<a href=\"https:\/\/www.ab-party.cz\/wp-content\/uploads\/2015\/07\/Catering-a-hostesky_16.jpg\" title=\"Cateringov\u00e9 slu\u017eby od AB Party\">\n\t\t\t    \t\t\t<img decoding=\"async\" src=\"https:\/\/www.ab-party.cz\/wp-content\/uploads\/2015\/07\/Catering-a-hostesky_16-300x300.jpg\" alt=\"Cateringov\u00e9 slu\u017eby od AB Party\" title=\"Cateringov\u00e9 slu\u017eby od AB Party\" class=\"img-responsive\" \/>\n\t\t\t    \t\t<\/a>\n\t\t\t    \t<\/div>\n\t\t\t<\/div>\n\t\n\t\t<\/div><\/div>\n<script type='text\/javascript'>\njQuery(document).ready(function($) {\n\t$('.photo-gallery-magnific').magnificPopup({\n\t\tdelegate: 'a',\n\t\ttype: 'image',\n\t\ttLoading: 'Na\u010d\u00edt\u00e1m obr\u00e1zek #%curr%...',\n\t\tmainClass: 'mfp-img-mobile',\n\t\tgallery: {\n\t\t\tenabled: true,\n\t\t\tnavigateByImgClick: true,\n\t\t\ttCounter: '%curr% \/ %total%',\n\t\t\tpreload: [0,1] \/\/ Will preload 0 - before current, and 1 after the current image\n\t\t},\n\t\timage: {\n\t\t\ttError: '<a href=\"%url%\">Obr\u00e1zek #%curr%<\/a> nemohl b\u00fdt na\u010dten.',\n          \ttitleSrc: 'data-title'\n\t\t}\n\t});\n});\n<\/script>\n<\/div>","protected":false},"excerpt":{"rendered":"<p>Nab\u00edz\u00edme kompletn\u00ed cateringov\u00e9 slu\u017eby. Koktejly, bankety, recepce, galave\u010de\u0159e, barbecue, garden party, pracovn\u00ed ob\u010derstven\u00ed. Na z\u00e1klad\u011b po\u017eadavk\u016f klienta zaji\u0161\u0165ujeme hostesky a kost\u00fdmy.<\/p>","protected":false},"author":2,"featured_media":471,"parent":26,"menu_order":34,"comment_status":"open","ping_status":"open","template":"services.php","meta":{"_acf_changed":false,"footnotes":""},"class_list":["post-99","page","type-page","status-publish","has-post-thumbnail","hentry"],"acf":[],"yoast_head":"<!-- This site is optimized with the Yoast SEO plugin v25.8 - https:\/\/yoast.com\/wordpress\/plugins\/seo\/ -->\n<title>Catering a hostesky - AB PARTY TENT<\/title>\n<meta name=\"description\" content=\"Catering a hostesky\" \/>\n<meta name=\"robots\" content=\"index, follow, max-snippet:-1, max-image-preview:large, max-video-preview:-1\" \/>\n<link rel=\"canonical\" href=\"https:\/\/www.ab-party.cz\/en\/dalsi-sluzby\/catering-a-hostesky\/\" \/>\n<meta property=\"og:locale\" content=\"en_GB\" \/>\n<meta property=\"og:type\" content=\"article\" \/>\n<meta property=\"og:title\" content=\"Catering a hostesky - AB PARTY TENT\" \/>\n<meta property=\"og:description\" content=\"Catering a hostesky\" \/>\n<meta property=\"og:url\" content=\"https:\/\/www.ab-party.cz\/en\/dalsi-sluzby\/catering-a-hostesky\/\" \/>\n<meta property=\"og:site_name\" content=\"AB Party stany\" \/>\n<meta property=\"article:modified_time\" content=\"2024-01-06T16:55:27+00:00\" \/>\n<meta property=\"og:image\" content=\"https:\/\/www.ab-party.cz\/wp-content\/uploads\/2015\/06\/Fotogalerie_29.jpg\" \/>\n\t<meta property=\"og:image:width\" content=\"600\" \/>\n\t<meta property=\"og:image:height\" content=\"452\" \/>\n\t<meta property=\"og:image:type\" content=\"image\/jpeg\" \/>\n<meta name=\"twitter:card\" content=\"summary_large_image\" \/>\n<script type=\"application\/ld+json\" class=\"yoast-schema-graph\">{\"@context\":\"https:\/\/schema.org\",\"@graph\":[{\"@type\":\"WebPage\",\"@id\":\"https:\/\/www.ab-party.cz\/dalsi-sluzby\/catering-a-hostesky\/\",\"url\":\"https:\/\/www.ab-party.cz\/dalsi-sluzby\/catering-a-hostesky\/\",\"name\":\"Catering a hostesky - AB PARTY TENT\",\"isPartOf\":{\"@id\":\"https:\/\/www.ab-party.cz\/#website\"},\"primaryImageOfPage\":{\"@id\":\"https:\/\/www.ab-party.cz\/dalsi-sluzby\/catering-a-hostesky\/#primaryimage\"},\"image\":{\"@id\":\"https:\/\/www.ab-party.cz\/dalsi-sluzby\/catering-a-hostesky\/#primaryimage\"},\"thumbnailUrl\":\"https:\/\/www.ab-party.cz\/wp-content\/uploads\/2015\/06\/Fotogalerie_29.jpg\",\"datePublished\":\"2015-07-17T15:40:28+00:00\",\"dateModified\":\"2024-01-06T16:55:27+00:00\",\"description\":\"Catering a hostesky\",\"breadcrumb\":{\"@id\":\"https:\/\/www.ab-party.cz\/dalsi-sluzby\/catering-a-hostesky\/#breadcrumb\"},\"inLanguage\":\"en-GB\",\"potentialAction\":[{\"@type\":\"ReadAction\",\"target\":[\"https:\/\/www.ab-party.cz\/dalsi-sluzby\/catering-a-hostesky\/\"]}]},{\"@type\":\"ImageObject\",\"inLanguage\":\"en-GB\",\"@id\":\"https:\/\/www.ab-party.cz\/dalsi-sluzby\/catering-a-hostesky\/#primaryimage\",\"url\":\"https:\/\/www.ab-party.cz\/wp-content\/uploads\/2015\/06\/Fotogalerie_29.jpg\",\"contentUrl\":\"https:\/\/www.ab-party.cz\/wp-content\/uploads\/2015\/06\/Fotogalerie_29.jpg\",\"width\":600,\"height\":452,\"caption\":\"Catering od AB Party\"},{\"@type\":\"BreadcrumbList\",\"@id\":\"https:\/\/www.ab-party.cz\/dalsi-sluzby\/catering-a-hostesky\/#breadcrumb\",\"itemListElement\":[{\"@type\":\"ListItem\",\"position\":1,\"name\":\"Home\",\"item\":\"https:\/\/www.ab-party.cz\/\"},{\"@type\":\"ListItem\",\"position\":2,\"name\":\"Slu\u017eby\",\"item\":\"https:\/\/www.ab-party.cz\/dalsi-sluzby\/\"},{\"@type\":\"ListItem\",\"position\":3,\"name\":\"Catering a hostesky\"}]},{\"@type\":\"WebSite\",\"@id\":\"https:\/\/www.ab-party.cz\/#website\",\"url\":\"https:\/\/www.ab-party.cz\/\",\"name\":\"AB Party stany\",\"description\":\"\",\"potentialAction\":[{\"@type\":\"SearchAction\",\"target\":{\"@type\":\"EntryPoint\",\"urlTemplate\":\"https:\/\/www.ab-party.cz\/?s={search_term_string}\"},\"query-input\":{\"@type\":\"PropertyValueSpecification\",\"valueRequired\":true,\"valueName\":\"search_term_string\"}}],\"inLanguage\":\"en-GB\"}]}<\/script>\n<!-- \/ Yoast SEO plugin. -->","yoast_head_json":{"title":"Catering a hostesky - AB PARTY TENT","description":"Catering a hostesky","robots":{"index":"index","follow":"follow","max-snippet":"max-snippet:-1","max-image-preview":"max-image-preview:large","max-video-preview":"max-video-preview:-1"},"canonical":"https:\/\/www.ab-party.cz\/en\/dalsi-sluzby\/catering-a-hostesky\/","og_locale":"en_GB","og_type":"article","og_title":"Catering a hostesky - AB PARTY TENT","og_description":"Catering a hostesky","og_url":"https:\/\/www.ab-party.cz\/en\/dalsi-sluzby\/catering-a-hostesky\/","og_site_name":"AB Party stany","article_modified_time":"2024-01-06T16:55:27+00:00","og_image":[{"width":600,"height":452,"url":"https:\/\/www.ab-party.cz\/wp-content\/uploads\/2015\/06\/Fotogalerie_29.jpg","type":"image\/jpeg"}],"twitter_card":"summary_large_image","schema":{"@context":"https:\/\/schema.org","@graph":[{"@type":"WebPage","@id":"https:\/\/www.ab-party.cz\/dalsi-sluzby\/catering-a-hostesky\/","url":"https:\/\/www.ab-party.cz\/dalsi-sluzby\/catering-a-hostesky\/","name":"Catering a hostesky - AB PARTY TENT","isPartOf":{"@id":"https:\/\/www.ab-party.cz\/#website"},"primaryImageOfPage":{"@id":"https:\/\/www.ab-party.cz\/dalsi-sluzby\/catering-a-hostesky\/#primaryimage"},"image":{"@id":"https:\/\/www.ab-party.cz\/dalsi-sluzby\/catering-a-hostesky\/#primaryimage"},"thumbnailUrl":"https:\/\/www.ab-party.cz\/wp-content\/uploads\/2015\/06\/Fotogalerie_29.jpg","datePublished":"2015-07-17T15:40:28+00:00","dateModified":"2024-01-06T16:55:27+00:00","description":"Catering a hostesky","breadcrumb":{"@id":"https:\/\/www.ab-party.cz\/dalsi-sluzby\/catering-a-hostesky\/#breadcrumb"},"inLanguage":"en-GB","potentialAction":[{"@type":"ReadAction","target":["https:\/\/www.ab-party.cz\/dalsi-sluzby\/catering-a-hostesky\/"]}]},{"@type":"ImageObject","inLanguage":"en-GB","@id":"https:\/\/www.ab-party.cz\/dalsi-sluzby\/catering-a-hostesky\/#primaryimage","url":"https:\/\/www.ab-party.cz\/wp-content\/uploads\/2015\/06\/Fotogalerie_29.jpg","contentUrl":"https:\/\/www.ab-party.cz\/wp-content\/uploads\/2015\/06\/Fotogalerie_29.jpg","width":600,"height":452,"caption":"Catering od AB Party"},{"@type":"BreadcrumbList","@id":"https:\/\/www.ab-party.cz\/dalsi-sluzby\/catering-a-hostesky\/#breadcrumb","itemListElement":[{"@type":"ListItem","position":1,"name":"Home","item":"https:\/\/www.ab-party.cz\/"},{"@type":"ListItem","position":2,"name":"Slu\u017eby","item":"https:\/\/www.ab-party.cz\/dalsi-sluzby\/"},{"@type":"ListItem","position":3,"name":"Catering a hostesky"}]},{"@type":"WebSite","@id":"https:\/\/www.ab-party.cz\/#website","url":"https:\/\/www.ab-party.cz\/","name":"AB Party stany","description":"","potentialAction":[{"@type":"SearchAction","target":{"@type":"EntryPoint","urlTemplate":"https:\/\/www.ab-party.cz\/?s={search_term_string}"},"query-input":{"@type":"PropertyValueSpecification","valueRequired":true,"valueName":"search_term_string"}}],"inLanguage":"en-GB"}]}},"_links":{"self":[{"href":"https:\/\/www.ab-party.cz\/en\/wp-json\/wp\/v2\/pages\/99","targetHints":{"allow":["GET"]}}],"collection":[{"href":"https:\/\/www.ab-party.cz\/en\/wp-json\/wp\/v2\/pages"}],"about":[{"href":"https:\/\/www.ab-party.cz\/en\/wp-json\/wp\/v2\/types\/page"}],"author":[{"embeddable":true,"href":"https:\/\/www.ab-party.cz\/en\/wp-json\/wp\/v2\/users\/2"}],"replies":[{"embeddable":true,"href":"https:\/\/www.ab-party.cz\/en\/wp-json\/wp\/v2\/comments?post=99"}],"version-history":[{"count":4,"href":"https:\/\/www.ab-party.cz\/en\/wp-json\/wp\/v2\/pages\/99\/revisions"}],"predecessor-version":[{"id":959,"href":"https:\/\/www.ab-party.cz\/en\/wp-json\/wp\/v2\/pages\/99\/revisions\/959"}],"up":[{"embeddable":true,"href":"https:\/\/www.ab-party.cz\/en\/wp-json\/wp\/v2\/pages\/26"}],"wp:featuredmedia":[{"embeddable":true,"href":"https:\/\/www.ab-party.cz\/en\/wp-json\/wp\/v2\/media\/471"}],"wp:attachment":[{"href":"https:\/\/www.ab-party.cz\/en\/wp-json\/wp\/v2\/media?parent=99"}],"curies":[{"name":"wp","href":"https:\/\/api.w.org\/{rel}","templated":true}]}}