{"id":980,"date":"2024-05-27T21:07:06","date_gmt":"2024-05-27T21:07:06","guid":{"rendered":"https:\/\/www.ab-party.cz\/?page_id=980"},"modified":"2024-06-03T07:49:04","modified_gmt":"2024-06-03T07:49:04","slug":"obloukovy-stan-cerny","status":"publish","type":"page","link":"https:\/\/www.ab-party.cz\/en\/party-stany\/obloukovy-stan-cerny\/","title":{"rendered":"Obloukov\u00fd stan \u010dern\u00fd"},"content":{"rendered":"<div class='wysiwyg'><p>Exklusivn\u00ed obloukov\u00fd \u010dern\u00fd stan dod\u00e1 ka\u017ed\u00e9mu eventu punc luxusu a posune akci o \u00farove\u0148 v\u00fd\u0161.<br \/>Stan s transparentn\u00ed st\u0159echou a boky uspokoj\u00ed i tu nejn\u00e1ro\u010dn\u011bj\u0161\u00ed klientelu.<br \/>Stan je o rozm\u011bru 10&#215;5 a nastavuje se po p\u011bti metrech a\u017e do rozm\u011bru 10x40m.<br \/>Stan m\u016f\u017ee b\u00fdt vybaven podlahou a \u010dern\u00fdmi hlin\u00edkov\u00fdmi dve\u0159mi.<br \/>Podchoz\u00ed v\u00fd\u0161ka je 3 metry, co\u017e umo\u017e\u0148uje d\u00e1t do stanu i vy\u0161\u0161\u00ed podium.<\/p>\n\t\t\n\t\t<div class=\"row\">\n\t\t\t<div class=\"col-lg-12\">\n\t\t\t\t<div class=\"title-box\">\n\t\t\t\t\t<h2 class=\"gallery-title\"><\/h2>\n\t\t\t\t<\/div>\n\t\t\t\n\t    \t<div class=\"row photo-gallery-magnific\">\n\t\t\t\t\t<div class=\"col-md-3 col-sm-4 col-xs-6 gallery-item\">\n\t\t\t\t\t\t<a href=\"https:\/\/www.ab-party.cz\/wp-content\/uploads\/2024\/05\/OS_1.jpg\" title=\"OS_1\">\n\t\t\t    \t\t\t<img decoding=\"async\" src=\"https:\/\/www.ab-party.cz\/wp-content\/uploads\/2024\/05\/OS_1-300x300.jpg\" alt=\"OS_1\" title=\"OS_1\" class=\"img-responsive\" \/>\n\t\t\t    \t\t<\/a>\n\t\t\t    \t<\/div>\n\t\t\t\t\t<div class=\"col-md-3 col-sm-4 col-xs-6 gallery-item\">\n\t\t\t\t\t\t<a href=\"https:\/\/www.ab-party.cz\/wp-content\/uploads\/2024\/05\/OS_2.jpg\" title=\"OS_2\">\n\t\t\t    \t\t\t<img decoding=\"async\" src=\"https:\/\/www.ab-party.cz\/wp-content\/uploads\/2024\/05\/OS_2-300x300.jpg\" alt=\"OS_2\" title=\"OS_2\" class=\"img-responsive\" \/>\n\t\t\t    \t\t<\/a>\n\t\t\t    \t<\/div>\n\t\t\t\t\t<div class=\"col-md-3 col-sm-4 col-xs-6 gallery-item\">\n\t\t\t\t\t\t<a href=\"https:\/\/www.ab-party.cz\/wp-content\/uploads\/2024\/05\/OS_3.jpg\" title=\"OS_3\">\n\t\t\t    \t\t\t<img decoding=\"async\" src=\"https:\/\/www.ab-party.cz\/wp-content\/uploads\/2024\/05\/OS_3-300x300.jpg\" alt=\"OS_3\" title=\"OS_3\" class=\"img-responsive\" \/>\n\t\t\t    \t\t<\/a>\n\t\t\t    \t<\/div>\n\t\t\t\t\t<div class=\"col-md-3 col-sm-4 col-xs-6 gallery-item\">\n\t\t\t\t\t\t<a href=\"https:\/\/www.ab-party.cz\/wp-content\/uploads\/2024\/05\/OS_4.jpg\" title=\"OS_4\">\n\t\t\t    \t\t\t<img decoding=\"async\" src=\"https:\/\/www.ab-party.cz\/wp-content\/uploads\/2024\/05\/OS_4-300x300.jpg\" alt=\"OS_4\" title=\"OS_4\" class=\"img-responsive\" \/>\n\t\t\t    \t\t<\/a>\n\t\t\t    \t<\/div>\n\t\t\t\t\t<div class=\"col-md-3 col-sm-4 col-xs-6 gallery-item\">\n\t\t\t\t\t\t<a href=\"https:\/\/www.ab-party.cz\/wp-content\/uploads\/2024\/05\/OS_6.jpg\" title=\"OS_6\">\n\t\t\t    \t\t\t<img decoding=\"async\" src=\"https:\/\/www.ab-party.cz\/wp-content\/uploads\/2024\/05\/OS_6-300x300.jpg\" alt=\"OS_6\" title=\"OS_6\" class=\"img-responsive\" \/>\n\t\t\t    \t\t<\/a>\n\t\t\t    \t<\/div>\n\t\t\t\t\t<div class=\"col-md-3 col-sm-4 col-xs-6 gallery-item\">\n\t\t\t\t\t\t<a href=\"https:\/\/www.ab-party.cz\/wp-content\/uploads\/2024\/05\/OS_5.jpg\" title=\"OS_5\">\n\t\t\t    \t\t\t<img decoding=\"async\" src=\"https:\/\/www.ab-party.cz\/wp-content\/uploads\/2024\/05\/OS_5-300x300.jpg\" alt=\"OS_5\" title=\"OS_5\" class=\"img-responsive\" \/>\n\t\t\t    \t\t<\/a>\n\t\t\t    \t<\/div>\n\t\t\t\t\t<div class=\"col-md-3 col-sm-4 col-xs-6 gallery-item\">\n\t\t\t\t\t\t<a href=\"https:\/\/www.ab-party.cz\/wp-content\/uploads\/2024\/05\/OS_7.jpg\" title=\"OS_7\">\n\t\t\t    \t\t\t<img decoding=\"async\" src=\"https:\/\/www.ab-party.cz\/wp-content\/uploads\/2024\/05\/OS_7-300x300.jpg\" alt=\"OS_7\" title=\"OS_7\" class=\"img-responsive\" \/>\n\t\t\t    \t\t<\/a>\n\t\t\t    \t<\/div>\n\t\t\t\t\t<div class=\"col-md-3 col-sm-4 col-xs-6 gallery-item\">\n\t\t\t\t\t\t<a href=\"https:\/\/www.ab-party.cz\/wp-content\/uploads\/2024\/05\/OS_8.jpg\" title=\"OS_8\">\n\t\t\t    \t\t\t<img decoding=\"async\" src=\"https:\/\/www.ab-party.cz\/wp-content\/uploads\/2024\/05\/OS_8-300x300.jpg\" alt=\"OS_8\" title=\"OS_8\" class=\"img-responsive\" \/>\n\t\t\t    \t\t<\/a>\n\t\t\t    \t<\/div>\n\t\t\t\t\t<div class=\"col-md-3 col-sm-4 col-xs-6 gallery-item\">\n\t\t\t\t\t\t<a href=\"https:\/\/www.ab-party.cz\/wp-content\/uploads\/2024\/05\/OS_10.jpg\" title=\"OS_10\">\n\t\t\t    \t\t\t<img decoding=\"async\" src=\"https:\/\/www.ab-party.cz\/wp-content\/uploads\/2024\/05\/OS_10-300x300.jpg\" alt=\"OS_10\" title=\"OS_10\" class=\"img-responsive\" \/>\n\t\t\t    \t\t<\/a>\n\t\t\t    \t<\/div>\n\t\t\t\t\t<div class=\"col-md-3 col-sm-4 col-xs-6 gallery-item\">\n\t\t\t\t\t\t<a href=\"https:\/\/www.ab-party.cz\/wp-content\/uploads\/2024\/05\/OS_9.pg_-1.jpg\" title=\"OS_9.pg_-1\">\n\t\t\t    \t\t\t<img decoding=\"async\" src=\"https:\/\/www.ab-party.cz\/wp-content\/uploads\/2024\/05\/OS_9.pg_-1-300x300.jpg\" alt=\"OS_9.pg_-1\" title=\"OS_9.pg_-1\" class=\"img-responsive\" \/>\n\t\t\t    \t\t<\/a>\n\t\t\t    \t<\/div>\n\t\t\t<\/div>\n\t\n\t\t<\/div><\/div>\n<script type='text\/javascript'>\njQuery(document).ready(function($) {\n\t$('.photo-gallery-magnific').magnificPopup({\n\t\tdelegate: 'a',\n\t\ttype: 'image',\n\t\ttLoading: 'Na\u010d\u00edt\u00e1m obr\u00e1zek #%curr%...',\n\t\tmainClass: 'mfp-img-mobile',\n\t\tgallery: {\n\t\t\tenabled: true,\n\t\t\tnavigateByImgClick: true,\n\t\t\ttCounter: '%curr% \/ %total%',\n\t\t\tpreload: [0,1] \/\/ Will preload 0 - before current, and 1 after the current image\n\t\t},\n\t\timage: {\n\t\t\ttError: '<a href=\"%url%\">Obr\u00e1zek #%curr%<\/a> nemohl b\u00fdt na\u010dten.',\n          \ttitleSrc: 'data-title'\n\t\t}\n\t});\n});\n<\/script>\n\n\n<p>\u25b7<strong> <a href=\"https:\/\/www.ab-party.cz\/en\/kontakty\/\">Kontaktujte n\u00e1s pro nez\u00e1vaznou kalkulaci<\/a><\/strong><\/p>\n<\/div>","protected":false},"excerpt":{"rendered":"<p>Exklusivn\u00ed obloukov\u00fd \u010dern\u00fd stan dod\u00e1 ka\u017ed\u00e9mu eventu punc luxusu a posune akci o \u00farove\u0148 v\u00fd\u0161.Stan s transparentn\u00ed st\u0159echou a boky uspokoj\u00ed i tu nejn\u00e1ro\u010dn\u011bj\u0161\u00ed klientelu.Stan je o rozm\u011bru 10&#215;5 a&#8230;<\/p>","protected":false},"author":2,"featured_media":996,"parent":12,"menu_order":2,"comment_status":"closed","ping_status":"closed","template":"products.php","meta":{"_acf_changed":false,"footnotes":""},"class_list":["post-980","page","type-page","status-publish","has-post-thumbnail","hentry"],"acf":[],"yoast_head":"<!-- This site is optimized with the Yoast SEO plugin v25.8 - https:\/\/yoast.com\/wordpress\/plugins\/seo\/ -->\n<title>Obloukov\u00fd stan \u010dern\u00fd - AB Party stany<\/title>\n<meta name=\"robots\" content=\"index, follow, max-snippet:-1, max-image-preview:large, max-video-preview:-1\" \/>\n<link rel=\"canonical\" href=\"https:\/\/www.ab-party.cz\/en\/party-stany\/obloukovy-stan-cerny\/\" \/>\n<meta property=\"og:locale\" content=\"en_GB\" \/>\n<meta property=\"og:type\" content=\"article\" \/>\n<meta property=\"og:title\" content=\"Obloukov\u00fd stan \u010dern\u00fd - AB Party stany\" \/>\n<meta property=\"og:description\" content=\"Exklusivn\u00ed obloukov\u00fd \u010dern\u00fd stan dod\u00e1 ka\u017ed\u00e9mu eventu punc luxusu a posune akci o \u00farove\u0148 v\u00fd\u0161.Stan s transparentn\u00ed st\u0159echou a boky uspokoj\u00ed i tu nejn\u00e1ro\u010dn\u011bj\u0161\u00ed klientelu.Stan je o rozm\u011bru 10&#215;5 a...\" \/>\n<meta property=\"og:url\" content=\"https:\/\/www.ab-party.cz\/en\/party-stany\/obloukovy-stan-cerny\/\" \/>\n<meta property=\"og:site_name\" content=\"AB Party stany\" \/>\n<meta property=\"article:modified_time\" content=\"2024-06-03T07:49:04+00:00\" \/>\n<meta property=\"og:image\" content=\"https:\/\/www.ab-party.cz\/wp-content\/uploads\/2024\/05\/OS_5.jpg\" \/>\n\t<meta property=\"og:image:width\" content=\"2016\" \/>\n\t<meta property=\"og:image:height\" content=\"954\" \/>\n\t<meta property=\"og:image:type\" content=\"image\/jpeg\" \/>\n<meta name=\"twitter:card\" content=\"summary_large_image\" \/>\n<script type=\"application\/ld+json\" class=\"yoast-schema-graph\">{\"@context\":\"https:\/\/schema.org\",\"@graph\":[{\"@type\":\"WebPage\",\"@id\":\"https:\/\/www.ab-party.cz\/party-stany\/obloukovy-stan-cerny\/\",\"url\":\"https:\/\/www.ab-party.cz\/party-stany\/obloukovy-stan-cerny\/\",\"name\":\"Obloukov\u00fd stan \u010dern\u00fd - AB Party stany\",\"isPartOf\":{\"@id\":\"https:\/\/www.ab-party.cz\/#website\"},\"primaryImageOfPage\":{\"@id\":\"https:\/\/www.ab-party.cz\/party-stany\/obloukovy-stan-cerny\/#primaryimage\"},\"image\":{\"@id\":\"https:\/\/www.ab-party.cz\/party-stany\/obloukovy-stan-cerny\/#primaryimage\"},\"thumbnailUrl\":\"https:\/\/www.ab-party.cz\/wp-content\/uploads\/2024\/05\/OS_5.jpg\",\"datePublished\":\"2024-05-27T21:07:06+00:00\",\"dateModified\":\"2024-06-03T07:49:04+00:00\",\"breadcrumb\":{\"@id\":\"https:\/\/www.ab-party.cz\/party-stany\/obloukovy-stan-cerny\/#breadcrumb\"},\"inLanguage\":\"en-GB\",\"potentialAction\":[{\"@type\":\"ReadAction\",\"target\":[\"https:\/\/www.ab-party.cz\/party-stany\/obloukovy-stan-cerny\/\"]}]},{\"@type\":\"ImageObject\",\"inLanguage\":\"en-GB\",\"@id\":\"https:\/\/www.ab-party.cz\/party-stany\/obloukovy-stan-cerny\/#primaryimage\",\"url\":\"https:\/\/www.ab-party.cz\/wp-content\/uploads\/2024\/05\/OS_5.jpg\",\"contentUrl\":\"https:\/\/www.ab-party.cz\/wp-content\/uploads\/2024\/05\/OS_5.jpg\",\"width\":2016,\"height\":954},{\"@type\":\"BreadcrumbList\",\"@id\":\"https:\/\/www.ab-party.cz\/party-stany\/obloukovy-stan-cerny\/#breadcrumb\",\"itemListElement\":[{\"@type\":\"ListItem\",\"position\":1,\"name\":\"Home\",\"item\":\"https:\/\/www.ab-party.cz\/\"},{\"@type\":\"ListItem\",\"position\":2,\"name\":\"P\u00e1rty stany\",\"item\":\"https:\/\/www.ab-party.cz\/party-stany\/\"},{\"@type\":\"ListItem\",\"position\":3,\"name\":\"Obloukov\u00fd stan \u010dern\u00fd\"}]},{\"@type\":\"WebSite\",\"@id\":\"https:\/\/www.ab-party.cz\/#website\",\"url\":\"https:\/\/www.ab-party.cz\/\",\"name\":\"AB Party stany\",\"description\":\"\",\"potentialAction\":[{\"@type\":\"SearchAction\",\"target\":{\"@type\":\"EntryPoint\",\"urlTemplate\":\"https:\/\/www.ab-party.cz\/?s={search_term_string}\"},\"query-input\":{\"@type\":\"PropertyValueSpecification\",\"valueRequired\":true,\"valueName\":\"search_term_string\"}}],\"inLanguage\":\"en-GB\"}]}<\/script>\n<!-- \/ Yoast SEO plugin. -->","yoast_head_json":{"title":"Obloukov\u00fd stan \u010dern\u00fd - AB Party stany","robots":{"index":"index","follow":"follow","max-snippet":"max-snippet:-1","max-image-preview":"max-image-preview:large","max-video-preview":"max-video-preview:-1"},"canonical":"https:\/\/www.ab-party.cz\/en\/party-stany\/obloukovy-stan-cerny\/","og_locale":"en_GB","og_type":"article","og_title":"Obloukov\u00fd stan \u010dern\u00fd - AB Party stany","og_description":"Exklusivn\u00ed obloukov\u00fd \u010dern\u00fd stan dod\u00e1 ka\u017ed\u00e9mu eventu punc luxusu a posune akci o \u00farove\u0148 v\u00fd\u0161.Stan s transparentn\u00ed st\u0159echou a boky uspokoj\u00ed i tu nejn\u00e1ro\u010dn\u011bj\u0161\u00ed klientelu.Stan je o rozm\u011bru 10&#215;5 a...","og_url":"https:\/\/www.ab-party.cz\/en\/party-stany\/obloukovy-stan-cerny\/","og_site_name":"AB Party stany","article_modified_time":"2024-06-03T07:49:04+00:00","og_image":[{"width":2016,"height":954,"url":"https:\/\/www.ab-party.cz\/wp-content\/uploads\/2024\/05\/OS_5.jpg","type":"image\/jpeg"}],"twitter_card":"summary_large_image","schema":{"@context":"https:\/\/schema.org","@graph":[{"@type":"WebPage","@id":"https:\/\/www.ab-party.cz\/party-stany\/obloukovy-stan-cerny\/","url":"https:\/\/www.ab-party.cz\/party-stany\/obloukovy-stan-cerny\/","name":"Obloukov\u00fd stan \u010dern\u00fd - AB Party stany","isPartOf":{"@id":"https:\/\/www.ab-party.cz\/#website"},"primaryImageOfPage":{"@id":"https:\/\/www.ab-party.cz\/party-stany\/obloukovy-stan-cerny\/#primaryimage"},"image":{"@id":"https:\/\/www.ab-party.cz\/party-stany\/obloukovy-stan-cerny\/#primaryimage"},"thumbnailUrl":"https:\/\/www.ab-party.cz\/wp-content\/uploads\/2024\/05\/OS_5.jpg","datePublished":"2024-05-27T21:07:06+00:00","dateModified":"2024-06-03T07:49:04+00:00","breadcrumb":{"@id":"https:\/\/www.ab-party.cz\/party-stany\/obloukovy-stan-cerny\/#breadcrumb"},"inLanguage":"en-GB","potentialAction":[{"@type":"ReadAction","target":["https:\/\/www.ab-party.cz\/party-stany\/obloukovy-stan-cerny\/"]}]},{"@type":"ImageObject","inLanguage":"en-GB","@id":"https:\/\/www.ab-party.cz\/party-stany\/obloukovy-stan-cerny\/#primaryimage","url":"https:\/\/www.ab-party.cz\/wp-content\/uploads\/2024\/05\/OS_5.jpg","contentUrl":"https:\/\/www.ab-party.cz\/wp-content\/uploads\/2024\/05\/OS_5.jpg","width":2016,"height":954},{"@type":"BreadcrumbList","@id":"https:\/\/www.ab-party.cz\/party-stany\/obloukovy-stan-cerny\/#breadcrumb","itemListElement":[{"@type":"ListItem","position":1,"name":"Home","item":"https:\/\/www.ab-party.cz\/"},{"@type":"ListItem","position":2,"name":"P\u00e1rty stany","item":"https:\/\/www.ab-party.cz\/party-stany\/"},{"@type":"ListItem","position":3,"name":"Obloukov\u00fd stan \u010dern\u00fd"}]},{"@type":"WebSite","@id":"https:\/\/www.ab-party.cz\/#website","url":"https:\/\/www.ab-party.cz\/","name":"AB Party stany","description":"","potentialAction":[{"@type":"SearchAction","target":{"@type":"EntryPoint","urlTemplate":"https:\/\/www.ab-party.cz\/?s={search_term_string}"},"query-input":{"@type":"PropertyValueSpecification","valueRequired":true,"valueName":"search_term_string"}}],"inLanguage":"en-GB"}]}},"_links":{"self":[{"href":"https:\/\/www.ab-party.cz\/en\/wp-json\/wp\/v2\/pages\/980","targetHints":{"allow":["GET"]}}],"collection":[{"href":"https:\/\/www.ab-party.cz\/en\/wp-json\/wp\/v2\/pages"}],"about":[{"href":"https:\/\/www.ab-party.cz\/en\/wp-json\/wp\/v2\/types\/page"}],"author":[{"embeddable":true,"href":"https:\/\/www.ab-party.cz\/en\/wp-json\/wp\/v2\/users\/2"}],"replies":[{"embeddable":true,"href":"https:\/\/www.ab-party.cz\/en\/wp-json\/wp\/v2\/comments?post=980"}],"version-history":[{"count":9,"href":"https:\/\/www.ab-party.cz\/en\/wp-json\/wp\/v2\/pages\/980\/revisions"}],"predecessor-version":[{"id":1018,"href":"https:\/\/www.ab-party.cz\/en\/wp-json\/wp\/v2\/pages\/980\/revisions\/1018"}],"up":[{"embeddable":true,"href":"https:\/\/www.ab-party.cz\/en\/wp-json\/wp\/v2\/pages\/12"}],"wp:featuredmedia":[{"embeddable":true,"href":"https:\/\/www.ab-party.cz\/en\/wp-json\/wp\/v2\/media\/996"}],"wp:attachment":[{"href":"https:\/\/www.ab-party.cz\/en\/wp-json\/wp\/v2\/media?parent=980"}],"curies":[{"name":"wp","href":"https:\/\/api.w.org\/{rel}","templated":true}]}}