{"id":938,"date":"2022-01-03T13:32:13","date_gmt":"2022-01-03T13:32:13","guid":{"rendered":"https:\/\/www.ab-party.cz\/?page_id=938"},"modified":"2022-01-03T13:32:54","modified_gmt":"2022-01-03T13:32:54","slug":"cookies-a-prohlizeni-stranek","status":"publish","type":"page","link":"https:\/\/www.ab-party.cz\/en\/cookies-a-prohlizeni-stranek\/","title":{"rendered":"Cookies a prohl\u00ed\u017een\u00ed str\u00e1nek"},"content":{"rendered":"<div class='wysiwyg'><p>Pro fungov\u00e1n\u00ed na\u0161ehoho webu vyu\u017e\u00edv\u00e1me cookies, neboli mal\u00e9 soubory, kter\u00e9 na\u0161e str\u00e1nky pomoc\u00ed prohl\u00ed\u017ee\u010de ukl\u00e1daj\u00ed do va\u0161eho za\u0159\u00edzen\u00ed. Cookies m\u016f\u017eeme rozd\u011blit na nezbytn\u00e9, preferen\u010dn\u00ed, statistick\u00e9 a\u00a0marketingov\u00e9.<\/p>\n<p>Cookies sm\u00edme obvykle zpracov\u00e1vat pouze s\u00a0va\u0161\u00edm souhlasem. Souhlas nen\u00ed pot\u0159eba pro <strong>nezbytn\u00e9 cookies<\/strong>. Ty jsou pot\u0159eba pro to, aby byly na\u0161e webov\u00e9 str\u00e1nky v\u016fbec funk\u010dn\u00ed a\u00a0mohli jste n\u00e1s kontaktovat anebo si objednat n\u00e1\u0161 webin\u00e1\u0159. Pro vyu\u017eit\u00ed t\u011bchto cookies nepot\u0159ebujeme v\u00e1\u0161 souhlas a\u00a0ani je nem\u016f\u017eete odm\u00edtnout.<\/p>\n<p>&nbsp;<\/p>\n<p>Vyu\u017e\u00edv\u00e1me tak\u00e9<strong> preferen\u010dn\u00ed cookies<\/strong>, ty umo\u017e\u0148uj\u00ed webov\u00fdm str\u00e1nk\u00e1m zapamatovat si \u00fadaje, kter\u00e9 jste do nich vlo\u017eili. D\u00edky tomu si webov\u00e9 str\u00e1nky budou pamatovat t\u0159eba v\u00e1mi preferovan\u00fd jazyk webu. K\u00a0jejich pou\u017eit\u00ed pot\u0159ebujeme v\u00e1\u0161 souhlas, kter\u00fd m\u016f\u017eete kdykoli odm\u00edtnout kliknut\u00edm na ikonu v\u00a0lev\u00e9m doln\u00edm rohu. Pokud v\u0161ak tyto cookies odm\u00edtnete, web se v\u00e1m nemus\u00ed zobrazovat tak, aby v\u00e1m jeho pou\u017eit\u00ed 100% vyhovovalo.<\/p>\n<p>&nbsp;<\/p>\n<p><strong>Analytick\u00e9 cookies<\/strong> n\u00e1m slou\u017e\u00ed pro sestavov\u00e1n\u00ed statistik a\u00a0p\u0159ehled\u016f. Pomoc\u00ed nich sledujeme n\u00e1v\u0161t\u011bvnost na\u0161eho webu i\u00a0to, odkud jste k\u00a0n\u00e1m na web p\u0159i\u0161li. K\u00a0tomu pot\u0159ebujeme v\u00e1\u0161 souhlas. s\u00a0jednou v\u00fdjimkou. Sledovat pouze \u00fadaje o\u00a0n\u00e1v\u0161t\u011bvnosti webu i\u00a0jednotliv\u00fdch podstr\u00e1nek m\u016f\u017eeme i\u00a0bez va\u0161eho souhlasu, proto\u017ee tyto cookies t\u00e9m\u011b\u0159 nezasahuj\u00ed do va\u0161eho soukrom\u00ed. Op\u011bt je ale samoz\u0159ejm\u011b m\u016f\u017eete odm\u00edtnout kliknut\u00edm na ikonu v\u00a0lev\u00e9m doln\u00edm rohu.<\/p>\n<p>&nbsp;<\/p>\n<p><strong>Marketingov\u00e9 cookies<\/strong> n\u00e1m umo\u017e\u0148uj\u00ed p\u0159izp\u016fsobovat na\u0161i nab\u00eddku va\u0161im pot\u0159eb\u00e1m a\u00a0zobrazovat v\u00e1m relevantn\u00ed reklamu. Pot\u0159ebujeme k\u00a0tomu v\u00e1\u0161 souhlas. Odm\u00edtnout tyto cookies m\u016f\u017eete kliknut\u00edm na ikonu v\u00a0lev\u00e9m doln\u00edm rohu.<\/p>\n<p>V\u00a0tabulce n\u00ed\u017ee najdete i\u00a0neklasifikovan\u00e9 cookies, kter\u00e9 jsou v\u00a0procesu klasifikace s\u00a0poskytovateli jednotliv\u00fdch cookies. Jakmile je klasifikujeme, p\u0159i\u0159ad\u00edme je do jedn\u00e9 ze skupin cookies popsan\u00fdch v\u00fd\u0161e.<\/p>\n<p>&nbsp;<\/p>\n<p><strong>Kdo m\u016f\u017ee m\u00edt k\u00a0\u00fadaj\u016fm p\u0159\u00edstup:<\/strong><\/p>\n<h2>Shrom\u00e1\u017ed\u011bn\u00e9 cookies soubory jsou zpracov\u00e1ny dal\u0161\u00edmi zpracovateli:<\/h2>\n<p>&nbsp;<\/p>\n<p>slu\u017ebou Google Analytics, provozovanou spole\u010dnost\u00ed Google Inc., se s\u00eddlem 1600\u00a0Amphitheatre Parkway, Mountain View, CA 94043, USA<\/p>\n<p>slu\u017ebou Google Adwords, provozovanou spole\u010dnost\u00ed Google Inc., se s\u00eddlem 1600\u00a0Amphitheatre Parkway, Mountain View, CA 94043, USA<\/p>\n<p>slu\u017ebou Sklik, provozovanou spole\u010dnost\u00ed Seznam.cz, a.s., I\u010c: 261 68\u00a0685, se s\u00eddlem Praha 5\u00a0\u2013 Sm\u00edchov, Radlick\u00e1 3294\/10, PS\u010c 150 00<\/p>\n<p>&nbsp;<\/p>\n<p>Cookies soubory jsou n\u00e1sledn\u011b zpracovateli zpracov\u00e1ny v\u00a0souladu s\u00a0jejich podm\u00ednkami nakl\u00e1d\u00e1n\u00ed s\u00a0osobn\u00edmi \u00fadaji:<\/p>\n<p>slu\u017ebou Google Analytics<\/p>\n<p>slu\u017ebou Google Adwords<\/p>\n<p>slu\u017ebou Sklik<\/p>\n<h2><strong>Jak dlouho budeme \u00fadaje zpracov\u00e1vat:<\/strong><\/h2>\n<p>&nbsp;<\/p>\n<p>Nutn\u00e9 cookies jsou uchov\u00e1ny pouze na dobu nezbytn\u011b nutnou pro fungov\u00e1n\u00ed webu. Preferen\u010dn\u00ed cookies jsou uchov\u00e1v\u00e1ny pouze po dobu jedn\u00e9 session. Souhlas s u\u017eit\u00edm statistick\u00fdch a marketingov\u00fdch cookies ud\u011blujete na dobu uvedenou u jednotliv\u00fdch druh\u016f cookies. M\u016f\u017eete ho vz\u00edt kdykoliv zp\u011bt, sta\u010d\u00ed, kdy\u017e pozm\u011bn\u00edte nastaven\u00ed sv\u00e9ho webov\u00e9ho prohl\u00ed\u017ee\u010de, nebo se n\u00e1m ozvete na <a href=\"mailto:info@ab-party.cz\">info@ab-party.cz<\/a>.<\/p>\n<\/div>","protected":false},"excerpt":{"rendered":"<p>Pro fungov\u00e1n\u00ed na\u0161ehoho webu vyu\u017e\u00edv\u00e1me cookies, neboli mal\u00e9 soubory, kter\u00e9 na\u0161e str\u00e1nky pomoc\u00ed prohl\u00ed\u017ee\u010de ukl\u00e1daj\u00ed do va\u0161eho za\u0159\u00edzen\u00ed. Cookies m\u016f\u017eeme rozd\u011blit na nezbytn\u00e9, preferen\u010dn\u00ed, statistick\u00e9 a\u00a0marketingov\u00e9. Cookies sm\u00edme obvykle zpracov\u00e1vat&#8230;<\/p>","protected":false},"author":2,"featured_media":0,"parent":0,"menu_order":3,"comment_status":"closed","ping_status":"closed","template":"","meta":{"_acf_changed":false,"footnotes":""},"class_list":["post-938","page","type-page","status-publish","hentry"],"acf":[],"yoast_head":"<!-- This site is optimized with the Yoast SEO plugin v25.8 - https:\/\/yoast.com\/wordpress\/plugins\/seo\/ -->\n<title>Cookies a prohl\u00ed\u017een\u00ed str\u00e1nek - AB Party stany<\/title>\n<meta name=\"robots\" content=\"index, follow, max-snippet:-1, max-image-preview:large, max-video-preview:-1\" \/>\n<link rel=\"canonical\" href=\"https:\/\/www.ab-party.cz\/en\/cookies-a-prohlizeni-stranek\/\" \/>\n<meta property=\"og:locale\" content=\"en_GB\" \/>\n<meta property=\"og:type\" content=\"article\" \/>\n<meta property=\"og:title\" content=\"Cookies a prohl\u00ed\u017een\u00ed str\u00e1nek - AB Party stany\" \/>\n<meta property=\"og:description\" content=\"Pro fungov\u00e1n\u00ed na\u0161ehoho webu vyu\u017e\u00edv\u00e1me cookies, neboli mal\u00e9 soubory, kter\u00e9 na\u0161e str\u00e1nky pomoc\u00ed prohl\u00ed\u017ee\u010de ukl\u00e1daj\u00ed do va\u0161eho za\u0159\u00edzen\u00ed. Cookies m\u016f\u017eeme rozd\u011blit na nezbytn\u00e9, preferen\u010dn\u00ed, statistick\u00e9 a\u00a0marketingov\u00e9. Cookies sm\u00edme obvykle zpracov\u00e1vat...\" \/>\n<meta property=\"og:url\" content=\"https:\/\/www.ab-party.cz\/en\/cookies-a-prohlizeni-stranek\/\" \/>\n<meta property=\"og:site_name\" content=\"AB Party stany\" \/>\n<meta property=\"article:modified_time\" content=\"2022-01-03T13:32:54+00:00\" \/>\n<meta name=\"twitter:card\" content=\"summary_large_image\" \/>\n<meta name=\"twitter:label1\" content=\"Estimated reading time\" \/>\n\t<meta name=\"twitter:data1\" content=\"3 minutes\" \/>\n<script type=\"application\/ld+json\" class=\"yoast-schema-graph\">{\"@context\":\"https:\/\/schema.org\",\"@graph\":[{\"@type\":\"WebPage\",\"@id\":\"https:\/\/www.ab-party.cz\/cookies-a-prohlizeni-stranek\/\",\"url\":\"https:\/\/www.ab-party.cz\/cookies-a-prohlizeni-stranek\/\",\"name\":\"Cookies a prohl\u00ed\u017een\u00ed str\u00e1nek - AB Party stany\",\"isPartOf\":{\"@id\":\"https:\/\/www.ab-party.cz\/#website\"},\"datePublished\":\"2022-01-03T13:32:13+00:00\",\"dateModified\":\"2022-01-03T13:32:54+00:00\",\"breadcrumb\":{\"@id\":\"https:\/\/www.ab-party.cz\/cookies-a-prohlizeni-stranek\/#breadcrumb\"},\"inLanguage\":\"en-GB\",\"potentialAction\":[{\"@type\":\"ReadAction\",\"target\":[\"https:\/\/www.ab-party.cz\/cookies-a-prohlizeni-stranek\/\"]}]},{\"@type\":\"BreadcrumbList\",\"@id\":\"https:\/\/www.ab-party.cz\/cookies-a-prohlizeni-stranek\/#breadcrumb\",\"itemListElement\":[{\"@type\":\"ListItem\",\"position\":1,\"name\":\"Home\",\"item\":\"https:\/\/www.ab-party.cz\/\"},{\"@type\":\"ListItem\",\"position\":2,\"name\":\"Cookies a prohl\u00ed\u017een\u00ed str\u00e1nek\"}]},{\"@type\":\"WebSite\",\"@id\":\"https:\/\/www.ab-party.cz\/#website\",\"url\":\"https:\/\/www.ab-party.cz\/\",\"name\":\"AB Party stany\",\"description\":\"\",\"potentialAction\":[{\"@type\":\"SearchAction\",\"target\":{\"@type\":\"EntryPoint\",\"urlTemplate\":\"https:\/\/www.ab-party.cz\/?s={search_term_string}\"},\"query-input\":{\"@type\":\"PropertyValueSpecification\",\"valueRequired\":true,\"valueName\":\"search_term_string\"}}],\"inLanguage\":\"en-GB\"}]}<\/script>\n<!-- \/ Yoast SEO plugin. -->","yoast_head_json":{"title":"Cookies a prohl\u00ed\u017een\u00ed str\u00e1nek - AB Party stany","robots":{"index":"index","follow":"follow","max-snippet":"max-snippet:-1","max-image-preview":"max-image-preview:large","max-video-preview":"max-video-preview:-1"},"canonical":"https:\/\/www.ab-party.cz\/en\/cookies-a-prohlizeni-stranek\/","og_locale":"en_GB","og_type":"article","og_title":"Cookies a prohl\u00ed\u017een\u00ed str\u00e1nek - AB Party stany","og_description":"Pro fungov\u00e1n\u00ed na\u0161ehoho webu vyu\u017e\u00edv\u00e1me cookies, neboli mal\u00e9 soubory, kter\u00e9 na\u0161e str\u00e1nky pomoc\u00ed prohl\u00ed\u017ee\u010de ukl\u00e1daj\u00ed do va\u0161eho za\u0159\u00edzen\u00ed. Cookies m\u016f\u017eeme rozd\u011blit na nezbytn\u00e9, preferen\u010dn\u00ed, statistick\u00e9 a\u00a0marketingov\u00e9. Cookies sm\u00edme obvykle zpracov\u00e1vat...","og_url":"https:\/\/www.ab-party.cz\/en\/cookies-a-prohlizeni-stranek\/","og_site_name":"AB Party stany","article_modified_time":"2022-01-03T13:32:54+00:00","twitter_card":"summary_large_image","twitter_misc":{"Estimated reading time":"3 minutes"},"schema":{"@context":"https:\/\/schema.org","@graph":[{"@type":"WebPage","@id":"https:\/\/www.ab-party.cz\/cookies-a-prohlizeni-stranek\/","url":"https:\/\/www.ab-party.cz\/cookies-a-prohlizeni-stranek\/","name":"Cookies a prohl\u00ed\u017een\u00ed str\u00e1nek - AB Party stany","isPartOf":{"@id":"https:\/\/www.ab-party.cz\/#website"},"datePublished":"2022-01-03T13:32:13+00:00","dateModified":"2022-01-03T13:32:54+00:00","breadcrumb":{"@id":"https:\/\/www.ab-party.cz\/cookies-a-prohlizeni-stranek\/#breadcrumb"},"inLanguage":"en-GB","potentialAction":[{"@type":"ReadAction","target":["https:\/\/www.ab-party.cz\/cookies-a-prohlizeni-stranek\/"]}]},{"@type":"BreadcrumbList","@id":"https:\/\/www.ab-party.cz\/cookies-a-prohlizeni-stranek\/#breadcrumb","itemListElement":[{"@type":"ListItem","position":1,"name":"Home","item":"https:\/\/www.ab-party.cz\/"},{"@type":"ListItem","position":2,"name":"Cookies a prohl\u00ed\u017een\u00ed str\u00e1nek"}]},{"@type":"WebSite","@id":"https:\/\/www.ab-party.cz\/#website","url":"https:\/\/www.ab-party.cz\/","name":"AB Party stany","description":"","potentialAction":[{"@type":"SearchAction","target":{"@type":"EntryPoint","urlTemplate":"https:\/\/www.ab-party.cz\/?s={search_term_string}"},"query-input":{"@type":"PropertyValueSpecification","valueRequired":true,"valueName":"search_term_string"}}],"inLanguage":"en-GB"}]}},"_links":{"self":[{"href":"https:\/\/www.ab-party.cz\/en\/wp-json\/wp\/v2\/pages\/938","targetHints":{"allow":["GET"]}}],"collection":[{"href":"https:\/\/www.ab-party.cz\/en\/wp-json\/wp\/v2\/pages"}],"about":[{"href":"https:\/\/www.ab-party.cz\/en\/wp-json\/wp\/v2\/types\/page"}],"author":[{"embeddable":true,"href":"https:\/\/www.ab-party.cz\/en\/wp-json\/wp\/v2\/users\/2"}],"replies":[{"embeddable":true,"href":"https:\/\/www.ab-party.cz\/en\/wp-json\/wp\/v2\/comments?post=938"}],"version-history":[{"count":3,"href":"https:\/\/www.ab-party.cz\/en\/wp-json\/wp\/v2\/pages\/938\/revisions"}],"predecessor-version":[{"id":940,"href":"https:\/\/www.ab-party.cz\/en\/wp-json\/wp\/v2\/pages\/938\/revisions\/940"}],"wp:attachment":[{"href":"https:\/\/www.ab-party.cz\/en\/wp-json\/wp\/v2\/media?parent=938"}],"curies":[{"name":"wp","href":"https:\/\/api.w.org\/{rel}","templated":true}]}}