{"id":93,"date":"2015-07-17T15:38:28","date_gmt":"2015-07-17T15:38:28","guid":{"rendered":"http:\/\/ab-party.testverze.cz\/?page_id=93"},"modified":"2017-04-20T11:21:00","modified_gmt":"2017-04-20T11:21:00","slug":"kapely-a-moderatori","status":"publish","type":"page","link":"https:\/\/www.ab-party.cz\/en\/dalsi-sluzby\/kapely-a-moderatori\/","title":{"rendered":"Kapely a moder\u00e1to\u0159i"},"content":{"rendered":"<div class='wysiwyg'><p>Pro ucelen\u00ed kompletn\u00ed nab\u00eddky zaji\u0161\u0165ujeme hudebn\u00ed kapely v\u0161ech \u017e\u00e1nr\u016f a moder\u00e1tory. Velice r\u00e1di pro V\u00e1s p\u0159iprav\u00edme kompletn\u00ed program eventu od catringu po n\u00e1vrh a tisk pozv\u00e1nek.<\/p>\n\t\t\n\t\t<div class=\"row\">\n\t\t\t<div class=\"col-lg-12\">\n\t\t\t\t<div class=\"title-box\">\n\t\t\t\t\t<h2 class=\"gallery-title\"><\/h2>\n\t\t\t\t<\/div>\n\t\t\t\n\t    \t<div class=\"row photo-gallery-magnific\">\n\t\t\t\t\t<div class=\"col-md-3 col-sm-4 col-xs-6 gallery-item\">\n\t\t\t\t\t\t<a href=\"https:\/\/www.ab-party.cz\/wp-content\/uploads\/2015\/07\/Kapely-a-moder\u00e1to\u0159i_1.jpg\" title=\"Kapelu i moder\u00e1tora pro va\u0161i akci zprost\u0159edkuje AB Party\">\n\t\t\t    \t\t\t<img decoding=\"async\" src=\"https:\/\/www.ab-party.cz\/wp-content\/uploads\/2015\/07\/Kapely-a-moder\u00e1to\u0159i_1-300x300.jpg\" alt=\"Kapelu i moder\u00e1tora pro va\u0161i akci zprost\u0159edkuje AB Party\" title=\"Kapelu i moder\u00e1tora pro va\u0161i akci zprost\u0159edkuje AB Party\" class=\"img-responsive\" \/>\n\t\t\t    \t\t<\/a>\n\t\t\t    \t<\/div>\n\t\t\t\t\t<div class=\"col-md-3 col-sm-4 col-xs-6 gallery-item\">\n\t\t\t\t\t\t<a href=\"https:\/\/www.ab-party.cz\/wp-content\/uploads\/2015\/07\/Kapely-a-moder\u00e1to\u0159i_2.jpg\" title=\"Kapelu i moder\u00e1tora pro va\u0161i akci zprost\u0159edkuje AB Party\">\n\t\t\t    \t\t\t<img decoding=\"async\" src=\"https:\/\/www.ab-party.cz\/wp-content\/uploads\/2015\/07\/Kapely-a-moder\u00e1to\u0159i_2-300x300.jpg\" alt=\"Kapelu i moder\u00e1tora pro va\u0161i akci zprost\u0159edkuje AB Party\" title=\"Kapelu i moder\u00e1tora pro va\u0161i akci zprost\u0159edkuje AB Party\" class=\"img-responsive\" \/>\n\t\t\t    \t\t<\/a>\n\t\t\t    \t<\/div>\n\t\t\t\t\t<div class=\"col-md-3 col-sm-4 col-xs-6 gallery-item\">\n\t\t\t\t\t\t<a href=\"https:\/\/www.ab-party.cz\/wp-content\/uploads\/2015\/07\/Kapely-a-moder\u00e1to\u0159i_3.jpg\" title=\"Kapelu i moder\u00e1tora pro va\u0161i akci zprost\u0159edkuje AB Party\">\n\t\t\t    \t\t\t<img decoding=\"async\" src=\"https:\/\/www.ab-party.cz\/wp-content\/uploads\/2015\/07\/Kapely-a-moder\u00e1to\u0159i_3-300x300.jpg\" alt=\"Kapelu i moder\u00e1tora pro va\u0161i akci zprost\u0159edkuje AB Party\" title=\"Kapelu i moder\u00e1tora pro va\u0161i akci zprost\u0159edkuje AB Party\" class=\"img-responsive\" \/>\n\t\t\t    \t\t<\/a>\n\t\t\t    \t<\/div>\n\t\t\t<\/div>\n\t\n\t\t<\/div><\/div>\n<script type='text\/javascript'>\njQuery(document).ready(function($) {\n\t$('.photo-gallery-magnific').magnificPopup({\n\t\tdelegate: 'a',\n\t\ttype: 'image',\n\t\ttLoading: 'Na\u010d\u00edt\u00e1m obr\u00e1zek #%curr%...',\n\t\tmainClass: 'mfp-img-mobile',\n\t\tgallery: {\n\t\t\tenabled: true,\n\t\t\tnavigateByImgClick: true,\n\t\t\ttCounter: '%curr% \/ %total%',\n\t\t\tpreload: [0,1] \/\/ Will preload 0 - before current, and 1 after the current image\n\t\t},\n\t\timage: {\n\t\t\ttError: '<a href=\"%url%\">Obr\u00e1zek #%curr%<\/a> nemohl b\u00fdt na\u010dten.',\n          \ttitleSrc: 'data-title'\n\t\t}\n\t});\n});\n<\/script>\n<\/div>","protected":false},"excerpt":{"rendered":"<p>Pro ucelen\u00ed kompletn\u00ed nab\u00eddky zaji\u0161\u0165ujeme hudebn\u00ed kapely v\u0161ech \u017e\u00e1nr\u016f a moder\u00e1tory. Velice r\u00e1di pro V\u00e1s p\u0159iprav\u00edme kompletn\u00ed program eventu od catringu po n\u00e1vrh a tisk pozv\u00e1nek.<\/p>","protected":false},"author":2,"featured_media":507,"parent":26,"menu_order":33,"comment_status":"open","ping_status":"open","template":"services.php","meta":{"_acf_changed":false,"footnotes":""},"class_list":["post-93","page","type-page","status-publish","has-post-thumbnail","hentry"],"acf":[],"yoast_head":"<!-- This site is optimized with the Yoast SEO plugin v25.8 - https:\/\/yoast.com\/wordpress\/plugins\/seo\/ -->\n<title>Kapely a moder\u00e1to\u0159i - AB PARTY TENT<\/title>\n<meta name=\"description\" content=\"Kapely a moder\u00e1to\u0159i\" \/>\n<meta name=\"robots\" content=\"index, follow, max-snippet:-1, max-image-preview:large, max-video-preview:-1\" \/>\n<link rel=\"canonical\" href=\"https:\/\/www.ab-party.cz\/en\/dalsi-sluzby\/kapely-a-moderatori\/\" \/>\n<meta property=\"og:locale\" content=\"en_GB\" \/>\n<meta property=\"og:type\" content=\"article\" \/>\n<meta property=\"og:title\" content=\"Kapely a moder\u00e1to\u0159i - AB PARTY TENT\" \/>\n<meta property=\"og:description\" content=\"Kapely a moder\u00e1to\u0159i\" \/>\n<meta property=\"og:url\" content=\"https:\/\/www.ab-party.cz\/en\/dalsi-sluzby\/kapely-a-moderatori\/\" \/>\n<meta property=\"og:site_name\" content=\"AB Party stany\" \/>\n<meta property=\"article:modified_time\" content=\"2017-04-20T11:21:00+00:00\" \/>\n<meta property=\"og:image\" content=\"https:\/\/www.ab-party.cz\/wp-content\/uploads\/2015\/07\/Bands-and-moderators_2.jpg\" \/>\n\t<meta property=\"og:image:width\" content=\"600\" \/>\n\t<meta property=\"og:image:height\" content=\"450\" \/>\n\t<meta property=\"og:image:type\" content=\"image\/jpeg\" \/>\n<meta name=\"twitter:card\" content=\"summary_large_image\" \/>\n<script type=\"application\/ld+json\" class=\"yoast-schema-graph\">{\"@context\":\"https:\/\/schema.org\",\"@graph\":[{\"@type\":\"WebPage\",\"@id\":\"https:\/\/www.ab-party.cz\/dalsi-sluzby\/kapely-a-moderatori\/\",\"url\":\"https:\/\/www.ab-party.cz\/dalsi-sluzby\/kapely-a-moderatori\/\",\"name\":\"Kapely a moder\u00e1to\u0159i - AB PARTY TENT\",\"isPartOf\":{\"@id\":\"https:\/\/www.ab-party.cz\/#website\"},\"primaryImageOfPage\":{\"@id\":\"https:\/\/www.ab-party.cz\/dalsi-sluzby\/kapely-a-moderatori\/#primaryimage\"},\"image\":{\"@id\":\"https:\/\/www.ab-party.cz\/dalsi-sluzby\/kapely-a-moderatori\/#primaryimage\"},\"thumbnailUrl\":\"https:\/\/www.ab-party.cz\/wp-content\/uploads\/2015\/07\/Bands-and-moderators_2.jpg\",\"datePublished\":\"2015-07-17T15:38:28+00:00\",\"dateModified\":\"2017-04-20T11:21:00+00:00\",\"description\":\"Kapely a moder\u00e1to\u0159i\",\"breadcrumb\":{\"@id\":\"https:\/\/www.ab-party.cz\/dalsi-sluzby\/kapely-a-moderatori\/#breadcrumb\"},\"inLanguage\":\"en-GB\",\"potentialAction\":[{\"@type\":\"ReadAction\",\"target\":[\"https:\/\/www.ab-party.cz\/dalsi-sluzby\/kapely-a-moderatori\/\"]}]},{\"@type\":\"ImageObject\",\"inLanguage\":\"en-GB\",\"@id\":\"https:\/\/www.ab-party.cz\/dalsi-sluzby\/kapely-a-moderatori\/#primaryimage\",\"url\":\"https:\/\/www.ab-party.cz\/wp-content\/uploads\/2015\/07\/Bands-and-moderators_2.jpg\",\"contentUrl\":\"https:\/\/www.ab-party.cz\/wp-content\/uploads\/2015\/07\/Bands-and-moderators_2.jpg\",\"width\":600,\"height\":450},{\"@type\":\"BreadcrumbList\",\"@id\":\"https:\/\/www.ab-party.cz\/dalsi-sluzby\/kapely-a-moderatori\/#breadcrumb\",\"itemListElement\":[{\"@type\":\"ListItem\",\"position\":1,\"name\":\"Home\",\"item\":\"https:\/\/www.ab-party.cz\/\"},{\"@type\":\"ListItem\",\"position\":2,\"name\":\"Slu\u017eby\",\"item\":\"https:\/\/www.ab-party.cz\/dalsi-sluzby\/\"},{\"@type\":\"ListItem\",\"position\":3,\"name\":\"Kapely a moder\u00e1to\u0159i\"}]},{\"@type\":\"WebSite\",\"@id\":\"https:\/\/www.ab-party.cz\/#website\",\"url\":\"https:\/\/www.ab-party.cz\/\",\"name\":\"AB Party stany\",\"description\":\"\",\"potentialAction\":[{\"@type\":\"SearchAction\",\"target\":{\"@type\":\"EntryPoint\",\"urlTemplate\":\"https:\/\/www.ab-party.cz\/?s={search_term_string}\"},\"query-input\":{\"@type\":\"PropertyValueSpecification\",\"valueRequired\":true,\"valueName\":\"search_term_string\"}}],\"inLanguage\":\"en-GB\"}]}<\/script>\n<!-- \/ Yoast SEO plugin. -->","yoast_head_json":{"title":"Kapely a moder\u00e1to\u0159i - AB PARTY TENT","description":"Kapely a moder\u00e1to\u0159i","robots":{"index":"index","follow":"follow","max-snippet":"max-snippet:-1","max-image-preview":"max-image-preview:large","max-video-preview":"max-video-preview:-1"},"canonical":"https:\/\/www.ab-party.cz\/en\/dalsi-sluzby\/kapely-a-moderatori\/","og_locale":"en_GB","og_type":"article","og_title":"Kapely a moder\u00e1to\u0159i - AB PARTY TENT","og_description":"Kapely a moder\u00e1to\u0159i","og_url":"https:\/\/www.ab-party.cz\/en\/dalsi-sluzby\/kapely-a-moderatori\/","og_site_name":"AB Party stany","article_modified_time":"2017-04-20T11:21:00+00:00","og_image":[{"width":600,"height":450,"url":"https:\/\/www.ab-party.cz\/wp-content\/uploads\/2015\/07\/Bands-and-moderators_2.jpg","type":"image\/jpeg"}],"twitter_card":"summary_large_image","schema":{"@context":"https:\/\/schema.org","@graph":[{"@type":"WebPage","@id":"https:\/\/www.ab-party.cz\/dalsi-sluzby\/kapely-a-moderatori\/","url":"https:\/\/www.ab-party.cz\/dalsi-sluzby\/kapely-a-moderatori\/","name":"Kapely a moder\u00e1to\u0159i - AB PARTY TENT","isPartOf":{"@id":"https:\/\/www.ab-party.cz\/#website"},"primaryImageOfPage":{"@id":"https:\/\/www.ab-party.cz\/dalsi-sluzby\/kapely-a-moderatori\/#primaryimage"},"image":{"@id":"https:\/\/www.ab-party.cz\/dalsi-sluzby\/kapely-a-moderatori\/#primaryimage"},"thumbnailUrl":"https:\/\/www.ab-party.cz\/wp-content\/uploads\/2015\/07\/Bands-and-moderators_2.jpg","datePublished":"2015-07-17T15:38:28+00:00","dateModified":"2017-04-20T11:21:00+00:00","description":"Kapely a moder\u00e1to\u0159i","breadcrumb":{"@id":"https:\/\/www.ab-party.cz\/dalsi-sluzby\/kapely-a-moderatori\/#breadcrumb"},"inLanguage":"en-GB","potentialAction":[{"@type":"ReadAction","target":["https:\/\/www.ab-party.cz\/dalsi-sluzby\/kapely-a-moderatori\/"]}]},{"@type":"ImageObject","inLanguage":"en-GB","@id":"https:\/\/www.ab-party.cz\/dalsi-sluzby\/kapely-a-moderatori\/#primaryimage","url":"https:\/\/www.ab-party.cz\/wp-content\/uploads\/2015\/07\/Bands-and-moderators_2.jpg","contentUrl":"https:\/\/www.ab-party.cz\/wp-content\/uploads\/2015\/07\/Bands-and-moderators_2.jpg","width":600,"height":450},{"@type":"BreadcrumbList","@id":"https:\/\/www.ab-party.cz\/dalsi-sluzby\/kapely-a-moderatori\/#breadcrumb","itemListElement":[{"@type":"ListItem","position":1,"name":"Home","item":"https:\/\/www.ab-party.cz\/"},{"@type":"ListItem","position":2,"name":"Slu\u017eby","item":"https:\/\/www.ab-party.cz\/dalsi-sluzby\/"},{"@type":"ListItem","position":3,"name":"Kapely a moder\u00e1to\u0159i"}]},{"@type":"WebSite","@id":"https:\/\/www.ab-party.cz\/#website","url":"https:\/\/www.ab-party.cz\/","name":"AB Party stany","description":"","potentialAction":[{"@type":"SearchAction","target":{"@type":"EntryPoint","urlTemplate":"https:\/\/www.ab-party.cz\/?s={search_term_string}"},"query-input":{"@type":"PropertyValueSpecification","valueRequired":true,"valueName":"search_term_string"}}],"inLanguage":"en-GB"}]}},"_links":{"self":[{"href":"https:\/\/www.ab-party.cz\/en\/wp-json\/wp\/v2\/pages\/93","targetHints":{"allow":["GET"]}}],"collection":[{"href":"https:\/\/www.ab-party.cz\/en\/wp-json\/wp\/v2\/pages"}],"about":[{"href":"https:\/\/www.ab-party.cz\/en\/wp-json\/wp\/v2\/types\/page"}],"author":[{"embeddable":true,"href":"https:\/\/www.ab-party.cz\/en\/wp-json\/wp\/v2\/users\/2"}],"replies":[{"embeddable":true,"href":"https:\/\/www.ab-party.cz\/en\/wp-json\/wp\/v2\/comments?post=93"}],"version-history":[{"count":3,"href":"https:\/\/www.ab-party.cz\/en\/wp-json\/wp\/v2\/pages\/93\/revisions"}],"predecessor-version":[{"id":403,"href":"https:\/\/www.ab-party.cz\/en\/wp-json\/wp\/v2\/pages\/93\/revisions\/403"}],"up":[{"embeddable":true,"href":"https:\/\/www.ab-party.cz\/en\/wp-json\/wp\/v2\/pages\/26"}],"wp:featuredmedia":[{"embeddable":true,"href":"https:\/\/www.ab-party.cz\/en\/wp-json\/wp\/v2\/media\/507"}],"wp:attachment":[{"href":"https:\/\/www.ab-party.cz\/en\/wp-json\/wp\/v2\/media?parent=93"}],"curies":[{"name":"wp","href":"https:\/\/api.w.org\/{rel}","templated":true}]}}