{"id":89,"date":"2015-07-17T15:36:17","date_gmt":"2015-07-17T15:36:17","guid":{"rendered":"http:\/\/ab-party.testverze.cz\/?page_id=89"},"modified":"2017-09-27T10:10:55","modified_gmt":"2017-09-27T10:10:55","slug":"myti-plachet","status":"publish","type":"page","link":"https:\/\/www.ab-party.cz\/en\/dalsi-sluzby\/myti-plachet\/","title":{"rendered":"Myt\u00ed plachet"},"content":{"rendered":"<div class='wysiwyg'><p>M\u00fdt plachty bez dostatku prostoru a m\u00edsta na jejich usu\u0161en\u00ed je z vlastn\u00edch zku\u0161enost\u00ed tak\u0159ka nemo\u017en\u00e9 a kvalita myt\u00ed je velmi \u0161patn\u00e1. Cht\u011bli bychom V\u00e1m t\u00edmto nab\u00eddnout slu\u017ebu strojn\u00edho myt\u00ed, proto\u017ee sami dob\u0159e v\u00edme, jak je t\u011b\u017ek\u00e9 o plachty pe\u010dovat.\u00a0Na\u0161e spole\u010dnost vlastn\u00ed profesion\u00e1ln\u00ed my\u010dku stanov\u00fdch plachet. Myt\u00edm plachet po ka\u017ed\u00e9m pou\u017eit\u00ed V\u00e1m m\u016f\u017eeme zaru\u010dit v\u017edy \u010dist\u00e9 stany.<br \/>\nPlachty myjeme\u00a0 pro \u0161irokou \u0161k\u00e1lu klient\u016f, kte\u0159\u00ed stany tak\u00e9 vlastn\u00ed a provozuj\u00ed.<\/p>\n<p>Vedle myt\u00ed stanov\u00fdch plachet nab\u00edz\u00edme tak\u00e9 myt\u00ed opl\u00e1\u0161t\u011bn\u00ed n\u016f\u017ekov\u00fdch stan\u016f.<\/p>\n<p>V p\u0159\u00edpad\u011b z\u00e1jmu o nez\u00e1vaznou nab\u00eddku, nebo o zodpov\u011bzen\u00ed jak\u00fdchkoliv souvisej\u00edc\u00edch dotaz\u016f se na n\u00e1s nev\u00e1hejte obr\u00e1tit. Kontaktovat n\u00e1s m\u016f\u017eete <a href=\"https:\/\/www.ab-party.cz\/en\/kontakty\/\">zde<\/a>.<\/p>\n<p>Nechte si ud\u011blat nez\u00e1vaznou nab\u00eddku.<\/p>\n\t\t\n\t\t<div class=\"row\">\n\t\t\t<div class=\"col-lg-12\">\n\t\t\t\t<div class=\"title-box\">\n\t\t\t\t\t<h2 class=\"gallery-title\"><\/h2>\n\t\t\t\t<\/div>\n\t\t\t\n\t    \t<div class=\"row photo-gallery-magnific\">\n\t\t\t\t\t<div class=\"col-md-3 col-sm-4 col-xs-6 gallery-item\">\n\t\t\t\t\t\t<a href=\"https:\/\/www.ab-party.cz\/wp-content\/uploads\/2015\/07\/Myt\u00ed-plachet_11.jpg\" title=\"Profesion\u00e1ln\u00ed myt\u00ed stanov\u00fdch plachet od AB Party\">\n\t\t\t    \t\t\t<img decoding=\"async\" src=\"https:\/\/www.ab-party.cz\/wp-content\/uploads\/2015\/07\/Myt\u00ed-plachet_11-300x300.jpg\" alt=\"Profesion\u00e1ln\u00ed myt\u00ed stanov\u00fdch plachet od AB Party\" title=\"Profesion\u00e1ln\u00ed myt\u00ed stanov\u00fdch plachet od AB Party\" class=\"img-responsive\" \/>\n\t\t\t    \t\t<\/a>\n\t\t\t    \t<\/div>\n\t\t\t<\/div>\n\t\n\t\t<\/div><\/div>\n<script type='text\/javascript'>\njQuery(document).ready(function($) {\n\t$('.photo-gallery-magnific').magnificPopup({\n\t\tdelegate: 'a',\n\t\ttype: 'image',\n\t\ttLoading: 'Na\u010d\u00edt\u00e1m obr\u00e1zek #%curr%...',\n\t\tmainClass: 'mfp-img-mobile',\n\t\tgallery: {\n\t\t\tenabled: true,\n\t\t\tnavigateByImgClick: true,\n\t\t\ttCounter: '%curr% \/ %total%',\n\t\t\tpreload: [0,1] \/\/ Will preload 0 - before current, and 1 after the current image\n\t\t},\n\t\timage: {\n\t\t\ttError: '<a href=\"%url%\">Obr\u00e1zek #%curr%<\/a> nemohl b\u00fdt na\u010dten.',\n          \ttitleSrc: 'data-title'\n\t\t}\n\t});\n});\n<\/script>\n<\/div>","protected":false},"excerpt":{"rendered":"<p>M\u00fdt plachty bez dostatku prostoru a m\u00edsta na jejich usu\u0161en\u00ed je z vlastn\u00edch zku\u0161enost\u00ed tak\u0159ka nemo\u017en\u00e9 a kvalita myt\u00ed je velmi \u0161patn\u00e1. Cht\u011bli bychom V\u00e1m t\u00edmto nab\u00eddnout slu\u017ebu strojn\u00edho myt\u00ed,&#8230;<\/p>","protected":false},"author":2,"featured_media":370,"parent":26,"menu_order":25,"comment_status":"open","ping_status":"open","template":"services.php","meta":{"_acf_changed":false,"footnotes":""},"class_list":["post-89","page","type-page","status-publish","has-post-thumbnail","hentry"],"acf":[],"yoast_head":"<!-- This site is optimized with the Yoast SEO plugin v25.8 - https:\/\/yoast.com\/wordpress\/plugins\/seo\/ -->\n<title>Myt\u00ed plachet - AB PARTY TENT<\/title>\n<meta name=\"description\" content=\"Myt\u00ed plachet v\u00e1m zajist\u00edme pro va\u0161e plachty. Kontaktujte n\u00e1s.\" \/>\n<meta name=\"robots\" content=\"index, follow, max-snippet:-1, max-image-preview:large, max-video-preview:-1\" \/>\n<link rel=\"canonical\" href=\"https:\/\/www.ab-party.cz\/en\/dalsi-sluzby\/myti-plachet\/\" \/>\n<meta property=\"og:locale\" content=\"en_GB\" \/>\n<meta property=\"og:type\" content=\"article\" \/>\n<meta property=\"og:title\" content=\"Myt\u00ed plachet - AB PARTY TENT\" \/>\n<meta property=\"og:description\" content=\"Myt\u00ed plachet v\u00e1m zajist\u00edme pro va\u0161e plachty. Kontaktujte n\u00e1s.\" \/>\n<meta property=\"og:url\" content=\"https:\/\/www.ab-party.cz\/en\/dalsi-sluzby\/myti-plachet\/\" \/>\n<meta property=\"og:site_name\" content=\"AB Party stany\" \/>\n<meta property=\"article:modified_time\" content=\"2017-09-27T10:10:55+00:00\" \/>\n<meta property=\"og:image\" content=\"https:\/\/www.ab-party.cz\/wp-content\/uploads\/2015\/07\/Myt\u00ed-plachet_11.jpg\" \/>\n\t<meta property=\"og:image:width\" content=\"1000\" \/>\n\t<meta property=\"og:image:height\" content=\"750\" \/>\n\t<meta property=\"og:image:type\" content=\"image\/jpeg\" \/>\n<meta name=\"twitter:card\" content=\"summary_large_image\" \/>\n<meta name=\"twitter:label1\" content=\"Estimated reading time\" \/>\n\t<meta name=\"twitter:data1\" content=\"1 minute\" \/>\n<script type=\"application\/ld+json\" class=\"yoast-schema-graph\">{\"@context\":\"https:\/\/schema.org\",\"@graph\":[{\"@type\":\"WebPage\",\"@id\":\"https:\/\/www.ab-party.cz\/dalsi-sluzby\/myti-plachet\/\",\"url\":\"https:\/\/www.ab-party.cz\/dalsi-sluzby\/myti-plachet\/\",\"name\":\"Myt\u00ed plachet - AB PARTY TENT\",\"isPartOf\":{\"@id\":\"https:\/\/www.ab-party.cz\/#website\"},\"primaryImageOfPage\":{\"@id\":\"https:\/\/www.ab-party.cz\/dalsi-sluzby\/myti-plachet\/#primaryimage\"},\"image\":{\"@id\":\"https:\/\/www.ab-party.cz\/dalsi-sluzby\/myti-plachet\/#primaryimage\"},\"thumbnailUrl\":\"https:\/\/www.ab-party.cz\/wp-content\/uploads\/2015\/07\/Myt\u00ed-plachet_11.jpg\",\"datePublished\":\"2015-07-17T15:36:17+00:00\",\"dateModified\":\"2017-09-27T10:10:55+00:00\",\"description\":\"Myt\u00ed plachet v\u00e1m zajist\u00edme pro va\u0161e plachty. Kontaktujte n\u00e1s.\",\"breadcrumb\":{\"@id\":\"https:\/\/www.ab-party.cz\/dalsi-sluzby\/myti-plachet\/#breadcrumb\"},\"inLanguage\":\"en-GB\",\"potentialAction\":[{\"@type\":\"ReadAction\",\"target\":[\"https:\/\/www.ab-party.cz\/dalsi-sluzby\/myti-plachet\/\"]}]},{\"@type\":\"ImageObject\",\"inLanguage\":\"en-GB\",\"@id\":\"https:\/\/www.ab-party.cz\/dalsi-sluzby\/myti-plachet\/#primaryimage\",\"url\":\"https:\/\/www.ab-party.cz\/wp-content\/uploads\/2015\/07\/Myt\u00ed-plachet_11.jpg\",\"contentUrl\":\"https:\/\/www.ab-party.cz\/wp-content\/uploads\/2015\/07\/Myt\u00ed-plachet_11.jpg\",\"width\":1000,\"height\":750,\"caption\":\"Profesion\u00e1ln\u00ed myt\u00ed stanov\u00fdch plachet od AB Party\"},{\"@type\":\"BreadcrumbList\",\"@id\":\"https:\/\/www.ab-party.cz\/dalsi-sluzby\/myti-plachet\/#breadcrumb\",\"itemListElement\":[{\"@type\":\"ListItem\",\"position\":1,\"name\":\"Home\",\"item\":\"https:\/\/www.ab-party.cz\/\"},{\"@type\":\"ListItem\",\"position\":2,\"name\":\"Slu\u017eby\",\"item\":\"https:\/\/www.ab-party.cz\/dalsi-sluzby\/\"},{\"@type\":\"ListItem\",\"position\":3,\"name\":\"Myt\u00ed plachet\"}]},{\"@type\":\"WebSite\",\"@id\":\"https:\/\/www.ab-party.cz\/#website\",\"url\":\"https:\/\/www.ab-party.cz\/\",\"name\":\"AB Party stany\",\"description\":\"\",\"potentialAction\":[{\"@type\":\"SearchAction\",\"target\":{\"@type\":\"EntryPoint\",\"urlTemplate\":\"https:\/\/www.ab-party.cz\/?s={search_term_string}\"},\"query-input\":{\"@type\":\"PropertyValueSpecification\",\"valueRequired\":true,\"valueName\":\"search_term_string\"}}],\"inLanguage\":\"en-GB\"}]}<\/script>\n<!-- \/ Yoast SEO plugin. -->","yoast_head_json":{"title":"Myt\u00ed plachet - AB PARTY TENT","description":"Myt\u00ed plachet v\u00e1m zajist\u00edme pro va\u0161e plachty. Kontaktujte n\u00e1s.","robots":{"index":"index","follow":"follow","max-snippet":"max-snippet:-1","max-image-preview":"max-image-preview:large","max-video-preview":"max-video-preview:-1"},"canonical":"https:\/\/www.ab-party.cz\/en\/dalsi-sluzby\/myti-plachet\/","og_locale":"en_GB","og_type":"article","og_title":"Myt\u00ed plachet - AB PARTY TENT","og_description":"Myt\u00ed plachet v\u00e1m zajist\u00edme pro va\u0161e plachty. Kontaktujte n\u00e1s.","og_url":"https:\/\/www.ab-party.cz\/en\/dalsi-sluzby\/myti-plachet\/","og_site_name":"AB Party stany","article_modified_time":"2017-09-27T10:10:55+00:00","og_image":[{"width":1000,"height":750,"url":"https:\/\/www.ab-party.cz\/wp-content\/uploads\/2015\/07\/Myt\u00ed-plachet_11.jpg","type":"image\/jpeg"}],"twitter_card":"summary_large_image","twitter_misc":{"Estimated reading time":"1 minute"},"schema":{"@context":"https:\/\/schema.org","@graph":[{"@type":"WebPage","@id":"https:\/\/www.ab-party.cz\/dalsi-sluzby\/myti-plachet\/","url":"https:\/\/www.ab-party.cz\/dalsi-sluzby\/myti-plachet\/","name":"Myt\u00ed plachet - AB PARTY TENT","isPartOf":{"@id":"https:\/\/www.ab-party.cz\/#website"},"primaryImageOfPage":{"@id":"https:\/\/www.ab-party.cz\/dalsi-sluzby\/myti-plachet\/#primaryimage"},"image":{"@id":"https:\/\/www.ab-party.cz\/dalsi-sluzby\/myti-plachet\/#primaryimage"},"thumbnailUrl":"https:\/\/www.ab-party.cz\/wp-content\/uploads\/2015\/07\/Myt\u00ed-plachet_11.jpg","datePublished":"2015-07-17T15:36:17+00:00","dateModified":"2017-09-27T10:10:55+00:00","description":"Myt\u00ed plachet v\u00e1m zajist\u00edme pro va\u0161e plachty. Kontaktujte n\u00e1s.","breadcrumb":{"@id":"https:\/\/www.ab-party.cz\/dalsi-sluzby\/myti-plachet\/#breadcrumb"},"inLanguage":"en-GB","potentialAction":[{"@type":"ReadAction","target":["https:\/\/www.ab-party.cz\/dalsi-sluzby\/myti-plachet\/"]}]},{"@type":"ImageObject","inLanguage":"en-GB","@id":"https:\/\/www.ab-party.cz\/dalsi-sluzby\/myti-plachet\/#primaryimage","url":"https:\/\/www.ab-party.cz\/wp-content\/uploads\/2015\/07\/Myt\u00ed-plachet_11.jpg","contentUrl":"https:\/\/www.ab-party.cz\/wp-content\/uploads\/2015\/07\/Myt\u00ed-plachet_11.jpg","width":1000,"height":750,"caption":"Profesion\u00e1ln\u00ed myt\u00ed stanov\u00fdch plachet od AB Party"},{"@type":"BreadcrumbList","@id":"https:\/\/www.ab-party.cz\/dalsi-sluzby\/myti-plachet\/#breadcrumb","itemListElement":[{"@type":"ListItem","position":1,"name":"Home","item":"https:\/\/www.ab-party.cz\/"},{"@type":"ListItem","position":2,"name":"Slu\u017eby","item":"https:\/\/www.ab-party.cz\/dalsi-sluzby\/"},{"@type":"ListItem","position":3,"name":"Myt\u00ed plachet"}]},{"@type":"WebSite","@id":"https:\/\/www.ab-party.cz\/#website","url":"https:\/\/www.ab-party.cz\/","name":"AB Party stany","description":"","potentialAction":[{"@type":"SearchAction","target":{"@type":"EntryPoint","urlTemplate":"https:\/\/www.ab-party.cz\/?s={search_term_string}"},"query-input":{"@type":"PropertyValueSpecification","valueRequired":true,"valueName":"search_term_string"}}],"inLanguage":"en-GB"}]}},"_links":{"self":[{"href":"https:\/\/www.ab-party.cz\/en\/wp-json\/wp\/v2\/pages\/89","targetHints":{"allow":["GET"]}}],"collection":[{"href":"https:\/\/www.ab-party.cz\/en\/wp-json\/wp\/v2\/pages"}],"about":[{"href":"https:\/\/www.ab-party.cz\/en\/wp-json\/wp\/v2\/types\/page"}],"author":[{"embeddable":true,"href":"https:\/\/www.ab-party.cz\/en\/wp-json\/wp\/v2\/users\/2"}],"replies":[{"embeddable":true,"href":"https:\/\/www.ab-party.cz\/en\/wp-json\/wp\/v2\/comments?post=89"}],"version-history":[{"count":7,"href":"https:\/\/www.ab-party.cz\/en\/wp-json\/wp\/v2\/pages\/89\/revisions"}],"predecessor-version":[{"id":826,"href":"https:\/\/www.ab-party.cz\/en\/wp-json\/wp\/v2\/pages\/89\/revisions\/826"}],"up":[{"embeddable":true,"href":"https:\/\/www.ab-party.cz\/en\/wp-json\/wp\/v2\/pages\/26"}],"wp:featuredmedia":[{"embeddable":true,"href":"https:\/\/www.ab-party.cz\/en\/wp-json\/wp\/v2\/media\/370"}],"wp:attachment":[{"href":"https:\/\/www.ab-party.cz\/en\/wp-json\/wp\/v2\/media?parent=89"}],"curies":[{"name":"wp","href":"https:\/\/api.w.org\/{rel}","templated":true}]}}