{"id":848,"date":"2018-04-23T09:13:53","date_gmt":"2018-04-23T09:13:53","guid":{"rendered":"https:\/\/www.ab-party.cz\/?page_id=848"},"modified":"2018-04-23T09:40:49","modified_gmt":"2018-04-23T09:40:49","slug":"nejcastejsi-dotazy-party-stany-a-prislusenstvi","status":"publish","type":"page","link":"https:\/\/www.ab-party.cz\/en\/nejcastejsi-dotazy-party-stany-a-prislusenstvi\/","title":{"rendered":"Nej\u010dast\u011bj\u0161\u00ed dotazy na party stany"},"content":{"rendered":"<div class='wysiwyg'><p><strong>Co je to party stan?<\/strong><br \/>\nParty stan je typ\u00a0p\u0159enosn\u00e9ho a mobiln\u00edho zast\u0159e\u0161en\u00ed. Kter\u00e9 poskytuje ochranu p\u0159ed pov\u011btrnostn\u00edmi podm\u00ednkami, ale tak\u00e9 pom\u00e1h\u00e1 vymezit prostor pro kon\u00e1n\u00ed r\u016fzn\u00fdch akc\u00ed. V dne\u0161n\u00ed dob\u011b existuje cel\u00e9 \u0161k\u00e1la party stan\u016f, kter\u00e9 se li\u0161\u00ed rozm\u011bry, barvou, designem i pou\u017eit\u00fdmi materi\u00e1ly.<\/p>\n<p><strong>Co je to mobiln\u00ed hala?<\/strong><br \/>\nZjednodu\u0161en\u011b \u0159e\u010deno se jedn\u00e1 o hodn\u011b velik\u00fd party stan. Takov\u00e1 hala je vhodn\u00e1 pro po\u0159\u00e1d\u00e1n\u00ed koncert\u016f, nebo t\u0159eba sklad stavebn\u00edho materi\u00e1lu, pou\u017eit\u00ed je, podobn\u011b jako u klasick\u00fdch party stan\u016f, skute\u010dn\u011b \u0161irok\u00e9.<\/p>\n<p><strong>Jak\u00fd je rozd\u00edl mezi stany, kter\u00e9 nab\u00edz\u00edte?<\/strong><br \/>\nVedle rozm\u011br\u016f m\u016f\u017ee b\u00fdt rozd\u00edl v barv\u011b a materi\u00e1lu opl\u00e1\u0161t\u011bn\u00ed, v n\u00e1ro\u010dnosti konstrukce, ale hlavn\u011b designu, kter\u00fd pom\u00e1h\u00e1 podtrhnout akci, pro kterou je ten kter\u00fd party stan vyu\u017eit.<\/p>\n<p><strong>K jak\u00fdm \u00fa\u010del\u016fm jsou p\u00e1rty stany vhodn\u00e9?<\/strong><br \/>\nParty stan m\u016f\u017eete vyu\u017e\u00edt na rodinn\u00e9 oslavy, firemn\u00ed ve\u010d\u00edrky, festivalov\u00e9 z\u00e1zem\u00ed, v\u00fdstavy a propagace, a tak d\u00e1le. Jejich vyu\u017eit\u00ed je prakticky neomezen\u00e9.<\/p>\n<p><strong>Jak\u00fd je rozd\u00edl mezi alt\u00e1nem a party stanem?<\/strong><br \/>\nHlavn\u00ed rozd\u00edl je konstruk\u010dn\u00ed, kdy <a href=\"https:\/\/www.ab-party.cz\/en\/party-stany\/altany\/\">alt\u00e1ny<\/a> m\u00edvaj\u00ed konstrukci n\u016f\u017ekovou, kter\u00e1 je snadno rozlo\u017eiteln\u00e1 i p\u0159enosn\u00e1, oproti tomu i men\u0161\u00ed party stany vy\u017eaduj\u00ed p\u0159i sv\u00e9m sestaven\u00ed odbornou mont\u00e1\u017e. Mezi dal\u0161\u00ed rozd\u00edly pat\u0159\u00ed rozm\u011brov\u00e9, party stany b\u00fdvaj\u00ed v\u011bt\u0161\u00ed a je mo\u017en\u00e9 u nich namontovat podlahu.<\/p>\n<h3>Materi\u00e1l a vlastnosti party stan\u016f<\/h3>\n<p><strong>Z jak\u00e9ho materi\u00e1lu jsou va\u0161e p\u00e1rty stany?<\/strong><br \/>\nKonstrukce na\u0161ich stan\u016f sest\u00e1v\u00e1 z hlin\u00edkov\u00fdch profil\u016f a ocelov\u00fdch spojek. K opl\u00e1\u0161t\u011bn\u00ed vyu\u017e\u00edv\u00e1me plachty z PVC 650g\/m\u00b2, kter\u00e9 m\u00e1me k dispozici v b\u00edl\u00e9m, \u010dern\u00e9m, nebo pr\u016fhledn\u00e9m proveden\u00ed &#8211; z\u00e1le\u017e\u00ed na \u010d\u00e1sti a typu stanu. Rovn\u011b\u017e nab\u00edz\u00edme mo\u017enost, nechat si vyrobit plachy s vlastn\u00edm designem, co\u017e je vhodn\u00e9 pro v\u00fdstavy nebo r\u016fzn\u00e9 prodejn\u00ed akce. Jako variantu k placht\u00e1m lze u n\u011bkter\u00fdch stan\u016f vyu\u017e\u00edt sklo. Podlahy dod\u00e1v\u00e1me d\u0159ev\u011bn\u00e9.<\/p>\n<p><strong>V jak\u00e9 barv\u011b jsou stany k dispozici?<\/strong><br \/>\nU klasick\u00fdch plachet nab\u00edz\u00edme b\u00edl\u00e9, pr\u016fhledn\u00e9,\u00a0 nebo\u00a0\u010dernob\u00edl\u00e9 (vn\u011bj\u0161\u00ed a vnit\u0159n\u00ed strana se li\u0161\u00ed) \u0159e\u0161en\u00ed. Tak\u00e9 je zde <a href=\"https:\/\/www.ab-party.cz\/en\/dalsi-sluzby\/vyroba-a-potisk-stanovych-plachet\/\">mo\u017enost vlastn\u00edho potisku<\/a>, kter\u00fd lze aplikovat u v\u011bt\u0161iny stan\u016f na jakoukoliv jejich \u010d\u00e1st.<\/p>\n<p><strong>Jsou stany bezpe\u010dn\u00e9 i p\u0159i v\u011btrn\u00e9m a de\u0161tiv\u00e9m po\u010das\u00ed?<\/strong><br \/>\nMal\u00e9 alt\u00e1ny jsou ke \u0161patn\u00fdm pov\u011btrnostn\u00edm podm\u00ednk\u00e1m n\u00e1chyln\u011bj\u0161\u00ed, proto\u017ee je jejich konstrukce velmi lehk\u00e1. Ostatn\u00ed party stany v na\u0161\u00ed nab\u00eddce spl\u0148uj\u00ed certifikaci odolnosti v\u016f\u010di minim\u00e1ln\u011b 80 km\/h. Z\u00e1rove\u0148 jsou v\u0161echny na\u0161e stany z nepromokav\u00fdch materi\u00e1l\u016f.<\/p>\n<p><strong>Umo\u017e\u0148uj\u00ed stany dostate\u010dnou izolaci proti horku nebo zim\u011b?<\/strong><br \/>\nK samotn\u00fdm party stan\u016f nab\u00edz\u00edme tak\u00e9 <a href=\"https:\/\/www.ab-party.cz\/en\/prislusenstvi\/vytapeni\/\">r\u016fzn\u00e9 mo\u017enosti vyt\u00e1p\u011bn\u00ed<\/a>. Co se t\u00fd\u010de tepl\u00e9ho po\u010das\u00ed, d\u00edky odn\u00edmateln\u00fdm st\u011bn\u00e1m ve stanu doch\u00e1z\u00ed k p\u0159irozen\u00e9 cirkulaci vzduchu.<\/p>\n<h3>V\u00fdb\u011br a objedn\u00e1n\u00ed nejvhodn\u011bj\u0161\u00edho party stanu<\/h3>\n<p><strong>S jak\u00fdm p\u0159edstihem je pot\u0159eba stan zamluvit?<\/strong><br \/>\nV obdob\u00ed hlavn\u00ed sez\u00f3ny (duben &#8211; kv\u011bten, z\u00e1\u0159\u00ed &#8211; \u0159\u00edjen) doporu\u010dujeme zap\u016fj\u010den\u00ed komunikovat skute\u010dn\u011b co nejd\u0159\u00edve. Jinak se m\u016f\u017ee st\u00e1t, \u017ee bude na\u0161e kapacita vy\u010derp\u00e1na.<\/p>\n<p><strong>Nev\u00edme, jak velk\u00fd stan budeme pot\u0159ebovat, porad\u00edte n\u00e1m?<\/strong><br \/>\nAno, velk\u00fdm i mal\u00fdm klient\u016fm poskytujeme bezplatnou konzultaci, p\u0159i kter\u00e9 spole\u010dn\u011b vybereme ten nejlep\u0161\u00ed party stan p\u0159esn\u011b na m\u00edru povaze a rozsahu va\u0161\u00ed akce.<\/p>\n<p><strong>Po\u0159\u00e1d\u00e1me velkou akci, je mo\u017en\u00e9 vid\u011bt model rozvr\u017een\u00ed stan\u016f p\u0159ed jejich objedn\u00e1n\u00edm?<\/strong><br \/>\nAno, na\u0161\u00edm klient\u016fm <a href=\"https:\/\/www.ab-party.cz\/en\/dalsi-sluzby\/vizualizace-party-stanu\/\">nab\u00edz\u00edme mo\u017enost vizualizace<\/a>, nicm\u00e9n\u011b vzhledem k tomu, \u017ee se jedn\u00e1 o \u010dasov\u011b i finan\u010dn\u011b n\u00e1ro\u010dn\u00fd \u00fakon, je tato slu\u017eba zpoplatn\u011bna, a to v\u017edy s ohledem na rozsah pr\u00e1ce.<\/p>\n<p><strong>Jak\u00fd nejmen\u0161\u00ed stan je mo\u017en\u00e9 u v\u00e1s zap\u016fj\u010dit?<\/strong><br \/>\nPokud m\u00e1te z\u00e1jem o men\u0161\u00ed stany, m\u016f\u017eete vyu\u017e\u00edt na\u0161e <a href=\"https:\/\/www.ab-party.cz\/en\/party-stany\/altany\/\">alt\u00e1ny<\/a>, kter\u00e9 m\u00e1me k dispozici od rozm\u011bru 3&#215;3 metry. Ze stan\u016f je to potom party stan <a href=\"https:\/\/www.ab-party.cz\/en\/party-stany\/pagody\/\">Pagoda<\/a>, kter\u00e1 m\u00e1 z\u00e1kladn\u00ed rozm\u011br 5&#215;5 metr\u016f, nebo <a href=\"https:\/\/www.ab-party.cz\/en\/party-stany\/bodega\/\">stan Bodega<\/a> v rozm\u011brech 8&#215;3 metry.<\/p>\n<p><strong>Jak\u00fd nejv\u011bt\u0161\u00ed stan je mo\u017en\u00e9 zap\u016fj\u010dit?<\/strong><br \/>\nV nab\u00eddce m\u00e1me i skute\u010dn\u011b velik\u00e9 stany, tzv. <a href=\"https:\/\/www.ab-party.cz\/en\/party-stany\/haly-a-mobilni-sklady\/\">mobiln\u00ed haly<\/a>, kde se v\u00fdsledn\u00e1 plocha stanu pohybuje od 225 m\u00b2.<\/p>\n<p><strong>Pot\u0159ebujeme stan pro 100 lid\u00ed, jak by m\u011bl b\u00fdt velik\u00fd?<\/strong><br \/>\nP\u0159esn\u00e9 ur\u010den\u00ed velikosti stanu podle zadan\u00e9 kapacity se v\u017edy odv\u00edj\u00ed od povahy akce a vybaven\u00ed stanu. Pokud se jedn\u00e1 o stan s podiem, kde bude prob\u00edhat nap\u0159\u00edklad koncert, bude 100 lid\u00ed pot\u0159ebovat m\u00e9n\u011b prostoru, zat\u00edmco nap\u0159\u00edklad u svateb, kde m\u00e1 ka\u017ed\u00fd host sv\u00e9 m\u00edsto k sezen\u00ed je pot\u0159ebn\u00fd prostor mnohem v\u011bt\u0161\u00ed. Ur\u010dit\u011b by se ale nem\u011blo jednat o stan men\u0161\u00ed 10&#215;10 metr\u016f.<\/p>\n<p><strong>Pot\u0159ebuji pro stavbu p\u00e1rty stanu n\u011bjak\u00e9 speci\u00e1ln\u00ed povolen\u00ed?<\/strong><br \/>\nZ\u00e1le\u017e\u00ed na um\u00edst\u011bn\u00ed stanu. Na soukrom\u00e9m pozemku nen\u00ed povolen\u00ed t\u0159eba, naopak na ve\u0159ejn\u00fdch prostranstv\u00edch je samoz\u0159ejmost\u00ed. Pokud pl\u00e1nujete akci, kde bude party stan na ve\u0159ejn\u00e9m prostranstv\u00ed, doporu\u010dujeme v\u00e1m za\u010d\u00edt vy\u0159izovat povolen\u00ed s dostate\u010dn\u00fdm p\u0159edstihem, proto\u017ee jeho vy\u0159\u00edzen\u00ed m\u016f\u017ee trvat i m\u011bs\u00edc a bez n\u011bj nen\u00ed mo\u017en\u00e9 stan postavit.<\/p>\n<p>&nbsp;<\/p>\n<h3>Doprava a mont\u00e1\u017e party stan\u016f<\/h3>\n<p><strong>Umo\u017e\u0148ujete tak\u00e9 objedn\u00e1n\u00ed dopravy party stanu?<\/strong><br \/>\nAno, v\u0161echny na\u0161e stany vy\u017eaduj\u00ed <a href=\"https:\/\/www.ab-party.cz\/en\/dalsi-sluzby\/doprava\/\">bezpe\u010dnou dopravu<\/a> a vzhledem k objemu pou\u017eit\u00e9ho materi\u00e1lu je na\u0161e vlastn\u00ed doprava nutn\u00e1. Cena dopravy je pak zahrnuta v cen\u011b stanu a nen\u00ed \u00fa\u010dtov\u00e1na zvl\u00e1\u0161\u0165.<\/p>\n<p><strong>Jak je to s mont\u00e1\u017e\u00ed? M\u016f\u017eeme si stan postavit sami?<\/strong><br \/>\nVzhledem ke konstruk\u010dn\u00ed n\u00e1ro\u010dnosti je u v\u011bt\u0161iny party stan\u016f nutn\u00e1 odborn\u00e1 mont\u00e1\u017e. V\u00fdjimkou jsou pouze men\u0161\u00ed alt\u00e1ny s n\u016f\u017ekov\u00fdm typem konstrukce.<\/p>\n<p><strong>Pom\u016f\u017eete n\u00e1m s mont\u00e1\u017e\u00ed stanu?<\/strong><br \/>\nV\u0161echny na\u0161e stany vy\u017eaduj\u00ed odbornou mont\u00e1\u017e, s v\u00fdjimkou alt\u00e1n\u016f. Stan tak sami doprav\u00edme na m\u00edsto ur\u010den\u00ed, sestav\u00edme jej a po skon\u010den\u00ed akce party stan slo\u017e\u00edme a op\u011bt sami odvezeme. Doprava i mont\u00e1\u017e jsou zahrnuty v cen\u011b zap\u016fj\u010den\u00ed.<\/p>\n<p><strong>Kolik \u010dasu mont\u00e1\u017e party stanu zabere?<\/strong><br \/>\nSamotn\u00e1 mont\u00e1\u017e stanu se v\u017edy odv\u00edj\u00ed jednak od velikosti zap\u016fj\u010den\u00e9ho party stanu, jednak od dostupnosti m\u00edsta, kde bude stan st\u00e1t. Na celkov\u00fd \u010das p\u0159\u00edpravy m\u016f\u017ee m\u00edt tak\u00e9 v\u00fdsledn\u00e1 vybavenost stanu. Orienta\u010dn\u011b tak m\u016f\u017eeme \u0159\u00edct, \u017ee dle n\u00e1ro\u010dnosti ka\u017ed\u00e9 zak\u00e1zky trv\u00e1 p\u0159\u00edprava party stanu od n\u011bkolika hodin po dva a\u017e t\u0159i dny. S d\u00e9lkou mont\u00e1\u017ee v\u00e1s v\u017edy obezn\u00e1m\u00edme p\u0159edem, abyste s t\u00edmto \u010dasov\u00fdm v\u00fddajem mohli ve sv\u00fdch pl\u00e1nech po\u010d\u00edtat.<\/p>\n<p>&nbsp;<\/p>\n<p><strong>Kde v\u0161ude je mo\u017en\u00e9 stan postavit?<\/strong><br \/>\nVzhledem k tomu, \u017ee na\u0161e stany dod\u00e1v\u00e1me i s podlahou (pokud si ji klient p\u0159eje), je mo\u017en\u00e9 stan postavit skute\u010dn\u011b v\u0161ude &#8211; p\u0159es z\u00eddky, na st\u0159ech\u00e1ch, pontonech i louk\u00e1ch.<\/p>\n<p><strong>Pot\u0159ebuj\u00ed party stany n\u011bjak\u00e9 speci\u00e1ln\u00ed kotven\u00ed, kter\u00e9 zabere dal\u0161\u00ed m\u00edsto?<\/strong><br \/>\nV p\u0159\u00edpad\u011b, \u017ee vyu\u017eijete party stan s podlahou, nen\u00ed pot\u0159eba jej n\u011bjak speci\u00e1ln\u011b zakotvovat, proto\u017ee podlaha sama stan v\u00fdrazn\u011b zpevn\u00ed. V p\u0159\u00edpad\u011b, \u017ee je stan bez podlahy, vy\u017eaduje dodate\u010dn\u00e9 kotven\u00ed v podob\u011b klasick\u00fdch lan s kol\u00edky. Takov\u00e9 kotven\u00ed v\u0161ak vy\u017eaduje povrch, kter\u00fd umo\u017e\u0148uje zatlu\u010den\u00ed kol\u00edk\u016f. Alternativn\u00ed mo\u017enost\u00ed je kotven\u00ed pomoc\u00ed kub\u00edkov\u00fdch n\u00e1dr\u017e\u00ed s vodou, ty v\u0161ak vy\u017eaduj\u00ed m\u00edsto nav\u00edc.<\/p>\n<p>&nbsp;<\/p>\n<h3>P\u0159\u00edslu\u0161enstv\u00ed k party stan\u016fm<\/h3>\n<p><strong>Je mo\u017en\u00e9 zap\u016fj\u010dit stan i bez podlahy?<\/strong><br \/>\nAno, ale je pot\u0159eba myslet na kotven\u00ed nav\u00edc, kter\u00e9 zab\u00edr\u00e1 dal\u0161\u00ed m\u00edsto. Rovn\u011b\u017e je takov\u00fd stan mo\u017en\u00e9 um\u00edstit pouze na skute\u010dn\u011b rovn\u00fd povrch.<\/p>\n<p><strong>Nab\u00edz\u00edte ke stan\u016fm tak\u00e9 podlahy? A jak\u00e9?<\/strong><br \/>\nV na\u0161\u00ed nab\u00eddce m\u00e1me kvalitn\u00ed <a href=\"https:\/\/www.ab-party.cz\/en\/prislusenstvi\/podlahy-a-koberce\/\">d\u0159ev\u011bn\u00e9 podlahy<\/a>. Nav\u00edc je zde mo\u017enost podlahy dodate\u010dn\u011b pokr\u00fdt kobercem, nebo tzv. expotopem, oboj\u00ed m\u00e1me k dispozici v \u0161irok\u00e9 \u0161k\u00e1le barev.<\/p>\n<p><strong>Nab\u00edz\u00edte tak\u00e9 pron\u00e1jem vybaven\u00ed stan\u016f? Jako jsou stoly a \u017eidle?<\/strong><br \/>\nAno. V na\u0161\u00ed nab\u00eddce najdete <a href=\"https:\/\/www.ab-party.cz\/en\/prislusenstvi\/stoly-zidle-nabytek\/\">\u0161irokou nab\u00eddku n\u00e1bytku<\/a> ale tak\u00e9 <a href=\"https:\/\/www.ab-party.cz\/en\/prislusenstvi\/dekorace-a-vyzdoba\/\">dekorac\u00ed<\/a>, d\u00edky kter\u00fdm stan p\u0159esn\u011b p\u0159izp\u016fsob\u00edme povaze va\u0161\u00ed akce.<\/p>\n<p><strong>Chceme m\u00edt ve stanu zavedenou elekt\u0159inu, je to mo\u017en\u00e9?<\/strong><br \/>\nAno. Ke stanu v\u00e1m m\u016f\u017eeme zap\u016fj\u010dit tak\u00e9 kvalitn\u00ed a tichou <a href=\"https:\/\/www.ab-party.cz\/en\/prislusenstvi\/elektrocentrala\/\">elektrocentr\u00e1lu<\/a> o v\u00fdkonu od 3 do 200 kW.<\/p>\n<p><strong>Dod\u00e1v\u00e1te ke stan\u016fm tak\u00e9 osv\u011btlen\u00ed?<\/strong><br \/>\nAno, v nab\u00eddce m\u00e1me celou \u0161k\u00e1lu <a href=\"https:\/\/www.ab-party.cz\/en\/prislusenstvi\/osvetleni-a-ozvuceni\/\">osv\u011btlen\u00ed<\/a>, klasick\u00e9, n\u00e1ladov\u00e9, barevn\u00e9. S v\u00fdb\u011brem vhodn\u00e9ho osv\u011btlen\u00ed v\u00e1m v\u017edy r\u00e1di pom\u016f\u017eeme.<\/p>\n<p><strong>Doporu\u010d\u00edte n\u00e1m vhodnou cateringovou firmu pro na\u0161i akci?<\/strong><br \/>\nAno, v r\u00e1mci na\u0161ich fullservisov\u00fdch slu\u017eeb v\u00e1m m\u016f\u017eeme cateringovou firmu nejen doporu\u010dit, ale rovnou tak\u00e9 <a href=\"https:\/\/www.ab-party.cz\/en\/dalsi-sluzby\/catering-a-hostesky\/\">zajistit<\/a>.<\/p>\n<p><strong>M\u016f\u017eeme ve stanu pou\u017e\u00edt vlastn\u00ed n\u00e1bytek a dekorace?<\/strong><br \/>\nSamoz\u0159ejm\u011b, ano.<\/p>\n<p>&nbsp;<\/p>\n<p><strong>Nena\u0161li jste odpov\u011b\u010f na svou ot\u00e1zku? Nev\u00e1hejte n\u00e1s se sv\u00fdm dotazem <a href=\"https:\/\/www.ab-party.cz\/en\/kontakty\/\">kontaktovat<\/a>!<\/strong><\/p>\n<\/div>","protected":false},"excerpt":{"rendered":"<p>Co je to party stan? Party stan je typ\u00a0p\u0159enosn\u00e9ho a mobiln\u00edho zast\u0159e\u0161en\u00ed. Kter\u00e9 poskytuje ochranu p\u0159ed pov\u011btrnostn\u00edmi podm\u00ednkami, ale tak\u00e9 pom\u00e1h\u00e1 vymezit prostor pro kon\u00e1n\u00ed r\u016fzn\u00fdch akc\u00ed. V dne\u0161n\u00ed dob\u011b&#8230;<\/p>","protected":false},"author":2,"featured_media":0,"parent":0,"menu_order":4,"comment_status":"closed","ping_status":"closed","template":"","meta":{"_acf_changed":false,"footnotes":""},"class_list":["post-848","page","type-page","status-publish","hentry"],"acf":[],"yoast_head":"<!-- This site is optimized with the Yoast SEO plugin v25.8 - https:\/\/yoast.com\/wordpress\/plugins\/seo\/ -->\n<title>Nej\u010dast\u011bj\u0161\u00ed dotazy na party stany - AB Party stany<\/title>\n<meta name=\"robots\" content=\"index, follow, max-snippet:-1, max-image-preview:large, max-video-preview:-1\" \/>\n<link rel=\"canonical\" href=\"https:\/\/www.ab-party.cz\/en\/nejcastejsi-dotazy-party-stany-a-prislusenstvi\/\" \/>\n<meta property=\"og:locale\" content=\"en_GB\" \/>\n<meta property=\"og:type\" content=\"article\" \/>\n<meta property=\"og:title\" content=\"Nej\u010dast\u011bj\u0161\u00ed dotazy na party stany - AB Party stany\" \/>\n<meta property=\"og:description\" content=\"Co je to party stan? Party stan je typ\u00a0p\u0159enosn\u00e9ho a mobiln\u00edho zast\u0159e\u0161en\u00ed. Kter\u00e9 poskytuje ochranu p\u0159ed pov\u011btrnostn\u00edmi podm\u00ednkami, ale tak\u00e9 pom\u00e1h\u00e1 vymezit prostor pro kon\u00e1n\u00ed r\u016fzn\u00fdch akc\u00ed. V dne\u0161n\u00ed dob\u011b...\" \/>\n<meta property=\"og:url\" content=\"https:\/\/www.ab-party.cz\/en\/nejcastejsi-dotazy-party-stany-a-prislusenstvi\/\" \/>\n<meta property=\"og:site_name\" content=\"AB Party stany\" \/>\n<meta property=\"article:modified_time\" content=\"2018-04-23T09:40:49+00:00\" \/>\n<meta name=\"twitter:card\" content=\"summary_large_image\" \/>\n<meta name=\"twitter:label1\" content=\"Estimated reading time\" \/>\n\t<meta name=\"twitter:data1\" content=\"8 minutes\" \/>\n<script type=\"application\/ld+json\" class=\"yoast-schema-graph\">{\"@context\":\"https:\/\/schema.org\",\"@graph\":[{\"@type\":\"WebPage\",\"@id\":\"https:\/\/www.ab-party.cz\/nejcastejsi-dotazy-party-stany-a-prislusenstvi\/\",\"url\":\"https:\/\/www.ab-party.cz\/nejcastejsi-dotazy-party-stany-a-prislusenstvi\/\",\"name\":\"Nej\u010dast\u011bj\u0161\u00ed dotazy na party stany - AB Party stany\",\"isPartOf\":{\"@id\":\"https:\/\/www.ab-party.cz\/#website\"},\"datePublished\":\"2018-04-23T09:13:53+00:00\",\"dateModified\":\"2018-04-23T09:40:49+00:00\",\"breadcrumb\":{\"@id\":\"https:\/\/www.ab-party.cz\/nejcastejsi-dotazy-party-stany-a-prislusenstvi\/#breadcrumb\"},\"inLanguage\":\"en-GB\",\"potentialAction\":[{\"@type\":\"ReadAction\",\"target\":[\"https:\/\/www.ab-party.cz\/nejcastejsi-dotazy-party-stany-a-prislusenstvi\/\"]}]},{\"@type\":\"BreadcrumbList\",\"@id\":\"https:\/\/www.ab-party.cz\/nejcastejsi-dotazy-party-stany-a-prislusenstvi\/#breadcrumb\",\"itemListElement\":[{\"@type\":\"ListItem\",\"position\":1,\"name\":\"Home\",\"item\":\"https:\/\/www.ab-party.cz\/\"},{\"@type\":\"ListItem\",\"position\":2,\"name\":\"Nej\u010dast\u011bj\u0161\u00ed dotazy na party stany\"}]},{\"@type\":\"WebSite\",\"@id\":\"https:\/\/www.ab-party.cz\/#website\",\"url\":\"https:\/\/www.ab-party.cz\/\",\"name\":\"AB Party stany\",\"description\":\"\",\"potentialAction\":[{\"@type\":\"SearchAction\",\"target\":{\"@type\":\"EntryPoint\",\"urlTemplate\":\"https:\/\/www.ab-party.cz\/?s={search_term_string}\"},\"query-input\":{\"@type\":\"PropertyValueSpecification\",\"valueRequired\":true,\"valueName\":\"search_term_string\"}}],\"inLanguage\":\"en-GB\"}]}<\/script>\n<!-- \/ Yoast SEO plugin. -->","yoast_head_json":{"title":"Nej\u010dast\u011bj\u0161\u00ed dotazy na party stany - AB Party stany","robots":{"index":"index","follow":"follow","max-snippet":"max-snippet:-1","max-image-preview":"max-image-preview:large","max-video-preview":"max-video-preview:-1"},"canonical":"https:\/\/www.ab-party.cz\/en\/nejcastejsi-dotazy-party-stany-a-prislusenstvi\/","og_locale":"en_GB","og_type":"article","og_title":"Nej\u010dast\u011bj\u0161\u00ed dotazy na party stany - AB Party stany","og_description":"Co je to party stan? Party stan je typ\u00a0p\u0159enosn\u00e9ho a mobiln\u00edho zast\u0159e\u0161en\u00ed. Kter\u00e9 poskytuje ochranu p\u0159ed pov\u011btrnostn\u00edmi podm\u00ednkami, ale tak\u00e9 pom\u00e1h\u00e1 vymezit prostor pro kon\u00e1n\u00ed r\u016fzn\u00fdch akc\u00ed. V dne\u0161n\u00ed dob\u011b...","og_url":"https:\/\/www.ab-party.cz\/en\/nejcastejsi-dotazy-party-stany-a-prislusenstvi\/","og_site_name":"AB Party stany","article_modified_time":"2018-04-23T09:40:49+00:00","twitter_card":"summary_large_image","twitter_misc":{"Estimated reading time":"8 minutes"},"schema":{"@context":"https:\/\/schema.org","@graph":[{"@type":"WebPage","@id":"https:\/\/www.ab-party.cz\/nejcastejsi-dotazy-party-stany-a-prislusenstvi\/","url":"https:\/\/www.ab-party.cz\/nejcastejsi-dotazy-party-stany-a-prislusenstvi\/","name":"Nej\u010dast\u011bj\u0161\u00ed dotazy na party stany - AB Party stany","isPartOf":{"@id":"https:\/\/www.ab-party.cz\/#website"},"datePublished":"2018-04-23T09:13:53+00:00","dateModified":"2018-04-23T09:40:49+00:00","breadcrumb":{"@id":"https:\/\/www.ab-party.cz\/nejcastejsi-dotazy-party-stany-a-prislusenstvi\/#breadcrumb"},"inLanguage":"en-GB","potentialAction":[{"@type":"ReadAction","target":["https:\/\/www.ab-party.cz\/nejcastejsi-dotazy-party-stany-a-prislusenstvi\/"]}]},{"@type":"BreadcrumbList","@id":"https:\/\/www.ab-party.cz\/nejcastejsi-dotazy-party-stany-a-prislusenstvi\/#breadcrumb","itemListElement":[{"@type":"ListItem","position":1,"name":"Home","item":"https:\/\/www.ab-party.cz\/"},{"@type":"ListItem","position":2,"name":"Nej\u010dast\u011bj\u0161\u00ed dotazy na party stany"}]},{"@type":"WebSite","@id":"https:\/\/www.ab-party.cz\/#website","url":"https:\/\/www.ab-party.cz\/","name":"AB Party stany","description":"","potentialAction":[{"@type":"SearchAction","target":{"@type":"EntryPoint","urlTemplate":"https:\/\/www.ab-party.cz\/?s={search_term_string}"},"query-input":{"@type":"PropertyValueSpecification","valueRequired":true,"valueName":"search_term_string"}}],"inLanguage":"en-GB"}]}},"_links":{"self":[{"href":"https:\/\/www.ab-party.cz\/en\/wp-json\/wp\/v2\/pages\/848","targetHints":{"allow":["GET"]}}],"collection":[{"href":"https:\/\/www.ab-party.cz\/en\/wp-json\/wp\/v2\/pages"}],"about":[{"href":"https:\/\/www.ab-party.cz\/en\/wp-json\/wp\/v2\/types\/page"}],"author":[{"embeddable":true,"href":"https:\/\/www.ab-party.cz\/en\/wp-json\/wp\/v2\/users\/2"}],"replies":[{"embeddable":true,"href":"https:\/\/www.ab-party.cz\/en\/wp-json\/wp\/v2\/comments?post=848"}],"version-history":[{"count":7,"href":"https:\/\/www.ab-party.cz\/en\/wp-json\/wp\/v2\/pages\/848\/revisions"}],"predecessor-version":[{"id":866,"href":"https:\/\/www.ab-party.cz\/en\/wp-json\/wp\/v2\/pages\/848\/revisions\/866"}],"wp:attachment":[{"href":"https:\/\/www.ab-party.cz\/en\/wp-json\/wp\/v2\/media?parent=848"}],"curies":[{"name":"wp","href":"https:\/\/api.w.org\/{rel}","templated":true}]}}