{"id":760,"date":"2016-02-10T11:44:29","date_gmt":"2016-02-10T11:44:29","guid":{"rendered":"http:\/\/www.ab-party.cz\/?page_id=760"},"modified":"2019-08-29T16:32:32","modified_gmt":"2019-08-29T16:32:32","slug":"royal","status":"publish","type":"page","link":"https:\/\/www.ab-party.cz\/en\/party-stany\/royal\/","title":{"rendered":"Royal"},"content":{"rendered":"<div class='wysiwyg'><p>V roce\u00a02016 jsme pro v\u00e1s p\u0159ichystali novinku v podob\u011b party stanu ROYAL 5&#215;5 m.<\/p>\n<p>Jedn\u00e1 se o stany s n\u016f\u017ekovou konstrukc\u00ed, kter\u00e1 umo\u017e\u0148uje velice rychlou mont\u00e1\u017e a demont\u00e1\u017e. Stan je vhodn\u00fd na svatby, cateringov\u00e9 akce a eventy, kde je vy\u017eadov\u00e1na elegance.<\/p>\n\t\t\n\t\t<div class=\"row\">\n\t\t\t<div class=\"col-lg-12\">\n\t\t\t\t<div class=\"title-box\">\n\t\t\t\t\t<h2 class=\"gallery-title\"><\/h2>\n\t\t\t\t<\/div>\n\t\t\t\n\t    \t<div class=\"row photo-gallery-magnific\">\n\t\t\t\t\t<div class=\"col-md-3 col-sm-4 col-xs-6 gallery-item\">\n\t\t\t\t\t\t<a href=\"https:\/\/www.ab-party.cz\/wp-content\/uploads\/2016\/02\/royal-1.png\" title=\"Party stan Royal od AB Party\">\n\t\t\t    \t\t\t<img decoding=\"async\" src=\"https:\/\/www.ab-party.cz\/wp-content\/uploads\/2016\/02\/royal-1-300x300.png\" alt=\"Party stan Royal od AB Party\" title=\"Party stan Royal od AB Party\" class=\"img-responsive\" \/>\n\t\t\t    \t\t<\/a>\n\t\t\t    \t<\/div>\n\t\t\t\t\t<div class=\"col-md-3 col-sm-4 col-xs-6 gallery-item\">\n\t\t\t\t\t\t<a href=\"https:\/\/www.ab-party.cz\/wp-content\/uploads\/2016\/02\/royal-2.png\" title=\"Party stan Royal od AB Party\">\n\t\t\t    \t\t\t<img decoding=\"async\" src=\"https:\/\/www.ab-party.cz\/wp-content\/uploads\/2016\/02\/royal-2-300x300.png\" alt=\"Party stan Royal od AB Party\" title=\"Party stan Royal od AB Party\" class=\"img-responsive\" \/>\n\t\t\t    \t\t<\/a>\n\t\t\t    \t<\/div>\n\t\t\t\t\t<div class=\"col-md-3 col-sm-4 col-xs-6 gallery-item\">\n\t\t\t\t\t\t<a href=\"https:\/\/www.ab-party.cz\/wp-content\/uploads\/2016\/02\/20150411_130235.jpg\" title=\"Party stan Royal od AB Party\">\n\t\t\t    \t\t\t<img decoding=\"async\" src=\"https:\/\/www.ab-party.cz\/wp-content\/uploads\/2016\/02\/20150411_130235-300x300.jpg\" alt=\"Party stan Royal od AB Party\" title=\"Party stan Royal od AB Party\" class=\"img-responsive\" \/>\n\t\t\t    \t\t<\/a>\n\t\t\t    \t<\/div>\n\t\t\t<\/div>\n\t\n\t\t<\/div><\/div>\n<script type='text\/javascript'>\njQuery(document).ready(function($) {\n\t$('.photo-gallery-magnific').magnificPopup({\n\t\tdelegate: 'a',\n\t\ttype: 'image',\n\t\ttLoading: 'Na\u010d\u00edt\u00e1m obr\u00e1zek #%curr%...',\n\t\tmainClass: 'mfp-img-mobile',\n\t\tgallery: {\n\t\t\tenabled: true,\n\t\t\tnavigateByImgClick: true,\n\t\t\ttCounter: '%curr% \/ %total%',\n\t\t\tpreload: [0,1] \/\/ Will preload 0 - before current, and 1 after the current image\n\t\t},\n\t\timage: {\n\t\t\ttError: '<a href=\"%url%\">Obr\u00e1zek #%curr%<\/a> nemohl b\u00fdt na\u010dten.',\n          \ttitleSrc: 'data-title'\n\t\t}\n\t});\n});\n<\/script>\n<p>\u25b7 <strong><a href=\"https:\/\/www.ab-party.cz\/en\/kontakty\/\">Kontaktujte n\u00e1s pro nez\u00e1vaznou kalkulaci<\/a><\/strong><\/p>\n<\/div>","protected":false},"excerpt":{"rendered":"<p>V roce\u00a02016 jsme pro v\u00e1s p\u0159ichystali novinku v podob\u011b party stanu ROYAL 5&#215;5 m. Jedn\u00e1 se o stany s n\u016f\u017ekovou konstrukc\u00ed, kter\u00e1 umo\u017e\u0148uje velice rychlou mont\u00e1\u017e a demont\u00e1\u017e. Stan je&#8230;<\/p>","protected":false},"author":2,"featured_media":766,"parent":12,"menu_order":9,"comment_status":"closed","ping_status":"closed","template":"products.php","meta":{"_acf_changed":false,"footnotes":""},"class_list":["post-760","page","type-page","status-publish","has-post-thumbnail","hentry"],"acf":[],"yoast_head":"<!-- This site is optimized with the Yoast SEO plugin v25.8 - https:\/\/yoast.com\/wordpress\/plugins\/seo\/ -->\n<title>Royal - AB Party stany<\/title>\n<meta name=\"robots\" content=\"index, follow, max-snippet:-1, max-image-preview:large, max-video-preview:-1\" \/>\n<link rel=\"canonical\" href=\"https:\/\/www.ab-party.cz\/en\/party-stany\/royal\/\" \/>\n<meta property=\"og:locale\" content=\"en_GB\" \/>\n<meta property=\"og:type\" content=\"article\" \/>\n<meta property=\"og:title\" content=\"Royal - AB Party stany\" \/>\n<meta property=\"og:description\" content=\"V roce\u00a02016 jsme pro v\u00e1s p\u0159ichystali novinku v podob\u011b party stanu ROYAL 5&#215;5 m. Jedn\u00e1 se o stany s n\u016f\u017ekovou konstrukc\u00ed, kter\u00e1 umo\u017e\u0148uje velice rychlou mont\u00e1\u017e a demont\u00e1\u017e. Stan je...\" \/>\n<meta property=\"og:url\" content=\"https:\/\/www.ab-party.cz\/en\/party-stany\/royal\/\" \/>\n<meta property=\"og:site_name\" content=\"AB Party stany\" \/>\n<meta property=\"article:modified_time\" content=\"2019-08-29T16:32:32+00:00\" \/>\n<meta property=\"og:image\" content=\"https:\/\/www.ab-party.cz\/wp-content\/uploads\/2016\/02\/20150411_130235-kopie-e1455105616169.jpg\" \/>\n\t<meta property=\"og:image:width\" content=\"2960\" \/>\n\t<meta property=\"og:image:height\" content=\"2213\" \/>\n\t<meta property=\"og:image:type\" content=\"image\/jpeg\" \/>\n<meta name=\"twitter:card\" content=\"summary_large_image\" \/>\n<script type=\"application\/ld+json\" class=\"yoast-schema-graph\">{\"@context\":\"https:\/\/schema.org\",\"@graph\":[{\"@type\":\"WebPage\",\"@id\":\"https:\/\/www.ab-party.cz\/party-stany\/royal\/\",\"url\":\"https:\/\/www.ab-party.cz\/party-stany\/royal\/\",\"name\":\"Royal - AB Party stany\",\"isPartOf\":{\"@id\":\"https:\/\/www.ab-party.cz\/#website\"},\"primaryImageOfPage\":{\"@id\":\"https:\/\/www.ab-party.cz\/party-stany\/royal\/#primaryimage\"},\"image\":{\"@id\":\"https:\/\/www.ab-party.cz\/party-stany\/royal\/#primaryimage\"},\"thumbnailUrl\":\"https:\/\/www.ab-party.cz\/wp-content\/uploads\/2016\/02\/20150411_130235-kopie-e1455105616169.jpg\",\"datePublished\":\"2016-02-10T11:44:29+00:00\",\"dateModified\":\"2019-08-29T16:32:32+00:00\",\"breadcrumb\":{\"@id\":\"https:\/\/www.ab-party.cz\/party-stany\/royal\/#breadcrumb\"},\"inLanguage\":\"en-GB\",\"potentialAction\":[{\"@type\":\"ReadAction\",\"target\":[\"https:\/\/www.ab-party.cz\/party-stany\/royal\/\"]}]},{\"@type\":\"ImageObject\",\"inLanguage\":\"en-GB\",\"@id\":\"https:\/\/www.ab-party.cz\/party-stany\/royal\/#primaryimage\",\"url\":\"https:\/\/www.ab-party.cz\/wp-content\/uploads\/2016\/02\/20150411_130235-kopie-e1455105616169.jpg\",\"contentUrl\":\"https:\/\/www.ab-party.cz\/wp-content\/uploads\/2016\/02\/20150411_130235-kopie-e1455105616169.jpg\",\"width\":2960,\"height\":2213},{\"@type\":\"BreadcrumbList\",\"@id\":\"https:\/\/www.ab-party.cz\/party-stany\/royal\/#breadcrumb\",\"itemListElement\":[{\"@type\":\"ListItem\",\"position\":1,\"name\":\"Home\",\"item\":\"https:\/\/www.ab-party.cz\/\"},{\"@type\":\"ListItem\",\"position\":2,\"name\":\"P\u00e1rty stany\",\"item\":\"https:\/\/www.ab-party.cz\/party-stany\/\"},{\"@type\":\"ListItem\",\"position\":3,\"name\":\"Royal\"}]},{\"@type\":\"WebSite\",\"@id\":\"https:\/\/www.ab-party.cz\/#website\",\"url\":\"https:\/\/www.ab-party.cz\/\",\"name\":\"AB Party stany\",\"description\":\"\",\"potentialAction\":[{\"@type\":\"SearchAction\",\"target\":{\"@type\":\"EntryPoint\",\"urlTemplate\":\"https:\/\/www.ab-party.cz\/?s={search_term_string}\"},\"query-input\":{\"@type\":\"PropertyValueSpecification\",\"valueRequired\":true,\"valueName\":\"search_term_string\"}}],\"inLanguage\":\"en-GB\"}]}<\/script>\n<!-- \/ Yoast SEO plugin. -->","yoast_head_json":{"title":"Royal - AB Party stany","robots":{"index":"index","follow":"follow","max-snippet":"max-snippet:-1","max-image-preview":"max-image-preview:large","max-video-preview":"max-video-preview:-1"},"canonical":"https:\/\/www.ab-party.cz\/en\/party-stany\/royal\/","og_locale":"en_GB","og_type":"article","og_title":"Royal - AB Party stany","og_description":"V roce\u00a02016 jsme pro v\u00e1s p\u0159ichystali novinku v podob\u011b party stanu ROYAL 5&#215;5 m. Jedn\u00e1 se o stany s n\u016f\u017ekovou konstrukc\u00ed, kter\u00e1 umo\u017e\u0148uje velice rychlou mont\u00e1\u017e a demont\u00e1\u017e. Stan je...","og_url":"https:\/\/www.ab-party.cz\/en\/party-stany\/royal\/","og_site_name":"AB Party stany","article_modified_time":"2019-08-29T16:32:32+00:00","og_image":[{"width":2960,"height":2213,"url":"https:\/\/www.ab-party.cz\/wp-content\/uploads\/2016\/02\/20150411_130235-kopie-e1455105616169.jpg","type":"image\/jpeg"}],"twitter_card":"summary_large_image","schema":{"@context":"https:\/\/schema.org","@graph":[{"@type":"WebPage","@id":"https:\/\/www.ab-party.cz\/party-stany\/royal\/","url":"https:\/\/www.ab-party.cz\/party-stany\/royal\/","name":"Royal - AB Party stany","isPartOf":{"@id":"https:\/\/www.ab-party.cz\/#website"},"primaryImageOfPage":{"@id":"https:\/\/www.ab-party.cz\/party-stany\/royal\/#primaryimage"},"image":{"@id":"https:\/\/www.ab-party.cz\/party-stany\/royal\/#primaryimage"},"thumbnailUrl":"https:\/\/www.ab-party.cz\/wp-content\/uploads\/2016\/02\/20150411_130235-kopie-e1455105616169.jpg","datePublished":"2016-02-10T11:44:29+00:00","dateModified":"2019-08-29T16:32:32+00:00","breadcrumb":{"@id":"https:\/\/www.ab-party.cz\/party-stany\/royal\/#breadcrumb"},"inLanguage":"en-GB","potentialAction":[{"@type":"ReadAction","target":["https:\/\/www.ab-party.cz\/party-stany\/royal\/"]}]},{"@type":"ImageObject","inLanguage":"en-GB","@id":"https:\/\/www.ab-party.cz\/party-stany\/royal\/#primaryimage","url":"https:\/\/www.ab-party.cz\/wp-content\/uploads\/2016\/02\/20150411_130235-kopie-e1455105616169.jpg","contentUrl":"https:\/\/www.ab-party.cz\/wp-content\/uploads\/2016\/02\/20150411_130235-kopie-e1455105616169.jpg","width":2960,"height":2213},{"@type":"BreadcrumbList","@id":"https:\/\/www.ab-party.cz\/party-stany\/royal\/#breadcrumb","itemListElement":[{"@type":"ListItem","position":1,"name":"Home","item":"https:\/\/www.ab-party.cz\/"},{"@type":"ListItem","position":2,"name":"P\u00e1rty stany","item":"https:\/\/www.ab-party.cz\/party-stany\/"},{"@type":"ListItem","position":3,"name":"Royal"}]},{"@type":"WebSite","@id":"https:\/\/www.ab-party.cz\/#website","url":"https:\/\/www.ab-party.cz\/","name":"AB Party stany","description":"","potentialAction":[{"@type":"SearchAction","target":{"@type":"EntryPoint","urlTemplate":"https:\/\/www.ab-party.cz\/?s={search_term_string}"},"query-input":{"@type":"PropertyValueSpecification","valueRequired":true,"valueName":"search_term_string"}}],"inLanguage":"en-GB"}]}},"_links":{"self":[{"href":"https:\/\/www.ab-party.cz\/en\/wp-json\/wp\/v2\/pages\/760","targetHints":{"allow":["GET"]}}],"collection":[{"href":"https:\/\/www.ab-party.cz\/en\/wp-json\/wp\/v2\/pages"}],"about":[{"href":"https:\/\/www.ab-party.cz\/en\/wp-json\/wp\/v2\/types\/page"}],"author":[{"embeddable":true,"href":"https:\/\/www.ab-party.cz\/en\/wp-json\/wp\/v2\/users\/2"}],"replies":[{"embeddable":true,"href":"https:\/\/www.ab-party.cz\/en\/wp-json\/wp\/v2\/comments?post=760"}],"version-history":[{"count":10,"href":"https:\/\/www.ab-party.cz\/en\/wp-json\/wp\/v2\/pages\/760\/revisions"}],"predecessor-version":[{"id":836,"href":"https:\/\/www.ab-party.cz\/en\/wp-json\/wp\/v2\/pages\/760\/revisions\/836"}],"up":[{"embeddable":true,"href":"https:\/\/www.ab-party.cz\/en\/wp-json\/wp\/v2\/pages\/12"}],"wp:featuredmedia":[{"embeddable":true,"href":"https:\/\/www.ab-party.cz\/en\/wp-json\/wp\/v2\/media\/766"}],"wp:attachment":[{"href":"https:\/\/www.ab-party.cz\/en\/wp-json\/wp\/v2\/media?parent=760"}],"curies":[{"name":"wp","href":"https:\/\/api.w.org\/{rel}","templated":true}]}}