{"id":755,"date":"2016-02-10T11:36:44","date_gmt":"2016-02-10T11:36:44","guid":{"rendered":"http:\/\/www.ab-party.cz\/?page_id=755"},"modified":"2024-12-04T14:53:26","modified_gmt":"2024-12-04T14:53:26","slug":"cyclone","status":"publish","type":"page","link":"https:\/\/www.ab-party.cz\/en\/party-stany\/cyclone\/","title":{"rendered":"CYCLONE"},"content":{"rendered":"<div class='wysiwyg'><p>V roce 2016 jsme pro v\u00e1s p\u0159ipravili exkluzivn\u00ed novinku &#8211; stan CYCLONE.<br \/>\nStan m\u016f\u017ee m\u00edt boky sklen\u011bn\u00e9 nebo p\u0159\u00edpadn\u011b lze kombinovat boky plachtov\u00e9 a sklo. Vstup do stanu je osazen hlin\u00edkov\u00fdmi dve\u0159mi s bezbari\u00e9rov\u00fdm vchodem. CYCLONE je maxim\u00e1ln\u011b reprezentativn\u00ed na va\u0161i roadshow, v\u00fdstavu nebo event.<br \/>\nLze jej t\u00e9\u017e pou\u017e\u00edt na prodejn\u00ed, informa\u010dn\u00ed, prezenta\u010dn\u00ed nebo na r\u016fzn\u00e9 firemn\u00ed, sportovn\u00ed a cateringov\u00e9 eventy.<\/p>\n<p>Stan nab\u00edz\u00edme v rozm\u011brech 5&#215;5 m, 5&#215;10 m a 10&#215;10 m.<\/p>\n\t\t\n\t\t<div class=\"row\">\n\t\t\t<div class=\"col-lg-12\">\n\t\t\t\t<div class=\"title-box\">\n\t\t\t\t\t<h2 class=\"gallery-title\"><\/h2>\n\t\t\t\t<\/div>\n\t\t\t\n\t    \t<div class=\"row photo-gallery-magnific\">\n\t\t\t\t\t<div class=\"col-md-3 col-sm-4 col-xs-6 gallery-item\">\n\t\t\t\t\t\t<a href=\"https:\/\/www.ab-party.cz\/wp-content\/uploads\/2016\/02\/cyclone-2.png\" title=\"Party stan Cyclone od AB Party\">\n\t\t\t    \t\t\t<img decoding=\"async\" src=\"https:\/\/www.ab-party.cz\/wp-content\/uploads\/2016\/02\/cyclone-2-300x300.png\" alt=\"Party stan Cyclone od AB Party\" title=\"Party stan Cyclone od AB Party\" class=\"img-responsive\" \/>\n\t\t\t    \t\t<\/a>\n\t\t\t    \t<\/div>\n\t\t\t\t\t<div class=\"col-md-3 col-sm-4 col-xs-6 gallery-item\">\n\t\t\t\t\t\t<a href=\"https:\/\/www.ab-party.cz\/wp-content\/uploads\/2016\/02\/cyclone.jpg\" title=\"Party stan Cyclone od AB Party\">\n\t\t\t    \t\t\t<img decoding=\"async\" src=\"https:\/\/www.ab-party.cz\/wp-content\/uploads\/2016\/02\/cyclone-300x300.jpg\" alt=\"AB Party - party stan CYCLONE\" title=\"Party stan Cyclone od AB Party\" class=\"img-responsive\" \/>\n\t\t\t    \t\t<\/a>\n\t\t\t    \t<\/div>\n\t\t\t\t\t<div class=\"col-md-3 col-sm-4 col-xs-6 gallery-item\">\n\t\t\t\t\t\t<a href=\"https:\/\/www.ab-party.cz\/wp-content\/uploads\/2016\/02\/cyclone-1.png\" title=\"Party stan Cyclone od AB Party\">\n\t\t\t    \t\t\t<img decoding=\"async\" src=\"https:\/\/www.ab-party.cz\/wp-content\/uploads\/2016\/02\/cyclone-1-300x300.png\" alt=\"Party stan Cyclone od AB Party\" title=\"Party stan Cyclone od AB Party\" class=\"img-responsive\" \/>\n\t\t\t    \t\t<\/a>\n\t\t\t    \t<\/div>\n\t\t\t\t\t<div class=\"col-md-3 col-sm-4 col-xs-6 gallery-item\">\n\t\t\t\t\t\t<a href=\"https:\/\/www.ab-party.cz\/wp-content\/uploads\/2016\/02\/2170224_003_SQ.jpg\" title=\"Party stan Cyclone od AB Party\">\n\t\t\t    \t\t\t<img decoding=\"async\" src=\"https:\/\/www.ab-party.cz\/wp-content\/uploads\/2016\/02\/2170224_003_SQ-300x300.jpg\" alt=\"AB Party - party stan CYCLONE\" title=\"Party stan Cyclone od AB Party\" class=\"img-responsive\" \/>\n\t\t\t    \t\t<\/a>\n\t\t\t    \t<\/div>\n\t\t\t\t\t<div class=\"col-md-3 col-sm-4 col-xs-6 gallery-item\">\n\t\t\t\t\t\t<a href=\"https:\/\/www.ab-party.cz\/wp-content\/uploads\/2024\/12\/20180916_150137-scaled.jpg\" title=\"Party stan Cyclone od AB Party\">\n\t\t\t    \t\t\t<img decoding=\"async\" src=\"https:\/\/www.ab-party.cz\/wp-content\/uploads\/2024\/12\/20180916_150137-300x300.jpg\" alt=\"20180916_150137\" title=\"Party stan Cyclone od AB Party\" class=\"img-responsive\" \/>\n\t\t\t    \t\t<\/a>\n\t\t\t    \t<\/div>\n\t\t\t\t\t<div class=\"col-md-3 col-sm-4 col-xs-6 gallery-item\">\n\t\t\t\t\t\t<a href=\"https:\/\/www.ab-party.cz\/wp-content\/uploads\/2016\/02\/cyclone5.jpg\" title=\"Party stan Cyclone od AB Party\">\n\t\t\t    \t\t\t<img decoding=\"async\" src=\"https:\/\/www.ab-party.cz\/wp-content\/uploads\/2016\/02\/cyclone5-300x300.jpg\" alt=\"AB Party - party stan CYCLONE\" title=\"Party stan Cyclone od AB Party\" class=\"img-responsive\" \/>\n\t\t\t    \t\t<\/a>\n\t\t\t    \t<\/div>\n\t\t\t\t\t<div class=\"col-md-3 col-sm-4 col-xs-6 gallery-item\">\n\t\t\t\t\t\t<a href=\"https:\/\/www.ab-party.cz\/wp-content\/uploads\/2024\/12\/20180919_174904-scaled.jpg\" title=\"Party stan Cyclone od AB Party\">\n\t\t\t    \t\t\t<img decoding=\"async\" src=\"https:\/\/www.ab-party.cz\/wp-content\/uploads\/2024\/12\/20180919_174904-300x300.jpg\" alt=\"20180919_174904\" title=\"Party stan Cyclone od AB Party\" class=\"img-responsive\" \/>\n\t\t\t    \t\t<\/a>\n\t\t\t    \t<\/div>\n\t\t\t\t\t<div class=\"col-md-3 col-sm-4 col-xs-6 gallery-item\">\n\t\t\t\t\t\t<a href=\"https:\/\/www.ab-party.cz\/wp-content\/uploads\/2016\/02\/cyclone9.jpg\" title=\"Party stan Cyclone od AB Party\">\n\t\t\t    \t\t\t<img decoding=\"async\" src=\"https:\/\/www.ab-party.cz\/wp-content\/uploads\/2016\/02\/cyclone9-300x300.jpg\" alt=\"AB Party - party stan CYCLONE\" title=\"Party stan Cyclone od AB Party\" class=\"img-responsive\" \/>\n\t\t\t    \t\t<\/a>\n\t\t\t    \t<\/div>\n\t\t\t<\/div>\n\t\n\t\t<\/div><\/div>\n<script type='text\/javascript'>\njQuery(document).ready(function($) {\n\t$('.photo-gallery-magnific').magnificPopup({\n\t\tdelegate: 'a',\n\t\ttype: 'image',\n\t\ttLoading: 'Na\u010d\u00edt\u00e1m obr\u00e1zek #%curr%...',\n\t\tmainClass: 'mfp-img-mobile',\n\t\tgallery: {\n\t\t\tenabled: true,\n\t\t\tnavigateByImgClick: true,\n\t\t\ttCounter: '%curr% \/ %total%',\n\t\t\tpreload: [0,1] \/\/ Will preload 0 - before current, and 1 after the current image\n\t\t},\n\t\timage: {\n\t\t\ttError: '<a href=\"%url%\">Obr\u00e1zek #%curr%<\/a> nemohl b\u00fdt na\u010dten.',\n          \ttitleSrc: 'data-title'\n\t\t}\n\t});\n});\n<\/script>\n<p>\u25b7<strong> <a href=\"https:\/\/www.ab-party.cz\/en\/kontakty\/\">Kontaktujte n\u00e1s pro nez\u00e1vaznou kalkulaci<\/a><\/strong><\/p>\n<\/div>","protected":false},"excerpt":{"rendered":"<p>V roce 2016 jsme pro v\u00e1s p\u0159ipravili exkluzivn\u00ed novinku &#8211; stan CYCLONE. Stan m\u016f\u017ee m\u00edt boky sklen\u011bn\u00e9 nebo p\u0159\u00edpadn\u011b lze kombinovat boky plachtov\u00e9 a sklo. Vstup do stanu je osazen&#8230;<\/p>","protected":false},"author":2,"featured_media":770,"parent":12,"menu_order":5,"comment_status":"closed","ping_status":"closed","template":"products.php","meta":{"_acf_changed":false,"footnotes":""},"class_list":["post-755","page","type-page","status-publish","has-post-thumbnail","hentry"],"acf":[],"yoast_head":"<!-- This site is optimized with the Yoast SEO plugin v25.8 - https:\/\/yoast.com\/wordpress\/plugins\/seo\/ -->\n<title>CYCLONE - AB Party stany<\/title>\n<meta name=\"robots\" content=\"index, follow, max-snippet:-1, max-image-preview:large, max-video-preview:-1\" \/>\n<link rel=\"canonical\" href=\"https:\/\/www.ab-party.cz\/en\/party-stany\/cyclone\/\" \/>\n<meta property=\"og:locale\" content=\"en_GB\" \/>\n<meta property=\"og:type\" content=\"article\" \/>\n<meta property=\"og:title\" content=\"CYCLONE - AB Party stany\" \/>\n<meta property=\"og:description\" content=\"V roce 2016 jsme pro v\u00e1s p\u0159ipravili exkluzivn\u00ed novinku &#8211; stan CYCLONE. Stan m\u016f\u017ee m\u00edt boky sklen\u011bn\u00e9 nebo p\u0159\u00edpadn\u011b lze kombinovat boky plachtov\u00e9 a sklo. Vstup do stanu je osazen...\" \/>\n<meta property=\"og:url\" content=\"https:\/\/www.ab-party.cz\/en\/party-stany\/cyclone\/\" \/>\n<meta property=\"og:site_name\" content=\"AB Party stany\" \/>\n<meta property=\"article:modified_time\" content=\"2024-12-04T14:53:26+00:00\" \/>\n<meta property=\"og:image\" content=\"https:\/\/www.ab-party.cz\/wp-content\/uploads\/2016\/02\/cyclone-12-e1455105365980.png\" \/>\n\t<meta property=\"og:image:width\" content=\"730\" \/>\n\t<meta property=\"og:image:height\" content=\"540\" \/>\n\t<meta property=\"og:image:type\" content=\"image\/png\" \/>\n<meta name=\"twitter:card\" content=\"summary_large_image\" \/>\n<meta name=\"twitter:label1\" content=\"Estimated reading time\" \/>\n\t<meta name=\"twitter:data1\" content=\"1 minute\" \/>\n<script type=\"application\/ld+json\" class=\"yoast-schema-graph\">{\"@context\":\"https:\/\/schema.org\",\"@graph\":[{\"@type\":\"WebPage\",\"@id\":\"https:\/\/www.ab-party.cz\/party-stany\/cyclone\/\",\"url\":\"https:\/\/www.ab-party.cz\/party-stany\/cyclone\/\",\"name\":\"CYCLONE - AB Party stany\",\"isPartOf\":{\"@id\":\"https:\/\/www.ab-party.cz\/#website\"},\"primaryImageOfPage\":{\"@id\":\"https:\/\/www.ab-party.cz\/party-stany\/cyclone\/#primaryimage\"},\"image\":{\"@id\":\"https:\/\/www.ab-party.cz\/party-stany\/cyclone\/#primaryimage\"},\"thumbnailUrl\":\"https:\/\/www.ab-party.cz\/wp-content\/uploads\/2016\/02\/cyclone-12-e1455105365980.png\",\"datePublished\":\"2016-02-10T11:36:44+00:00\",\"dateModified\":\"2024-12-04T14:53:26+00:00\",\"breadcrumb\":{\"@id\":\"https:\/\/www.ab-party.cz\/party-stany\/cyclone\/#breadcrumb\"},\"inLanguage\":\"en-GB\",\"potentialAction\":[{\"@type\":\"ReadAction\",\"target\":[\"https:\/\/www.ab-party.cz\/party-stany\/cyclone\/\"]}]},{\"@type\":\"ImageObject\",\"inLanguage\":\"en-GB\",\"@id\":\"https:\/\/www.ab-party.cz\/party-stany\/cyclone\/#primaryimage\",\"url\":\"https:\/\/www.ab-party.cz\/wp-content\/uploads\/2016\/02\/cyclone-12-e1455105365980.png\",\"contentUrl\":\"https:\/\/www.ab-party.cz\/wp-content\/uploads\/2016\/02\/cyclone-12-e1455105365980.png\",\"width\":730,\"height\":540},{\"@type\":\"BreadcrumbList\",\"@id\":\"https:\/\/www.ab-party.cz\/party-stany\/cyclone\/#breadcrumb\",\"itemListElement\":[{\"@type\":\"ListItem\",\"position\":1,\"name\":\"Home\",\"item\":\"https:\/\/www.ab-party.cz\/\"},{\"@type\":\"ListItem\",\"position\":2,\"name\":\"P\u00e1rty stany\",\"item\":\"https:\/\/www.ab-party.cz\/party-stany\/\"},{\"@type\":\"ListItem\",\"position\":3,\"name\":\"CYCLONE\"}]},{\"@type\":\"WebSite\",\"@id\":\"https:\/\/www.ab-party.cz\/#website\",\"url\":\"https:\/\/www.ab-party.cz\/\",\"name\":\"AB Party stany\",\"description\":\"\",\"potentialAction\":[{\"@type\":\"SearchAction\",\"target\":{\"@type\":\"EntryPoint\",\"urlTemplate\":\"https:\/\/www.ab-party.cz\/?s={search_term_string}\"},\"query-input\":{\"@type\":\"PropertyValueSpecification\",\"valueRequired\":true,\"valueName\":\"search_term_string\"}}],\"inLanguage\":\"en-GB\"}]}<\/script>\n<!-- \/ Yoast SEO plugin. -->","yoast_head_json":{"title":"CYCLONE - AB Party stany","robots":{"index":"index","follow":"follow","max-snippet":"max-snippet:-1","max-image-preview":"max-image-preview:large","max-video-preview":"max-video-preview:-1"},"canonical":"https:\/\/www.ab-party.cz\/en\/party-stany\/cyclone\/","og_locale":"en_GB","og_type":"article","og_title":"CYCLONE - AB Party stany","og_description":"V roce 2016 jsme pro v\u00e1s p\u0159ipravili exkluzivn\u00ed novinku &#8211; stan CYCLONE. Stan m\u016f\u017ee m\u00edt boky sklen\u011bn\u00e9 nebo p\u0159\u00edpadn\u011b lze kombinovat boky plachtov\u00e9 a sklo. Vstup do stanu je osazen...","og_url":"https:\/\/www.ab-party.cz\/en\/party-stany\/cyclone\/","og_site_name":"AB Party stany","article_modified_time":"2024-12-04T14:53:26+00:00","og_image":[{"width":730,"height":540,"url":"https:\/\/www.ab-party.cz\/wp-content\/uploads\/2016\/02\/cyclone-12-e1455105365980.png","type":"image\/png"}],"twitter_card":"summary_large_image","twitter_misc":{"Estimated reading time":"1 minute"},"schema":{"@context":"https:\/\/schema.org","@graph":[{"@type":"WebPage","@id":"https:\/\/www.ab-party.cz\/party-stany\/cyclone\/","url":"https:\/\/www.ab-party.cz\/party-stany\/cyclone\/","name":"CYCLONE - AB Party stany","isPartOf":{"@id":"https:\/\/www.ab-party.cz\/#website"},"primaryImageOfPage":{"@id":"https:\/\/www.ab-party.cz\/party-stany\/cyclone\/#primaryimage"},"image":{"@id":"https:\/\/www.ab-party.cz\/party-stany\/cyclone\/#primaryimage"},"thumbnailUrl":"https:\/\/www.ab-party.cz\/wp-content\/uploads\/2016\/02\/cyclone-12-e1455105365980.png","datePublished":"2016-02-10T11:36:44+00:00","dateModified":"2024-12-04T14:53:26+00:00","breadcrumb":{"@id":"https:\/\/www.ab-party.cz\/party-stany\/cyclone\/#breadcrumb"},"inLanguage":"en-GB","potentialAction":[{"@type":"ReadAction","target":["https:\/\/www.ab-party.cz\/party-stany\/cyclone\/"]}]},{"@type":"ImageObject","inLanguage":"en-GB","@id":"https:\/\/www.ab-party.cz\/party-stany\/cyclone\/#primaryimage","url":"https:\/\/www.ab-party.cz\/wp-content\/uploads\/2016\/02\/cyclone-12-e1455105365980.png","contentUrl":"https:\/\/www.ab-party.cz\/wp-content\/uploads\/2016\/02\/cyclone-12-e1455105365980.png","width":730,"height":540},{"@type":"BreadcrumbList","@id":"https:\/\/www.ab-party.cz\/party-stany\/cyclone\/#breadcrumb","itemListElement":[{"@type":"ListItem","position":1,"name":"Home","item":"https:\/\/www.ab-party.cz\/"},{"@type":"ListItem","position":2,"name":"P\u00e1rty stany","item":"https:\/\/www.ab-party.cz\/party-stany\/"},{"@type":"ListItem","position":3,"name":"CYCLONE"}]},{"@type":"WebSite","@id":"https:\/\/www.ab-party.cz\/#website","url":"https:\/\/www.ab-party.cz\/","name":"AB Party stany","description":"","potentialAction":[{"@type":"SearchAction","target":{"@type":"EntryPoint","urlTemplate":"https:\/\/www.ab-party.cz\/?s={search_term_string}"},"query-input":{"@type":"PropertyValueSpecification","valueRequired":true,"valueName":"search_term_string"}}],"inLanguage":"en-GB"}]}},"_links":{"self":[{"href":"https:\/\/www.ab-party.cz\/en\/wp-json\/wp\/v2\/pages\/755","targetHints":{"allow":["GET"]}}],"collection":[{"href":"https:\/\/www.ab-party.cz\/en\/wp-json\/wp\/v2\/pages"}],"about":[{"href":"https:\/\/www.ab-party.cz\/en\/wp-json\/wp\/v2\/types\/page"}],"author":[{"embeddable":true,"href":"https:\/\/www.ab-party.cz\/en\/wp-json\/wp\/v2\/users\/2"}],"replies":[{"embeddable":true,"href":"https:\/\/www.ab-party.cz\/en\/wp-json\/wp\/v2\/comments?post=755"}],"version-history":[{"count":15,"href":"https:\/\/www.ab-party.cz\/en\/wp-json\/wp\/v2\/pages\/755\/revisions"}],"predecessor-version":[{"id":1031,"href":"https:\/\/www.ab-party.cz\/en\/wp-json\/wp\/v2\/pages\/755\/revisions\/1031"}],"up":[{"embeddable":true,"href":"https:\/\/www.ab-party.cz\/en\/wp-json\/wp\/v2\/pages\/12"}],"wp:featuredmedia":[{"embeddable":true,"href":"https:\/\/www.ab-party.cz\/en\/wp-json\/wp\/v2\/media\/770"}],"wp:attachment":[{"href":"https:\/\/www.ab-party.cz\/en\/wp-json\/wp\/v2\/media?parent=755"}],"curies":[{"name":"wp","href":"https:\/\/api.w.org\/{rel}","templated":true}]}}