{"id":72,"date":"2015-07-17T15:17:40","date_gmt":"2015-07-17T15:17:40","guid":{"rendered":"http:\/\/ab-party.testverze.cz\/?page_id=72"},"modified":"2024-01-06T17:08:18","modified_gmt":"2024-01-06T17:08:18","slug":"varianty-oplasteni-stanu","status":"publish","type":"page","link":"https:\/\/www.ab-party.cz\/en\/party-stany\/varianty-oplasteni-stanu\/","title":{"rendered":"Varianty opl\u00e1\u0161t\u011bn\u00ed stanu"},"content":{"rendered":"<div class='wysiwyg'><p>Standardn\u011b jsou stany v b\u00edl\u00e9m proveden\u00ed, ale vybrat si m\u016f\u017eete tak\u00e9 mezi transparentn\u00edmi a \u010dern\u00fdmi plachtami. Dal\u0161\u00ed mo\u017enost\u00ed je tak\u00e9 nechat si vytvo\u0159it plachtu <a href=\"https:\/\/www.ab-party.cz\/en\/dalsi-sluzby\/vyroba-a-potisk-stanovych-plachet\/\">vlastn\u00ed<\/a>, nap\u0159\u00edklad s logem firmy.<\/p>\n<h3>Transparetn\u00ed plachty<\/h3>\n<p>Jedn\u00e1 se o zcela pr\u016fhledn\u00e9 oplachtov\u00e1n\u00ed stanu. Tyto plachty se pou\u017e\u00edvaj\u00ed nap\u0159\u00edklad pokud chcete umo\u017enit v\u00fdhled na zaj\u00edmav\u00e9 historick\u00e9 budovy nebo p\u0159\u00edrodn\u00ed zaj\u00edmavosti v okol\u00ed. Transparentn\u00ed plachty dodaj\u00ed stanu punc luxusu.<\/p>\n\t\t\n\t\t<div class=\"row\">\n\t\t\t<div class=\"col-lg-12\">\n\t\t\t\t<div class=\"title-box\">\n\t\t\t\t\t<h2 class=\"gallery-title\"><\/h2>\n\t\t\t\t<\/div>\n\t\t\t\n\t    \t<div class=\"row photo-gallery-magnific\">\n\t\t\t\t\t<div class=\"col-md-3 col-sm-4 col-xs-6 gallery-item\">\n\t\t\t\t\t\t<a href=\"https:\/\/www.ab-party.cz\/wp-content\/uploads\/2015\/07\/Transparentn\u00ed-plachty_1.jpg\" title=\"Transparentn\u00ed plachty - p\u00e1rty stany od AB Party\">\n\t\t\t    \t\t\t<img decoding=\"async\" src=\"https:\/\/www.ab-party.cz\/wp-content\/uploads\/2015\/07\/Transparentn\u00ed-plachty_1-300x300.jpg\" alt=\"Transparentn\u00ed plachty - p\u00e1rty stany od AB Party\" title=\"Transparentn\u00ed plachty - p\u00e1rty stany od AB Party\" class=\"img-responsive\" \/>\n\t\t\t    \t\t<\/a>\n\t\t\t    \t<\/div>\n\t\t\t\t\t<div class=\"col-md-3 col-sm-4 col-xs-6 gallery-item\">\n\t\t\t\t\t\t<a href=\"https:\/\/www.ab-party.cz\/wp-content\/uploads\/2015\/07\/Transparentn\u00ed-plachty_2.jpg\" title=\"Transparentn\u00ed plachty - p\u00e1rty stany od AB Party\">\n\t\t\t    \t\t\t<img decoding=\"async\" src=\"https:\/\/www.ab-party.cz\/wp-content\/uploads\/2015\/07\/Transparentn\u00ed-plachty_2-300x300.jpg\" alt=\"Transparentn\u00ed plachty - p\u00e1rty stany od AB Party\" title=\"Transparentn\u00ed plachty - p\u00e1rty stany od AB Party\" class=\"img-responsive\" \/>\n\t\t\t    \t\t<\/a>\n\t\t\t    \t<\/div>\n\t\t\t\t\t<div class=\"col-md-3 col-sm-4 col-xs-6 gallery-item\">\n\t\t\t\t\t\t<a href=\"https:\/\/www.ab-party.cz\/wp-content\/uploads\/2015\/07\/Transparentn\u00ed-plachty_3.jpg\" title=\"Transparentn\u00ed plachty - p\u00e1rty stany od AB Party\">\n\t\t\t    \t\t\t<img decoding=\"async\" src=\"https:\/\/www.ab-party.cz\/wp-content\/uploads\/2015\/07\/Transparentn\u00ed-plachty_3-300x300.jpg\" alt=\"Transparentn\u00ed plachty - p\u00e1rty stany od AB Party\" title=\"Transparentn\u00ed plachty - p\u00e1rty stany od AB Party\" class=\"img-responsive\" \/>\n\t\t\t    \t\t<\/a>\n\t\t\t    \t<\/div>\n\t\t\t\t\t<div class=\"col-md-3 col-sm-4 col-xs-6 gallery-item\">\n\t\t\t\t\t\t<a href=\"https:\/\/www.ab-party.cz\/wp-content\/uploads\/2015\/07\/Transparentn\u00ed-plachty_4.jpg\" title=\"Transparentn\u00ed plachty - p\u00e1rty stany od AB Party\">\n\t\t\t    \t\t\t<img decoding=\"async\" src=\"https:\/\/www.ab-party.cz\/wp-content\/uploads\/2015\/07\/Transparentn\u00ed-plachty_4-300x300.jpg\" alt=\"Transparentn\u00ed plachty - p\u00e1rty stany od AB Party\" title=\"Transparentn\u00ed plachty - p\u00e1rty stany od AB Party\" class=\"img-responsive\" \/>\n\t\t\t    \t\t<\/a>\n\t\t\t    \t<\/div>\n\t\t\t\t\t<div class=\"col-md-3 col-sm-4 col-xs-6 gallery-item\">\n\t\t\t\t\t\t<a href=\"https:\/\/www.ab-party.cz\/wp-content\/uploads\/2015\/07\/Transparentn\u00ed-plachty_5.jpg\" title=\"Transparentn\u00ed plachty - p\u00e1rty stany od AB Party\">\n\t\t\t    \t\t\t<img decoding=\"async\" src=\"https:\/\/www.ab-party.cz\/wp-content\/uploads\/2015\/07\/Transparentn\u00ed-plachty_5-300x300.jpg\" alt=\"Transparentn\u00ed plachty - p\u00e1rty stany od AB Party\" title=\"Transparentn\u00ed plachty - p\u00e1rty stany od AB Party\" class=\"img-responsive\" \/>\n\t\t\t    \t\t<\/a>\n\t\t\t    \t<\/div>\n\t\t\t<\/div>\n\t\n\t\t<\/div><\/div>\n<script type='text\/javascript'>\njQuery(document).ready(function($) {\n\t$('.photo-gallery-magnific').magnificPopup({\n\t\tdelegate: 'a',\n\t\ttype: 'image',\n\t\ttLoading: 'Na\u010d\u00edt\u00e1m obr\u00e1zek #%curr%...',\n\t\tmainClass: 'mfp-img-mobile',\n\t\tgallery: {\n\t\t\tenabled: true,\n\t\t\tnavigateByImgClick: true,\n\t\t\ttCounter: '%curr% \/ %total%',\n\t\t\tpreload: [0,1] \/\/ Will preload 0 - before current, and 1 after the current image\n\t\t},\n\t\timage: {\n\t\t\ttError: '<a href=\"%url%\">Obr\u00e1zek #%curr%<\/a> nemohl b\u00fdt na\u010dten.',\n          \ttitleSrc: 'data-title'\n\t\t}\n\t});\n});\n<\/script>\n<h3>\u010cern\u00e9 plachty<\/h3>\n<p>\u010cern\u00e9 plachty jsou v\u00fdborn\u011b jako zatemn\u011bn\u00ed p\u0159ed slunkem a dodaj\u00ed stanu zcela jedine\u010dn\u00fd vzhled. V takto zatemn\u011bn\u00e9m stanu zvl\u00e1\u0161t\u011b vyniknou sv\u011bteln\u00e9 efekty a projekce bude kr\u00e1sn\u011b vid\u011bt i ve dne. Plachty jsou z vn\u011bj\u0161\u00ed strany b\u00edl\u00e9, co\u017e je dobr\u00e9 v letn\u00edch m\u011bs\u00edc\u00edch, proto\u017ee je slunce nerozpaluje.<\/p>\n\t\t\n\t\t<div class=\"row\">\n\t\t\t<div class=\"col-lg-12\">\n\t\t\t\t<div class=\"title-box\">\n\t\t\t\t\t<h2 class=\"gallery-title\"><\/h2>\n\t\t\t\t<\/div>\n\t\t\t\n\t    \t<div class=\"row photo-gallery-magnific\">\n\t\t\t\t\t<div class=\"col-md-3 col-sm-4 col-xs-6 gallery-item\">\n\t\t\t\t\t\t<a href=\"https:\/\/www.ab-party.cz\/wp-content\/uploads\/2015\/07\/\u010cern\u00e9-plachty_1.jpg\" title=\"\u010cern\u00e9 plachty_1\">\n\t\t\t    \t\t\t<img decoding=\"async\" src=\"https:\/\/www.ab-party.cz\/wp-content\/uploads\/2015\/07\/\u010cern\u00e9-plachty_1-300x300.jpg\" alt=\"\u010cern\u00e9 plachty_1\" title=\"\u010cern\u00e9 plachty_1\" class=\"img-responsive\" \/>\n\t\t\t    \t\t<\/a>\n\t\t\t    \t<\/div>\n\t\t\t\t\t<div class=\"col-md-3 col-sm-4 col-xs-6 gallery-item\">\n\t\t\t\t\t\t<a href=\"https:\/\/www.ab-party.cz\/wp-content\/uploads\/2015\/07\/\u010cern\u00e9-plachty_2.jpg\" title=\"\u010cern\u00e9 plachty_2\">\n\t\t\t    \t\t\t<img decoding=\"async\" src=\"https:\/\/www.ab-party.cz\/wp-content\/uploads\/2015\/07\/\u010cern\u00e9-plachty_2-300x300.jpg\" alt=\"\u010cern\u00e9 plachty_2\" title=\"\u010cern\u00e9 plachty_2\" class=\"img-responsive\" \/>\n\t\t\t    \t\t<\/a>\n\t\t\t    \t<\/div>\n\t\t\t<\/div>\n\t\n\t\t<\/div><\/div>\n<script type='text\/javascript'>\njQuery(document).ready(function($) {\n\t$('.photo-gallery-magnific').magnificPopup({\n\t\tdelegate: 'a',\n\t\ttype: 'image',\n\t\ttLoading: 'Na\u010d\u00edt\u00e1m obr\u00e1zek #%curr%...',\n\t\tmainClass: 'mfp-img-mobile',\n\t\tgallery: {\n\t\t\tenabled: true,\n\t\t\tnavigateByImgClick: true,\n\t\t\ttCounter: '%curr% \/ %total%',\n\t\t\tpreload: [0,1] \/\/ Will preload 0 - before current, and 1 after the current image\n\t\t},\n\t\timage: {\n\t\t\ttError: '<a href=\"%url%\">Obr\u00e1zek #%curr%<\/a> nemohl b\u00fdt na\u010dten.',\n          \ttitleSrc: 'data-title'\n\t\t}\n\t});\n});\n<\/script>\n<p>\u25b7 <strong><a href=\"https:\/\/www.ab-party.cz\/en\/kontakty\/\">Kontaktujte n\u00e1s pro nez\u00e1vaznou kalkulaci<\/a><\/strong><\/p>\n<\/div>","protected":false},"excerpt":{"rendered":"<p>Standardn\u011b jsou stany v b\u00edl\u00e9m proveden\u00ed, ale vybrat si m\u016f\u017eete tak\u00e9 mezi transparentn\u00edmi a \u010dern\u00fdmi plachtami. Dal\u0161\u00ed mo\u017enost\u00ed je tak\u00e9 nechat si vytvo\u0159it plachtu vlastn\u00ed, nap\u0159\u00edklad s logem firmy. Transparetn\u00ed&#8230;<\/p>","protected":false},"author":2,"featured_media":303,"parent":12,"menu_order":30,"comment_status":"open","ping_status":"open","template":"products.php","meta":{"_acf_changed":false,"footnotes":""},"class_list":["post-72","page","type-page","status-publish","has-post-thumbnail","hentry"],"acf":[],"yoast_head":"<!-- This site is optimized with the Yoast SEO plugin v25.8 - https:\/\/yoast.com\/wordpress\/plugins\/seo\/ -->\n<title>Plachty - AB PARTY TENT<\/title>\n<meta name=\"description\" content=\"Plachty\" \/>\n<meta name=\"robots\" content=\"index, follow, max-snippet:-1, max-image-preview:large, max-video-preview:-1\" \/>\n<link rel=\"canonical\" href=\"https:\/\/www.ab-party.cz\/en\/party-stany\/varianty-oplasteni-stanu\/\" \/>\n<meta property=\"og:locale\" content=\"en_GB\" \/>\n<meta property=\"og:type\" content=\"article\" \/>\n<meta property=\"og:title\" content=\"Plachty - AB PARTY TENT\" \/>\n<meta property=\"og:description\" content=\"Plachty\" \/>\n<meta property=\"og:url\" content=\"https:\/\/www.ab-party.cz\/en\/party-stany\/varianty-oplasteni-stanu\/\" \/>\n<meta property=\"og:site_name\" content=\"AB Party stany\" \/>\n<meta property=\"article:modified_time\" content=\"2024-01-06T17:08:18+00:00\" \/>\n<meta property=\"og:image\" content=\"https:\/\/www.ab-party.cz\/wp-content\/uploads\/2015\/07\/Plachty.jpg\" \/>\n\t<meta property=\"og:image:width\" content=\"600\" \/>\n\t<meta property=\"og:image:height\" content=\"450\" \/>\n\t<meta property=\"og:image:type\" content=\"image\/jpeg\" \/>\n<meta name=\"twitter:card\" content=\"summary_large_image\" \/>\n<meta name=\"twitter:label1\" content=\"Estimated reading time\" \/>\n\t<meta name=\"twitter:data1\" content=\"1 minute\" \/>\n<script type=\"application\/ld+json\" class=\"yoast-schema-graph\">{\"@context\":\"https:\/\/schema.org\",\"@graph\":[{\"@type\":\"WebPage\",\"@id\":\"https:\/\/www.ab-party.cz\/party-stany\/varianty-oplasteni-stanu\/\",\"url\":\"https:\/\/www.ab-party.cz\/party-stany\/varianty-oplasteni-stanu\/\",\"name\":\"Plachty - AB PARTY TENT\",\"isPartOf\":{\"@id\":\"https:\/\/www.ab-party.cz\/#website\"},\"primaryImageOfPage\":{\"@id\":\"https:\/\/www.ab-party.cz\/party-stany\/varianty-oplasteni-stanu\/#primaryimage\"},\"image\":{\"@id\":\"https:\/\/www.ab-party.cz\/party-stany\/varianty-oplasteni-stanu\/#primaryimage\"},\"thumbnailUrl\":\"https:\/\/www.ab-party.cz\/wp-content\/uploads\/2015\/07\/Plachty.jpg\",\"datePublished\":\"2015-07-17T15:17:40+00:00\",\"dateModified\":\"2024-01-06T17:08:18+00:00\",\"description\":\"Plachty\",\"breadcrumb\":{\"@id\":\"https:\/\/www.ab-party.cz\/party-stany\/varianty-oplasteni-stanu\/#breadcrumb\"},\"inLanguage\":\"en-GB\",\"potentialAction\":[{\"@type\":\"ReadAction\",\"target\":[\"https:\/\/www.ab-party.cz\/party-stany\/varianty-oplasteni-stanu\/\"]}]},{\"@type\":\"ImageObject\",\"inLanguage\":\"en-GB\",\"@id\":\"https:\/\/www.ab-party.cz\/party-stany\/varianty-oplasteni-stanu\/#primaryimage\",\"url\":\"https:\/\/www.ab-party.cz\/wp-content\/uploads\/2015\/07\/Plachty.jpg\",\"contentUrl\":\"https:\/\/www.ab-party.cz\/wp-content\/uploads\/2015\/07\/Plachty.jpg\",\"width\":600,\"height\":450},{\"@type\":\"BreadcrumbList\",\"@id\":\"https:\/\/www.ab-party.cz\/party-stany\/varianty-oplasteni-stanu\/#breadcrumb\",\"itemListElement\":[{\"@type\":\"ListItem\",\"position\":1,\"name\":\"Home\",\"item\":\"https:\/\/www.ab-party.cz\/\"},{\"@type\":\"ListItem\",\"position\":2,\"name\":\"P\u00e1rty stany\",\"item\":\"https:\/\/www.ab-party.cz\/party-stany\/\"},{\"@type\":\"ListItem\",\"position\":3,\"name\":\"Varianty opl\u00e1\u0161t\u011bn\u00ed stanu\"}]},{\"@type\":\"WebSite\",\"@id\":\"https:\/\/www.ab-party.cz\/#website\",\"url\":\"https:\/\/www.ab-party.cz\/\",\"name\":\"AB Party stany\",\"description\":\"\",\"potentialAction\":[{\"@type\":\"SearchAction\",\"target\":{\"@type\":\"EntryPoint\",\"urlTemplate\":\"https:\/\/www.ab-party.cz\/?s={search_term_string}\"},\"query-input\":{\"@type\":\"PropertyValueSpecification\",\"valueRequired\":true,\"valueName\":\"search_term_string\"}}],\"inLanguage\":\"en-GB\"}]}<\/script>\n<!-- \/ Yoast SEO plugin. -->","yoast_head_json":{"title":"Plachty - AB PARTY TENT","description":"Plachty","robots":{"index":"index","follow":"follow","max-snippet":"max-snippet:-1","max-image-preview":"max-image-preview:large","max-video-preview":"max-video-preview:-1"},"canonical":"https:\/\/www.ab-party.cz\/en\/party-stany\/varianty-oplasteni-stanu\/","og_locale":"en_GB","og_type":"article","og_title":"Plachty - AB PARTY TENT","og_description":"Plachty","og_url":"https:\/\/www.ab-party.cz\/en\/party-stany\/varianty-oplasteni-stanu\/","og_site_name":"AB Party stany","article_modified_time":"2024-01-06T17:08:18+00:00","og_image":[{"width":600,"height":450,"url":"https:\/\/www.ab-party.cz\/wp-content\/uploads\/2015\/07\/Plachty.jpg","type":"image\/jpeg"}],"twitter_card":"summary_large_image","twitter_misc":{"Estimated reading time":"1 minute"},"schema":{"@context":"https:\/\/schema.org","@graph":[{"@type":"WebPage","@id":"https:\/\/www.ab-party.cz\/party-stany\/varianty-oplasteni-stanu\/","url":"https:\/\/www.ab-party.cz\/party-stany\/varianty-oplasteni-stanu\/","name":"Plachty - AB PARTY TENT","isPartOf":{"@id":"https:\/\/www.ab-party.cz\/#website"},"primaryImageOfPage":{"@id":"https:\/\/www.ab-party.cz\/party-stany\/varianty-oplasteni-stanu\/#primaryimage"},"image":{"@id":"https:\/\/www.ab-party.cz\/party-stany\/varianty-oplasteni-stanu\/#primaryimage"},"thumbnailUrl":"https:\/\/www.ab-party.cz\/wp-content\/uploads\/2015\/07\/Plachty.jpg","datePublished":"2015-07-17T15:17:40+00:00","dateModified":"2024-01-06T17:08:18+00:00","description":"Plachty","breadcrumb":{"@id":"https:\/\/www.ab-party.cz\/party-stany\/varianty-oplasteni-stanu\/#breadcrumb"},"inLanguage":"en-GB","potentialAction":[{"@type":"ReadAction","target":["https:\/\/www.ab-party.cz\/party-stany\/varianty-oplasteni-stanu\/"]}]},{"@type":"ImageObject","inLanguage":"en-GB","@id":"https:\/\/www.ab-party.cz\/party-stany\/varianty-oplasteni-stanu\/#primaryimage","url":"https:\/\/www.ab-party.cz\/wp-content\/uploads\/2015\/07\/Plachty.jpg","contentUrl":"https:\/\/www.ab-party.cz\/wp-content\/uploads\/2015\/07\/Plachty.jpg","width":600,"height":450},{"@type":"BreadcrumbList","@id":"https:\/\/www.ab-party.cz\/party-stany\/varianty-oplasteni-stanu\/#breadcrumb","itemListElement":[{"@type":"ListItem","position":1,"name":"Home","item":"https:\/\/www.ab-party.cz\/"},{"@type":"ListItem","position":2,"name":"P\u00e1rty stany","item":"https:\/\/www.ab-party.cz\/party-stany\/"},{"@type":"ListItem","position":3,"name":"Varianty opl\u00e1\u0161t\u011bn\u00ed stanu"}]},{"@type":"WebSite","@id":"https:\/\/www.ab-party.cz\/#website","url":"https:\/\/www.ab-party.cz\/","name":"AB Party stany","description":"","potentialAction":[{"@type":"SearchAction","target":{"@type":"EntryPoint","urlTemplate":"https:\/\/www.ab-party.cz\/?s={search_term_string}"},"query-input":{"@type":"PropertyValueSpecification","valueRequired":true,"valueName":"search_term_string"}}],"inLanguage":"en-GB"}]}},"_links":{"self":[{"href":"https:\/\/www.ab-party.cz\/en\/wp-json\/wp\/v2\/pages\/72","targetHints":{"allow":["GET"]}}],"collection":[{"href":"https:\/\/www.ab-party.cz\/en\/wp-json\/wp\/v2\/pages"}],"about":[{"href":"https:\/\/www.ab-party.cz\/en\/wp-json\/wp\/v2\/types\/page"}],"author":[{"embeddable":true,"href":"https:\/\/www.ab-party.cz\/en\/wp-json\/wp\/v2\/users\/2"}],"replies":[{"embeddable":true,"href":"https:\/\/www.ab-party.cz\/en\/wp-json\/wp\/v2\/comments?post=72"}],"version-history":[{"count":8,"href":"https:\/\/www.ab-party.cz\/en\/wp-json\/wp\/v2\/pages\/72\/revisions"}],"predecessor-version":[{"id":963,"href":"https:\/\/www.ab-party.cz\/en\/wp-json\/wp\/v2\/pages\/72\/revisions\/963"}],"up":[{"embeddable":true,"href":"https:\/\/www.ab-party.cz\/en\/wp-json\/wp\/v2\/pages\/12"}],"wp:featuredmedia":[{"embeddable":true,"href":"https:\/\/www.ab-party.cz\/en\/wp-json\/wp\/v2\/media\/303"}],"wp:attachment":[{"href":"https:\/\/www.ab-party.cz\/en\/wp-json\/wp\/v2\/media?parent=72"}],"curies":[{"name":"wp","href":"https:\/\/api.w.org\/{rel}","templated":true}]}}