{"id":667,"date":"2016-02-05T13:08:03","date_gmt":"2016-02-05T13:08:03","guid":{"rendered":"http:\/\/www.ab-party.cz\/?page_id=667"},"modified":"2017-04-20T10:09:00","modified_gmt":"2017-04-20T10:09:00","slug":"dvere","status":"publish","type":"page","link":"https:\/\/www.ab-party.cz\/en\/prislusenstvi\/dvere\/","title":{"rendered":"Dve\u0159e"},"content":{"rendered":"<div class='wysiwyg'><p>Ke stan\u016fm si m\u016f\u017eete p\u016fj\u010dit dal\u0161\u00ed sou\u010d\u00e1sti pro jejich co nejefektivn\u011bj\u0161\u00ed vyu\u017eit\u00ed. Doplnit party stany tak m\u016f\u017eete nap\u0159\u00edklad pr\u00e1v\u011b plastov\u00fdmi dve\u0159mi. Konkr\u00e9tn\u011b nab\u00edz\u00edme\u00a0vstupn\u00ed dvouk\u0159\u00eddl\u00e9 plastov\u00e9 dve\u0159e. P\u0159i otev\u0159en\u00ed obou k\u0159\u00eddel maj\u00ed \u0161\u00ed\u0159ku dva metry. Dve\u0159e ocen\u00edte p\u0159edev\u0161\u00edm v zim\u011b nebo ve v\u011btrn\u00e9m po\u010das\u00ed, kdy zabra\u0148uj\u00ed \u00faniku tepla ze stanu.<\/p>\n\t\t\n\t\t<div class=\"row\">\n\t\t\t<div class=\"col-lg-12\">\n\t\t\t\t<div class=\"title-box\">\n\t\t\t\t\t<h2 class=\"gallery-title\"><\/h2>\n\t\t\t\t<\/div>\n\t\t\t\n\t    \t<div class=\"row photo-gallery-magnific\">\n\t\t\t\t\t<div class=\"col-md-3 col-sm-4 col-xs-6 gallery-item\">\n\t\t\t\t\t\t<a href=\"https:\/\/www.ab-party.cz\/wp-content\/uploads\/2015\/07\/Plastov\u00e9-dve\u0159e_1.jpg\" title=\"Plastov\u00e9 dve\u0159e k p\u00e1rty stanu od AB Party\">\n\t\t\t    \t\t\t<img decoding=\"async\" src=\"https:\/\/www.ab-party.cz\/wp-content\/uploads\/2015\/07\/Plastov\u00e9-dve\u0159e_1-300x300.jpg\" alt=\"Plastov\u00e9 dve\u0159e k p\u00e1rty stanu od AB Party\" title=\"Plastov\u00e9 dve\u0159e k p\u00e1rty stanu od AB Party\" class=\"img-responsive\" \/>\n\t\t\t    \t\t<\/a>\n\t\t\t    \t<\/div>\n\t\t\t\t\t<div class=\"col-md-3 col-sm-4 col-xs-6 gallery-item\">\n\t\t\t\t\t\t<a href=\"https:\/\/www.ab-party.cz\/wp-content\/uploads\/2015\/07\/Plastov\u00e9-dve\u0159e_2.jpg\" title=\"Plastov\u00e9 dve\u0159e k party stanu od AB Party\">\n\t\t\t    \t\t\t<img decoding=\"async\" src=\"https:\/\/www.ab-party.cz\/wp-content\/uploads\/2015\/07\/Plastov\u00e9-dve\u0159e_2-300x300.jpg\" alt=\"Plastov\u00e9 dve\u0159e k party stanu od AB Party\" title=\"Plastov\u00e9 dve\u0159e k party stanu od AB Party\" class=\"img-responsive\" \/>\n\t\t\t    \t\t<\/a>\n\t\t\t    \t<\/div>\n\t\t\t\t\t<div class=\"col-md-3 col-sm-4 col-xs-6 gallery-item\">\n\t\t\t\t\t\t<a href=\"https:\/\/www.ab-party.cz\/wp-content\/uploads\/2015\/07\/Plastov\u00e9-dve\u0159e_3.jpg\" title=\"Plastov\u00e9 dve\u0159e k party stan\u016fm od AB Party\">\n\t\t\t    \t\t\t<img decoding=\"async\" src=\"https:\/\/www.ab-party.cz\/wp-content\/uploads\/2015\/07\/Plastov\u00e9-dve\u0159e_3-300x300.jpg\" alt=\"Plastov\u00e9 dve\u0159e k party stan\u016fm od AB Party\" title=\"Plastov\u00e9 dve\u0159e k party stan\u016fm od AB Party\" class=\"img-responsive\" \/>\n\t\t\t    \t\t<\/a>\n\t\t\t    \t<\/div>\n\t\t\t\t\t<div class=\"col-md-3 col-sm-4 col-xs-6 gallery-item\">\n\t\t\t\t\t\t<a href=\"https:\/\/www.ab-party.cz\/wp-content\/uploads\/2015\/07\/Plastov\u00e9-dve\u0159e_4.jpg\" title=\"Plastov\u00e9 dve\u0159e k p\u00e1rty stan\u016fm od AB Party\">\n\t\t\t    \t\t\t<img decoding=\"async\" src=\"https:\/\/www.ab-party.cz\/wp-content\/uploads\/2015\/07\/Plastov\u00e9-dve\u0159e_4-300x300.jpg\" alt=\"Plastov\u00e9 dve\u0159e k p\u00e1rty stan\u016fm od AB Party\" title=\"Plastov\u00e9 dve\u0159e k p\u00e1rty stan\u016fm od AB Party\" class=\"img-responsive\" \/>\n\t\t\t    \t\t<\/a>\n\t\t\t    \t<\/div>\n\t\t\t<\/div>\n\t\n\t\t<\/div><\/div>\n<script type='text\/javascript'>\njQuery(document).ready(function($) {\n\t$('.photo-gallery-magnific').magnificPopup({\n\t\tdelegate: 'a',\n\t\ttype: 'image',\n\t\ttLoading: 'Na\u010d\u00edt\u00e1m obr\u00e1zek #%curr%...',\n\t\tmainClass: 'mfp-img-mobile',\n\t\tgallery: {\n\t\t\tenabled: true,\n\t\t\tnavigateByImgClick: true,\n\t\t\ttCounter: '%curr% \/ %total%',\n\t\t\tpreload: [0,1] \/\/ Will preload 0 - before current, and 1 after the current image\n\t\t},\n\t\timage: {\n\t\t\ttError: '<a href=\"%url%\">Obr\u00e1zek #%curr%<\/a> nemohl b\u00fdt na\u010dten.',\n          \ttitleSrc: 'data-title'\n\t\t}\n\t});\n});\n<\/script>\n<p>&nbsp;<\/p>\n<\/div>","protected":false},"excerpt":{"rendered":"<p>Ke stan\u016fm si m\u016f\u017eete p\u016fj\u010dit dal\u0161\u00ed sou\u010d\u00e1sti pro jejich co nejefektivn\u011bj\u0161\u00ed vyu\u017eit\u00ed. Doplnit party stany tak m\u016f\u017eete nap\u0159\u00edklad pr\u00e1v\u011b plastov\u00fdmi dve\u0159mi. Konkr\u00e9tn\u011b nab\u00edz\u00edme\u00a0vstupn\u00ed dvouk\u0159\u00eddl\u00e9 plastov\u00e9 dve\u0159e. P\u0159i otev\u0159en\u00ed obou k\u0159\u00eddel&#8230;<\/p>","protected":false},"author":2,"featured_media":248,"parent":20,"menu_order":38,"comment_status":"closed","ping_status":"closed","template":"accessories.php","meta":{"_acf_changed":false,"footnotes":""},"class_list":["post-667","page","type-page","status-publish","has-post-thumbnail","hentry"],"acf":[],"yoast_head":"<!-- This site is optimized with the Yoast SEO plugin v25.8 - https:\/\/yoast.com\/wordpress\/plugins\/seo\/ -->\n<title>Dve\u0159e - AB Party stany<\/title>\n<meta name=\"robots\" content=\"index, follow, max-snippet:-1, max-image-preview:large, max-video-preview:-1\" \/>\n<link rel=\"canonical\" href=\"https:\/\/www.ab-party.cz\/en\/prislusenstvi\/dvere\/\" \/>\n<meta property=\"og:locale\" content=\"en_GB\" \/>\n<meta property=\"og:type\" content=\"article\" \/>\n<meta property=\"og:title\" content=\"Dve\u0159e - AB Party stany\" \/>\n<meta property=\"og:description\" content=\"Ke stan\u016fm si m\u016f\u017eete p\u016fj\u010dit dal\u0161\u00ed sou\u010d\u00e1sti pro jejich co nejefektivn\u011bj\u0161\u00ed vyu\u017eit\u00ed. Doplnit party stany tak m\u016f\u017eete nap\u0159\u00edklad pr\u00e1v\u011b plastov\u00fdmi dve\u0159mi. Konkr\u00e9tn\u011b nab\u00edz\u00edme\u00a0vstupn\u00ed dvouk\u0159\u00eddl\u00e9 plastov\u00e9 dve\u0159e. P\u0159i otev\u0159en\u00ed obou k\u0159\u00eddel...\" \/>\n<meta property=\"og:url\" content=\"https:\/\/www.ab-party.cz\/en\/prislusenstvi\/dvere\/\" \/>\n<meta property=\"og:site_name\" content=\"AB Party stany\" \/>\n<meta property=\"article:modified_time\" content=\"2017-04-20T10:09:00+00:00\" \/>\n<meta property=\"og:image\" content=\"https:\/\/www.ab-party.cz\/wp-content\/uploads\/2015\/07\/Plastov\u00e9-dve\u0159e_4.jpg\" \/>\n\t<meta property=\"og:image:width\" content=\"968\" \/>\n\t<meta property=\"og:image:height\" content=\"648\" \/>\n\t<meta property=\"og:image:type\" content=\"image\/jpeg\" \/>\n<meta name=\"twitter:card\" content=\"summary_large_image\" \/>\n<script type=\"application\/ld+json\" class=\"yoast-schema-graph\">{\"@context\":\"https:\/\/schema.org\",\"@graph\":[{\"@type\":\"WebPage\",\"@id\":\"https:\/\/www.ab-party.cz\/prislusenstvi\/dvere\/\",\"url\":\"https:\/\/www.ab-party.cz\/prislusenstvi\/dvere\/\",\"name\":\"Dve\u0159e - AB Party stany\",\"isPartOf\":{\"@id\":\"https:\/\/www.ab-party.cz\/#website\"},\"primaryImageOfPage\":{\"@id\":\"https:\/\/www.ab-party.cz\/prislusenstvi\/dvere\/#primaryimage\"},\"image\":{\"@id\":\"https:\/\/www.ab-party.cz\/prislusenstvi\/dvere\/#primaryimage\"},\"thumbnailUrl\":\"https:\/\/www.ab-party.cz\/wp-content\/uploads\/2015\/07\/Plastov\u00e9-dve\u0159e_4.jpg\",\"datePublished\":\"2016-02-05T13:08:03+00:00\",\"dateModified\":\"2017-04-20T10:09:00+00:00\",\"breadcrumb\":{\"@id\":\"https:\/\/www.ab-party.cz\/prislusenstvi\/dvere\/#breadcrumb\"},\"inLanguage\":\"en-GB\",\"potentialAction\":[{\"@type\":\"ReadAction\",\"target\":[\"https:\/\/www.ab-party.cz\/prislusenstvi\/dvere\/\"]}]},{\"@type\":\"ImageObject\",\"inLanguage\":\"en-GB\",\"@id\":\"https:\/\/www.ab-party.cz\/prislusenstvi\/dvere\/#primaryimage\",\"url\":\"https:\/\/www.ab-party.cz\/wp-content\/uploads\/2015\/07\/Plastov\u00e9-dve\u0159e_4.jpg\",\"contentUrl\":\"https:\/\/www.ab-party.cz\/wp-content\/uploads\/2015\/07\/Plastov\u00e9-dve\u0159e_4.jpg\",\"width\":968,\"height\":648,\"caption\":\"Plastov\u00e9 dve\u0159e k p\u00e1rty stan\u016fm od AB Party\"},{\"@type\":\"BreadcrumbList\",\"@id\":\"https:\/\/www.ab-party.cz\/prislusenstvi\/dvere\/#breadcrumb\",\"itemListElement\":[{\"@type\":\"ListItem\",\"position\":1,\"name\":\"Home\",\"item\":\"https:\/\/www.ab-party.cz\/\"},{\"@type\":\"ListItem\",\"position\":2,\"name\":\"P\u0159\u00edslu\u0161enstv\u00ed\",\"item\":\"https:\/\/www.ab-party.cz\/prislusenstvi\/\"},{\"@type\":\"ListItem\",\"position\":3,\"name\":\"Dve\u0159e\"}]},{\"@type\":\"WebSite\",\"@id\":\"https:\/\/www.ab-party.cz\/#website\",\"url\":\"https:\/\/www.ab-party.cz\/\",\"name\":\"AB Party stany\",\"description\":\"\",\"potentialAction\":[{\"@type\":\"SearchAction\",\"target\":{\"@type\":\"EntryPoint\",\"urlTemplate\":\"https:\/\/www.ab-party.cz\/?s={search_term_string}\"},\"query-input\":{\"@type\":\"PropertyValueSpecification\",\"valueRequired\":true,\"valueName\":\"search_term_string\"}}],\"inLanguage\":\"en-GB\"}]}<\/script>\n<!-- \/ Yoast SEO plugin. -->","yoast_head_json":{"title":"Dve\u0159e - AB Party stany","robots":{"index":"index","follow":"follow","max-snippet":"max-snippet:-1","max-image-preview":"max-image-preview:large","max-video-preview":"max-video-preview:-1"},"canonical":"https:\/\/www.ab-party.cz\/en\/prislusenstvi\/dvere\/","og_locale":"en_GB","og_type":"article","og_title":"Dve\u0159e - AB Party stany","og_description":"Ke stan\u016fm si m\u016f\u017eete p\u016fj\u010dit dal\u0161\u00ed sou\u010d\u00e1sti pro jejich co nejefektivn\u011bj\u0161\u00ed vyu\u017eit\u00ed. Doplnit party stany tak m\u016f\u017eete nap\u0159\u00edklad pr\u00e1v\u011b plastov\u00fdmi dve\u0159mi. Konkr\u00e9tn\u011b nab\u00edz\u00edme\u00a0vstupn\u00ed dvouk\u0159\u00eddl\u00e9 plastov\u00e9 dve\u0159e. P\u0159i otev\u0159en\u00ed obou k\u0159\u00eddel...","og_url":"https:\/\/www.ab-party.cz\/en\/prislusenstvi\/dvere\/","og_site_name":"AB Party stany","article_modified_time":"2017-04-20T10:09:00+00:00","og_image":[{"width":968,"height":648,"url":"https:\/\/www.ab-party.cz\/wp-content\/uploads\/2015\/07\/Plastov\u00e9-dve\u0159e_4.jpg","type":"image\/jpeg"}],"twitter_card":"summary_large_image","schema":{"@context":"https:\/\/schema.org","@graph":[{"@type":"WebPage","@id":"https:\/\/www.ab-party.cz\/prislusenstvi\/dvere\/","url":"https:\/\/www.ab-party.cz\/prislusenstvi\/dvere\/","name":"Dve\u0159e - AB Party stany","isPartOf":{"@id":"https:\/\/www.ab-party.cz\/#website"},"primaryImageOfPage":{"@id":"https:\/\/www.ab-party.cz\/prislusenstvi\/dvere\/#primaryimage"},"image":{"@id":"https:\/\/www.ab-party.cz\/prislusenstvi\/dvere\/#primaryimage"},"thumbnailUrl":"https:\/\/www.ab-party.cz\/wp-content\/uploads\/2015\/07\/Plastov\u00e9-dve\u0159e_4.jpg","datePublished":"2016-02-05T13:08:03+00:00","dateModified":"2017-04-20T10:09:00+00:00","breadcrumb":{"@id":"https:\/\/www.ab-party.cz\/prislusenstvi\/dvere\/#breadcrumb"},"inLanguage":"en-GB","potentialAction":[{"@type":"ReadAction","target":["https:\/\/www.ab-party.cz\/prislusenstvi\/dvere\/"]}]},{"@type":"ImageObject","inLanguage":"en-GB","@id":"https:\/\/www.ab-party.cz\/prislusenstvi\/dvere\/#primaryimage","url":"https:\/\/www.ab-party.cz\/wp-content\/uploads\/2015\/07\/Plastov\u00e9-dve\u0159e_4.jpg","contentUrl":"https:\/\/www.ab-party.cz\/wp-content\/uploads\/2015\/07\/Plastov\u00e9-dve\u0159e_4.jpg","width":968,"height":648,"caption":"Plastov\u00e9 dve\u0159e k p\u00e1rty stan\u016fm od AB Party"},{"@type":"BreadcrumbList","@id":"https:\/\/www.ab-party.cz\/prislusenstvi\/dvere\/#breadcrumb","itemListElement":[{"@type":"ListItem","position":1,"name":"Home","item":"https:\/\/www.ab-party.cz\/"},{"@type":"ListItem","position":2,"name":"P\u0159\u00edslu\u0161enstv\u00ed","item":"https:\/\/www.ab-party.cz\/prislusenstvi\/"},{"@type":"ListItem","position":3,"name":"Dve\u0159e"}]},{"@type":"WebSite","@id":"https:\/\/www.ab-party.cz\/#website","url":"https:\/\/www.ab-party.cz\/","name":"AB Party stany","description":"","potentialAction":[{"@type":"SearchAction","target":{"@type":"EntryPoint","urlTemplate":"https:\/\/www.ab-party.cz\/?s={search_term_string}"},"query-input":{"@type":"PropertyValueSpecification","valueRequired":true,"valueName":"search_term_string"}}],"inLanguage":"en-GB"}]}},"_links":{"self":[{"href":"https:\/\/www.ab-party.cz\/en\/wp-json\/wp\/v2\/pages\/667","targetHints":{"allow":["GET"]}}],"collection":[{"href":"https:\/\/www.ab-party.cz\/en\/wp-json\/wp\/v2\/pages"}],"about":[{"href":"https:\/\/www.ab-party.cz\/en\/wp-json\/wp\/v2\/types\/page"}],"author":[{"embeddable":true,"href":"https:\/\/www.ab-party.cz\/en\/wp-json\/wp\/v2\/users\/2"}],"replies":[{"embeddable":true,"href":"https:\/\/www.ab-party.cz\/en\/wp-json\/wp\/v2\/comments?post=667"}],"version-history":[{"count":2,"href":"https:\/\/www.ab-party.cz\/en\/wp-json\/wp\/v2\/pages\/667\/revisions"}],"predecessor-version":[{"id":955,"href":"https:\/\/www.ab-party.cz\/en\/wp-json\/wp\/v2\/pages\/667\/revisions\/955"}],"up":[{"embeddable":true,"href":"https:\/\/www.ab-party.cz\/en\/wp-json\/wp\/v2\/pages\/20"}],"wp:featuredmedia":[{"embeddable":true,"href":"https:\/\/www.ab-party.cz\/en\/wp-json\/wp\/v2\/media\/248"}],"wp:attachment":[{"href":"https:\/\/www.ab-party.cz\/en\/wp-json\/wp\/v2\/media?parent=667"}],"curies":[{"name":"wp","href":"https:\/\/api.w.org\/{rel}","templated":true}]}}