{"id":66,"date":"2015-07-17T15:15:11","date_gmt":"2015-07-17T15:15:11","guid":{"rendered":"http:\/\/ab-party.testverze.cz\/?page_id=66"},"modified":"2019-08-29T16:52:09","modified_gmt":"2019-08-29T16:52:09","slug":"altany","status":"publish","type":"page","link":"https:\/\/www.ab-party.cz\/en\/party-stany\/altany\/","title":{"rendered":"Alt\u00e1ny"},"content":{"rendered":"<div class='wysiwyg'><p>Alt\u00e1ny jsou rychle rozlo\u017eiteln\u00e9\u00a0stany s modern\u00ed n\u016f\u017ekovou konstrukc\u00ed. Alt\u00e1n lze velmi rychle postavit i slo\u017eit a k jeho stavb\u011b jsou pot\u0159eba pouze dva lid\u00e9. Tyto stany si rychle obl\u00edb\u00edte i vzhledem k jejich skladnosti a pr\u00e1v\u011b rychlosti stavby. Bez probl\u00e9m\u016f se vejdou i do osobn\u00edho vozu a \u0161k\u00e1la jejich vyu\u017eit\u00ed je skute\u010dn\u011b velik\u00e1.<\/p>\n<p>Hled\u00e1te-li ide\u00e1ln\u00ed alt\u00e1n pro svatby a oslavy, ur\u010dit\u011b v\u00e1s oslov\u00ed n\u00e1\u0161 <a href=\"https:\/\/www.ab-party.cz\/en\/party-stany\/royal\/\">luxusn\u00ed alt\u00e1n Royal<\/a>, kter\u00fd je d\u00edky sv\u00e9mu designu vhodn\u00fd pro v\u0161echny slavnostn\u00ed ud\u00e1losti.<\/p>\n<p>Alt\u00e1ny nab\u00edz\u00edme v rozm\u011brech 8&#215;4, 6&#215;3 a 3&#215;3 metry.<\/p>\n\t\t\n\t\t<div class=\"row\">\n\t\t\t<div class=\"col-lg-12\">\n\t\t\t\t<div class=\"title-box\">\n\t\t\t\t\t<h2 class=\"gallery-title\"><\/h2>\n\t\t\t\t<\/div>\n\t\t\t\n\t    \t<div class=\"row photo-gallery-magnific\">\n\t\t\t\t\t<div class=\"col-md-3 col-sm-4 col-xs-6 gallery-item\">\n\t\t\t\t\t\t<a href=\"https:\/\/www.ab-party.cz\/wp-content\/uploads\/2015\/07\/Alt\u00e1n.jpg\" title=\"Alt\u00e1n\">\n\t\t\t    \t\t\t<img decoding=\"async\" src=\"https:\/\/www.ab-party.cz\/wp-content\/uploads\/2015\/07\/Alt\u00e1n-300x300.jpg\" alt=\"Alt\u00e1n\" title=\"Alt\u00e1n\" class=\"img-responsive\" \/>\n\t\t\t    \t\t<\/a>\n\t\t\t    \t<\/div>\n\t\t\t\t\t<div class=\"col-md-3 col-sm-4 col-xs-6 gallery-item\">\n\t\t\t\t\t\t<a href=\"https:\/\/www.ab-party.cz\/wp-content\/uploads\/2015\/07\/AB-Party_Party-stan_Alt\u00e1ny_01.jpg\" title=\"AB Party_Party stan_Alt\u00e1ny_01\">\n\t\t\t    \t\t\t<img decoding=\"async\" src=\"https:\/\/www.ab-party.cz\/wp-content\/uploads\/2015\/07\/AB-Party_Party-stan_Alt\u00e1ny_01-300x300.jpg\" alt=\"AB Party_Party stan_Alt\u00e1ny\" title=\"AB Party_Party stan_Alt\u00e1ny_01\" class=\"img-responsive\" \/>\n\t\t\t    \t\t<\/a>\n\t\t\t    \t<\/div>\n\t\t\t\t\t<div class=\"col-md-3 col-sm-4 col-xs-6 gallery-item\">\n\t\t\t\t\t\t<a href=\"https:\/\/www.ab-party.cz\/wp-content\/uploads\/2015\/07\/AB-Party_Party-stan_Alt\u00e1ny_03.jpg\" title=\"AB Party_Party stan_Alt\u00e1ny_03\">\n\t\t\t    \t\t\t<img decoding=\"async\" src=\"https:\/\/www.ab-party.cz\/wp-content\/uploads\/2015\/07\/AB-Party_Party-stan_Alt\u00e1ny_03-300x300.jpg\" alt=\"AB Party_Party stan_Alt\u00e1ny\" title=\"AB Party_Party stan_Alt\u00e1ny_03\" class=\"img-responsive\" \/>\n\t\t\t    \t\t<\/a>\n\t\t\t    \t<\/div>\n\t\t\t\t\t<div class=\"col-md-3 col-sm-4 col-xs-6 gallery-item\">\n\t\t\t\t\t\t<a href=\"https:\/\/www.ab-party.cz\/wp-content\/uploads\/2015\/07\/AB-Party_Party-stan_Alt\u00e1ny_04.jpg\" title=\"AB Party_Party stan_Alt\u00e1ny_04\">\n\t\t\t    \t\t\t<img decoding=\"async\" src=\"https:\/\/www.ab-party.cz\/wp-content\/uploads\/2015\/07\/AB-Party_Party-stan_Alt\u00e1ny_04-300x300.jpg\" alt=\"AB Party_Party stan_Alt\u00e1ny\" title=\"AB Party_Party stan_Alt\u00e1ny_04\" class=\"img-responsive\" \/>\n\t\t\t    \t\t<\/a>\n\t\t\t    \t<\/div>\n\t\t\t\t\t<div class=\"col-md-3 col-sm-4 col-xs-6 gallery-item\">\n\t\t\t\t\t\t<a href=\"https:\/\/www.ab-party.cz\/wp-content\/uploads\/2015\/07\/AB-Party_Party-stan_Alt\u00e1ny_05.jpg\" title=\"AB Party_Party stan_Alt\u00e1ny_05\">\n\t\t\t    \t\t\t<img decoding=\"async\" src=\"https:\/\/www.ab-party.cz\/wp-content\/uploads\/2015\/07\/AB-Party_Party-stan_Alt\u00e1ny_05-300x300.jpg\" alt=\"AB Party_Party stan_Alt\u00e1ny\" title=\"AB Party_Party stan_Alt\u00e1ny_05\" class=\"img-responsive\" \/>\n\t\t\t    \t\t<\/a>\n\t\t\t    \t<\/div>\n\t\t\t<\/div>\n\t\n\t\t<\/div><\/div>\n<script type='text\/javascript'>\njQuery(document).ready(function($) {\n\t$('.photo-gallery-magnific').magnificPopup({\n\t\tdelegate: 'a',\n\t\ttype: 'image',\n\t\ttLoading: 'Na\u010d\u00edt\u00e1m obr\u00e1zek #%curr%...',\n\t\tmainClass: 'mfp-img-mobile',\n\t\tgallery: {\n\t\t\tenabled: true,\n\t\t\tnavigateByImgClick: true,\n\t\t\ttCounter: '%curr% \/ %total%',\n\t\t\tpreload: [0,1] \/\/ Will preload 0 - before current, and 1 after the current image\n\t\t},\n\t\timage: {\n\t\t\ttError: '<a href=\"%url%\">Obr\u00e1zek #%curr%<\/a> nemohl b\u00fdt na\u010dten.',\n          \ttitleSrc: 'data-title'\n\t\t}\n\t});\n});\n<\/script>\n<p>\u25b7 <strong><a href=\"https:\/\/www.ab-party.cz\/en\/kontakty\/\">Kontaktujte n\u00e1s pro nez\u00e1vaznou kalkulaci<\/a><\/strong><\/p>\n<\/div>","protected":false},"excerpt":{"rendered":"<p>Alt\u00e1ny jsou rychle rozlo\u017eiteln\u00e9\u00a0stany s modern\u00ed n\u016f\u017ekovou konstrukc\u00ed. Alt\u00e1n lze velmi rychle postavit i slo\u017eit a k jeho stavb\u011b jsou pot\u0159eba pouze dva lid\u00e9. Tyto stany si rychle obl\u00edb\u00edte i&#8230;<\/p>","protected":false},"author":2,"featured_media":307,"parent":12,"menu_order":29,"comment_status":"open","ping_status":"open","template":"products.php","meta":{"_acf_changed":false,"footnotes":""},"class_list":["post-66","page","type-page","status-publish","has-post-thumbnail","hentry"],"acf":[],"yoast_head":"<!-- This site is optimized with the Yoast SEO plugin v25.8 - https:\/\/yoast.com\/wordpress\/plugins\/seo\/ -->\n<title>Alt\u00e1ny a n\u016f\u017ekov\u00e9 stany - 3x3, 6x3 a 8x4 m | AB PARTY TENT<\/title>\n<meta name=\"description\" content=\"Pron\u00e1jem zahradn\u00edch alt\u00e1n\u016f v Praze a okol\u00ed \u2705 Obl\u00edben\u00e9 rozm\u011bry 3x3, 6x3 a 8x4 metr\u016f \u2705 Snadn\u00e1 (de)mont\u00e1\u017e \u2705 Nepromokav\u00e1 varianta pro va\u0161i zahradn\u00ed slavnost\" \/>\n<meta name=\"robots\" content=\"index, follow, max-snippet:-1, max-image-preview:large, max-video-preview:-1\" \/>\n<link rel=\"canonical\" href=\"https:\/\/www.ab-party.cz\/en\/party-stany\/altany\/\" \/>\n<meta property=\"og:locale\" content=\"en_GB\" \/>\n<meta property=\"og:type\" content=\"article\" \/>\n<meta property=\"og:title\" content=\"Alt\u00e1ny a n\u016f\u017ekov\u00e9 stany - 3x3, 6x3 a 8x4 m | AB PARTY TENT\" \/>\n<meta property=\"og:description\" content=\"Pron\u00e1jem zahradn\u00edch alt\u00e1n\u016f v Praze a okol\u00ed \u2705 Obl\u00edben\u00e9 rozm\u011bry 3x3, 6x3 a 8x4 metr\u016f \u2705 Snadn\u00e1 (de)mont\u00e1\u017e \u2705 Nepromokav\u00e1 varianta pro va\u0161i zahradn\u00ed slavnost\" \/>\n<meta property=\"og:url\" content=\"https:\/\/www.ab-party.cz\/en\/party-stany\/altany\/\" \/>\n<meta property=\"og:site_name\" content=\"AB Party stany\" \/>\n<meta property=\"article:modified_time\" content=\"2019-08-29T16:52:09+00:00\" \/>\n<meta property=\"og:image\" content=\"https:\/\/www.ab-party.cz\/wp-content\/uploads\/2015\/07\/Alt\u00e1n_2.jpg\" \/>\n\t<meta property=\"og:image:width\" content=\"600\" \/>\n\t<meta property=\"og:image:height\" content=\"450\" \/>\n\t<meta property=\"og:image:type\" content=\"image\/jpeg\" \/>\n<meta name=\"twitter:card\" content=\"summary_large_image\" \/>\n<meta name=\"twitter:label1\" content=\"Estimated reading time\" \/>\n\t<meta name=\"twitter:data1\" content=\"1 minute\" \/>\n<script type=\"application\/ld+json\" class=\"yoast-schema-graph\">{\"@context\":\"https:\/\/schema.org\",\"@graph\":[{\"@type\":\"WebPage\",\"@id\":\"https:\/\/www.ab-party.cz\/party-stany\/altany\/\",\"url\":\"https:\/\/www.ab-party.cz\/party-stany\/altany\/\",\"name\":\"Alt\u00e1ny a n\u016f\u017ekov\u00e9 stany - 3x3, 6x3 a 8x4 m | AB PARTY TENT\",\"isPartOf\":{\"@id\":\"https:\/\/www.ab-party.cz\/#website\"},\"primaryImageOfPage\":{\"@id\":\"https:\/\/www.ab-party.cz\/party-stany\/altany\/#primaryimage\"},\"image\":{\"@id\":\"https:\/\/www.ab-party.cz\/party-stany\/altany\/#primaryimage\"},\"thumbnailUrl\":\"https:\/\/www.ab-party.cz\/wp-content\/uploads\/2015\/07\/Alt\u00e1n_2.jpg\",\"datePublished\":\"2015-07-17T15:15:11+00:00\",\"dateModified\":\"2019-08-29T16:52:09+00:00\",\"description\":\"Pron\u00e1jem zahradn\u00edch alt\u00e1n\u016f v Praze a okol\u00ed \u2705 Obl\u00edben\u00e9 rozm\u011bry 3x3, 6x3 a 8x4 metr\u016f \u2705 Snadn\u00e1 (de)mont\u00e1\u017e \u2705 Nepromokav\u00e1 varianta pro va\u0161i zahradn\u00ed slavnost\",\"breadcrumb\":{\"@id\":\"https:\/\/www.ab-party.cz\/party-stany\/altany\/#breadcrumb\"},\"inLanguage\":\"en-GB\",\"potentialAction\":[{\"@type\":\"ReadAction\",\"target\":[\"https:\/\/www.ab-party.cz\/party-stany\/altany\/\"]}]},{\"@type\":\"ImageObject\",\"inLanguage\":\"en-GB\",\"@id\":\"https:\/\/www.ab-party.cz\/party-stany\/altany\/#primaryimage\",\"url\":\"https:\/\/www.ab-party.cz\/wp-content\/uploads\/2015\/07\/Alt\u00e1n_2.jpg\",\"contentUrl\":\"https:\/\/www.ab-party.cz\/wp-content\/uploads\/2015\/07\/Alt\u00e1n_2.jpg\",\"width\":600,\"height\":450},{\"@type\":\"BreadcrumbList\",\"@id\":\"https:\/\/www.ab-party.cz\/party-stany\/altany\/#breadcrumb\",\"itemListElement\":[{\"@type\":\"ListItem\",\"position\":1,\"name\":\"Home\",\"item\":\"https:\/\/www.ab-party.cz\/\"},{\"@type\":\"ListItem\",\"position\":2,\"name\":\"P\u00e1rty stany\",\"item\":\"https:\/\/www.ab-party.cz\/party-stany\/\"},{\"@type\":\"ListItem\",\"position\":3,\"name\":\"Alt\u00e1ny\"}]},{\"@type\":\"WebSite\",\"@id\":\"https:\/\/www.ab-party.cz\/#website\",\"url\":\"https:\/\/www.ab-party.cz\/\",\"name\":\"AB Party stany\",\"description\":\"\",\"potentialAction\":[{\"@type\":\"SearchAction\",\"target\":{\"@type\":\"EntryPoint\",\"urlTemplate\":\"https:\/\/www.ab-party.cz\/?s={search_term_string}\"},\"query-input\":{\"@type\":\"PropertyValueSpecification\",\"valueRequired\":true,\"valueName\":\"search_term_string\"}}],\"inLanguage\":\"en-GB\"}]}<\/script>\n<!-- \/ Yoast SEO plugin. -->","yoast_head_json":{"title":"Alt\u00e1ny a n\u016f\u017ekov\u00e9 stany - 3x3, 6x3 a 8x4 m | AB PARTY TENT","description":"Pron\u00e1jem zahradn\u00edch alt\u00e1n\u016f v Praze a okol\u00ed \u2705 Obl\u00edben\u00e9 rozm\u011bry 3x3, 6x3 a 8x4 metr\u016f \u2705 Snadn\u00e1 (de)mont\u00e1\u017e \u2705 Nepromokav\u00e1 varianta pro va\u0161i zahradn\u00ed slavnost","robots":{"index":"index","follow":"follow","max-snippet":"max-snippet:-1","max-image-preview":"max-image-preview:large","max-video-preview":"max-video-preview:-1"},"canonical":"https:\/\/www.ab-party.cz\/en\/party-stany\/altany\/","og_locale":"en_GB","og_type":"article","og_title":"Alt\u00e1ny a n\u016f\u017ekov\u00e9 stany - 3x3, 6x3 a 8x4 m | AB PARTY TENT","og_description":"Pron\u00e1jem zahradn\u00edch alt\u00e1n\u016f v Praze a okol\u00ed \u2705 Obl\u00edben\u00e9 rozm\u011bry 3x3, 6x3 a 8x4 metr\u016f \u2705 Snadn\u00e1 (de)mont\u00e1\u017e \u2705 Nepromokav\u00e1 varianta pro va\u0161i zahradn\u00ed slavnost","og_url":"https:\/\/www.ab-party.cz\/en\/party-stany\/altany\/","og_site_name":"AB Party stany","article_modified_time":"2019-08-29T16:52:09+00:00","og_image":[{"width":600,"height":450,"url":"https:\/\/www.ab-party.cz\/wp-content\/uploads\/2015\/07\/Alt\u00e1n_2.jpg","type":"image\/jpeg"}],"twitter_card":"summary_large_image","twitter_misc":{"Estimated reading time":"1 minute"},"schema":{"@context":"https:\/\/schema.org","@graph":[{"@type":"WebPage","@id":"https:\/\/www.ab-party.cz\/party-stany\/altany\/","url":"https:\/\/www.ab-party.cz\/party-stany\/altany\/","name":"Alt\u00e1ny a n\u016f\u017ekov\u00e9 stany - 3x3, 6x3 a 8x4 m | AB PARTY TENT","isPartOf":{"@id":"https:\/\/www.ab-party.cz\/#website"},"primaryImageOfPage":{"@id":"https:\/\/www.ab-party.cz\/party-stany\/altany\/#primaryimage"},"image":{"@id":"https:\/\/www.ab-party.cz\/party-stany\/altany\/#primaryimage"},"thumbnailUrl":"https:\/\/www.ab-party.cz\/wp-content\/uploads\/2015\/07\/Alt\u00e1n_2.jpg","datePublished":"2015-07-17T15:15:11+00:00","dateModified":"2019-08-29T16:52:09+00:00","description":"Pron\u00e1jem zahradn\u00edch alt\u00e1n\u016f v Praze a okol\u00ed \u2705 Obl\u00edben\u00e9 rozm\u011bry 3x3, 6x3 a 8x4 metr\u016f \u2705 Snadn\u00e1 (de)mont\u00e1\u017e \u2705 Nepromokav\u00e1 varianta pro va\u0161i zahradn\u00ed slavnost","breadcrumb":{"@id":"https:\/\/www.ab-party.cz\/party-stany\/altany\/#breadcrumb"},"inLanguage":"en-GB","potentialAction":[{"@type":"ReadAction","target":["https:\/\/www.ab-party.cz\/party-stany\/altany\/"]}]},{"@type":"ImageObject","inLanguage":"en-GB","@id":"https:\/\/www.ab-party.cz\/party-stany\/altany\/#primaryimage","url":"https:\/\/www.ab-party.cz\/wp-content\/uploads\/2015\/07\/Alt\u00e1n_2.jpg","contentUrl":"https:\/\/www.ab-party.cz\/wp-content\/uploads\/2015\/07\/Alt\u00e1n_2.jpg","width":600,"height":450},{"@type":"BreadcrumbList","@id":"https:\/\/www.ab-party.cz\/party-stany\/altany\/#breadcrumb","itemListElement":[{"@type":"ListItem","position":1,"name":"Home","item":"https:\/\/www.ab-party.cz\/"},{"@type":"ListItem","position":2,"name":"P\u00e1rty stany","item":"https:\/\/www.ab-party.cz\/party-stany\/"},{"@type":"ListItem","position":3,"name":"Alt\u00e1ny"}]},{"@type":"WebSite","@id":"https:\/\/www.ab-party.cz\/#website","url":"https:\/\/www.ab-party.cz\/","name":"AB Party stany","description":"","potentialAction":[{"@type":"SearchAction","target":{"@type":"EntryPoint","urlTemplate":"https:\/\/www.ab-party.cz\/?s={search_term_string}"},"query-input":{"@type":"PropertyValueSpecification","valueRequired":true,"valueName":"search_term_string"}}],"inLanguage":"en-GB"}]}},"_links":{"self":[{"href":"https:\/\/www.ab-party.cz\/en\/wp-json\/wp\/v2\/pages\/66","targetHints":{"allow":["GET"]}}],"collection":[{"href":"https:\/\/www.ab-party.cz\/en\/wp-json\/wp\/v2\/pages"}],"about":[{"href":"https:\/\/www.ab-party.cz\/en\/wp-json\/wp\/v2\/types\/page"}],"author":[{"embeddable":true,"href":"https:\/\/www.ab-party.cz\/en\/wp-json\/wp\/v2\/users\/2"}],"replies":[{"embeddable":true,"href":"https:\/\/www.ab-party.cz\/en\/wp-json\/wp\/v2\/comments?post=66"}],"version-history":[{"count":10,"href":"https:\/\/www.ab-party.cz\/en\/wp-json\/wp\/v2\/pages\/66\/revisions"}],"predecessor-version":[{"id":901,"href":"https:\/\/www.ab-party.cz\/en\/wp-json\/wp\/v2\/pages\/66\/revisions\/901"}],"up":[{"embeddable":true,"href":"https:\/\/www.ab-party.cz\/en\/wp-json\/wp\/v2\/pages\/12"}],"wp:featuredmedia":[{"embeddable":true,"href":"https:\/\/www.ab-party.cz\/en\/wp-json\/wp\/v2\/media\/307"}],"wp:attachment":[{"href":"https:\/\/www.ab-party.cz\/en\/wp-json\/wp\/v2\/media?parent=66"}],"curies":[{"name":"wp","href":"https:\/\/api.w.org\/{rel}","templated":true}]}}