{"id":57,"date":"2015-07-17T14:58:38","date_gmt":"2015-07-17T14:58:38","guid":{"rendered":"http:\/\/ab-party.testverze.cz\/?page_id=57"},"modified":"2019-08-29T16:38:45","modified_gmt":"2019-08-29T16:38:45","slug":"bodega","status":"publish","type":"page","link":"https:\/\/www.ab-party.cz\/en\/party-stany\/bodega\/","title":{"rendered":"Bodega"},"content":{"rendered":"<div class='wysiwyg'><p>Bodega je dal\u0161\u00ed z obl\u00edben\u00fdch stan\u016f, kter\u00e9 m\u00e1me v nab\u00eddce. Obl\u00edben\u00fd je hlavn\u011b pro \u0161irok\u00e9 spektrum mo\u017en\u00e9ho vyu\u017eit\u00ed, mimo jin\u00e9 i pro prezentace, j\u00eddeln\u00ed festivaly, ale i svatby nebo zahradn\u00ed slavnosti.<\/p>\n\t\t\n\t\t<div class=\"row\">\n\t\t\t<div class=\"col-lg-12\">\n\t\t\t\t<div class=\"title-box\">\n\t\t\t\t\t<h2 class=\"gallery-title\"><\/h2>\n\t\t\t\t<\/div>\n\t\t\t\n\t    \t<div class=\"row photo-gallery-magnific\">\n\t\t\t\t\t<div class=\"col-md-3 col-sm-4 col-xs-6 gallery-item\">\n\t\t\t\t\t\t<a href=\"https:\/\/www.ab-party.cz\/wp-content\/uploads\/2015\/07\/Bodega_1.jpg\" title=\"Bodega - party stan od AB Party\">\n\t\t\t    \t\t\t<img decoding=\"async\" src=\"https:\/\/www.ab-party.cz\/wp-content\/uploads\/2015\/07\/Bodega_1-300x300.jpg\" alt=\"Bodega - party stan od AB Party\" title=\"Bodega - party stan od AB Party\" class=\"img-responsive\" \/>\n\t\t\t    \t\t<\/a>\n\t\t\t    \t<\/div>\n\t\t\t\t\t<div class=\"col-md-3 col-sm-4 col-xs-6 gallery-item\">\n\t\t\t\t\t\t<a href=\"https:\/\/www.ab-party.cz\/wp-content\/uploads\/2015\/07\/29042013225.jpg\" title=\"Bodega - party stan od AB Party\">\n\t\t\t    \t\t\t<img decoding=\"async\" src=\"https:\/\/www.ab-party.cz\/wp-content\/uploads\/2015\/07\/29042013225-300x300.jpg\" alt=\"Bodega - party stan od AB Party\" title=\"Bodega - party stan od AB Party\" class=\"img-responsive\" \/>\n\t\t\t    \t\t<\/a>\n\t\t\t    \t<\/div>\n\t\t\t\t\t<div class=\"col-md-3 col-sm-4 col-xs-6 gallery-item\">\n\t\t\t\t\t\t<a href=\"https:\/\/www.ab-party.cz\/wp-content\/uploads\/2015\/07\/290420132241.jpg\" title=\"Bodega - party stan od AB Party\">\n\t\t\t    \t\t\t<img decoding=\"async\" src=\"https:\/\/www.ab-party.cz\/wp-content\/uploads\/2015\/07\/290420132241-300x300.jpg\" alt=\"Bodega - party stan od AB Party\" title=\"Bodega - party stan od AB Party\" class=\"img-responsive\" \/>\n\t\t\t    \t\t<\/a>\n\t\t\t    \t<\/div>\n\t\t\t\t\t<div class=\"col-md-3 col-sm-4 col-xs-6 gallery-item\">\n\t\t\t\t\t\t<a href=\"https:\/\/www.ab-party.cz\/wp-content\/uploads\/2015\/07\/29042013227.jpg\" title=\"Bodega - party stan od AB Party\">\n\t\t\t    \t\t\t<img decoding=\"async\" src=\"https:\/\/www.ab-party.cz\/wp-content\/uploads\/2015\/07\/29042013227-300x300.jpg\" alt=\"Bodega - party stan od AB Party\" title=\"Bodega - party stan od AB Party\" class=\"img-responsive\" \/>\n\t\t\t    \t\t<\/a>\n\t\t\t    \t<\/div>\n\t\t\t\t\t<div class=\"col-md-3 col-sm-4 col-xs-6 gallery-item\">\n\t\t\t\t\t\t<a href=\"https:\/\/www.ab-party.cz\/wp-content\/uploads\/2015\/07\/Fotografie0252.jpg\" title=\"Bodega - party stan od AB Party\">\n\t\t\t    \t\t\t<img decoding=\"async\" src=\"https:\/\/www.ab-party.cz\/wp-content\/uploads\/2015\/07\/Fotografie0252-300x300.jpg\" alt=\"Bodega - party stan od AB Party\" title=\"Bodega - party stan od AB Party\" class=\"img-responsive\" \/>\n\t\t\t    \t\t<\/a>\n\t\t\t    \t<\/div>\n\t\t\t<\/div>\n\t\n\t\t<\/div><\/div>\n<script type='text\/javascript'>\njQuery(document).ready(function($) {\n\t$('.photo-gallery-magnific').magnificPopup({\n\t\tdelegate: 'a',\n\t\ttype: 'image',\n\t\ttLoading: 'Na\u010d\u00edt\u00e1m obr\u00e1zek #%curr%...',\n\t\tmainClass: 'mfp-img-mobile',\n\t\tgallery: {\n\t\t\tenabled: true,\n\t\t\tnavigateByImgClick: true,\n\t\t\ttCounter: '%curr% \/ %total%',\n\t\t\tpreload: [0,1] \/\/ Will preload 0 - before current, and 1 after the current image\n\t\t},\n\t\timage: {\n\t\t\ttError: '<a href=\"%url%\">Obr\u00e1zek #%curr%<\/a> nemohl b\u00fdt na\u010dten.',\n          \ttitleSrc: 'data-title'\n\t\t}\n\t});\n});\n<\/script>\n<p>\u25b7 <strong><a href=\"https:\/\/www.ab-party.cz\/en\/kontakty\/\">Kontaktujte n\u00e1s pro nez\u00e1vaznou kalkulaci<\/a><\/strong><\/p>\n<\/div>","protected":false},"excerpt":{"rendered":"<p>Bodega je dal\u0161\u00ed z obl\u00edben\u00fdch stan\u016f, kter\u00e9 m\u00e1me v nab\u00eddce. Obl\u00edben\u00fd je hlavn\u011b pro \u0161irok\u00e9 spektrum mo\u017en\u00e9ho vyu\u017eit\u00ed, mimo jin\u00e9 i pro prezentace, j\u00eddeln\u00ed festivaly, ale i svatby nebo zahradn\u00ed&#8230;<\/p>","protected":false},"author":2,"featured_media":306,"parent":12,"menu_order":14,"comment_status":"open","ping_status":"open","template":"products.php","meta":{"_acf_changed":false,"footnotes":""},"class_list":["post-57","page","type-page","status-publish","has-post-thumbnail","hentry"],"acf":[],"yoast_head":"<!-- This site is optimized with the Yoast SEO plugin v25.8 - https:\/\/yoast.com\/wordpress\/plugins\/seo\/ -->\n<title>Bodega - AB PARTY TENT<\/title>\n<meta name=\"description\" content=\"Bodega\" \/>\n<meta name=\"robots\" content=\"index, follow, max-snippet:-1, max-image-preview:large, max-video-preview:-1\" \/>\n<link rel=\"canonical\" href=\"https:\/\/www.ab-party.cz\/en\/party-stany\/bodega\/\" \/>\n<meta property=\"og:locale\" content=\"en_GB\" \/>\n<meta property=\"og:type\" content=\"article\" \/>\n<meta property=\"og:title\" content=\"Bodega - AB PARTY TENT\" \/>\n<meta property=\"og:description\" content=\"Bodega\" \/>\n<meta property=\"og:url\" content=\"https:\/\/www.ab-party.cz\/en\/party-stany\/bodega\/\" \/>\n<meta property=\"og:site_name\" content=\"AB Party stany\" \/>\n<meta property=\"article:modified_time\" content=\"2019-08-29T16:38:45+00:00\" \/>\n<meta property=\"og:image\" content=\"https:\/\/www.ab-party.cz\/wp-content\/uploads\/2015\/07\/Bodega_2.jpg\" \/>\n\t<meta property=\"og:image:width\" content=\"600\" \/>\n\t<meta property=\"og:image:height\" content=\"450\" \/>\n\t<meta property=\"og:image:type\" content=\"image\/jpeg\" \/>\n<meta name=\"twitter:card\" content=\"summary_large_image\" \/>\n<script type=\"application\/ld+json\" class=\"yoast-schema-graph\">{\"@context\":\"https:\/\/schema.org\",\"@graph\":[{\"@type\":\"WebPage\",\"@id\":\"https:\/\/www.ab-party.cz\/party-stany\/bodega\/\",\"url\":\"https:\/\/www.ab-party.cz\/party-stany\/bodega\/\",\"name\":\"Bodega - AB PARTY TENT\",\"isPartOf\":{\"@id\":\"https:\/\/www.ab-party.cz\/#website\"},\"primaryImageOfPage\":{\"@id\":\"https:\/\/www.ab-party.cz\/party-stany\/bodega\/#primaryimage\"},\"image\":{\"@id\":\"https:\/\/www.ab-party.cz\/party-stany\/bodega\/#primaryimage\"},\"thumbnailUrl\":\"https:\/\/www.ab-party.cz\/wp-content\/uploads\/2015\/07\/Bodega_2.jpg\",\"datePublished\":\"2015-07-17T14:58:38+00:00\",\"dateModified\":\"2019-08-29T16:38:45+00:00\",\"description\":\"Bodega\",\"breadcrumb\":{\"@id\":\"https:\/\/www.ab-party.cz\/party-stany\/bodega\/#breadcrumb\"},\"inLanguage\":\"en-GB\",\"potentialAction\":[{\"@type\":\"ReadAction\",\"target\":[\"https:\/\/www.ab-party.cz\/party-stany\/bodega\/\"]}]},{\"@type\":\"ImageObject\",\"inLanguage\":\"en-GB\",\"@id\":\"https:\/\/www.ab-party.cz\/party-stany\/bodega\/#primaryimage\",\"url\":\"https:\/\/www.ab-party.cz\/wp-content\/uploads\/2015\/07\/Bodega_2.jpg\",\"contentUrl\":\"https:\/\/www.ab-party.cz\/wp-content\/uploads\/2015\/07\/Bodega_2.jpg\",\"width\":600,\"height\":450},{\"@type\":\"BreadcrumbList\",\"@id\":\"https:\/\/www.ab-party.cz\/party-stany\/bodega\/#breadcrumb\",\"itemListElement\":[{\"@type\":\"ListItem\",\"position\":1,\"name\":\"Home\",\"item\":\"https:\/\/www.ab-party.cz\/\"},{\"@type\":\"ListItem\",\"position\":2,\"name\":\"P\u00e1rty stany\",\"item\":\"https:\/\/www.ab-party.cz\/party-stany\/\"},{\"@type\":\"ListItem\",\"position\":3,\"name\":\"Bodega\"}]},{\"@type\":\"WebSite\",\"@id\":\"https:\/\/www.ab-party.cz\/#website\",\"url\":\"https:\/\/www.ab-party.cz\/\",\"name\":\"AB Party stany\",\"description\":\"\",\"potentialAction\":[{\"@type\":\"SearchAction\",\"target\":{\"@type\":\"EntryPoint\",\"urlTemplate\":\"https:\/\/www.ab-party.cz\/?s={search_term_string}\"},\"query-input\":{\"@type\":\"PropertyValueSpecification\",\"valueRequired\":true,\"valueName\":\"search_term_string\"}}],\"inLanguage\":\"en-GB\"}]}<\/script>\n<!-- \/ Yoast SEO plugin. -->","yoast_head_json":{"title":"Bodega - AB PARTY TENT","description":"Bodega","robots":{"index":"index","follow":"follow","max-snippet":"max-snippet:-1","max-image-preview":"max-image-preview:large","max-video-preview":"max-video-preview:-1"},"canonical":"https:\/\/www.ab-party.cz\/en\/party-stany\/bodega\/","og_locale":"en_GB","og_type":"article","og_title":"Bodega - AB PARTY TENT","og_description":"Bodega","og_url":"https:\/\/www.ab-party.cz\/en\/party-stany\/bodega\/","og_site_name":"AB Party stany","article_modified_time":"2019-08-29T16:38:45+00:00","og_image":[{"width":600,"height":450,"url":"https:\/\/www.ab-party.cz\/wp-content\/uploads\/2015\/07\/Bodega_2.jpg","type":"image\/jpeg"}],"twitter_card":"summary_large_image","schema":{"@context":"https:\/\/schema.org","@graph":[{"@type":"WebPage","@id":"https:\/\/www.ab-party.cz\/party-stany\/bodega\/","url":"https:\/\/www.ab-party.cz\/party-stany\/bodega\/","name":"Bodega - AB PARTY TENT","isPartOf":{"@id":"https:\/\/www.ab-party.cz\/#website"},"primaryImageOfPage":{"@id":"https:\/\/www.ab-party.cz\/party-stany\/bodega\/#primaryimage"},"image":{"@id":"https:\/\/www.ab-party.cz\/party-stany\/bodega\/#primaryimage"},"thumbnailUrl":"https:\/\/www.ab-party.cz\/wp-content\/uploads\/2015\/07\/Bodega_2.jpg","datePublished":"2015-07-17T14:58:38+00:00","dateModified":"2019-08-29T16:38:45+00:00","description":"Bodega","breadcrumb":{"@id":"https:\/\/www.ab-party.cz\/party-stany\/bodega\/#breadcrumb"},"inLanguage":"en-GB","potentialAction":[{"@type":"ReadAction","target":["https:\/\/www.ab-party.cz\/party-stany\/bodega\/"]}]},{"@type":"ImageObject","inLanguage":"en-GB","@id":"https:\/\/www.ab-party.cz\/party-stany\/bodega\/#primaryimage","url":"https:\/\/www.ab-party.cz\/wp-content\/uploads\/2015\/07\/Bodega_2.jpg","contentUrl":"https:\/\/www.ab-party.cz\/wp-content\/uploads\/2015\/07\/Bodega_2.jpg","width":600,"height":450},{"@type":"BreadcrumbList","@id":"https:\/\/www.ab-party.cz\/party-stany\/bodega\/#breadcrumb","itemListElement":[{"@type":"ListItem","position":1,"name":"Home","item":"https:\/\/www.ab-party.cz\/"},{"@type":"ListItem","position":2,"name":"P\u00e1rty stany","item":"https:\/\/www.ab-party.cz\/party-stany\/"},{"@type":"ListItem","position":3,"name":"Bodega"}]},{"@type":"WebSite","@id":"https:\/\/www.ab-party.cz\/#website","url":"https:\/\/www.ab-party.cz\/","name":"AB Party stany","description":"","potentialAction":[{"@type":"SearchAction","target":{"@type":"EntryPoint","urlTemplate":"https:\/\/www.ab-party.cz\/?s={search_term_string}"},"query-input":{"@type":"PropertyValueSpecification","valueRequired":true,"valueName":"search_term_string"}}],"inLanguage":"en-GB"}]}},"_links":{"self":[{"href":"https:\/\/www.ab-party.cz\/en\/wp-json\/wp\/v2\/pages\/57","targetHints":{"allow":["GET"]}}],"collection":[{"href":"https:\/\/www.ab-party.cz\/en\/wp-json\/wp\/v2\/pages"}],"about":[{"href":"https:\/\/www.ab-party.cz\/en\/wp-json\/wp\/v2\/types\/page"}],"author":[{"embeddable":true,"href":"https:\/\/www.ab-party.cz\/en\/wp-json\/wp\/v2\/users\/2"}],"replies":[{"embeddable":true,"href":"https:\/\/www.ab-party.cz\/en\/wp-json\/wp\/v2\/comments?post=57"}],"version-history":[{"count":8,"href":"https:\/\/www.ab-party.cz\/en\/wp-json\/wp\/v2\/pages\/57\/revisions"}],"predecessor-version":[{"id":895,"href":"https:\/\/www.ab-party.cz\/en\/wp-json\/wp\/v2\/pages\/57\/revisions\/895"}],"up":[{"embeddable":true,"href":"https:\/\/www.ab-party.cz\/en\/wp-json\/wp\/v2\/pages\/12"}],"wp:featuredmedia":[{"embeddable":true,"href":"https:\/\/www.ab-party.cz\/en\/wp-json\/wp\/v2\/media\/306"}],"wp:attachment":[{"href":"https:\/\/www.ab-party.cz\/en\/wp-json\/wp\/v2\/media?parent=57"}],"curies":[{"name":"wp","href":"https:\/\/api.w.org\/{rel}","templated":true}]}}