{"id":36,"date":"2015-06-20T15:48:49","date_gmt":"2015-06-20T15:48:49","guid":{"rendered":"http:\/\/ab-party.testverze.cz\/?page_id=36"},"modified":"2015-07-30T17:00:38","modified_gmt":"2015-07-30T17:00:38","slug":"o-firme","status":"publish","type":"page","link":"https:\/\/www.ab-party.cz\/en\/o-firme\/","title":{"rendered":"O n\u00e1s"},"content":{"rendered":"<div class='wysiwyg'><p>Firma byla zalo\u017eena v polovin\u011b roku 1997. Od za\u010d\u00e1tku roku 1998 pak vystupuje ji\u017e jako spole\u010dnost <strong>AB PARTY TENT, spol. s r.o.<\/strong><\/p>\n<p>B\u011bhem uplynul\u00fdch let se spole\u010dnost rozs\u00e1hl\u00fdm investov\u00e1n\u00edm zna\u010dn\u011b roz\u0161\u00ed\u0159ila a t\u00edm ucelila kompletn\u00ed spektrum nab\u00edzen\u00fdch slu\u017eeb. K p\u016fvodn\u00edmu pron\u00e1jmu stan\u016f p\u0159ibyl invent\u00e1\u0159, elektrocentr\u00e1ly, podia a tvorba kulturn\u00edch program\u016f na kl\u00ed\u010d.<\/p>\n<p>C\u00edlem na\u0161\u00ed spole\u010dnosti je pln\u011b a profesion\u00e1ln\u011b uspokojit jak\u00fdkoliv po\u017eadavek z\u00e1kazn\u00edka. Jedin\u011b tak se m\u016f\u017eete zcela v\u011bnovat Va\u0161im host\u016fm. O v\u0161e ostatn\u00ed se postar\u00e1me my.<\/p>\n<p>Na\u0161e spole\u010dnost pou\u017e\u00edv\u00e1 modern\u00ed variabiln\u00ed stanov\u00e9 moduly, kter\u00e9 se v\u017edy daj\u00ed postavit do \u017e\u00e1dan\u00e9 velikosti. Konstrukce stan\u016f se skl\u00e1d\u00e1 z hlin\u00edkov\u00fdch profil\u016f spojen\u00fdch ocelov\u00fdmi prvky. Samonosn\u00e1 konstrukce zaji\u0161\u0165uje to, \u017ee stan nezab\u00edr\u00e1 v\u011bt\u0161\u00ed plochu, ne\u017e je jeho vlastn\u00ed rozm\u011br. Tyto stanov\u00e9 moduly jsou z\u00e1rove\u0148 konstruk\u010dn\u011b sestaveny zp\u016fsobem zaji\u0161tuj\u00edc\u00edm \u010dasov\u011b rychlou mont\u00e1\u017e a demont\u00e1\u017e s ohledem na maxim\u00e1ln\u00ed \u0161etrnost k podkladu.<\/p>\n<p>V p\u0159\u00edpad\u011b pot\u0159eby je mo\u017en\u00e9 vyu\u017e\u00edt d\u0159ev\u011bn\u00e9 palubkov\u00e9 podlahy navr\u017een\u00e9 p\u0159\u00edmo pro jednotliv\u00e9 typy stan\u016f. Podlahy je mo\u017en\u00e9 stav\u011bt i ve svahu. Ocelov\u00fd r\u00e1m zaru\u010duje rovinu a tuhost. Podlaha s r\u00e1mem nekop\u00edruje zak\u0159iven\u00ed podkladu.<\/p>\n<p>Tyto atributy spolu s profesion\u00e1ln\u00edmi slu\u017ebami si z\u00edskaly st\u00e1l\u00fd okruh obchodn\u00edch partner\u016f.<br \/>\nBude n\u00e1m ct\u00ed, kdy\u017e vlo\u017e\u00edte Va\u0161i d\u016fv\u011bru do na\u0161ich rukou.<\/p>\n<\/div>","protected":false},"excerpt":{"rendered":"<p>Firma byla zalo\u017eena v polovin\u011b roku 1997. Od za\u010d\u00e1tku roku 1998 pak vystupuje ji\u017e jako spole\u010dnost AB PARTY TENT, spol. s r.o. B\u011bhem uplynul\u00fdch let se spole\u010dnost rozs\u00e1hl\u00fdm investov\u00e1n\u00edm zna\u010dn\u011b&#8230;<\/p>","protected":false},"author":2,"featured_media":0,"parent":0,"menu_order":43,"comment_status":"open","ping_status":"open","template":"","meta":{"_acf_changed":false,"footnotes":""},"class_list":["post-36","page","type-page","status-publish","hentry"],"acf":[],"yoast_head":"<!-- This site is optimized with the Yoast SEO plugin v25.8 - https:\/\/yoast.com\/wordpress\/plugins\/seo\/ -->\n<title>O firm\u011b - AB PARTY TENT<\/title>\n<meta name=\"description\" content=\"O firm\u011b\" \/>\n<meta name=\"robots\" content=\"index, follow, max-snippet:-1, max-image-preview:large, max-video-preview:-1\" \/>\n<link rel=\"canonical\" href=\"https:\/\/www.ab-party.cz\/en\/o-firme\/\" \/>\n<meta property=\"og:locale\" content=\"en_GB\" \/>\n<meta property=\"og:type\" content=\"article\" \/>\n<meta property=\"og:title\" content=\"O firm\u011b - AB PARTY TENT\" \/>\n<meta property=\"og:description\" content=\"O firm\u011b\" \/>\n<meta property=\"og:url\" content=\"https:\/\/www.ab-party.cz\/en\/o-firme\/\" \/>\n<meta property=\"og:site_name\" content=\"AB Party stany\" \/>\n<meta property=\"article:modified_time\" content=\"2015-07-30T17:00:38+00:00\" \/>\n<meta name=\"twitter:card\" content=\"summary_large_image\" \/>\n<meta name=\"twitter:label1\" content=\"Estimated reading time\" \/>\n\t<meta name=\"twitter:data1\" content=\"1 minute\" \/>\n<script type=\"application\/ld+json\" class=\"yoast-schema-graph\">{\"@context\":\"https:\/\/schema.org\",\"@graph\":[{\"@type\":\"WebPage\",\"@id\":\"https:\/\/www.ab-party.cz\/o-firme\/\",\"url\":\"https:\/\/www.ab-party.cz\/o-firme\/\",\"name\":\"O firm\u011b - AB PARTY TENT\",\"isPartOf\":{\"@id\":\"https:\/\/www.ab-party.cz\/#website\"},\"datePublished\":\"2015-06-20T15:48:49+00:00\",\"dateModified\":\"2015-07-30T17:00:38+00:00\",\"description\":\"O firm\u011b\",\"breadcrumb\":{\"@id\":\"https:\/\/www.ab-party.cz\/o-firme\/#breadcrumb\"},\"inLanguage\":\"en-GB\",\"potentialAction\":[{\"@type\":\"ReadAction\",\"target\":[\"https:\/\/www.ab-party.cz\/o-firme\/\"]}]},{\"@type\":\"BreadcrumbList\",\"@id\":\"https:\/\/www.ab-party.cz\/o-firme\/#breadcrumb\",\"itemListElement\":[{\"@type\":\"ListItem\",\"position\":1,\"name\":\"Home\",\"item\":\"https:\/\/www.ab-party.cz\/\"},{\"@type\":\"ListItem\",\"position\":2,\"name\":\"O n\u00e1s\"}]},{\"@type\":\"WebSite\",\"@id\":\"https:\/\/www.ab-party.cz\/#website\",\"url\":\"https:\/\/www.ab-party.cz\/\",\"name\":\"AB Party stany\",\"description\":\"\",\"potentialAction\":[{\"@type\":\"SearchAction\",\"target\":{\"@type\":\"EntryPoint\",\"urlTemplate\":\"https:\/\/www.ab-party.cz\/?s={search_term_string}\"},\"query-input\":{\"@type\":\"PropertyValueSpecification\",\"valueRequired\":true,\"valueName\":\"search_term_string\"}}],\"inLanguage\":\"en-GB\"}]}<\/script>\n<!-- \/ Yoast SEO plugin. -->","yoast_head_json":{"title":"O firm\u011b - AB PARTY TENT","description":"O firm\u011b","robots":{"index":"index","follow":"follow","max-snippet":"max-snippet:-1","max-image-preview":"max-image-preview:large","max-video-preview":"max-video-preview:-1"},"canonical":"https:\/\/www.ab-party.cz\/en\/o-firme\/","og_locale":"en_GB","og_type":"article","og_title":"O firm\u011b - AB PARTY TENT","og_description":"O firm\u011b","og_url":"https:\/\/www.ab-party.cz\/en\/o-firme\/","og_site_name":"AB Party stany","article_modified_time":"2015-07-30T17:00:38+00:00","twitter_card":"summary_large_image","twitter_misc":{"Estimated reading time":"1 minute"},"schema":{"@context":"https:\/\/schema.org","@graph":[{"@type":"WebPage","@id":"https:\/\/www.ab-party.cz\/o-firme\/","url":"https:\/\/www.ab-party.cz\/o-firme\/","name":"O firm\u011b - AB PARTY TENT","isPartOf":{"@id":"https:\/\/www.ab-party.cz\/#website"},"datePublished":"2015-06-20T15:48:49+00:00","dateModified":"2015-07-30T17:00:38+00:00","description":"O firm\u011b","breadcrumb":{"@id":"https:\/\/www.ab-party.cz\/o-firme\/#breadcrumb"},"inLanguage":"en-GB","potentialAction":[{"@type":"ReadAction","target":["https:\/\/www.ab-party.cz\/o-firme\/"]}]},{"@type":"BreadcrumbList","@id":"https:\/\/www.ab-party.cz\/o-firme\/#breadcrumb","itemListElement":[{"@type":"ListItem","position":1,"name":"Home","item":"https:\/\/www.ab-party.cz\/"},{"@type":"ListItem","position":2,"name":"O n\u00e1s"}]},{"@type":"WebSite","@id":"https:\/\/www.ab-party.cz\/#website","url":"https:\/\/www.ab-party.cz\/","name":"AB Party stany","description":"","potentialAction":[{"@type":"SearchAction","target":{"@type":"EntryPoint","urlTemplate":"https:\/\/www.ab-party.cz\/?s={search_term_string}"},"query-input":{"@type":"PropertyValueSpecification","valueRequired":true,"valueName":"search_term_string"}}],"inLanguage":"en-GB"}]}},"_links":{"self":[{"href":"https:\/\/www.ab-party.cz\/en\/wp-json\/wp\/v2\/pages\/36","targetHints":{"allow":["GET"]}}],"collection":[{"href":"https:\/\/www.ab-party.cz\/en\/wp-json\/wp\/v2\/pages"}],"about":[{"href":"https:\/\/www.ab-party.cz\/en\/wp-json\/wp\/v2\/types\/page"}],"author":[{"embeddable":true,"href":"https:\/\/www.ab-party.cz\/en\/wp-json\/wp\/v2\/users\/2"}],"replies":[{"embeddable":true,"href":"https:\/\/www.ab-party.cz\/en\/wp-json\/wp\/v2\/comments?post=36"}],"version-history":[{"count":2,"href":"https:\/\/www.ab-party.cz\/en\/wp-json\/wp\/v2\/pages\/36\/revisions"}],"predecessor-version":[{"id":38,"href":"https:\/\/www.ab-party.cz\/en\/wp-json\/wp\/v2\/pages\/36\/revisions\/38"}],"wp:attachment":[{"href":"https:\/\/www.ab-party.cz\/en\/wp-json\/wp\/v2\/media?parent=36"}],"curies":[{"name":"wp","href":"https:\/\/api.w.org\/{rel}","templated":true}]}}