{"id":20,"date":"2015-06-20T13:06:08","date_gmt":"2015-06-20T13:06:08","guid":{"rendered":"http:\/\/ab-party.testverze.cz\/?page_id=20"},"modified":"2021-03-30T15:27:48","modified_gmt":"2021-03-30T15:27:48","slug":"prislusenstvi","status":"publish","type":"page","link":"https:\/\/www.ab-party.cz\/en\/prislusenstvi\/","title":{"rendered":"P\u0159\u00edslu\u0161enstv\u00ed"},"content":{"rendered":"<div class='wysiwyg'><p>V p\u0159\u00edpad\u011b, \u017ee pl\u00e1nujete venkovn\u00ed event pod na\u0161imi <a href=\"https:\/\/www.ab-party.cz\/en\/party-stany\/\">party stany<\/a> a nev\u00edte kde sehnat ostatn\u00ed p\u0159\u00edslu\u0161enstv\u00ed, V\u00e1m tak\u00e9 velmi r\u00e1di pom\u016f\u017eeme. K V\u00e1mi vybran\u00e9mu party stanu <span style=\"color: #c9391d;\">nab\u00edz\u00edme ve\u0161ker\u00e9 p\u0159\u00edslu\u0161enstv\u00ed<\/span> a Va\u0161e akce prob\u011bhne hladce a v\u011b\u0159te, \u017ee na ni nezapomenete!<\/p>\n<h3>P\u0159\u00edslu\u0161enstv\u00ed<\/h3>\n<p><span style=\"color: #c9391d;\">Pro kompletn\u00ed party si objednejte na\u0161e p\u0159\u00edslu\u0161enstv\u00ed do <span style=\"text-decoration: underline;\"><a href=\"https:\/\/www.ab-party.cz\/en\/party-stany\/\">p\u00e1rty stan\u016f<\/a><\/span>!<\/span> Nechte si p\u0159iv\u00e9zt podlahy a koberce, kter\u00e9 dotv\u00e1\u0159\u00ed celkov\u00fd design. Vyberte si mo\u0159en\u00e9 a lakovan\u00e9 palubkov\u00e9 podlahy. Pokud m\u00e1te rad\u011bji koberce, poskytujeme zna\u010dku Podium a REVEXPO. Sta\u010d\u00ed jen zvolit barvu dle Va\u0161eho p\u0159\u00e1n\u00ed. K dal\u0161\u00edmu p\u0159\u00edslu\u0161enstv\u00ed pat\u0159\u00ed podia, stoly, \u017eidle, profesion\u00e1ln\u00ed osv\u011btlen\u00ed a ozvu\u010den\u00ed.<\/p>\n<h4>S na\u0161\u00edm p\u0159\u00edslu\u0161enstv\u00edm do v\u00edru d\u011bn\u00ed<\/h4>\n<p>Vyberte si \u017eidle polstrovan\u00e9, barov\u00e9, plastov\u00e9 \u010di pl\u00e1\u017eov\u00e1 leh\u00e1tka a stoly rozm\u011br\u016f, kter\u00e9 vyhovuj\u00ed p\u0159\u00edmo V\u00e1m! Jako dal\u0161\u00ed p\u0159\u00edslu\u0161enstv\u00ed nab\u00edz\u00edme \u0161atn\u00ed v\u011b\u0161\u00e1ky, odpadkov\u00e9 a popeln\u00edkov\u00e9 ko\u0161e, slune\u010dn\u00edky \u010di pivn\u00ed sady. St\u00e1le je to m\u00e1lo? Objednejte si pro lep\u0161\u00ed atmosf\u00e9ru osv\u011btlen\u00ed a ozvu\u010den\u00ed! Mix\u00e1\u017en\u00ed pulty, mikrofony, zesilova\u010de, CD p\u0159ehr\u00e1va\u010de a dal\u0161\u00ed p\u0159\u00edslu\u0161enstv\u00ed nejsou pro n\u00e1s probl\u00e9m!<\/p>\n<h3>Dokonal\u00e1 akce, ve\u0161ker\u00e9 p\u0159\u00edslu\u0161enstv\u00ed<\/h3>\n<p>Pot\u0159ebujete vyt\u00e1p\u011bn\u00ed \u010di elektrocentr\u00e1lu? Ani to pro n\u00e1s nen\u00ed probl\u00e9mem. Posledn\u00ed te\u010dkou k perfektn\u00ed akci jsou mobiln\u00ed WC, d\u0159ev\u011bn\u00e9 pl\u016ftky \u010di zahradn\u00ed alt\u00e1nky, kter\u00e9 z Va\u0161\u00ed akce ud\u011blaj\u00ed akci dokonalou.<br \/>\n<span style=\"color: #c9391d;\">S na\u0161\u00edm p\u0159\u00edslu\u0161enstv\u00edm si u\u017eijete akci se v\u0161\u00edm v\u0161udy!<\/span><\/p>\n<p>Nab\u00edz\u00edme V\u00e1m ve\u0161ker\u00e9 pot\u0159ebn\u00e9 p\u0159\u00edslu\u0161enstv\u00ed pro uspo\u0159\u00e1d\u00e1n\u00ed venkovn\u00ed party \u010di akce<\/p>\n<p>&nbsp;<\/p>\n<\/div>","protected":false},"excerpt":{"rendered":"<p>V p\u0159\u00edpad\u011b, \u017ee pl\u00e1nujete venkovn\u00ed event pod na\u0161imi party stany a nev\u00edte kde sehnat ostatn\u00ed p\u0159\u00edslu\u0161enstv\u00ed, V\u00e1m tak\u00e9 velmi r\u00e1di pom\u016f\u017eeme. K V\u00e1mi vybran\u00e9mu party stanu nab\u00edz\u00edme ve\u0161ker\u00e9 p\u0159\u00edslu\u0161enstv\u00ed a&#8230;<\/p>","protected":false},"author":2,"featured_media":0,"parent":0,"menu_order":21,"comment_status":"open","ping_status":"open","template":"accessories.php","meta":{"_acf_changed":false,"footnotes":""},"class_list":["post-20","page","type-page","status-publish","hentry"],"acf":[],"yoast_head":"<!-- This site is optimized with the Yoast SEO plugin v25.8 - https:\/\/yoast.com\/wordpress\/plugins\/seo\/ -->\n<title>P\u0159\u00edslu\u0161enstv\u00ed - AB PARTY TENT<\/title>\n<meta name=\"description\" content=\"P\u0159\u00edslu\u0161enstv\u00ed\" \/>\n<meta name=\"robots\" content=\"index, follow, max-snippet:-1, max-image-preview:large, max-video-preview:-1\" \/>\n<link rel=\"canonical\" href=\"https:\/\/www.ab-party.cz\/en\/prislusenstvi\/\" \/>\n<meta property=\"og:locale\" content=\"en_GB\" \/>\n<meta property=\"og:type\" content=\"article\" \/>\n<meta property=\"og:title\" content=\"P\u0159\u00edslu\u0161enstv\u00ed - AB PARTY TENT\" \/>\n<meta property=\"og:description\" content=\"P\u0159\u00edslu\u0161enstv\u00ed\" \/>\n<meta property=\"og:url\" content=\"https:\/\/www.ab-party.cz\/en\/prislusenstvi\/\" \/>\n<meta property=\"og:site_name\" content=\"AB Party stany\" \/>\n<meta property=\"article:modified_time\" content=\"2021-03-30T15:27:48+00:00\" \/>\n<meta name=\"twitter:card\" content=\"summary_large_image\" \/>\n<meta name=\"twitter:label1\" content=\"Estimated reading time\" \/>\n\t<meta name=\"twitter:data1\" content=\"2 minutes\" \/>\n<script type=\"application\/ld+json\" class=\"yoast-schema-graph\">{\"@context\":\"https:\/\/schema.org\",\"@graph\":[{\"@type\":\"WebPage\",\"@id\":\"https:\/\/www.ab-party.cz\/prislusenstvi\/\",\"url\":\"https:\/\/www.ab-party.cz\/prislusenstvi\/\",\"name\":\"P\u0159\u00edslu\u0161enstv\u00ed - AB PARTY TENT\",\"isPartOf\":{\"@id\":\"https:\/\/www.ab-party.cz\/#website\"},\"datePublished\":\"2015-06-20T13:06:08+00:00\",\"dateModified\":\"2021-03-30T15:27:48+00:00\",\"description\":\"P\u0159\u00edslu\u0161enstv\u00ed\",\"breadcrumb\":{\"@id\":\"https:\/\/www.ab-party.cz\/prislusenstvi\/#breadcrumb\"},\"inLanguage\":\"en-GB\",\"potentialAction\":[{\"@type\":\"ReadAction\",\"target\":[\"https:\/\/www.ab-party.cz\/prislusenstvi\/\"]}]},{\"@type\":\"BreadcrumbList\",\"@id\":\"https:\/\/www.ab-party.cz\/prislusenstvi\/#breadcrumb\",\"itemListElement\":[{\"@type\":\"ListItem\",\"position\":1,\"name\":\"Home\",\"item\":\"https:\/\/www.ab-party.cz\/\"},{\"@type\":\"ListItem\",\"position\":2,\"name\":\"P\u0159\u00edslu\u0161enstv\u00ed\"}]},{\"@type\":\"WebSite\",\"@id\":\"https:\/\/www.ab-party.cz\/#website\",\"url\":\"https:\/\/www.ab-party.cz\/\",\"name\":\"AB Party stany\",\"description\":\"\",\"potentialAction\":[{\"@type\":\"SearchAction\",\"target\":{\"@type\":\"EntryPoint\",\"urlTemplate\":\"https:\/\/www.ab-party.cz\/?s={search_term_string}\"},\"query-input\":{\"@type\":\"PropertyValueSpecification\",\"valueRequired\":true,\"valueName\":\"search_term_string\"}}],\"inLanguage\":\"en-GB\"}]}<\/script>\n<!-- \/ Yoast SEO plugin. -->","yoast_head_json":{"title":"P\u0159\u00edslu\u0161enstv\u00ed - AB PARTY TENT","description":"P\u0159\u00edslu\u0161enstv\u00ed","robots":{"index":"index","follow":"follow","max-snippet":"max-snippet:-1","max-image-preview":"max-image-preview:large","max-video-preview":"max-video-preview:-1"},"canonical":"https:\/\/www.ab-party.cz\/en\/prislusenstvi\/","og_locale":"en_GB","og_type":"article","og_title":"P\u0159\u00edslu\u0161enstv\u00ed - AB PARTY TENT","og_description":"P\u0159\u00edslu\u0161enstv\u00ed","og_url":"https:\/\/www.ab-party.cz\/en\/prislusenstvi\/","og_site_name":"AB Party stany","article_modified_time":"2021-03-30T15:27:48+00:00","twitter_card":"summary_large_image","twitter_misc":{"Estimated reading time":"2 minutes"},"schema":{"@context":"https:\/\/schema.org","@graph":[{"@type":"WebPage","@id":"https:\/\/www.ab-party.cz\/prislusenstvi\/","url":"https:\/\/www.ab-party.cz\/prislusenstvi\/","name":"P\u0159\u00edslu\u0161enstv\u00ed - AB PARTY TENT","isPartOf":{"@id":"https:\/\/www.ab-party.cz\/#website"},"datePublished":"2015-06-20T13:06:08+00:00","dateModified":"2021-03-30T15:27:48+00:00","description":"P\u0159\u00edslu\u0161enstv\u00ed","breadcrumb":{"@id":"https:\/\/www.ab-party.cz\/prislusenstvi\/#breadcrumb"},"inLanguage":"en-GB","potentialAction":[{"@type":"ReadAction","target":["https:\/\/www.ab-party.cz\/prislusenstvi\/"]}]},{"@type":"BreadcrumbList","@id":"https:\/\/www.ab-party.cz\/prislusenstvi\/#breadcrumb","itemListElement":[{"@type":"ListItem","position":1,"name":"Home","item":"https:\/\/www.ab-party.cz\/"},{"@type":"ListItem","position":2,"name":"P\u0159\u00edslu\u0161enstv\u00ed"}]},{"@type":"WebSite","@id":"https:\/\/www.ab-party.cz\/#website","url":"https:\/\/www.ab-party.cz\/","name":"AB Party stany","description":"","potentialAction":[{"@type":"SearchAction","target":{"@type":"EntryPoint","urlTemplate":"https:\/\/www.ab-party.cz\/?s={search_term_string}"},"query-input":{"@type":"PropertyValueSpecification","valueRequired":true,"valueName":"search_term_string"}}],"inLanguage":"en-GB"}]}},"_links":{"self":[{"href":"https:\/\/www.ab-party.cz\/en\/wp-json\/wp\/v2\/pages\/20","targetHints":{"allow":["GET"]}}],"collection":[{"href":"https:\/\/www.ab-party.cz\/en\/wp-json\/wp\/v2\/pages"}],"about":[{"href":"https:\/\/www.ab-party.cz\/en\/wp-json\/wp\/v2\/types\/page"}],"author":[{"embeddable":true,"href":"https:\/\/www.ab-party.cz\/en\/wp-json\/wp\/v2\/users\/2"}],"replies":[{"embeddable":true,"href":"https:\/\/www.ab-party.cz\/en\/wp-json\/wp\/v2\/comments?post=20"}],"version-history":[{"count":11,"href":"https:\/\/www.ab-party.cz\/en\/wp-json\/wp\/v2\/pages\/20\/revisions"}],"predecessor-version":[{"id":957,"href":"https:\/\/www.ab-party.cz\/en\/wp-json\/wp\/v2\/pages\/20\/revisions\/957"}],"wp:attachment":[{"href":"https:\/\/www.ab-party.cz\/en\/wp-json\/wp\/v2\/media?parent=20"}],"curies":[{"name":"wp","href":"https:\/\/api.w.org\/{rel}","templated":true}]}}