{"id":18,"date":"2015-06-20T12:50:27","date_gmt":"2015-06-20T12:50:27","guid":{"rendered":"http:\/\/ab-party.testverze.cz\/?page_id=18"},"modified":"2019-08-29T16:38:00","modified_gmt":"2019-08-29T16:38:00","slug":"polygon","status":"publish","type":"page","link":"https:\/\/www.ab-party.cz\/en\/party-stany\/polygon\/","title":{"rendered":"Polygon"},"content":{"rendered":"<div class='wysiwyg'><p>Do na\u0161\u00ed nab\u00eddky jsme za\u0159adili tak\u00e9 tzv. polygon. Stan, kter\u00fd je velice obl\u00edben\u00fd pro promotion, road shows a dal\u0161\u00ed mo\u017en\u00e9 prezentace. Pokud byste m\u011bli z\u00e1jem o takov\u00fdto stan pro svou prezentaci, m\u016f\u017eete vyu\u017e\u00edt tak\u00e9 na\u0161\u00ed slu\u017eby <a href=\"https:\/\/www.ab-party.cz\/en\/dalsi-sluzby\/vyroba-a-potisk-stanovych-plachet\/\">potisku plachet<\/a>, d\u00edky kter\u00e9 v\u00e1m vytvo\u0159\u00edme prezenta\u010dn\u00ed stan p\u0159esn\u011b pro v\u00e1s.<\/p>\n\t\t\n\t\t<div class=\"row\">\n\t\t\t<div class=\"col-lg-12\">\n\t\t\t\t<div class=\"title-box\">\n\t\t\t\t\t<h2 class=\"gallery-title\"><\/h2>\n\t\t\t\t<\/div>\n\t\t\t\n\t    \t<div class=\"row photo-gallery-magnific\">\n\t\t\t\t\t<div class=\"col-md-3 col-sm-4 col-xs-6 gallery-item\">\n\t\t\t\t\t\t<a href=\"https:\/\/www.ab-party.cz\/wp-content\/uploads\/2015\/06\/DSCN1528.jpg\" title=\"Polygon - party stan od AB Party\">\n\t\t\t    \t\t\t<img decoding=\"async\" src=\"https:\/\/www.ab-party.cz\/wp-content\/uploads\/2015\/06\/DSCN1528-300x300.jpg\" alt=\"Polygon - party stan od AB Party\" title=\"Polygon - party stan od AB Party\" class=\"img-responsive\" \/>\n\t\t\t    \t\t<\/a>\n\t\t\t    \t<\/div>\n\t\t\t\t\t<div class=\"col-md-3 col-sm-4 col-xs-6 gallery-item\">\n\t\t\t\t\t\t<a href=\"https:\/\/www.ab-party.cz\/wp-content\/uploads\/2015\/06\/040520132321.jpg\" title=\"Polygon - party stan od AB Party\">\n\t\t\t    \t\t\t<img decoding=\"async\" src=\"https:\/\/www.ab-party.cz\/wp-content\/uploads\/2015\/06\/040520132321-300x300.jpg\" alt=\"Polygon - party stan od AB Party\" title=\"Polygon - party stan od AB Party\" class=\"img-responsive\" \/>\n\t\t\t    \t\t<\/a>\n\t\t\t    \t<\/div>\n\t\t\t\t\t<div class=\"col-md-3 col-sm-4 col-xs-6 gallery-item\">\n\t\t\t\t\t\t<a href=\"https:\/\/www.ab-party.cz\/wp-content\/uploads\/2015\/06\/Polygon_1.jpg\" title=\"Polygon - party stan od AB Party\">\n\t\t\t    \t\t\t<img decoding=\"async\" src=\"https:\/\/www.ab-party.cz\/wp-content\/uploads\/2015\/06\/Polygon_1-300x300.jpg\" alt=\"Polygon - party stan od AB Party\" title=\"Polygon - party stan od AB Party\" class=\"img-responsive\" \/>\n\t\t\t    \t\t<\/a>\n\t\t\t    \t<\/div>\n\t\t\t\t\t<div class=\"col-md-3 col-sm-4 col-xs-6 gallery-item\">\n\t\t\t\t\t\t<a href=\"https:\/\/www.ab-party.cz\/wp-content\/uploads\/2015\/06\/Polygon_2.jpg\" title=\"Polygon - party stan od AB Party\">\n\t\t\t    \t\t\t<img decoding=\"async\" src=\"https:\/\/www.ab-party.cz\/wp-content\/uploads\/2015\/06\/Polygon_2-300x300.jpg\" alt=\"Polygon - party stan od AB Party\" title=\"Polygon - party stan od AB Party\" class=\"img-responsive\" \/>\n\t\t\t    \t\t<\/a>\n\t\t\t    \t<\/div>\n\t\t\t<\/div>\n\t\n\t\t<\/div><\/div>\n<script type='text\/javascript'>\njQuery(document).ready(function($) {\n\t$('.photo-gallery-magnific').magnificPopup({\n\t\tdelegate: 'a',\n\t\ttype: 'image',\n\t\ttLoading: 'Na\u010d\u00edt\u00e1m obr\u00e1zek #%curr%...',\n\t\tmainClass: 'mfp-img-mobile',\n\t\tgallery: {\n\t\t\tenabled: true,\n\t\t\tnavigateByImgClick: true,\n\t\t\ttCounter: '%curr% \/ %total%',\n\t\t\tpreload: [0,1] \/\/ Will preload 0 - before current, and 1 after the current image\n\t\t},\n\t\timage: {\n\t\t\ttError: '<a href=\"%url%\">Obr\u00e1zek #%curr%<\/a> nemohl b\u00fdt na\u010dten.',\n          \ttitleSrc: 'data-title'\n\t\t}\n\t});\n});\n<\/script>\n<p>\u25b7 <strong><a href=\"https:\/\/www.ab-party.cz\/en\/kontakty\/\">Kontaktujte n\u00e1s pro nez\u00e1vaznou kalkulaci<\/a><\/strong><\/p>\n<\/div>","protected":false},"excerpt":{"rendered":"<p>Do na\u0161\u00ed nab\u00eddky jsme za\u0159adili tak\u00e9 tzv. polygon. Stan, kter\u00fd je velice obl\u00edben\u00fd pro promotion, road shows a dal\u0161\u00ed mo\u017en\u00e9 prezentace. Pokud byste m\u011bli z\u00e1jem o takov\u00fdto stan pro svou&#8230;<\/p>","protected":false},"author":2,"featured_media":305,"parent":12,"menu_order":13,"comment_status":"open","ping_status":"open","template":"products.php","meta":{"_acf_changed":false,"footnotes":""},"class_list":["post-18","page","type-page","status-publish","has-post-thumbnail","hentry"],"acf":[],"yoast_head":"<!-- This site is optimized with the Yoast SEO plugin v25.8 - https:\/\/yoast.com\/wordpress\/plugins\/seo\/ -->\n<title>Polygon - AB PARTY TENT<\/title>\n<meta name=\"description\" content=\"Polygon\" \/>\n<meta name=\"robots\" content=\"index, follow, max-snippet:-1, max-image-preview:large, max-video-preview:-1\" \/>\n<link rel=\"canonical\" href=\"https:\/\/www.ab-party.cz\/en\/party-stany\/polygon\/\" \/>\n<meta property=\"og:locale\" content=\"en_GB\" \/>\n<meta property=\"og:type\" content=\"article\" \/>\n<meta property=\"og:title\" content=\"Polygon - AB PARTY TENT\" \/>\n<meta property=\"og:description\" content=\"Polygon\" \/>\n<meta property=\"og:url\" content=\"https:\/\/www.ab-party.cz\/en\/party-stany\/polygon\/\" \/>\n<meta property=\"og:site_name\" content=\"AB Party stany\" \/>\n<meta property=\"article:modified_time\" content=\"2019-08-29T16:38:00+00:00\" \/>\n<meta property=\"og:image\" content=\"https:\/\/www.ab-party.cz\/wp-content\/uploads\/2015\/06\/Poligon2.jpg\" \/>\n\t<meta property=\"og:image:width\" content=\"600\" \/>\n\t<meta property=\"og:image:height\" content=\"450\" \/>\n\t<meta property=\"og:image:type\" content=\"image\/jpeg\" \/>\n<meta name=\"twitter:card\" content=\"summary_large_image\" \/>\n<script type=\"application\/ld+json\" class=\"yoast-schema-graph\">{\"@context\":\"https:\/\/schema.org\",\"@graph\":[{\"@type\":\"WebPage\",\"@id\":\"https:\/\/www.ab-party.cz\/party-stany\/polygon\/\",\"url\":\"https:\/\/www.ab-party.cz\/party-stany\/polygon\/\",\"name\":\"Polygon - AB PARTY TENT\",\"isPartOf\":{\"@id\":\"https:\/\/www.ab-party.cz\/#website\"},\"primaryImageOfPage\":{\"@id\":\"https:\/\/www.ab-party.cz\/party-stany\/polygon\/#primaryimage\"},\"image\":{\"@id\":\"https:\/\/www.ab-party.cz\/party-stany\/polygon\/#primaryimage\"},\"thumbnailUrl\":\"https:\/\/www.ab-party.cz\/wp-content\/uploads\/2015\/06\/Poligon2.jpg\",\"datePublished\":\"2015-06-20T12:50:27+00:00\",\"dateModified\":\"2019-08-29T16:38:00+00:00\",\"description\":\"Polygon\",\"breadcrumb\":{\"@id\":\"https:\/\/www.ab-party.cz\/party-stany\/polygon\/#breadcrumb\"},\"inLanguage\":\"en-GB\",\"potentialAction\":[{\"@type\":\"ReadAction\",\"target\":[\"https:\/\/www.ab-party.cz\/party-stany\/polygon\/\"]}]},{\"@type\":\"ImageObject\",\"inLanguage\":\"en-GB\",\"@id\":\"https:\/\/www.ab-party.cz\/party-stany\/polygon\/#primaryimage\",\"url\":\"https:\/\/www.ab-party.cz\/wp-content\/uploads\/2015\/06\/Poligon2.jpg\",\"contentUrl\":\"https:\/\/www.ab-party.cz\/wp-content\/uploads\/2015\/06\/Poligon2.jpg\",\"width\":600,\"height\":450},{\"@type\":\"BreadcrumbList\",\"@id\":\"https:\/\/www.ab-party.cz\/party-stany\/polygon\/#breadcrumb\",\"itemListElement\":[{\"@type\":\"ListItem\",\"position\":1,\"name\":\"Home\",\"item\":\"https:\/\/www.ab-party.cz\/\"},{\"@type\":\"ListItem\",\"position\":2,\"name\":\"P\u00e1rty stany\",\"item\":\"https:\/\/www.ab-party.cz\/party-stany\/\"},{\"@type\":\"ListItem\",\"position\":3,\"name\":\"Polygon\"}]},{\"@type\":\"WebSite\",\"@id\":\"https:\/\/www.ab-party.cz\/#website\",\"url\":\"https:\/\/www.ab-party.cz\/\",\"name\":\"AB Party stany\",\"description\":\"\",\"potentialAction\":[{\"@type\":\"SearchAction\",\"target\":{\"@type\":\"EntryPoint\",\"urlTemplate\":\"https:\/\/www.ab-party.cz\/?s={search_term_string}\"},\"query-input\":{\"@type\":\"PropertyValueSpecification\",\"valueRequired\":true,\"valueName\":\"search_term_string\"}}],\"inLanguage\":\"en-GB\"}]}<\/script>\n<!-- \/ Yoast SEO plugin. -->","yoast_head_json":{"title":"Polygon - AB PARTY TENT","description":"Polygon","robots":{"index":"index","follow":"follow","max-snippet":"max-snippet:-1","max-image-preview":"max-image-preview:large","max-video-preview":"max-video-preview:-1"},"canonical":"https:\/\/www.ab-party.cz\/en\/party-stany\/polygon\/","og_locale":"en_GB","og_type":"article","og_title":"Polygon - AB PARTY TENT","og_description":"Polygon","og_url":"https:\/\/www.ab-party.cz\/en\/party-stany\/polygon\/","og_site_name":"AB Party stany","article_modified_time":"2019-08-29T16:38:00+00:00","og_image":[{"width":600,"height":450,"url":"https:\/\/www.ab-party.cz\/wp-content\/uploads\/2015\/06\/Poligon2.jpg","type":"image\/jpeg"}],"twitter_card":"summary_large_image","schema":{"@context":"https:\/\/schema.org","@graph":[{"@type":"WebPage","@id":"https:\/\/www.ab-party.cz\/party-stany\/polygon\/","url":"https:\/\/www.ab-party.cz\/party-stany\/polygon\/","name":"Polygon - AB PARTY TENT","isPartOf":{"@id":"https:\/\/www.ab-party.cz\/#website"},"primaryImageOfPage":{"@id":"https:\/\/www.ab-party.cz\/party-stany\/polygon\/#primaryimage"},"image":{"@id":"https:\/\/www.ab-party.cz\/party-stany\/polygon\/#primaryimage"},"thumbnailUrl":"https:\/\/www.ab-party.cz\/wp-content\/uploads\/2015\/06\/Poligon2.jpg","datePublished":"2015-06-20T12:50:27+00:00","dateModified":"2019-08-29T16:38:00+00:00","description":"Polygon","breadcrumb":{"@id":"https:\/\/www.ab-party.cz\/party-stany\/polygon\/#breadcrumb"},"inLanguage":"en-GB","potentialAction":[{"@type":"ReadAction","target":["https:\/\/www.ab-party.cz\/party-stany\/polygon\/"]}]},{"@type":"ImageObject","inLanguage":"en-GB","@id":"https:\/\/www.ab-party.cz\/party-stany\/polygon\/#primaryimage","url":"https:\/\/www.ab-party.cz\/wp-content\/uploads\/2015\/06\/Poligon2.jpg","contentUrl":"https:\/\/www.ab-party.cz\/wp-content\/uploads\/2015\/06\/Poligon2.jpg","width":600,"height":450},{"@type":"BreadcrumbList","@id":"https:\/\/www.ab-party.cz\/party-stany\/polygon\/#breadcrumb","itemListElement":[{"@type":"ListItem","position":1,"name":"Home","item":"https:\/\/www.ab-party.cz\/"},{"@type":"ListItem","position":2,"name":"P\u00e1rty stany","item":"https:\/\/www.ab-party.cz\/party-stany\/"},{"@type":"ListItem","position":3,"name":"Polygon"}]},{"@type":"WebSite","@id":"https:\/\/www.ab-party.cz\/#website","url":"https:\/\/www.ab-party.cz\/","name":"AB Party stany","description":"","potentialAction":[{"@type":"SearchAction","target":{"@type":"EntryPoint","urlTemplate":"https:\/\/www.ab-party.cz\/?s={search_term_string}"},"query-input":{"@type":"PropertyValueSpecification","valueRequired":true,"valueName":"search_term_string"}}],"inLanguage":"en-GB"}]}},"_links":{"self":[{"href":"https:\/\/www.ab-party.cz\/en\/wp-json\/wp\/v2\/pages\/18","targetHints":{"allow":["GET"]}}],"collection":[{"href":"https:\/\/www.ab-party.cz\/en\/wp-json\/wp\/v2\/pages"}],"about":[{"href":"https:\/\/www.ab-party.cz\/en\/wp-json\/wp\/v2\/types\/page"}],"author":[{"embeddable":true,"href":"https:\/\/www.ab-party.cz\/en\/wp-json\/wp\/v2\/users\/2"}],"replies":[{"embeddable":true,"href":"https:\/\/www.ab-party.cz\/en\/wp-json\/wp\/v2\/comments?post=18"}],"version-history":[{"count":9,"href":"https:\/\/www.ab-party.cz\/en\/wp-json\/wp\/v2\/pages\/18\/revisions"}],"predecessor-version":[{"id":894,"href":"https:\/\/www.ab-party.cz\/en\/wp-json\/wp\/v2\/pages\/18\/revisions\/894"}],"up":[{"embeddable":true,"href":"https:\/\/www.ab-party.cz\/en\/wp-json\/wp\/v2\/pages\/12"}],"wp:featuredmedia":[{"embeddable":true,"href":"https:\/\/www.ab-party.cz\/en\/wp-json\/wp\/v2\/media\/305"}],"wp:attachment":[{"href":"https:\/\/www.ab-party.cz\/en\/wp-json\/wp\/v2\/media?parent=18"}],"curies":[{"name":"wp","href":"https:\/\/api.w.org\/{rel}","templated":true}]}}