{"id":16,"date":"2015-06-20T12:50:05","date_gmt":"2015-06-20T12:50:05","guid":{"rendered":"http:\/\/ab-party.testverze.cz\/?page_id=16"},"modified":"2019-08-29T16:35:38","modified_gmt":"2019-08-29T16:35:38","slug":"pagody","status":"publish","type":"page","link":"https:\/\/www.ab-party.cz\/en\/party-stany\/pagody\/","title":{"rendered":"Pagody"},"content":{"rendered":"<div class='wysiwyg'><p>Nab\u00edz\u00edme dva r\u016fzn\u00e9 typy pagodov\u00fdch stan\u016f &#8211; tzv. pagody v rozm\u011bru 5&#215;5 metr\u016f nebo pagodu \u0161estihrannou.<\/p>\n<h3><\/h3>\n<h3>Pagoda 5&#215;5 metr\u016f<\/h3>\n<p>Obl\u00edben\u00fd stan \u010dtvercov\u00e9ho p\u016fdorysu s vysokou \u0161pi\u010dkou lze libovoln\u011b kombinovat s dal\u0161\u00edmi stany nebo j\u00edm zakon\u010dit <a href=\"https:\/\/www.ab-party.cz\/en\/party-stany\/party-stan-se-sedlovou-strechou\/\">z\u00e1kladn\u00ed party stan<\/a>.<\/p>\n\t\t\n\t\t<div class=\"row\">\n\t\t\t<div class=\"col-lg-12\">\n\t\t\t\t<div class=\"title-box\">\n\t\t\t\t\t<h2 class=\"gallery-title\"><\/h2>\n\t\t\t\t<\/div>\n\t\t\t\n\t    \t<div class=\"row photo-gallery-magnific\">\n\t\t\t\t\t<div class=\"col-md-3 col-sm-4 col-xs-6 gallery-item\">\n\t\t\t\t\t\t<a href=\"https:\/\/www.ab-party.cz\/wp-content\/uploads\/2015\/06\/Pagoda-5x5_1.jpg\" title=\"Pagoda - party stan od AB Party\">\n\t\t\t    \t\t\t<img decoding=\"async\" src=\"https:\/\/www.ab-party.cz\/wp-content\/uploads\/2015\/06\/Pagoda-5x5_1-300x300.jpg\" alt=\"Pagoda - party stan od AB Party\" title=\"Pagoda - party stan od AB Party\" class=\"img-responsive\" \/>\n\t\t\t    \t\t<\/a>\n\t\t\t    \t<\/div>\n\t\t\t\t\t<div class=\"col-md-3 col-sm-4 col-xs-6 gallery-item\">\n\t\t\t\t\t\t<a href=\"https:\/\/www.ab-party.cz\/wp-content\/uploads\/2015\/06\/Pagoda-5x5_2.jpg\" title=\"Pagoda - party stan od AB Party\">\n\t\t\t    \t\t\t<img decoding=\"async\" src=\"https:\/\/www.ab-party.cz\/wp-content\/uploads\/2015\/06\/Pagoda-5x5_2-300x300.jpg\" alt=\"Pagoda - party stan od AB Party\" title=\"Pagoda - party stan od AB Party\" class=\"img-responsive\" \/>\n\t\t\t    \t\t<\/a>\n\t\t\t    \t<\/div>\n\t\t\t\t\t<div class=\"col-md-3 col-sm-4 col-xs-6 gallery-item\">\n\t\t\t\t\t\t<a href=\"https:\/\/www.ab-party.cz\/wp-content\/uploads\/2015\/06\/Pagoda-5x5_3.jpg\" title=\"Pagoda - party stan od AB Party\">\n\t\t\t    \t\t\t<img decoding=\"async\" src=\"https:\/\/www.ab-party.cz\/wp-content\/uploads\/2015\/06\/Pagoda-5x5_3-300x300.jpg\" alt=\"Pagoda - party stan od AB Party\" title=\"Pagoda - party stan od AB Party\" class=\"img-responsive\" \/>\n\t\t\t    \t\t<\/a>\n\t\t\t    \t<\/div>\n\t\t\t\t\t<div class=\"col-md-3 col-sm-4 col-xs-6 gallery-item\">\n\t\t\t\t\t\t<a href=\"https:\/\/www.ab-party.cz\/wp-content\/uploads\/2015\/06\/Pagoda-5x5_4.jpg\" title=\"Pagoda - party stan od AB Party\">\n\t\t\t    \t\t\t<img decoding=\"async\" src=\"https:\/\/www.ab-party.cz\/wp-content\/uploads\/2015\/06\/Pagoda-5x5_4-300x300.jpg\" alt=\"Pagoda - party stan od AB Party\" title=\"Pagoda - party stan od AB Party\" class=\"img-responsive\" \/>\n\t\t\t    \t\t<\/a>\n\t\t\t    \t<\/div>\n\t\t\t<\/div>\n\t\n\t\t<\/div><\/div>\n<script type='text\/javascript'>\njQuery(document).ready(function($) {\n\t$('.photo-gallery-magnific').magnificPopup({\n\t\tdelegate: 'a',\n\t\ttype: 'image',\n\t\ttLoading: 'Na\u010d\u00edt\u00e1m obr\u00e1zek #%curr%...',\n\t\tmainClass: 'mfp-img-mobile',\n\t\tgallery: {\n\t\t\tenabled: true,\n\t\t\tnavigateByImgClick: true,\n\t\t\ttCounter: '%curr% \/ %total%',\n\t\t\tpreload: [0,1] \/\/ Will preload 0 - before current, and 1 after the current image\n\t\t},\n\t\timage: {\n\t\t\ttError: '<a href=\"%url%\">Obr\u00e1zek #%curr%<\/a> nemohl b\u00fdt na\u010dten.',\n          \ttitleSrc: 'data-title'\n\t\t}\n\t});\n});\n<\/script>\n<h3><\/h3>\n<h3>\u0160estihrann\u00e1 pagoda<\/h3>\n<p>Jedn\u00e1 se o \u0161estihrann\u00fd\u00a0party\u00a0stan\u00a0s vysokou nebo n\u00edzkou \u0161pi\u010dkou. Tento luxusn\u00ed stan dod\u00e1 va\u0161\u00ed akci zaj\u00edmav\u00fd prostor pro klienty, catering nebo v\u00fdstavu. Pagody se daj\u00ed libovoln\u011b spojovat mezi sebou.<\/p>\n\t\t\n\t\t<div class=\"row\">\n\t\t\t<div class=\"col-lg-12\">\n\t\t\t\t<div class=\"title-box\">\n\t\t\t\t\t<h2 class=\"gallery-title\"><\/h2>\n\t\t\t\t<\/div>\n\t\t\t\n\t    \t<div class=\"row photo-gallery-magnific\">\n\t\t\t\t\t<div class=\"col-md-3 col-sm-4 col-xs-6 gallery-item\">\n\t\t\t\t\t\t<a href=\"https:\/\/www.ab-party.cz\/wp-content\/uploads\/2015\/06\/\u0160estihrann\u00e1-pagoda_1.jpg\" title=\"\u0160estihrann\u00e1 pagoda - party stan od AB Party\">\n\t\t\t    \t\t\t<img decoding=\"async\" src=\"https:\/\/www.ab-party.cz\/wp-content\/uploads\/2015\/06\/\u0160estihrann\u00e1-pagoda_1-300x300.jpg\" alt=\"\u0160estihrann\u00e1 pagoda - party stan od AB Party\" title=\"\u0160estihrann\u00e1 pagoda - party stan od AB Party\" class=\"img-responsive\" \/>\n\t\t\t    \t\t<\/a>\n\t\t\t    \t<\/div>\n\t\t\t\t\t<div class=\"col-md-3 col-sm-4 col-xs-6 gallery-item\">\n\t\t\t\t\t\t<a href=\"https:\/\/www.ab-party.cz\/wp-content\/uploads\/2015\/06\/\u0160estihrann\u00e1-pagoda_2.jpg\" title=\"\u0160estihrann\u00e1 pagoda - party stan od AB Party\">\n\t\t\t    \t\t\t<img decoding=\"async\" src=\"https:\/\/www.ab-party.cz\/wp-content\/uploads\/2015\/06\/\u0160estihrann\u00e1-pagoda_2-300x300.jpg\" alt=\"\u0160estihrann\u00e1 pagoda - party stan od AB Party\" title=\"\u0160estihrann\u00e1 pagoda - party stan od AB Party\" class=\"img-responsive\" \/>\n\t\t\t    \t\t<\/a>\n\t\t\t    \t<\/div>\n\t\t\t\t\t<div class=\"col-md-3 col-sm-4 col-xs-6 gallery-item\">\n\t\t\t\t\t\t<a href=\"https:\/\/www.ab-party.cz\/wp-content\/uploads\/2015\/06\/\u0160estihrann\u00e1-pagoda_3.jpg\" title=\"\u0160estihrann\u00e1 pagoda - party stan od AB Party\">\n\t\t\t    \t\t\t<img decoding=\"async\" src=\"https:\/\/www.ab-party.cz\/wp-content\/uploads\/2015\/06\/\u0160estihrann\u00e1-pagoda_3-300x300.jpg\" alt=\"\u0160estihrann\u00e1 pagoda - party stan od AB Party\" title=\"\u0160estihrann\u00e1 pagoda - party stan od AB Party\" class=\"img-responsive\" \/>\n\t\t\t    \t\t<\/a>\n\t\t\t    \t<\/div>\n\t\t\t\t\t<div class=\"col-md-3 col-sm-4 col-xs-6 gallery-item\">\n\t\t\t\t\t\t<a href=\"https:\/\/www.ab-party.cz\/wp-content\/uploads\/2015\/06\/Bez-n\u00e1zvu-1.jpg\" title=\"\u0160estihrann\u00e1 pagoda - party stan od AB Party\">\n\t\t\t    \t\t\t<img decoding=\"async\" src=\"https:\/\/www.ab-party.cz\/wp-content\/uploads\/2015\/06\/Bez-n\u00e1zvu-1-300x300.jpg\" alt=\"\u0160estihrann\u00e1 pagoda - party stan od AB Party\" title=\"\u0160estihrann\u00e1 pagoda - party stan od AB Party\" class=\"img-responsive\" \/>\n\t\t\t    \t\t<\/a>\n\t\t\t    \t<\/div>\n\t\t\t<\/div>\n\t\n\t\t<\/div><\/div>\n<script type='text\/javascript'>\njQuery(document).ready(function($) {\n\t$('.photo-gallery-magnific').magnificPopup({\n\t\tdelegate: 'a',\n\t\ttype: 'image',\n\t\ttLoading: 'Na\u010d\u00edt\u00e1m obr\u00e1zek #%curr%...',\n\t\tmainClass: 'mfp-img-mobile',\n\t\tgallery: {\n\t\t\tenabled: true,\n\t\t\tnavigateByImgClick: true,\n\t\t\ttCounter: '%curr% \/ %total%',\n\t\t\tpreload: [0,1] \/\/ Will preload 0 - before current, and 1 after the current image\n\t\t},\n\t\timage: {\n\t\t\ttError: '<a href=\"%url%\">Obr\u00e1zek #%curr%<\/a> nemohl b\u00fdt na\u010dten.',\n          \ttitleSrc: 'data-title'\n\t\t}\n\t});\n});\n<\/script>\n<p>\u25b7 <strong><a href=\"https:\/\/www.ab-party.cz\/en\/kontakty\/\">Kontaktujte n\u00e1s pro nez\u00e1vaznou kalkulaci<\/a><\/strong><\/p>\n<\/div>","protected":false},"excerpt":{"rendered":"<p>Nab\u00edz\u00edme dva r\u016fzn\u00e9 typy pagodov\u00fdch stan\u016f &#8211; tzv. pagody v rozm\u011bru 5&#215;5 metr\u016f nebo pagodu \u0161estihrannou. Pagoda 5&#215;5 metr\u016f Obl\u00edben\u00fd stan \u010dtvercov\u00e9ho p\u016fdorysu s vysokou \u0161pi\u010dkou lze libovoln\u011b kombinovat s&#8230;<\/p>","protected":false},"author":2,"featured_media":295,"parent":12,"menu_order":12,"comment_status":"open","ping_status":"open","template":"products.php","meta":{"_acf_changed":false,"footnotes":""},"class_list":["post-16","page","type-page","status-publish","has-post-thumbnail","hentry"],"acf":[],"yoast_head":"<!-- This site is optimized with the Yoast SEO plugin v25.8 - https:\/\/yoast.com\/wordpress\/plugins\/seo\/ -->\n<title>Pagody - AB PARTY TENT<\/title>\n<meta name=\"description\" content=\"Pagody\" \/>\n<meta name=\"robots\" content=\"index, follow, max-snippet:-1, max-image-preview:large, max-video-preview:-1\" \/>\n<link rel=\"canonical\" href=\"https:\/\/www.ab-party.cz\/en\/party-stany\/pagody\/\" \/>\n<meta property=\"og:locale\" content=\"en_GB\" \/>\n<meta property=\"og:type\" content=\"article\" \/>\n<meta property=\"og:title\" content=\"Pagody - AB PARTY TENT\" \/>\n<meta property=\"og:description\" content=\"Pagody\" \/>\n<meta property=\"og:url\" content=\"https:\/\/www.ab-party.cz\/en\/party-stany\/pagody\/\" \/>\n<meta property=\"og:site_name\" content=\"AB Party stany\" \/>\n<meta property=\"article:modified_time\" content=\"2019-08-29T16:35:38+00:00\" \/>\n<meta property=\"og:image\" content=\"https:\/\/www.ab-party.cz\/wp-content\/uploads\/2015\/06\/Pagoda.jpg\" \/>\n\t<meta property=\"og:image:width\" content=\"600\" \/>\n\t<meta property=\"og:image:height\" content=\"450\" \/>\n\t<meta property=\"og:image:type\" content=\"image\/jpeg\" \/>\n<meta name=\"twitter:card\" content=\"summary_large_image\" \/>\n<meta name=\"twitter:label1\" content=\"Estimated reading time\" \/>\n\t<meta name=\"twitter:data1\" content=\"1 minute\" \/>\n<script type=\"application\/ld+json\" class=\"yoast-schema-graph\">{\"@context\":\"https:\/\/schema.org\",\"@graph\":[{\"@type\":\"WebPage\",\"@id\":\"https:\/\/www.ab-party.cz\/party-stany\/pagody\/\",\"url\":\"https:\/\/www.ab-party.cz\/party-stany\/pagody\/\",\"name\":\"Pagody - AB PARTY TENT\",\"isPartOf\":{\"@id\":\"https:\/\/www.ab-party.cz\/#website\"},\"primaryImageOfPage\":{\"@id\":\"https:\/\/www.ab-party.cz\/party-stany\/pagody\/#primaryimage\"},\"image\":{\"@id\":\"https:\/\/www.ab-party.cz\/party-stany\/pagody\/#primaryimage\"},\"thumbnailUrl\":\"https:\/\/www.ab-party.cz\/wp-content\/uploads\/2015\/06\/Pagoda.jpg\",\"datePublished\":\"2015-06-20T12:50:05+00:00\",\"dateModified\":\"2019-08-29T16:35:38+00:00\",\"description\":\"Pagody\",\"breadcrumb\":{\"@id\":\"https:\/\/www.ab-party.cz\/party-stany\/pagody\/#breadcrumb\"},\"inLanguage\":\"en-GB\",\"potentialAction\":[{\"@type\":\"ReadAction\",\"target\":[\"https:\/\/www.ab-party.cz\/party-stany\/pagody\/\"]}]},{\"@type\":\"ImageObject\",\"inLanguage\":\"en-GB\",\"@id\":\"https:\/\/www.ab-party.cz\/party-stany\/pagody\/#primaryimage\",\"url\":\"https:\/\/www.ab-party.cz\/wp-content\/uploads\/2015\/06\/Pagoda.jpg\",\"contentUrl\":\"https:\/\/www.ab-party.cz\/wp-content\/uploads\/2015\/06\/Pagoda.jpg\",\"width\":600,\"height\":450},{\"@type\":\"BreadcrumbList\",\"@id\":\"https:\/\/www.ab-party.cz\/party-stany\/pagody\/#breadcrumb\",\"itemListElement\":[{\"@type\":\"ListItem\",\"position\":1,\"name\":\"Home\",\"item\":\"https:\/\/www.ab-party.cz\/\"},{\"@type\":\"ListItem\",\"position\":2,\"name\":\"P\u00e1rty stany\",\"item\":\"https:\/\/www.ab-party.cz\/party-stany\/\"},{\"@type\":\"ListItem\",\"position\":3,\"name\":\"Pagody\"}]},{\"@type\":\"WebSite\",\"@id\":\"https:\/\/www.ab-party.cz\/#website\",\"url\":\"https:\/\/www.ab-party.cz\/\",\"name\":\"AB Party stany\",\"description\":\"\",\"potentialAction\":[{\"@type\":\"SearchAction\",\"target\":{\"@type\":\"EntryPoint\",\"urlTemplate\":\"https:\/\/www.ab-party.cz\/?s={search_term_string}\"},\"query-input\":{\"@type\":\"PropertyValueSpecification\",\"valueRequired\":true,\"valueName\":\"search_term_string\"}}],\"inLanguage\":\"en-GB\"}]}<\/script>\n<!-- \/ Yoast SEO plugin. -->","yoast_head_json":{"title":"Pagody - AB PARTY TENT","description":"Pagody","robots":{"index":"index","follow":"follow","max-snippet":"max-snippet:-1","max-image-preview":"max-image-preview:large","max-video-preview":"max-video-preview:-1"},"canonical":"https:\/\/www.ab-party.cz\/en\/party-stany\/pagody\/","og_locale":"en_GB","og_type":"article","og_title":"Pagody - AB PARTY TENT","og_description":"Pagody","og_url":"https:\/\/www.ab-party.cz\/en\/party-stany\/pagody\/","og_site_name":"AB Party stany","article_modified_time":"2019-08-29T16:35:38+00:00","og_image":[{"width":600,"height":450,"url":"https:\/\/www.ab-party.cz\/wp-content\/uploads\/2015\/06\/Pagoda.jpg","type":"image\/jpeg"}],"twitter_card":"summary_large_image","twitter_misc":{"Estimated reading time":"1 minute"},"schema":{"@context":"https:\/\/schema.org","@graph":[{"@type":"WebPage","@id":"https:\/\/www.ab-party.cz\/party-stany\/pagody\/","url":"https:\/\/www.ab-party.cz\/party-stany\/pagody\/","name":"Pagody - AB PARTY TENT","isPartOf":{"@id":"https:\/\/www.ab-party.cz\/#website"},"primaryImageOfPage":{"@id":"https:\/\/www.ab-party.cz\/party-stany\/pagody\/#primaryimage"},"image":{"@id":"https:\/\/www.ab-party.cz\/party-stany\/pagody\/#primaryimage"},"thumbnailUrl":"https:\/\/www.ab-party.cz\/wp-content\/uploads\/2015\/06\/Pagoda.jpg","datePublished":"2015-06-20T12:50:05+00:00","dateModified":"2019-08-29T16:35:38+00:00","description":"Pagody","breadcrumb":{"@id":"https:\/\/www.ab-party.cz\/party-stany\/pagody\/#breadcrumb"},"inLanguage":"en-GB","potentialAction":[{"@type":"ReadAction","target":["https:\/\/www.ab-party.cz\/party-stany\/pagody\/"]}]},{"@type":"ImageObject","inLanguage":"en-GB","@id":"https:\/\/www.ab-party.cz\/party-stany\/pagody\/#primaryimage","url":"https:\/\/www.ab-party.cz\/wp-content\/uploads\/2015\/06\/Pagoda.jpg","contentUrl":"https:\/\/www.ab-party.cz\/wp-content\/uploads\/2015\/06\/Pagoda.jpg","width":600,"height":450},{"@type":"BreadcrumbList","@id":"https:\/\/www.ab-party.cz\/party-stany\/pagody\/#breadcrumb","itemListElement":[{"@type":"ListItem","position":1,"name":"Home","item":"https:\/\/www.ab-party.cz\/"},{"@type":"ListItem","position":2,"name":"P\u00e1rty stany","item":"https:\/\/www.ab-party.cz\/party-stany\/"},{"@type":"ListItem","position":3,"name":"Pagody"}]},{"@type":"WebSite","@id":"https:\/\/www.ab-party.cz\/#website","url":"https:\/\/www.ab-party.cz\/","name":"AB Party stany","description":"","potentialAction":[{"@type":"SearchAction","target":{"@type":"EntryPoint","urlTemplate":"https:\/\/www.ab-party.cz\/?s={search_term_string}"},"query-input":{"@type":"PropertyValueSpecification","valueRequired":true,"valueName":"search_term_string"}}],"inLanguage":"en-GB"}]}},"_links":{"self":[{"href":"https:\/\/www.ab-party.cz\/en\/wp-json\/wp\/v2\/pages\/16","targetHints":{"allow":["GET"]}}],"collection":[{"href":"https:\/\/www.ab-party.cz\/en\/wp-json\/wp\/v2\/pages"}],"about":[{"href":"https:\/\/www.ab-party.cz\/en\/wp-json\/wp\/v2\/types\/page"}],"author":[{"embeddable":true,"href":"https:\/\/www.ab-party.cz\/en\/wp-json\/wp\/v2\/users\/2"}],"replies":[{"embeddable":true,"href":"https:\/\/www.ab-party.cz\/en\/wp-json\/wp\/v2\/comments?post=16"}],"version-history":[{"count":19,"href":"https:\/\/www.ab-party.cz\/en\/wp-json\/wp\/v2\/pages\/16\/revisions"}],"predecessor-version":[{"id":893,"href":"https:\/\/www.ab-party.cz\/en\/wp-json\/wp\/v2\/pages\/16\/revisions\/893"}],"up":[{"embeddable":true,"href":"https:\/\/www.ab-party.cz\/en\/wp-json\/wp\/v2\/pages\/12"}],"wp:featuredmedia":[{"embeddable":true,"href":"https:\/\/www.ab-party.cz\/en\/wp-json\/wp\/v2\/media\/295"}],"wp:attachment":[{"href":"https:\/\/www.ab-party.cz\/en\/wp-json\/wp\/v2\/media?parent=16"}],"curies":[{"name":"wp","href":"https:\/\/api.w.org\/{rel}","templated":true}]}}