{"id":12,"date":"2015-06-20T12:47:45","date_gmt":"2015-06-20T12:47:45","guid":{"rendered":"http:\/\/ab-party.testverze.cz\/?page_id=12"},"modified":"2021-03-30T15:26:22","modified_gmt":"2021-03-30T15:26:22","slug":"party-stany","status":"publish","type":"page","link":"https:\/\/www.ab-party.cz\/en\/party-stany\/","title":{"rendered":"P\u00e1rty stany"},"content":{"rendered":"<div class='wysiwyg'><p>Nab\u00edz\u00edme k zap\u016fj\u010den\u00ed \u0161irokou \u0161k\u00e1lu zahradn\u00edch a party stan\u016f v\u010detn\u011b t\u011bch, kter\u00e9 jsou v \u010cR ojedin\u011bl\u00e9. M\u016f\u017eete si tak snadno zvolit podle toho, co se v\u00e1m l\u00edb\u00ed, v\u010detn\u011b netradi\u010dn\u00edch tvar\u016f a velikost\u00ed. Vedle samotn\u00fdch stan\u016f m\u00e1te tak\u00e9 mo\u017enost vyb\u00edrat z r\u016fzn\u00fdch zakon\u010den\u00ed stan\u016f a barev plachet, samoz\u0159ejmost\u00ed je i nab\u00eddka dal\u0161\u00edho <span style=\"color: #000000;\"><a href=\"https:\/\/www.ab-party.cz\/en\/prislusenstvi\/\">p\u0159\u00edslu\u0161enstv\u00ed<\/a><\/span>, kter\u00e9 m\u016f\u017eete pro svou akci pot\u0159ebovat.<\/p>\n<p>P\u0159i v\u00fdb\u011bru velikosti stanu je d\u016fle\u017eit\u00fd nejen p\u0159edpokl\u00e1dan\u00fd po\u010det \u00fa\u010dastn\u00edk\u016f akce, ale tak\u00e9 jej\u00ed charakter a vybaven\u00ed, kter\u00e9 bude p\u0159i realizaci pot\u0159eba (p\u00f3dia, prostor k sezen\u00ed, bary apod.). Pokud si nejste s v\u00fdb\u011brem velikosti stanu jist\u00ed, nev\u00e1hejte n\u00e1s <span style=\"text-decoration: underline; color: #000000;\"><a text-decoration: underline;\" href=\"https:\/\/www.ab-party.cz\/en\/kontakty\/\">kontaktovat<\/a>,<\/span> r\u00e1di v\u00e1m s v\u00fdb\u011brem stanu porad\u00edme.<\/p>\n<p><em>Nab\u00edzen\u00e9 zahradn\u00ed a p\u00e1rty stany jsou profesion\u00e1ln\u00ed v\u00fdrobek spl\u0148uj\u00edc\u00ed ve\u0161ker\u00e9 bezpe\u010dnostn\u00ed normy platn\u00e9 jak v \u010cR tak EU.<\/em><\/p>\n<p>&nbsp;<\/p>\n<\/div>","protected":false},"excerpt":{"rendered":"<p>Nab\u00edz\u00edme k zap\u016fj\u010den\u00ed \u0161irokou \u0161k\u00e1lu zahradn\u00edch a party stan\u016f v\u010detn\u011b t\u011bch, kter\u00e9 jsou v \u010cR ojedin\u011bl\u00e9. M\u016f\u017eete si tak snadno zvolit podle toho, co se v\u00e1m l\u00edb\u00ed, v\u010detn\u011b netradi\u010dn\u00edch tvar\u016f&#8230;<\/p>","protected":false},"author":2,"featured_media":0,"parent":0,"menu_order":8,"comment_status":"open","ping_status":"open","template":"products.php","meta":{"_acf_changed":false,"footnotes":""},"class_list":["post-12","page","type-page","status-publish","hentry"],"acf":[],"yoast_head":"<!-- This site is optimized with the Yoast SEO plugin v25.8 - https:\/\/yoast.com\/wordpress\/plugins\/seo\/ -->\n<title>Zahradn\u00ed a p\u00e1rty stany - katalog produkt\u016f | AB PARTY TENT<\/title>\n<meta name=\"description\" content=\"Katalog party a zahradn\u00edch stan\u016f v\u010d. fotografi\u00ed a p\u0159\u00edklad\u016f instalace. \u0160irok\u00e9 portfolio tvar\u016f i atypick\u00fdch \u0159e\u0161en\u00ed. K dispozici dopl\u0148ky jako dve\u0159e a apsidy.\" \/>\n<meta name=\"robots\" content=\"index, follow, max-snippet:-1, max-image-preview:large, max-video-preview:-1\" \/>\n<link rel=\"canonical\" href=\"https:\/\/www.ab-party.cz\/en\/party-stany\/\" \/>\n<meta property=\"og:locale\" content=\"en_GB\" \/>\n<meta property=\"og:type\" content=\"article\" \/>\n<meta property=\"og:title\" content=\"Zahradn\u00ed a p\u00e1rty stany - katalog produkt\u016f | AB PARTY TENT\" \/>\n<meta property=\"og:description\" content=\"Katalog party a zahradn\u00edch stan\u016f v\u010d. fotografi\u00ed a p\u0159\u00edklad\u016f instalace. \u0160irok\u00e9 portfolio tvar\u016f i atypick\u00fdch \u0159e\u0161en\u00ed. K dispozici dopl\u0148ky jako dve\u0159e a apsidy.\" \/>\n<meta property=\"og:url\" content=\"https:\/\/www.ab-party.cz\/en\/party-stany\/\" \/>\n<meta property=\"og:site_name\" content=\"AB Party stany\" \/>\n<meta property=\"article:modified_time\" content=\"2021-03-30T15:26:22+00:00\" \/>\n<meta name=\"twitter:card\" content=\"summary_large_image\" \/>\n<meta name=\"twitter:label1\" content=\"Estimated reading time\" \/>\n\t<meta name=\"twitter:data1\" content=\"1 minute\" \/>\n<script type=\"application\/ld+json\" class=\"yoast-schema-graph\">{\"@context\":\"https:\/\/schema.org\",\"@graph\":[{\"@type\":\"WebPage\",\"@id\":\"https:\/\/www.ab-party.cz\/party-stany\/\",\"url\":\"https:\/\/www.ab-party.cz\/party-stany\/\",\"name\":\"Zahradn\u00ed a p\u00e1rty stany - katalog produkt\u016f | AB PARTY TENT\",\"isPartOf\":{\"@id\":\"https:\/\/www.ab-party.cz\/#website\"},\"datePublished\":\"2015-06-20T12:47:45+00:00\",\"dateModified\":\"2021-03-30T15:26:22+00:00\",\"description\":\"Katalog party a zahradn\u00edch stan\u016f v\u010d. fotografi\u00ed a p\u0159\u00edklad\u016f instalace. \u0160irok\u00e9 portfolio tvar\u016f i atypick\u00fdch \u0159e\u0161en\u00ed. K dispozici dopl\u0148ky jako dve\u0159e a apsidy.\",\"breadcrumb\":{\"@id\":\"https:\/\/www.ab-party.cz\/party-stany\/#breadcrumb\"},\"inLanguage\":\"en-GB\",\"potentialAction\":[{\"@type\":\"ReadAction\",\"target\":[\"https:\/\/www.ab-party.cz\/party-stany\/\"]}]},{\"@type\":\"BreadcrumbList\",\"@id\":\"https:\/\/www.ab-party.cz\/party-stany\/#breadcrumb\",\"itemListElement\":[{\"@type\":\"ListItem\",\"position\":1,\"name\":\"Home\",\"item\":\"https:\/\/www.ab-party.cz\/\"},{\"@type\":\"ListItem\",\"position\":2,\"name\":\"P\u00e1rty stany\"}]},{\"@type\":\"WebSite\",\"@id\":\"https:\/\/www.ab-party.cz\/#website\",\"url\":\"https:\/\/www.ab-party.cz\/\",\"name\":\"AB Party stany\",\"description\":\"\",\"potentialAction\":[{\"@type\":\"SearchAction\",\"target\":{\"@type\":\"EntryPoint\",\"urlTemplate\":\"https:\/\/www.ab-party.cz\/?s={search_term_string}\"},\"query-input\":{\"@type\":\"PropertyValueSpecification\",\"valueRequired\":true,\"valueName\":\"search_term_string\"}}],\"inLanguage\":\"en-GB\"}]}<\/script>\n<!-- \/ Yoast SEO plugin. -->","yoast_head_json":{"title":"Zahradn\u00ed a p\u00e1rty stany - katalog produkt\u016f | AB PARTY TENT","description":"Katalog party a zahradn\u00edch stan\u016f v\u010d. fotografi\u00ed a p\u0159\u00edklad\u016f instalace. \u0160irok\u00e9 portfolio tvar\u016f i atypick\u00fdch \u0159e\u0161en\u00ed. K dispozici dopl\u0148ky jako dve\u0159e a apsidy.","robots":{"index":"index","follow":"follow","max-snippet":"max-snippet:-1","max-image-preview":"max-image-preview:large","max-video-preview":"max-video-preview:-1"},"canonical":"https:\/\/www.ab-party.cz\/en\/party-stany\/","og_locale":"en_GB","og_type":"article","og_title":"Zahradn\u00ed a p\u00e1rty stany - katalog produkt\u016f | AB PARTY TENT","og_description":"Katalog party a zahradn\u00edch stan\u016f v\u010d. fotografi\u00ed a p\u0159\u00edklad\u016f instalace. \u0160irok\u00e9 portfolio tvar\u016f i atypick\u00fdch \u0159e\u0161en\u00ed. K dispozici dopl\u0148ky jako dve\u0159e a apsidy.","og_url":"https:\/\/www.ab-party.cz\/en\/party-stany\/","og_site_name":"AB Party stany","article_modified_time":"2021-03-30T15:26:22+00:00","twitter_card":"summary_large_image","twitter_misc":{"Estimated reading time":"1 minute"},"schema":{"@context":"https:\/\/schema.org","@graph":[{"@type":"WebPage","@id":"https:\/\/www.ab-party.cz\/party-stany\/","url":"https:\/\/www.ab-party.cz\/party-stany\/","name":"Zahradn\u00ed a p\u00e1rty stany - katalog produkt\u016f | AB PARTY TENT","isPartOf":{"@id":"https:\/\/www.ab-party.cz\/#website"},"datePublished":"2015-06-20T12:47:45+00:00","dateModified":"2021-03-30T15:26:22+00:00","description":"Katalog party a zahradn\u00edch stan\u016f v\u010d. fotografi\u00ed a p\u0159\u00edklad\u016f instalace. \u0160irok\u00e9 portfolio tvar\u016f i atypick\u00fdch \u0159e\u0161en\u00ed. K dispozici dopl\u0148ky jako dve\u0159e a apsidy.","breadcrumb":{"@id":"https:\/\/www.ab-party.cz\/party-stany\/#breadcrumb"},"inLanguage":"en-GB","potentialAction":[{"@type":"ReadAction","target":["https:\/\/www.ab-party.cz\/party-stany\/"]}]},{"@type":"BreadcrumbList","@id":"https:\/\/www.ab-party.cz\/party-stany\/#breadcrumb","itemListElement":[{"@type":"ListItem","position":1,"name":"Home","item":"https:\/\/www.ab-party.cz\/"},{"@type":"ListItem","position":2,"name":"P\u00e1rty stany"}]},{"@type":"WebSite","@id":"https:\/\/www.ab-party.cz\/#website","url":"https:\/\/www.ab-party.cz\/","name":"AB Party stany","description":"","potentialAction":[{"@type":"SearchAction","target":{"@type":"EntryPoint","urlTemplate":"https:\/\/www.ab-party.cz\/?s={search_term_string}"},"query-input":{"@type":"PropertyValueSpecification","valueRequired":true,"valueName":"search_term_string"}}],"inLanguage":"en-GB"}]}},"_links":{"self":[{"href":"https:\/\/www.ab-party.cz\/en\/wp-json\/wp\/v2\/pages\/12","targetHints":{"allow":["GET"]}}],"collection":[{"href":"https:\/\/www.ab-party.cz\/en\/wp-json\/wp\/v2\/pages"}],"about":[{"href":"https:\/\/www.ab-party.cz\/en\/wp-json\/wp\/v2\/types\/page"}],"author":[{"embeddable":true,"href":"https:\/\/www.ab-party.cz\/en\/wp-json\/wp\/v2\/users\/2"}],"replies":[{"embeddable":true,"href":"https:\/\/www.ab-party.cz\/en\/wp-json\/wp\/v2\/comments?post=12"}],"version-history":[{"count":20,"href":"https:\/\/www.ab-party.cz\/en\/wp-json\/wp\/v2\/pages\/12\/revisions"}],"predecessor-version":[{"id":907,"href":"https:\/\/www.ab-party.cz\/en\/wp-json\/wp\/v2\/pages\/12\/revisions\/907"}],"wp:attachment":[{"href":"https:\/\/www.ab-party.cz\/en\/wp-json\/wp\/v2\/media?parent=12"}],"curies":[{"name":"wp","href":"https:\/\/api.w.org\/{rel}","templated":true}]}}