{"id":83,"date":"2015-07-17T15:26:34","date_gmt":"2015-07-17T15:26:34","guid":{"rendered":"http:\/\/ab-party.testverze.cz\/?page_id=83"},"modified":"2017-04-20T10:13:41","modified_gmt":"2017-04-20T10:13:41","slug":"elektrocentrala","status":"publish","type":"page","link":"http:\/\/www.ab-party.cz\/en\/prislusenstvi\/elektrocentrala\/","title":{"rendered":"Elektrocentr\u00e1la"},"content":{"rendered":"<div class='wysiwyg'><p>V p\u0159\u00edpad\u011b, \u017ee nen\u00ed v m\u00edst\u011b eventu \u017e\u00e1dn\u00e9 p\u0159ipojen\u00ed elektrick\u00e9ho proudu a nebo je slab\u00e9, dod\u00e1v\u00e1me tich\u00e9 celokapotovan\u00e9 elektrocentr\u00e1ly od 3 kW &#8211; 200kW.<\/p>\n<ul>\n<li>3 kW tich\u00e1 celokapotovan\u00e1<\/li>\n<li>5 kW tich\u00e1 celokapotovan\u00e1<\/li>\n<li>D\u00e1le je k dispozici \u0159ada v\u00fdkonn\u00fdch elektrocentr\u00e1l o v\u00fdkonu 16 kW, 40 kW, 120 kW a 200 kW. Jsou tak\u00e9 celokapotovan\u00e9 a tich\u00e9.<\/li>\n<\/ul>\n\t\t\n\t\t<div class=\"row\">\n\t\t\t<div class=\"col-lg-12\">\n\t\t\t\t<div class=\"title-box\">\n\t\t\t\t\t<h2 class=\"gallery-title\"><\/h2>\n\t\t\t\t<\/div>\n\t\t\t\n\t    \t<div class=\"row photo-gallery-magnific\">\n\t\t\t\t\t<div class=\"col-md-3 col-sm-4 col-xs-6 gallery-item\">\n\t\t\t\t\t\t<a href=\"https:\/\/www.ab-party.cz\/wp-content\/uploads\/2015\/07\/Elektrocentr\u00e1la_1.jpg\" title=\"elektrocentr\u00e1la pro p\u00e1rty stan od AB Party\">\n\t\t\t    \t\t\t<img decoding=\"async\" src=\"https:\/\/www.ab-party.cz\/wp-content\/uploads\/2015\/07\/Elektrocentr\u00e1la_1-300x300.jpg\" alt=\"elektrocentr\u00e1la pro p\u00e1rty stan od AB Party\" title=\"elektrocentr\u00e1la pro p\u00e1rty stan od AB Party\" class=\"img-responsive\" \/>\n\t\t\t    \t\t<\/a>\n\t\t\t    \t<\/div>\n\t\t\t\t\t<div class=\"col-md-3 col-sm-4 col-xs-6 gallery-item\">\n\t\t\t\t\t\t<a href=\"https:\/\/www.ab-party.cz\/wp-content\/uploads\/2015\/07\/Elektrocentr\u00e1la_2.jpg\" title=\"elektrocentr\u00e1la pro party stan od AB Party\">\n\t\t\t    \t\t\t<img decoding=\"async\" src=\"https:\/\/www.ab-party.cz\/wp-content\/uploads\/2015\/07\/Elektrocentr\u00e1la_2-300x300.jpg\" alt=\"elektrocentr\u00e1la pro party stan od AB Party\" title=\"elektrocentr\u00e1la pro party stan od AB Party\" class=\"img-responsive\" \/>\n\t\t\t    \t\t<\/a>\n\t\t\t    \t<\/div>\n\t\t\t<\/div>\n\t\n\t\t<\/div><\/div>\n<script type='text\/javascript'>\njQuery(document).ready(function($) {\n\t$('.photo-gallery-magnific').magnificPopup({\n\t\tdelegate: 'a',\n\t\ttype: 'image',\n\t\ttLoading: 'Na\u010d\u00edt\u00e1m obr\u00e1zek #%curr%...',\n\t\tmainClass: 'mfp-img-mobile',\n\t\tgallery: {\n\t\t\tenabled: true,\n\t\t\tnavigateByImgClick: true,\n\t\t\ttCounter: '%curr% \/ %total%',\n\t\t\tpreload: [0,1] \/\/ Will preload 0 - before current, and 1 after the current image\n\t\t},\n\t\timage: {\n\t\t\ttError: '<a href=\"%url%\">Obr\u00e1zek #%curr%<\/a> nemohl b\u00fdt na\u010dten.',\n          \ttitleSrc: 'data-title'\n\t\t}\n\t});\n});\n<\/script>\n<\/div>","protected":false},"excerpt":{"rendered":"<p>V p\u0159\u00edpad\u011b, \u017ee nen\u00ed v m\u00edst\u011b eventu \u017e\u00e1dn\u00e9 p\u0159ipojen\u00ed elektrick\u00e9ho proudu a nebo je slab\u00e9, dod\u00e1v\u00e1me tich\u00e9 celokapotovan\u00e9 elektrocentr\u00e1ly od 3 kW &#8211; 200kW. 3 kW tich\u00e1 celokapotovan\u00e1 5 kW&#8230;<\/p>","protected":false},"author":2,"featured_media":552,"parent":20,"menu_order":41,"comment_status":"open","ping_status":"open","template":"accessories.php","meta":{"_acf_changed":false,"footnotes":""},"class_list":["post-83","page","type-page","status-publish","has-post-thumbnail","hentry"],"acf":[],"yoast_head":"<!-- This site is optimized with the Yoast SEO plugin v25.8 - https:\/\/yoast.com\/wordpress\/plugins\/seo\/ -->\n<title>Elektrocentr\u00e1la - AB PARTY TENT<\/title>\n<meta name=\"description\" content=\"Elektrocentr\u00e1la\" \/>\n<meta name=\"robots\" content=\"index, follow, max-snippet:-1, max-image-preview:large, max-video-preview:-1\" \/>\n<link rel=\"canonical\" href=\"https:\/\/www.ab-party.cz\/en\/prislusenstvi\/elektrocentrala\/\" \/>\n<meta property=\"og:locale\" content=\"en_GB\" \/>\n<meta property=\"og:type\" content=\"article\" \/>\n<meta property=\"og:title\" content=\"Elektrocentr\u00e1la - AB PARTY TENT\" \/>\n<meta property=\"og:description\" content=\"Elektrocentr\u00e1la\" \/>\n<meta property=\"og:url\" content=\"https:\/\/www.ab-party.cz\/en\/prislusenstvi\/elektrocentrala\/\" \/>\n<meta property=\"og:site_name\" content=\"AB Party stany\" \/>\n<meta property=\"article:modified_time\" content=\"2017-04-20T10:13:41+00:00\" \/>\n<meta property=\"og:image\" content=\"https:\/\/www.ab-party.cz\/wp-content\/uploads\/2015\/07\/Electro-centrals_1.jpg\" \/>\n\t<meta property=\"og:image:width\" content=\"600\" \/>\n\t<meta property=\"og:image:height\" content=\"450\" \/>\n\t<meta property=\"og:image:type\" content=\"image\/jpeg\" \/>\n<meta name=\"twitter:card\" content=\"summary_large_image\" \/>\n<script type=\"application\/ld+json\" class=\"yoast-schema-graph\">{\"@context\":\"https:\/\/schema.org\",\"@graph\":[{\"@type\":\"WebPage\",\"@id\":\"https:\/\/www.ab-party.cz\/prislusenstvi\/elektrocentrala\/\",\"url\":\"https:\/\/www.ab-party.cz\/prislusenstvi\/elektrocentrala\/\",\"name\":\"Elektrocentr\u00e1la - AB PARTY TENT\",\"isPartOf\":{\"@id\":\"https:\/\/www.ab-party.cz\/#website\"},\"primaryImageOfPage\":{\"@id\":\"https:\/\/www.ab-party.cz\/prislusenstvi\/elektrocentrala\/#primaryimage\"},\"image\":{\"@id\":\"https:\/\/www.ab-party.cz\/prislusenstvi\/elektrocentrala\/#primaryimage\"},\"thumbnailUrl\":\"https:\/\/www.ab-party.cz\/wp-content\/uploads\/2015\/07\/Electro-centrals_1.jpg\",\"datePublished\":\"2015-07-17T15:26:34+00:00\",\"dateModified\":\"2017-04-20T10:13:41+00:00\",\"description\":\"Elektrocentr\u00e1la\",\"breadcrumb\":{\"@id\":\"https:\/\/www.ab-party.cz\/prislusenstvi\/elektrocentrala\/#breadcrumb\"},\"inLanguage\":\"en-GB\",\"potentialAction\":[{\"@type\":\"ReadAction\",\"target\":[\"https:\/\/www.ab-party.cz\/prislusenstvi\/elektrocentrala\/\"]}]},{\"@type\":\"ImageObject\",\"inLanguage\":\"en-GB\",\"@id\":\"https:\/\/www.ab-party.cz\/prislusenstvi\/elektrocentrala\/#primaryimage\",\"url\":\"https:\/\/www.ab-party.cz\/wp-content\/uploads\/2015\/07\/Electro-centrals_1.jpg\",\"contentUrl\":\"https:\/\/www.ab-party.cz\/wp-content\/uploads\/2015\/07\/Electro-centrals_1.jpg\",\"width\":600,\"height\":450},{\"@type\":\"BreadcrumbList\",\"@id\":\"https:\/\/www.ab-party.cz\/prislusenstvi\/elektrocentrala\/#breadcrumb\",\"itemListElement\":[{\"@type\":\"ListItem\",\"position\":1,\"name\":\"Home\",\"item\":\"https:\/\/www.ab-party.cz\/\"},{\"@type\":\"ListItem\",\"position\":2,\"name\":\"P\u0159\u00edslu\u0161enstv\u00ed\",\"item\":\"https:\/\/www.ab-party.cz\/prislusenstvi\/\"},{\"@type\":\"ListItem\",\"position\":3,\"name\":\"Elektrocentr\u00e1la\"}]},{\"@type\":\"WebSite\",\"@id\":\"https:\/\/www.ab-party.cz\/#website\",\"url\":\"https:\/\/www.ab-party.cz\/\",\"name\":\"AB Party stany\",\"description\":\"\",\"potentialAction\":[{\"@type\":\"SearchAction\",\"target\":{\"@type\":\"EntryPoint\",\"urlTemplate\":\"https:\/\/www.ab-party.cz\/?s={search_term_string}\"},\"query-input\":{\"@type\":\"PropertyValueSpecification\",\"valueRequired\":true,\"valueName\":\"search_term_string\"}}],\"inLanguage\":\"en-GB\"}]}<\/script>\n<!-- \/ Yoast SEO plugin. -->","yoast_head_json":{"title":"Elektrocentr\u00e1la - AB PARTY TENT","description":"Elektrocentr\u00e1la","robots":{"index":"index","follow":"follow","max-snippet":"max-snippet:-1","max-image-preview":"max-image-preview:large","max-video-preview":"max-video-preview:-1"},"canonical":"https:\/\/www.ab-party.cz\/en\/prislusenstvi\/elektrocentrala\/","og_locale":"en_GB","og_type":"article","og_title":"Elektrocentr\u00e1la - AB PARTY TENT","og_description":"Elektrocentr\u00e1la","og_url":"https:\/\/www.ab-party.cz\/en\/prislusenstvi\/elektrocentrala\/","og_site_name":"AB Party stany","article_modified_time":"2017-04-20T10:13:41+00:00","og_image":[{"width":600,"height":450,"url":"https:\/\/www.ab-party.cz\/wp-content\/uploads\/2015\/07\/Electro-centrals_1.jpg","type":"image\/jpeg"}],"twitter_card":"summary_large_image","schema":{"@context":"https:\/\/schema.org","@graph":[{"@type":"WebPage","@id":"https:\/\/www.ab-party.cz\/prislusenstvi\/elektrocentrala\/","url":"https:\/\/www.ab-party.cz\/prislusenstvi\/elektrocentrala\/","name":"Elektrocentr\u00e1la - AB PARTY TENT","isPartOf":{"@id":"https:\/\/www.ab-party.cz\/#website"},"primaryImageOfPage":{"@id":"https:\/\/www.ab-party.cz\/prislusenstvi\/elektrocentrala\/#primaryimage"},"image":{"@id":"https:\/\/www.ab-party.cz\/prislusenstvi\/elektrocentrala\/#primaryimage"},"thumbnailUrl":"https:\/\/www.ab-party.cz\/wp-content\/uploads\/2015\/07\/Electro-centrals_1.jpg","datePublished":"2015-07-17T15:26:34+00:00","dateModified":"2017-04-20T10:13:41+00:00","description":"Elektrocentr\u00e1la","breadcrumb":{"@id":"https:\/\/www.ab-party.cz\/prislusenstvi\/elektrocentrala\/#breadcrumb"},"inLanguage":"en-GB","potentialAction":[{"@type":"ReadAction","target":["https:\/\/www.ab-party.cz\/prislusenstvi\/elektrocentrala\/"]}]},{"@type":"ImageObject","inLanguage":"en-GB","@id":"https:\/\/www.ab-party.cz\/prislusenstvi\/elektrocentrala\/#primaryimage","url":"https:\/\/www.ab-party.cz\/wp-content\/uploads\/2015\/07\/Electro-centrals_1.jpg","contentUrl":"https:\/\/www.ab-party.cz\/wp-content\/uploads\/2015\/07\/Electro-centrals_1.jpg","width":600,"height":450},{"@type":"BreadcrumbList","@id":"https:\/\/www.ab-party.cz\/prislusenstvi\/elektrocentrala\/#breadcrumb","itemListElement":[{"@type":"ListItem","position":1,"name":"Home","item":"https:\/\/www.ab-party.cz\/"},{"@type":"ListItem","position":2,"name":"P\u0159\u00edslu\u0161enstv\u00ed","item":"https:\/\/www.ab-party.cz\/prislusenstvi\/"},{"@type":"ListItem","position":3,"name":"Elektrocentr\u00e1la"}]},{"@type":"WebSite","@id":"https:\/\/www.ab-party.cz\/#website","url":"https:\/\/www.ab-party.cz\/","name":"AB Party stany","description":"","potentialAction":[{"@type":"SearchAction","target":{"@type":"EntryPoint","urlTemplate":"https:\/\/www.ab-party.cz\/?s={search_term_string}"},"query-input":{"@type":"PropertyValueSpecification","valueRequired":true,"valueName":"search_term_string"}}],"inLanguage":"en-GB"}]}},"_links":{"self":[{"href":"http:\/\/www.ab-party.cz\/en\/wp-json\/wp\/v2\/pages\/83","targetHints":{"allow":["GET"]}}],"collection":[{"href":"http:\/\/www.ab-party.cz\/en\/wp-json\/wp\/v2\/pages"}],"about":[{"href":"http:\/\/www.ab-party.cz\/en\/wp-json\/wp\/v2\/types\/page"}],"author":[{"embeddable":true,"href":"http:\/\/www.ab-party.cz\/en\/wp-json\/wp\/v2\/users\/2"}],"replies":[{"embeddable":true,"href":"http:\/\/www.ab-party.cz\/en\/wp-json\/wp\/v2\/comments?post=83"}],"version-history":[{"count":3,"href":"http:\/\/www.ab-party.cz\/en\/wp-json\/wp\/v2\/pages\/83\/revisions"}],"predecessor-version":[{"id":356,"href":"http:\/\/www.ab-party.cz\/en\/wp-json\/wp\/v2\/pages\/83\/revisions\/356"}],"up":[{"embeddable":true,"href":"http:\/\/www.ab-party.cz\/en\/wp-json\/wp\/v2\/pages\/20"}],"wp:featuredmedia":[{"embeddable":true,"href":"http:\/\/www.ab-party.cz\/en\/wp-json\/wp\/v2\/media\/552"}],"wp:attachment":[{"href":"http:\/\/www.ab-party.cz\/en\/wp-json\/wp\/v2\/media?parent=83"}],"curies":[{"name":"wp","href":"https:\/\/api.w.org\/{rel}","templated":true}]}}