{"id":81,"date":"2015-07-17T15:26:02","date_gmt":"2015-07-17T15:26:02","guid":{"rendered":"http:\/\/ab-party.testverze.cz\/?page_id=81"},"modified":"2024-01-06T16:53:56","modified_gmt":"2024-01-06T16:53:56","slug":"vytapeni","status":"publish","type":"page","link":"http:\/\/www.ab-party.cz\/en\/prislusenstvi\/vytapeni\/","title":{"rendered":"Vyt\u00e1p\u011bn\u00ed"},"content":{"rendered":"<div class='wysiwyg'><p><span style=\"color: #c93900;\">Nebojte se uspo\u0159\u00e1dat event pro klienty na sn\u011bhu!<\/span> Stany V\u00e1m vytop\u00edme na velmi p\u0159\u00edjemnou teplotu, tak\u017ee ani mepoc\u00edt\u00edte, \u017ee jste na hor\u00e1ch. Naftov\u00e1 topidla stoj\u00ed vn\u011b stanu (vyt\u00e1p\u011bn\u00e9ho prostoru) a do prostoru se vh\u00e1n\u00ed tepl\u00fd such\u00fd vzduch, tak\u017ee nedojde k pop\u00e1len\u00ed a nebo po\u0161kozen\u00ed v\u011bc\u00ed stoj\u00edc\u00edch v t\u011bsn\u00e9 bl\u00edzkosti. Topn\u00e9 lampy navod\u00ed p\u0159\u00edjemnou atmosf\u00e9ru na ka\u017ed\u00e9 zahradn\u00ed p\u00e1rty nebo na teras\u00e1ch dom\u016f.<\/p>\n<h4>Teplovzdu\u0161n\u00e1 topidla:<\/h4>\n<ul>\n<li>ITA 65 &#8211; naftov\u00e9 Thermobile<\/li>\n<li>IMA 111 &#8211; naftov\u00e9 Thermobile<\/li>\n<li>Vyt\u00e1p\u011bc\u00ed lampa propan-butan (Kroll)<\/li>\n<\/ul>\n\t\t\n\t\t<div class=\"row\">\n\t\t\t<div class=\"col-lg-12\">\n\t\t\t\t<div class=\"title-box\">\n\t\t\t\t\t<h2 class=\"gallery-title\"><\/h2>\n\t\t\t\t<\/div>\n\t\t\t\n\t    \t<div class=\"row photo-gallery-magnific\">\n\t\t\t\t\t<div class=\"col-md-3 col-sm-4 col-xs-6 gallery-item\">\n\t\t\t\t\t\t<a href=\"https:\/\/www.ab-party.cz\/wp-content\/uploads\/2015\/07\/Vyt\u00e1p\u011bn\u00ed_1.jpg\" title=\"Vyt\u00e1p\u011bn\u00ed p\u00e1rty stanu od AB Party\">\n\t\t\t    \t\t\t<img decoding=\"async\" src=\"https:\/\/www.ab-party.cz\/wp-content\/uploads\/2015\/07\/Vyt\u00e1p\u011bn\u00ed_1-300x300.jpg\" alt=\"Vyt\u00e1p\u011bn\u00ed p\u00e1rty stanu od AB Party\" title=\"Vyt\u00e1p\u011bn\u00ed p\u00e1rty stanu od AB Party\" class=\"img-responsive\" \/>\n\t\t\t    \t\t<\/a>\n\t\t\t    \t<\/div>\n\t\t\t\t\t<div class=\"col-md-3 col-sm-4 col-xs-6 gallery-item\">\n\t\t\t\t\t\t<a href=\"https:\/\/www.ab-party.cz\/wp-content\/uploads\/2015\/07\/Vyt\u00e1p\u011bn\u00ed_2.jpg\" title=\"Vyt\u00e1p\u011bn\u00ed p\u00e1rty stanu od AB Party\">\n\t\t\t    \t\t\t<img decoding=\"async\" src=\"https:\/\/www.ab-party.cz\/wp-content\/uploads\/2015\/07\/Vyt\u00e1p\u011bn\u00ed_2-300x300.jpg\" alt=\"Vyt\u00e1p\u011bn\u00ed p\u00e1rty stanu od AB Party\" title=\"Vyt\u00e1p\u011bn\u00ed p\u00e1rty stanu od AB Party\" class=\"img-responsive\" \/>\n\t\t\t    \t\t<\/a>\n\t\t\t    \t<\/div>\n\t\t\t\t\t<div class=\"col-md-3 col-sm-4 col-xs-6 gallery-item\">\n\t\t\t\t\t\t<a href=\"https:\/\/www.ab-party.cz\/wp-content\/uploads\/2015\/07\/Vyt\u00e1p\u011bn\u00ed_3.jpg\" title=\"Vyt\u00e1p\u011bn\u00ed party stanu od AB Party\">\n\t\t\t    \t\t\t<img decoding=\"async\" src=\"https:\/\/www.ab-party.cz\/wp-content\/uploads\/2015\/07\/Vyt\u00e1p\u011bn\u00ed_3-300x300.jpg\" alt=\"Vyt\u00e1p\u011bn\u00ed party stanu od AB Party\" title=\"Vyt\u00e1p\u011bn\u00ed party stanu od AB Party\" class=\"img-responsive\" \/>\n\t\t\t    \t\t<\/a>\n\t\t\t    \t<\/div>\n\t\t\t\t\t<div class=\"col-md-3 col-sm-4 col-xs-6 gallery-item\">\n\t\t\t\t\t\t<a href=\"https:\/\/www.ab-party.cz\/wp-content\/uploads\/2015\/07\/Vyt\u00e1p\u011bn\u00ed_4.jpg\" title=\"Vyt\u00e1p\u011bn\u00ed party stanu od AB Party\">\n\t\t\t    \t\t\t<img decoding=\"async\" src=\"https:\/\/www.ab-party.cz\/wp-content\/uploads\/2015\/07\/Vyt\u00e1p\u011bn\u00ed_4-300x300.jpg\" alt=\"Vyt\u00e1p\u011bn\u00ed party stanu od AB Party\" title=\"Vyt\u00e1p\u011bn\u00ed party stanu od AB Party\" class=\"img-responsive\" \/>\n\t\t\t    \t\t<\/a>\n\t\t\t    \t<\/div>\n\t\t\t\t\t<div class=\"col-md-3 col-sm-4 col-xs-6 gallery-item\">\n\t\t\t\t\t\t<a href=\"https:\/\/www.ab-party.cz\/wp-content\/uploads\/2015\/07\/Vyt\u00e1p\u011bn\u00ed_5.jpg\" title=\"Vyt\u00e1p\u011bn\u00ed p\u00e1rty stan\u016f od AB Party\">\n\t\t\t    \t\t\t<img decoding=\"async\" src=\"https:\/\/www.ab-party.cz\/wp-content\/uploads\/2015\/07\/Vyt\u00e1p\u011bn\u00ed_5-300x300.jpg\" alt=\"Vyt\u00e1p\u011bn\u00ed p\u00e1rty stan\u016f od AB Party\" title=\"Vyt\u00e1p\u011bn\u00ed p\u00e1rty stan\u016f od AB Party\" class=\"img-responsive\" \/>\n\t\t\t    \t\t<\/a>\n\t\t\t    \t<\/div>\n\t\t\t\t\t<div class=\"col-md-3 col-sm-4 col-xs-6 gallery-item\">\n\t\t\t\t\t\t<a href=\"https:\/\/www.ab-party.cz\/wp-content\/uploads\/2015\/07\/Vyt\u00e1p\u011bn\u00ed_6.jpg\" title=\"Vyt\u00e1p\u011bn\u00ed party stan\u016f od AB Party\">\n\t\t\t    \t\t\t<img decoding=\"async\" src=\"https:\/\/www.ab-party.cz\/wp-content\/uploads\/2015\/07\/Vyt\u00e1p\u011bn\u00ed_6-300x300.jpg\" alt=\"Vyt\u00e1p\u011bn\u00ed party stan\u016f od AB Party\" title=\"Vyt\u00e1p\u011bn\u00ed party stan\u016f od AB Party\" class=\"img-responsive\" \/>\n\t\t\t    \t\t<\/a>\n\t\t\t    \t<\/div>\n\t\t\t<\/div>\n\t\n\t\t<\/div><\/div>\n<script type='text\/javascript'>\njQuery(document).ready(function($) {\n\t$('.photo-gallery-magnific').magnificPopup({\n\t\tdelegate: 'a',\n\t\ttype: 'image',\n\t\ttLoading: 'Na\u010d\u00edt\u00e1m obr\u00e1zek #%curr%...',\n\t\tmainClass: 'mfp-img-mobile',\n\t\tgallery: {\n\t\t\tenabled: true,\n\t\t\tnavigateByImgClick: true,\n\t\t\ttCounter: '%curr% \/ %total%',\n\t\t\tpreload: [0,1] \/\/ Will preload 0 - before current, and 1 after the current image\n\t\t},\n\t\timage: {\n\t\t\ttError: '<a href=\"%url%\">Obr\u00e1zek #%curr%<\/a> nemohl b\u00fdt na\u010dten.',\n          \ttitleSrc: 'data-title'\n\t\t}\n\t});\n});\n<\/script>\n<\/div>","protected":false},"excerpt":{"rendered":"<p>Nebojte se uspo\u0159\u00e1dat event pro klienty na sn\u011bhu! Stany V\u00e1m vytop\u00edme na velmi p\u0159\u00edjemnou teplotu, tak\u017ee ani mepoc\u00edt\u00edte, \u017ee jste na hor\u00e1ch. Naftov\u00e1 topidla stoj\u00ed vn\u011b stanu (vyt\u00e1p\u011bn\u00e9ho prostoru) a&#8230;<\/p>","protected":false},"author":2,"featured_media":350,"parent":20,"menu_order":40,"comment_status":"open","ping_status":"open","template":"accessories.php","meta":{"_acf_changed":false,"footnotes":""},"class_list":["post-81","page","type-page","status-publish","has-post-thumbnail","hentry"],"acf":[],"yoast_head":"<!-- This site is optimized with the Yoast SEO plugin v25.8 - https:\/\/yoast.com\/wordpress\/plugins\/seo\/ -->\n<title>Vyt\u00e1p\u011bn\u00ed - AB PARTY TENT<\/title>\n<meta name=\"description\" content=\"Vyt\u00e1p\u011bn\u00ed\" \/>\n<meta name=\"robots\" content=\"index, follow, max-snippet:-1, max-image-preview:large, max-video-preview:-1\" \/>\n<link rel=\"canonical\" href=\"https:\/\/www.ab-party.cz\/en\/prislusenstvi\/vytapeni\/\" \/>\n<meta property=\"og:locale\" content=\"en_GB\" \/>\n<meta property=\"og:type\" content=\"article\" \/>\n<meta property=\"og:title\" content=\"Vyt\u00e1p\u011bn\u00ed - AB PARTY TENT\" \/>\n<meta property=\"og:description\" content=\"Vyt\u00e1p\u011bn\u00ed\" \/>\n<meta property=\"og:url\" content=\"https:\/\/www.ab-party.cz\/en\/prislusenstvi\/vytapeni\/\" \/>\n<meta property=\"og:site_name\" content=\"AB Party stany\" \/>\n<meta property=\"article:modified_time\" content=\"2024-01-06T16:53:56+00:00\" \/>\n<meta property=\"og:image\" content=\"https:\/\/www.ab-party.cz\/wp-content\/uploads\/2015\/07\/Vyt\u00e1p\u011bn\u00ed_4.jpg\" \/>\n\t<meta property=\"og:image:width\" content=\"600\" \/>\n\t<meta property=\"og:image:height\" content=\"450\" \/>\n\t<meta property=\"og:image:type\" content=\"image\/jpeg\" \/>\n<meta name=\"twitter:card\" content=\"summary_large_image\" \/>\n<meta name=\"twitter:label1\" content=\"Estimated reading time\" \/>\n\t<meta name=\"twitter:data1\" content=\"1 minute\" \/>\n<script type=\"application\/ld+json\" class=\"yoast-schema-graph\">{\"@context\":\"https:\/\/schema.org\",\"@graph\":[{\"@type\":\"WebPage\",\"@id\":\"https:\/\/www.ab-party.cz\/prislusenstvi\/vytapeni\/\",\"url\":\"https:\/\/www.ab-party.cz\/prislusenstvi\/vytapeni\/\",\"name\":\"Vyt\u00e1p\u011bn\u00ed - AB PARTY TENT\",\"isPartOf\":{\"@id\":\"https:\/\/www.ab-party.cz\/#website\"},\"primaryImageOfPage\":{\"@id\":\"https:\/\/www.ab-party.cz\/prislusenstvi\/vytapeni\/#primaryimage\"},\"image\":{\"@id\":\"https:\/\/www.ab-party.cz\/prislusenstvi\/vytapeni\/#primaryimage\"},\"thumbnailUrl\":\"https:\/\/www.ab-party.cz\/wp-content\/uploads\/2015\/07\/Vyt\u00e1p\u011bn\u00ed_4.jpg\",\"datePublished\":\"2015-07-17T15:26:02+00:00\",\"dateModified\":\"2024-01-06T16:53:56+00:00\",\"description\":\"Vyt\u00e1p\u011bn\u00ed\",\"breadcrumb\":{\"@id\":\"https:\/\/www.ab-party.cz\/prislusenstvi\/vytapeni\/#breadcrumb\"},\"inLanguage\":\"en-GB\",\"potentialAction\":[{\"@type\":\"ReadAction\",\"target\":[\"https:\/\/www.ab-party.cz\/prislusenstvi\/vytapeni\/\"]}]},{\"@type\":\"ImageObject\",\"inLanguage\":\"en-GB\",\"@id\":\"https:\/\/www.ab-party.cz\/prislusenstvi\/vytapeni\/#primaryimage\",\"url\":\"https:\/\/www.ab-party.cz\/wp-content\/uploads\/2015\/07\/Vyt\u00e1p\u011bn\u00ed_4.jpg\",\"contentUrl\":\"https:\/\/www.ab-party.cz\/wp-content\/uploads\/2015\/07\/Vyt\u00e1p\u011bn\u00ed_4.jpg\",\"width\":600,\"height\":450,\"caption\":\"Vyt\u00e1p\u011bn\u00ed party stanu od AB Party\"},{\"@type\":\"BreadcrumbList\",\"@id\":\"https:\/\/www.ab-party.cz\/prislusenstvi\/vytapeni\/#breadcrumb\",\"itemListElement\":[{\"@type\":\"ListItem\",\"position\":1,\"name\":\"Home\",\"item\":\"https:\/\/www.ab-party.cz\/\"},{\"@type\":\"ListItem\",\"position\":2,\"name\":\"P\u0159\u00edslu\u0161enstv\u00ed\",\"item\":\"https:\/\/www.ab-party.cz\/prislusenstvi\/\"},{\"@type\":\"ListItem\",\"position\":3,\"name\":\"Vyt\u00e1p\u011bn\u00ed\"}]},{\"@type\":\"WebSite\",\"@id\":\"https:\/\/www.ab-party.cz\/#website\",\"url\":\"https:\/\/www.ab-party.cz\/\",\"name\":\"AB Party stany\",\"description\":\"\",\"potentialAction\":[{\"@type\":\"SearchAction\",\"target\":{\"@type\":\"EntryPoint\",\"urlTemplate\":\"https:\/\/www.ab-party.cz\/?s={search_term_string}\"},\"query-input\":{\"@type\":\"PropertyValueSpecification\",\"valueRequired\":true,\"valueName\":\"search_term_string\"}}],\"inLanguage\":\"en-GB\"}]}<\/script>\n<!-- \/ Yoast SEO plugin. -->","yoast_head_json":{"title":"Vyt\u00e1p\u011bn\u00ed - AB PARTY TENT","description":"Vyt\u00e1p\u011bn\u00ed","robots":{"index":"index","follow":"follow","max-snippet":"max-snippet:-1","max-image-preview":"max-image-preview:large","max-video-preview":"max-video-preview:-1"},"canonical":"https:\/\/www.ab-party.cz\/en\/prislusenstvi\/vytapeni\/","og_locale":"en_GB","og_type":"article","og_title":"Vyt\u00e1p\u011bn\u00ed - AB PARTY TENT","og_description":"Vyt\u00e1p\u011bn\u00ed","og_url":"https:\/\/www.ab-party.cz\/en\/prislusenstvi\/vytapeni\/","og_site_name":"AB Party stany","article_modified_time":"2024-01-06T16:53:56+00:00","og_image":[{"width":600,"height":450,"url":"https:\/\/www.ab-party.cz\/wp-content\/uploads\/2015\/07\/Vyt\u00e1p\u011bn\u00ed_4.jpg","type":"image\/jpeg"}],"twitter_card":"summary_large_image","twitter_misc":{"Estimated reading time":"1 minute"},"schema":{"@context":"https:\/\/schema.org","@graph":[{"@type":"WebPage","@id":"https:\/\/www.ab-party.cz\/prislusenstvi\/vytapeni\/","url":"https:\/\/www.ab-party.cz\/prislusenstvi\/vytapeni\/","name":"Vyt\u00e1p\u011bn\u00ed - AB PARTY TENT","isPartOf":{"@id":"https:\/\/www.ab-party.cz\/#website"},"primaryImageOfPage":{"@id":"https:\/\/www.ab-party.cz\/prislusenstvi\/vytapeni\/#primaryimage"},"image":{"@id":"https:\/\/www.ab-party.cz\/prislusenstvi\/vytapeni\/#primaryimage"},"thumbnailUrl":"https:\/\/www.ab-party.cz\/wp-content\/uploads\/2015\/07\/Vyt\u00e1p\u011bn\u00ed_4.jpg","datePublished":"2015-07-17T15:26:02+00:00","dateModified":"2024-01-06T16:53:56+00:00","description":"Vyt\u00e1p\u011bn\u00ed","breadcrumb":{"@id":"https:\/\/www.ab-party.cz\/prislusenstvi\/vytapeni\/#breadcrumb"},"inLanguage":"en-GB","potentialAction":[{"@type":"ReadAction","target":["https:\/\/www.ab-party.cz\/prislusenstvi\/vytapeni\/"]}]},{"@type":"ImageObject","inLanguage":"en-GB","@id":"https:\/\/www.ab-party.cz\/prislusenstvi\/vytapeni\/#primaryimage","url":"https:\/\/www.ab-party.cz\/wp-content\/uploads\/2015\/07\/Vyt\u00e1p\u011bn\u00ed_4.jpg","contentUrl":"https:\/\/www.ab-party.cz\/wp-content\/uploads\/2015\/07\/Vyt\u00e1p\u011bn\u00ed_4.jpg","width":600,"height":450,"caption":"Vyt\u00e1p\u011bn\u00ed party stanu od AB Party"},{"@type":"BreadcrumbList","@id":"https:\/\/www.ab-party.cz\/prislusenstvi\/vytapeni\/#breadcrumb","itemListElement":[{"@type":"ListItem","position":1,"name":"Home","item":"https:\/\/www.ab-party.cz\/"},{"@type":"ListItem","position":2,"name":"P\u0159\u00edslu\u0161enstv\u00ed","item":"https:\/\/www.ab-party.cz\/prislusenstvi\/"},{"@type":"ListItem","position":3,"name":"Vyt\u00e1p\u011bn\u00ed"}]},{"@type":"WebSite","@id":"https:\/\/www.ab-party.cz\/#website","url":"https:\/\/www.ab-party.cz\/","name":"AB Party stany","description":"","potentialAction":[{"@type":"SearchAction","target":{"@type":"EntryPoint","urlTemplate":"https:\/\/www.ab-party.cz\/?s={search_term_string}"},"query-input":{"@type":"PropertyValueSpecification","valueRequired":true,"valueName":"search_term_string"}}],"inLanguage":"en-GB"}]}},"_links":{"self":[{"href":"http:\/\/www.ab-party.cz\/en\/wp-json\/wp\/v2\/pages\/81","targetHints":{"allow":["GET"]}}],"collection":[{"href":"http:\/\/www.ab-party.cz\/en\/wp-json\/wp\/v2\/pages"}],"about":[{"href":"http:\/\/www.ab-party.cz\/en\/wp-json\/wp\/v2\/types\/page"}],"author":[{"embeddable":true,"href":"http:\/\/www.ab-party.cz\/en\/wp-json\/wp\/v2\/users\/2"}],"replies":[{"embeddable":true,"href":"http:\/\/www.ab-party.cz\/en\/wp-json\/wp\/v2\/comments?post=81"}],"version-history":[{"count":5,"href":"http:\/\/www.ab-party.cz\/en\/wp-json\/wp\/v2\/pages\/81\/revisions"}],"predecessor-version":[{"id":958,"href":"http:\/\/www.ab-party.cz\/en\/wp-json\/wp\/v2\/pages\/81\/revisions\/958"}],"up":[{"embeddable":true,"href":"http:\/\/www.ab-party.cz\/en\/wp-json\/wp\/v2\/pages\/20"}],"wp:featuredmedia":[{"embeddable":true,"href":"http:\/\/www.ab-party.cz\/en\/wp-json\/wp\/v2\/media\/350"}],"wp:attachment":[{"href":"http:\/\/www.ab-party.cz\/en\/wp-json\/wp\/v2\/media?parent=81"}],"curies":[{"name":"wp","href":"https:\/\/api.w.org\/{rel}","templated":true}]}}