{"id":79,"date":"2015-07-17T15:25:29","date_gmt":"2015-07-17T15:25:29","guid":{"rendered":"http:\/\/ab-party.testverze.cz\/?page_id=79"},"modified":"2017-04-20T09:46:27","modified_gmt":"2017-04-20T09:46:27","slug":"osvetleni-a-ozvuceni","status":"publish","type":"page","link":"http:\/\/www.ab-party.cz\/en\/prislusenstvi\/osvetleni-a-ozvuceni\/","title":{"rendered":"Osv\u011btlen\u00ed a ozvu\u010den\u00ed"},"content":{"rendered":"<div class='wysiwyg'><h3>Osv\u011btlen\u00ed<\/h3>\n<ul>\n<li>Halogenov\u00fd reflektor 500W<\/li>\n<li>PAR 56 kr\u00e1tk\u00e1 nebo dlouh\u00e1 filtry (Eurolite)<\/li>\n<\/ul>\n\t\t\n\t\t<div class=\"row\">\n\t\t\t<div class=\"col-lg-12\">\n\t\t\t\t<div class=\"title-box\">\n\t\t\t\t\t<h2 class=\"gallery-title\"><\/h2>\n\t\t\t\t<\/div>\n\t\t\t\n\t    \t<div class=\"row photo-gallery-magnific\">\n\t\t\t\t\t<div class=\"col-md-3 col-sm-4 col-xs-6 gallery-item\">\n\t\t\t\t\t\t<a href=\"https:\/\/www.ab-party.cz\/wp-content\/uploads\/2015\/07\/Osv\u011btlen\u00ed_1.jpg\" title=\"Osv\u011btlen\u00ed do p\u00e1rty stanu od AB Party\">\n\t\t\t    \t\t\t<img decoding=\"async\" src=\"https:\/\/www.ab-party.cz\/wp-content\/uploads\/2015\/07\/Osv\u011btlen\u00ed_1-300x300.jpg\" alt=\"Osv\u011btlen\u00ed do p\u00e1rty stanu od AB Party\" title=\"Osv\u011btlen\u00ed do p\u00e1rty stanu od AB Party\" class=\"img-responsive\" \/>\n\t\t\t    \t\t<\/a>\n\t\t\t    \t<\/div>\n\t\t\t\t\t<div class=\"col-md-3 col-sm-4 col-xs-6 gallery-item\">\n\t\t\t\t\t\t<a href=\"https:\/\/www.ab-party.cz\/wp-content\/uploads\/2015\/07\/Sn\u00edmek-041.jpg\" title=\"Osv\u011btlen\u00ed do p\u00e1rty stan\u016f od AB Party\">\n\t\t\t    \t\t\t<img decoding=\"async\" src=\"https:\/\/www.ab-party.cz\/wp-content\/uploads\/2015\/07\/Sn\u00edmek-041-300x300.jpg\" alt=\"Osv\u011btlen\u00ed do p\u00e1rty stan\u016f od AB Party\" title=\"Osv\u011btlen\u00ed do p\u00e1rty stan\u016f od AB Party\" class=\"img-responsive\" \/>\n\t\t\t    \t\t<\/a>\n\t\t\t    \t<\/div>\n\t\t\t\t\t<div class=\"col-md-3 col-sm-4 col-xs-6 gallery-item\">\n\t\t\t\t\t\t<a href=\"https:\/\/www.ab-party.cz\/wp-content\/uploads\/2015\/07\/Osv\u011btlen\u00ed_2.jpg\" title=\"Osv\u011btlen\u00ed do p\u00e1rty stanu od AB Party\">\n\t\t\t    \t\t\t<img decoding=\"async\" src=\"https:\/\/www.ab-party.cz\/wp-content\/uploads\/2015\/07\/Osv\u011btlen\u00ed_2-300x300.jpg\" alt=\"Osv\u011btlen\u00ed do p\u00e1rty stanu od AB Party\" title=\"Osv\u011btlen\u00ed do p\u00e1rty stanu od AB Party\" class=\"img-responsive\" \/>\n\t\t\t    \t\t<\/a>\n\t\t\t    \t<\/div>\n\t\t\t\t\t<div class=\"col-md-3 col-sm-4 col-xs-6 gallery-item\">\n\t\t\t\t\t\t<a href=\"https:\/\/www.ab-party.cz\/wp-content\/uploads\/2015\/07\/hala-jako-velik\u00fd-party-stan.jpg\" title=\"Osv\u011btlen\u00ed do p\u00e1rty stan\u016f od AB Party\">\n\t\t\t    \t\t\t<img decoding=\"async\" src=\"https:\/\/www.ab-party.cz\/wp-content\/uploads\/2015\/07\/hala-jako-velik\u00fd-party-stan-300x300.jpg\" alt=\"Osv\u011btlen\u00ed do p\u00e1rty stan\u016f od AB Party\" title=\"Osv\u011btlen\u00ed do p\u00e1rty stan\u016f od AB Party\" class=\"img-responsive\" \/>\n\t\t\t    \t\t<\/a>\n\t\t\t    \t<\/div>\n\t\t\t\t\t<div class=\"col-md-3 col-sm-4 col-xs-6 gallery-item\">\n\t\t\t\t\t\t<a href=\"https:\/\/www.ab-party.cz\/wp-content\/uploads\/2015\/07\/Osv\u011btlen\u00ed_3.jpg\" title=\"Osv\u011btlen\u00ed do party stan\u016f od AB Party\">\n\t\t\t    \t\t\t<img decoding=\"async\" src=\"https:\/\/www.ab-party.cz\/wp-content\/uploads\/2015\/07\/Osv\u011btlen\u00ed_3-300x300.jpg\" alt=\"Osv\u011btlen\u00ed do party stan\u016f od AB Party\" title=\"Osv\u011btlen\u00ed do party stan\u016f od AB Party\" class=\"img-responsive\" \/>\n\t\t\t    \t\t<\/a>\n\t\t\t    \t<\/div>\n\t\t\t\t\t<div class=\"col-md-3 col-sm-4 col-xs-6 gallery-item\">\n\t\t\t\t\t\t<a href=\"https:\/\/www.ab-party.cz\/wp-content\/uploads\/2015\/07\/Osv\u011btlen\u00ed_4.jpg\" title=\"Osv\u011btlen\u00ed do party stan\u016f od AB Party\">\n\t\t\t    \t\t\t<img decoding=\"async\" src=\"https:\/\/www.ab-party.cz\/wp-content\/uploads\/2015\/07\/Osv\u011btlen\u00ed_4-300x300.jpg\" alt=\"Osv\u011btlen\u00ed do party stan\u016f od AB Party\" title=\"Osv\u011btlen\u00ed do party stan\u016f od AB Party\" class=\"img-responsive\" \/>\n\t\t\t    \t\t<\/a>\n\t\t\t    \t<\/div>\n\t\t\t<\/div>\n\t\n\t\t<\/div><\/div>\n<script type='text\/javascript'>\njQuery(document).ready(function($) {\n\t$('.photo-gallery-magnific').magnificPopup({\n\t\tdelegate: 'a',\n\t\ttype: 'image',\n\t\ttLoading: 'Na\u010d\u00edt\u00e1m obr\u00e1zek #%curr%...',\n\t\tmainClass: 'mfp-img-mobile',\n\t\tgallery: {\n\t\t\tenabled: true,\n\t\t\tnavigateByImgClick: true,\n\t\t\ttCounter: '%curr% \/ %total%',\n\t\t\tpreload: [0,1] \/\/ Will preload 0 - before current, and 1 after the current image\n\t\t},\n\t\timage: {\n\t\t\ttError: '<a href=\"%url%\">Obr\u00e1zek #%curr%<\/a> nemohl b\u00fdt na\u010dten.',\n          \ttitleSrc: 'data-title'\n\t\t}\n\t});\n});\n<\/script>\n<p>&nbsp;<\/p>\n<h3>Ozvu\u010den\u00ed<\/h3>\n<p>Zvu\u010d\u00edme tiskov\u00e9 konference, kapely, diskot\u00e9ky, p\u00e1rty a kulturn\u00ed akce. Zvukov\u00e1 aparatura 500 W a\u017e 200 kW.<\/p>\n<ul>\n<li>Mikrofony: bezdr\u00e1tov\u00e9 (handky), zp\u011bvov\u00e9 mikrofony, n\u00e1strojov\u00e9 mikrofony<\/li>\n<li>Zesilova\u010de<\/li>\n<li>Mix\u00e1\u017en\u00ed pulty zvukov\u00e9 &#8211; 16ti stop\u00e9<\/li>\n<li>Mix\u00e1\u017en\u00ed pulty sv\u011bteln\u00e9 &#8211; 24 kan\u00e1lov\u00fd<\/li>\n<li>Scancontroler<\/li>\n<li>Cd p\u0159ehr\u00e1va\u010de apod.<\/li>\n<\/ul>\n\t\t\n\t\t<div class=\"row\">\n\t\t\t<div class=\"col-lg-12\">\n\t\t\t\t<div class=\"title-box\">\n\t\t\t\t\t<h2 class=\"gallery-title\"><\/h2>\n\t\t\t\t<\/div>\n\t\t\t\n\t    \t<div class=\"row photo-gallery-magnific\">\n\t\t\t\t\t<div class=\"col-md-3 col-sm-4 col-xs-6 gallery-item\">\n\t\t\t\t\t\t<a href=\"https:\/\/www.ab-party.cz\/wp-content\/uploads\/2015\/07\/Ozvu\u010den\u00ed_11.jpg\" title=\"Ozvu\u010den\u00ed do party stan\u016f od AB Party\">\n\t\t\t    \t\t\t<img decoding=\"async\" src=\"https:\/\/www.ab-party.cz\/wp-content\/uploads\/2015\/07\/Ozvu\u010den\u00ed_11-300x300.jpg\" alt=\"Ozvu\u010den\u00ed do party stan\u016f od AB Party\" title=\"Ozvu\u010den\u00ed do party stan\u016f od AB Party\" class=\"img-responsive\" \/>\n\t\t\t    \t\t<\/a>\n\t\t\t    \t<\/div>\n\t\t\t\t\t<div class=\"col-md-3 col-sm-4 col-xs-6 gallery-item\">\n\t\t\t\t\t\t<a href=\"https:\/\/www.ab-party.cz\/wp-content\/uploads\/2015\/07\/Ozvu\u010den\u00ed_21.jpg\" title=\"Ozvu\u010den\u00ed do party stanu od AB Party\">\n\t\t\t    \t\t\t<img decoding=\"async\" src=\"https:\/\/www.ab-party.cz\/wp-content\/uploads\/2015\/07\/Ozvu\u010den\u00ed_21-300x300.jpg\" alt=\"Ozvu\u010den\u00ed do party stanu od AB Party\" title=\"Ozvu\u010den\u00ed do party stanu od AB Party\" class=\"img-responsive\" \/>\n\t\t\t    \t\t<\/a>\n\t\t\t    \t<\/div>\n\t\t\t\t\t<div class=\"col-md-3 col-sm-4 col-xs-6 gallery-item\">\n\t\t\t\t\t\t<a href=\"https:\/\/www.ab-party.cz\/wp-content\/uploads\/2015\/07\/DSCN1620.jpg\" title=\"Ozvu\u010den\u00ed do p\u00e1rty stanu od AB Party\">\n\t\t\t    \t\t\t<img decoding=\"async\" src=\"https:\/\/www.ab-party.cz\/wp-content\/uploads\/2015\/07\/DSCN1620-300x300.jpg\" alt=\"Ozvu\u010den\u00ed do p\u00e1rty stanu od AB Party\" title=\"Ozvu\u010den\u00ed do p\u00e1rty stanu od AB Party\" class=\"img-responsive\" \/>\n\t\t\t    \t\t<\/a>\n\t\t\t    \t<\/div>\n\t\t\t\t\t<div class=\"col-md-3 col-sm-4 col-xs-6 gallery-item\">\n\t\t\t\t\t\t<a href=\"https:\/\/www.ab-party.cz\/wp-content\/uploads\/2015\/07\/JIN_6724.jpg\" title=\"Ozvu\u010den\u00ed do p\u00e1rty stan\u016f od AB Party\">\n\t\t\t    \t\t\t<img decoding=\"async\" src=\"https:\/\/www.ab-party.cz\/wp-content\/uploads\/2015\/07\/JIN_6724-300x300.jpg\" alt=\"Ozvu\u010den\u00ed do p\u00e1rty stan\u016f od AB Party\" title=\"Ozvu\u010den\u00ed do p\u00e1rty stan\u016f od AB Party\" class=\"img-responsive\" \/>\n\t\t\t    \t\t<\/a>\n\t\t\t    \t<\/div>\n\t\t\t<\/div>\n\t\n\t\t<\/div><\/div>\n<script type='text\/javascript'>\njQuery(document).ready(function($) {\n\t$('.photo-gallery-magnific').magnificPopup({\n\t\tdelegate: 'a',\n\t\ttype: 'image',\n\t\ttLoading: 'Na\u010d\u00edt\u00e1m obr\u00e1zek #%curr%...',\n\t\tmainClass: 'mfp-img-mobile',\n\t\tgallery: {\n\t\t\tenabled: true,\n\t\t\tnavigateByImgClick: true,\n\t\t\ttCounter: '%curr% \/ %total%',\n\t\t\tpreload: [0,1] \/\/ Will preload 0 - before current, and 1 after the current image\n\t\t},\n\t\timage: {\n\t\t\ttError: '<a href=\"%url%\">Obr\u00e1zek #%curr%<\/a> nemohl b\u00fdt na\u010dten.',\n          \ttitleSrc: 'data-title'\n\t\t}\n\t});\n});\n<\/script>\n<p><a href=\"http:\/\/ab-party.testverze.cz\/wp-content\/uploads\/2015\/07\/Ozvu\u010den\u00ed_3.jpg\">\u00a0<\/a><\/p>\n<\/div>","protected":false},"excerpt":{"rendered":"<p>Osv\u011btlen\u00ed Halogenov\u00fd reflektor 500W PAR 56 kr\u00e1tk\u00e1 nebo dlouh\u00e1 filtry (Eurolite) &nbsp; Ozvu\u010den\u00ed Zvu\u010d\u00edme tiskov\u00e9 konference, kapely, diskot\u00e9ky, p\u00e1rty a kulturn\u00ed akce. Zvukov\u00e1 aparatura 500 W a\u017e 200 kW. Mikrofony:&#8230;<\/p>","protected":false},"author":2,"featured_media":528,"parent":20,"menu_order":37,"comment_status":"open","ping_status":"open","template":"accessories.php","meta":{"_acf_changed":false,"footnotes":""},"class_list":["post-79","page","type-page","status-publish","has-post-thumbnail","hentry"],"acf":[],"yoast_head":"<!-- This site is optimized with the Yoast SEO plugin v25.8 - https:\/\/yoast.com\/wordpress\/plugins\/seo\/ -->\n<title>Osv\u011btlen\u00ed a ozvu\u010den\u00ed - AB PARTY TENT<\/title>\n<meta name=\"description\" content=\"Osv\u011btlen\u00ed a ozvu\u010den\u00ed\" \/>\n<meta name=\"robots\" content=\"index, follow, max-snippet:-1, max-image-preview:large, max-video-preview:-1\" \/>\n<link rel=\"canonical\" href=\"https:\/\/www.ab-party.cz\/en\/prislusenstvi\/osvetleni-a-ozvuceni\/\" \/>\n<meta property=\"og:locale\" content=\"en_GB\" \/>\n<meta property=\"og:type\" content=\"article\" \/>\n<meta property=\"og:title\" content=\"Osv\u011btlen\u00ed a ozvu\u010den\u00ed - AB PARTY TENT\" \/>\n<meta property=\"og:description\" content=\"Osv\u011btlen\u00ed a ozvu\u010den\u00ed\" \/>\n<meta property=\"og:url\" content=\"https:\/\/www.ab-party.cz\/en\/prislusenstvi\/osvetleni-a-ozvuceni\/\" \/>\n<meta property=\"og:site_name\" content=\"AB Party stany\" \/>\n<meta property=\"article:modified_time\" content=\"2017-04-20T09:46:27+00:00\" \/>\n<meta property=\"og:image\" content=\"https:\/\/www.ab-party.cz\/wp-content\/uploads\/2015\/07\/Lighting-systems_2.jpg\" \/>\n\t<meta property=\"og:image:width\" content=\"600\" \/>\n\t<meta property=\"og:image:height\" content=\"401\" \/>\n\t<meta property=\"og:image:type\" content=\"image\/jpeg\" \/>\n<meta name=\"twitter:card\" content=\"summary_large_image\" \/>\n<script type=\"application\/ld+json\" class=\"yoast-schema-graph\">{\"@context\":\"https:\/\/schema.org\",\"@graph\":[{\"@type\":\"WebPage\",\"@id\":\"https:\/\/www.ab-party.cz\/prislusenstvi\/osvetleni-a-ozvuceni\/\",\"url\":\"https:\/\/www.ab-party.cz\/prislusenstvi\/osvetleni-a-ozvuceni\/\",\"name\":\"Osv\u011btlen\u00ed a ozvu\u010den\u00ed - AB PARTY TENT\",\"isPartOf\":{\"@id\":\"https:\/\/www.ab-party.cz\/#website\"},\"primaryImageOfPage\":{\"@id\":\"https:\/\/www.ab-party.cz\/prislusenstvi\/osvetleni-a-ozvuceni\/#primaryimage\"},\"image\":{\"@id\":\"https:\/\/www.ab-party.cz\/prislusenstvi\/osvetleni-a-ozvuceni\/#primaryimage\"},\"thumbnailUrl\":\"https:\/\/www.ab-party.cz\/wp-content\/uploads\/2015\/07\/Lighting-systems_2.jpg\",\"datePublished\":\"2015-07-17T15:25:29+00:00\",\"dateModified\":\"2017-04-20T09:46:27+00:00\",\"description\":\"Osv\u011btlen\u00ed a ozvu\u010den\u00ed\",\"breadcrumb\":{\"@id\":\"https:\/\/www.ab-party.cz\/prislusenstvi\/osvetleni-a-ozvuceni\/#breadcrumb\"},\"inLanguage\":\"en-GB\",\"potentialAction\":[{\"@type\":\"ReadAction\",\"target\":[\"https:\/\/www.ab-party.cz\/prislusenstvi\/osvetleni-a-ozvuceni\/\"]}]},{\"@type\":\"ImageObject\",\"inLanguage\":\"en-GB\",\"@id\":\"https:\/\/www.ab-party.cz\/prislusenstvi\/osvetleni-a-ozvuceni\/#primaryimage\",\"url\":\"https:\/\/www.ab-party.cz\/wp-content\/uploads\/2015\/07\/Lighting-systems_2.jpg\",\"contentUrl\":\"https:\/\/www.ab-party.cz\/wp-content\/uploads\/2015\/07\/Lighting-systems_2.jpg\",\"width\":600,\"height\":401},{\"@type\":\"BreadcrumbList\",\"@id\":\"https:\/\/www.ab-party.cz\/prislusenstvi\/osvetleni-a-ozvuceni\/#breadcrumb\",\"itemListElement\":[{\"@type\":\"ListItem\",\"position\":1,\"name\":\"Home\",\"item\":\"https:\/\/www.ab-party.cz\/\"},{\"@type\":\"ListItem\",\"position\":2,\"name\":\"P\u0159\u00edslu\u0161enstv\u00ed\",\"item\":\"https:\/\/www.ab-party.cz\/prislusenstvi\/\"},{\"@type\":\"ListItem\",\"position\":3,\"name\":\"Osv\u011btlen\u00ed a ozvu\u010den\u00ed\"}]},{\"@type\":\"WebSite\",\"@id\":\"https:\/\/www.ab-party.cz\/#website\",\"url\":\"https:\/\/www.ab-party.cz\/\",\"name\":\"AB Party stany\",\"description\":\"\",\"potentialAction\":[{\"@type\":\"SearchAction\",\"target\":{\"@type\":\"EntryPoint\",\"urlTemplate\":\"https:\/\/www.ab-party.cz\/?s={search_term_string}\"},\"query-input\":{\"@type\":\"PropertyValueSpecification\",\"valueRequired\":true,\"valueName\":\"search_term_string\"}}],\"inLanguage\":\"en-GB\"}]}<\/script>\n<!-- \/ Yoast SEO plugin. -->","yoast_head_json":{"title":"Osv\u011btlen\u00ed a ozvu\u010den\u00ed - AB PARTY TENT","description":"Osv\u011btlen\u00ed a ozvu\u010den\u00ed","robots":{"index":"index","follow":"follow","max-snippet":"max-snippet:-1","max-image-preview":"max-image-preview:large","max-video-preview":"max-video-preview:-1"},"canonical":"https:\/\/www.ab-party.cz\/en\/prislusenstvi\/osvetleni-a-ozvuceni\/","og_locale":"en_GB","og_type":"article","og_title":"Osv\u011btlen\u00ed a ozvu\u010den\u00ed - AB PARTY TENT","og_description":"Osv\u011btlen\u00ed a ozvu\u010den\u00ed","og_url":"https:\/\/www.ab-party.cz\/en\/prislusenstvi\/osvetleni-a-ozvuceni\/","og_site_name":"AB Party stany","article_modified_time":"2017-04-20T09:46:27+00:00","og_image":[{"width":600,"height":401,"url":"https:\/\/www.ab-party.cz\/wp-content\/uploads\/2015\/07\/Lighting-systems_2.jpg","type":"image\/jpeg"}],"twitter_card":"summary_large_image","schema":{"@context":"https:\/\/schema.org","@graph":[{"@type":"WebPage","@id":"https:\/\/www.ab-party.cz\/prislusenstvi\/osvetleni-a-ozvuceni\/","url":"https:\/\/www.ab-party.cz\/prislusenstvi\/osvetleni-a-ozvuceni\/","name":"Osv\u011btlen\u00ed a ozvu\u010den\u00ed - AB PARTY TENT","isPartOf":{"@id":"https:\/\/www.ab-party.cz\/#website"},"primaryImageOfPage":{"@id":"https:\/\/www.ab-party.cz\/prislusenstvi\/osvetleni-a-ozvuceni\/#primaryimage"},"image":{"@id":"https:\/\/www.ab-party.cz\/prislusenstvi\/osvetleni-a-ozvuceni\/#primaryimage"},"thumbnailUrl":"https:\/\/www.ab-party.cz\/wp-content\/uploads\/2015\/07\/Lighting-systems_2.jpg","datePublished":"2015-07-17T15:25:29+00:00","dateModified":"2017-04-20T09:46:27+00:00","description":"Osv\u011btlen\u00ed a ozvu\u010den\u00ed","breadcrumb":{"@id":"https:\/\/www.ab-party.cz\/prislusenstvi\/osvetleni-a-ozvuceni\/#breadcrumb"},"inLanguage":"en-GB","potentialAction":[{"@type":"ReadAction","target":["https:\/\/www.ab-party.cz\/prislusenstvi\/osvetleni-a-ozvuceni\/"]}]},{"@type":"ImageObject","inLanguage":"en-GB","@id":"https:\/\/www.ab-party.cz\/prislusenstvi\/osvetleni-a-ozvuceni\/#primaryimage","url":"https:\/\/www.ab-party.cz\/wp-content\/uploads\/2015\/07\/Lighting-systems_2.jpg","contentUrl":"https:\/\/www.ab-party.cz\/wp-content\/uploads\/2015\/07\/Lighting-systems_2.jpg","width":600,"height":401},{"@type":"BreadcrumbList","@id":"https:\/\/www.ab-party.cz\/prislusenstvi\/osvetleni-a-ozvuceni\/#breadcrumb","itemListElement":[{"@type":"ListItem","position":1,"name":"Home","item":"https:\/\/www.ab-party.cz\/"},{"@type":"ListItem","position":2,"name":"P\u0159\u00edslu\u0161enstv\u00ed","item":"https:\/\/www.ab-party.cz\/prislusenstvi\/"},{"@type":"ListItem","position":3,"name":"Osv\u011btlen\u00ed a ozvu\u010den\u00ed"}]},{"@type":"WebSite","@id":"https:\/\/www.ab-party.cz\/#website","url":"https:\/\/www.ab-party.cz\/","name":"AB Party stany","description":"","potentialAction":[{"@type":"SearchAction","target":{"@type":"EntryPoint","urlTemplate":"https:\/\/www.ab-party.cz\/?s={search_term_string}"},"query-input":{"@type":"PropertyValueSpecification","valueRequired":true,"valueName":"search_term_string"}}],"inLanguage":"en-GB"}]}},"_links":{"self":[{"href":"http:\/\/www.ab-party.cz\/en\/wp-json\/wp\/v2\/pages\/79","targetHints":{"allow":["GET"]}}],"collection":[{"href":"http:\/\/www.ab-party.cz\/en\/wp-json\/wp\/v2\/pages"}],"about":[{"href":"http:\/\/www.ab-party.cz\/en\/wp-json\/wp\/v2\/types\/page"}],"author":[{"embeddable":true,"href":"http:\/\/www.ab-party.cz\/en\/wp-json\/wp\/v2\/users\/2"}],"replies":[{"embeddable":true,"href":"http:\/\/www.ab-party.cz\/en\/wp-json\/wp\/v2\/comments?post=79"}],"version-history":[{"count":10,"href":"http:\/\/www.ab-party.cz\/en\/wp-json\/wp\/v2\/pages\/79\/revisions"}],"predecessor-version":[{"id":713,"href":"http:\/\/www.ab-party.cz\/en\/wp-json\/wp\/v2\/pages\/79\/revisions\/713"}],"up":[{"embeddable":true,"href":"http:\/\/www.ab-party.cz\/en\/wp-json\/wp\/v2\/pages\/20"}],"wp:featuredmedia":[{"embeddable":true,"href":"http:\/\/www.ab-party.cz\/en\/wp-json\/wp\/v2\/media\/528"}],"wp:attachment":[{"href":"http:\/\/www.ab-party.cz\/en\/wp-json\/wp\/v2\/media?parent=79"}],"curies":[{"name":"wp","href":"https:\/\/api.w.org\/{rel}","templated":true}]}}