{"id":76,"date":"2015-07-17T15:24:31","date_gmt":"2015-07-17T15:24:31","guid":{"rendered":"http:\/\/ab-party.testverze.cz\/?page_id=76"},"modified":"2017-09-27T10:03:03","modified_gmt":"2017-09-27T10:03:03","slug":"podlahy-a-koberce","status":"publish","type":"page","link":"http:\/\/www.ab-party.cz\/en\/prislusenstvi\/podlahy-a-koberce\/","title":{"rendered":"Podlahy a koberce"},"content":{"rendered":"<div class='wysiwyg'><p>Ke v\u0161em nab\u00edzen\u00fdm <a href=\"https:\/\/www.ab-party.cz\/en\/party-stany\/\">party stan\u016fm<\/a> dod\u00e1v\u00e1me tak\u00e9 palubkov\u00e9, mo\u0159en\u00e9 a lakovan\u00e9 podlahy.V p\u0159\u00edpad\u011b Va\u0161eho z\u00e1jmu pokl\u00e1d\u00e1me do stan\u016f i plovouc\u00ed podlahy. Podlaha je polo\u017eena na ocelov\u00e9m p\u0159\u00edhradov\u00e9m ro\u0161tu, kter\u00fd zaji\u0161\u0165uje jej\u00ed tuhost a rovinu. Podlahy je mo\u017en\u00e9 stav\u011bt i ve svahu.<\/p>\n<p>Do stan\u016f dod\u00e1v\u00e1me koberce zna\u010dky Rewexpo nebo Bonanza na jutov\u00e9m \u010di p\u011bnov\u00e9m podkladu. Barvu si vol\u00ed z\u00e1kazn\u00edk dle vzorn\u00edku.<\/p>\n\t\t\n\t\t<div class=\"row\">\n\t\t\t<div class=\"col-lg-12\">\n\t\t\t\t<div class=\"title-box\">\n\t\t\t\t\t<h2 class=\"gallery-title\"><\/h2>\n\t\t\t\t<\/div>\n\t\t\t\n\t    \t<div class=\"row photo-gallery-magnific\">\n\t\t\t\t\t<div class=\"col-md-3 col-sm-4 col-xs-6 gallery-item\">\n\t\t\t\t\t\t<a href=\"https:\/\/www.ab-party.cz\/wp-content\/uploads\/2015\/07\/WP_000702.jpg\" title=\"Podlaha do p\u00e1rty stanu od AB Party\">\n\t\t\t    \t\t\t<img decoding=\"async\" src=\"https:\/\/www.ab-party.cz\/wp-content\/uploads\/2015\/07\/WP_000702-300x300.jpg\" alt=\"Podlaha do p\u00e1rty stanu od AB Party\" title=\"Podlaha do p\u00e1rty stanu od AB Party\" class=\"img-responsive\" \/>\n\t\t\t    \t\t<\/a>\n\t\t\t    \t<\/div>\n\t\t\t\t\t<div class=\"col-md-3 col-sm-4 col-xs-6 gallery-item\">\n\t\t\t\t\t\t<a href=\"https:\/\/www.ab-party.cz\/wp-content\/uploads\/2015\/07\/DSCN1616.jpg\" title=\"Podlaha do p\u00e1rty stanu od AB Party\">\n\t\t\t    \t\t\t<img decoding=\"async\" src=\"https:\/\/www.ab-party.cz\/wp-content\/uploads\/2015\/07\/DSCN1616-300x300.jpg\" alt=\"Podlaha do p\u00e1rty stanu od AB Party\" title=\"Podlaha do p\u00e1rty stanu od AB Party\" class=\"img-responsive\" \/>\n\t\t\t    \t\t<\/a>\n\t\t\t    \t<\/div>\n\t\t\t\t\t<div class=\"col-md-3 col-sm-4 col-xs-6 gallery-item\">\n\t\t\t\t\t\t<a href=\"https:\/\/www.ab-party.cz\/wp-content\/uploads\/2015\/07\/IMG_2090.jpg\" title=\"Podlahy do p\u00e1rty stan\u016f od AB Party\">\n\t\t\t    \t\t\t<img decoding=\"async\" src=\"https:\/\/www.ab-party.cz\/wp-content\/uploads\/2015\/07\/IMG_2090-300x300.jpg\" alt=\"Podlahy do p\u00e1rty stan\u016f od AB Party\" title=\"Podlahy do p\u00e1rty stan\u016f od AB Party\" class=\"img-responsive\" \/>\n\t\t\t    \t\t<\/a>\n\t\t\t    \t<\/div>\n\t\t\t\t\t<div class=\"col-md-3 col-sm-4 col-xs-6 gallery-item\">\n\t\t\t\t\t\t<a href=\"https:\/\/www.ab-party.cz\/wp-content\/uploads\/2015\/07\/IMG_20140928_155127.jpg\" title=\"Podlahy do p\u00e1rty stan\u016f od AB Party\">\n\t\t\t    \t\t\t<img decoding=\"async\" src=\"https:\/\/www.ab-party.cz\/wp-content\/uploads\/2015\/07\/IMG_20140928_155127-300x300.jpg\" alt=\"Podlahy do p\u00e1rty stan\u016f od AB Party\" title=\"Podlahy do p\u00e1rty stan\u016f od AB Party\" class=\"img-responsive\" \/>\n\t\t\t    \t\t<\/a>\n\t\t\t    \t<\/div>\n\t\t\t\t\t<div class=\"col-md-3 col-sm-4 col-xs-6 gallery-item\">\n\t\t\t\t\t\t<a href=\"https:\/\/www.ab-party.cz\/wp-content\/uploads\/2015\/07\/20150604_163630.jpg\" title=\"Podlaha do party stanu od AB Party\">\n\t\t\t    \t\t\t<img decoding=\"async\" src=\"https:\/\/www.ab-party.cz\/wp-content\/uploads\/2015\/07\/20150604_163630-300x300.jpg\" alt=\"Podlaha do party stanu od AB Party\" title=\"Podlaha do party stanu od AB Party\" class=\"img-responsive\" \/>\n\t\t\t    \t\t<\/a>\n\t\t\t    \t<\/div>\n\t\t\t\t\t<div class=\"col-md-3 col-sm-4 col-xs-6 gallery-item\">\n\t\t\t\t\t\t<a href=\"https:\/\/www.ab-party.cz\/wp-content\/uploads\/2015\/07\/Podlahy-a-koberce_11.jpg\" title=\"Podlaha do party stanu od AB Party\">\n\t\t\t    \t\t\t<img decoding=\"async\" src=\"https:\/\/www.ab-party.cz\/wp-content\/uploads\/2015\/07\/Podlahy-a-koberce_11-300x300.jpg\" alt=\"Podlaha do party stanu od AB Party\" title=\"Podlaha do party stanu od AB Party\" class=\"img-responsive\" \/>\n\t\t\t    \t\t<\/a>\n\t\t\t    \t<\/div>\n\t\t\t\t\t<div class=\"col-md-3 col-sm-4 col-xs-6 gallery-item\">\n\t\t\t\t\t\t<a href=\"https:\/\/www.ab-party.cz\/wp-content\/uploads\/2015\/07\/Podlahy-a-koberce_31.jpg\" title=\"Podlahy do party stan\u016f od AB Party\">\n\t\t\t    \t\t\t<img decoding=\"async\" src=\"https:\/\/www.ab-party.cz\/wp-content\/uploads\/2015\/07\/Podlahy-a-koberce_31-300x300.jpg\" alt=\"Podlahy do party stan\u016f od AB Party\" title=\"Podlahy do party stan\u016f od AB Party\" class=\"img-responsive\" \/>\n\t\t\t    \t\t<\/a>\n\t\t\t    \t<\/div>\n\t\t\t\t\t<div class=\"col-md-3 col-sm-4 col-xs-6 gallery-item\">\n\t\t\t\t\t\t<a href=\"https:\/\/www.ab-party.cz\/wp-content\/uploads\/2015\/07\/Podlahy-a-koberce_51.jpg\" title=\"Podlahy do party stan\u016f od AB Party\">\n\t\t\t    \t\t\t<img decoding=\"async\" src=\"https:\/\/www.ab-party.cz\/wp-content\/uploads\/2015\/07\/Podlahy-a-koberce_51-300x300.jpg\" alt=\"Podlahy do party stan\u016f od AB Party\" title=\"Podlahy do party stan\u016f od AB Party\" class=\"img-responsive\" \/>\n\t\t\t    \t\t<\/a>\n\t\t\t    \t<\/div>\n\t\t\t<\/div>\n\t\n\t\t<\/div><\/div>\n<script type='text\/javascript'>\njQuery(document).ready(function($) {\n\t$('.photo-gallery-magnific').magnificPopup({\n\t\tdelegate: 'a',\n\t\ttype: 'image',\n\t\ttLoading: 'Na\u010d\u00edt\u00e1m obr\u00e1zek #%curr%...',\n\t\tmainClass: 'mfp-img-mobile',\n\t\tgallery: {\n\t\t\tenabled: true,\n\t\t\tnavigateByImgClick: true,\n\t\t\ttCounter: '%curr% \/ %total%',\n\t\t\tpreload: [0,1] \/\/ Will preload 0 - before current, and 1 after the current image\n\t\t},\n\t\timage: {\n\t\t\ttError: '<a href=\"%url%\">Obr\u00e1zek #%curr%<\/a> nemohl b\u00fdt na\u010dten.',\n          \ttitleSrc: 'data-title'\n\t\t}\n\t});\n});\n<\/script>\n<\/div>","protected":false},"excerpt":{"rendered":"<p>Ke v\u0161em nab\u00edzen\u00fdm party stan\u016fm dod\u00e1v\u00e1me tak\u00e9 palubkov\u00e9, mo\u0159en\u00e9 a lakovan\u00e9 podlahy.V p\u0159\u00edpad\u011b Va\u0161eho z\u00e1jmu pokl\u00e1d\u00e1me do stan\u016f i plovouc\u00ed podlahy. Podlaha je polo\u017eena na ocelov\u00e9m p\u0159\u00edhradov\u00e9m ro\u0161tu, kter\u00fd zaji\u0161\u0165uje&#8230;<\/p>","protected":false},"author":2,"featured_media":678,"parent":20,"menu_order":36,"comment_status":"open","ping_status":"open","template":"accessories.php","meta":{"_acf_changed":false,"footnotes":""},"class_list":["post-76","page","type-page","status-publish","has-post-thumbnail","hentry"],"acf":[],"yoast_head":"<!-- This site is optimized with the Yoast SEO plugin v25.8 - https:\/\/yoast.com\/wordpress\/plugins\/seo\/ -->\n<title>Podlahy a koberce - AB PARTY TENT<\/title>\n<meta name=\"description\" content=\"Podlahy a koberce\" \/>\n<meta name=\"robots\" content=\"index, follow, max-snippet:-1, max-image-preview:large, max-video-preview:-1\" \/>\n<link rel=\"canonical\" href=\"https:\/\/www.ab-party.cz\/en\/prislusenstvi\/podlahy-a-koberce\/\" \/>\n<meta property=\"og:locale\" content=\"en_GB\" \/>\n<meta property=\"og:type\" content=\"article\" \/>\n<meta property=\"og:title\" content=\"Podlahy a koberce - AB PARTY TENT\" \/>\n<meta property=\"og:description\" content=\"Podlahy a koberce\" \/>\n<meta property=\"og:url\" content=\"https:\/\/www.ab-party.cz\/en\/prislusenstvi\/podlahy-a-koberce\/\" \/>\n<meta property=\"og:site_name\" content=\"AB Party stany\" \/>\n<meta property=\"article:modified_time\" content=\"2017-09-27T10:03:03+00:00\" \/>\n<meta property=\"og:image\" content=\"https:\/\/www.ab-party.cz\/wp-content\/uploads\/2015\/07\/WP_000702.jpg\" \/>\n\t<meta property=\"og:image:width\" content=\"3264\" \/>\n\t<meta property=\"og:image:height\" content=\"2448\" \/>\n\t<meta property=\"og:image:type\" content=\"image\/jpeg\" \/>\n<meta name=\"twitter:card\" content=\"summary_large_image\" \/>\n<script type=\"application\/ld+json\" class=\"yoast-schema-graph\">{\"@context\":\"https:\/\/schema.org\",\"@graph\":[{\"@type\":\"WebPage\",\"@id\":\"https:\/\/www.ab-party.cz\/prislusenstvi\/podlahy-a-koberce\/\",\"url\":\"https:\/\/www.ab-party.cz\/prislusenstvi\/podlahy-a-koberce\/\",\"name\":\"Podlahy a koberce - AB PARTY TENT\",\"isPartOf\":{\"@id\":\"https:\/\/www.ab-party.cz\/#website\"},\"primaryImageOfPage\":{\"@id\":\"https:\/\/www.ab-party.cz\/prislusenstvi\/podlahy-a-koberce\/#primaryimage\"},\"image\":{\"@id\":\"https:\/\/www.ab-party.cz\/prislusenstvi\/podlahy-a-koberce\/#primaryimage\"},\"thumbnailUrl\":\"https:\/\/www.ab-party.cz\/wp-content\/uploads\/2015\/07\/WP_000702.jpg\",\"datePublished\":\"2015-07-17T15:24:31+00:00\",\"dateModified\":\"2017-09-27T10:03:03+00:00\",\"description\":\"Podlahy a koberce\",\"breadcrumb\":{\"@id\":\"https:\/\/www.ab-party.cz\/prislusenstvi\/podlahy-a-koberce\/#breadcrumb\"},\"inLanguage\":\"en-GB\",\"potentialAction\":[{\"@type\":\"ReadAction\",\"target\":[\"https:\/\/www.ab-party.cz\/prislusenstvi\/podlahy-a-koberce\/\"]}]},{\"@type\":\"ImageObject\",\"inLanguage\":\"en-GB\",\"@id\":\"https:\/\/www.ab-party.cz\/prislusenstvi\/podlahy-a-koberce\/#primaryimage\",\"url\":\"https:\/\/www.ab-party.cz\/wp-content\/uploads\/2015\/07\/WP_000702.jpg\",\"contentUrl\":\"https:\/\/www.ab-party.cz\/wp-content\/uploads\/2015\/07\/WP_000702.jpg\",\"width\":3264,\"height\":2448,\"caption\":\"Podlaha do p\u00e1rty stanu od AB Party\"},{\"@type\":\"BreadcrumbList\",\"@id\":\"https:\/\/www.ab-party.cz\/prislusenstvi\/podlahy-a-koberce\/#breadcrumb\",\"itemListElement\":[{\"@type\":\"ListItem\",\"position\":1,\"name\":\"Home\",\"item\":\"https:\/\/www.ab-party.cz\/\"},{\"@type\":\"ListItem\",\"position\":2,\"name\":\"P\u0159\u00edslu\u0161enstv\u00ed\",\"item\":\"https:\/\/www.ab-party.cz\/prislusenstvi\/\"},{\"@type\":\"ListItem\",\"position\":3,\"name\":\"Podlahy a koberce\"}]},{\"@type\":\"WebSite\",\"@id\":\"https:\/\/www.ab-party.cz\/#website\",\"url\":\"https:\/\/www.ab-party.cz\/\",\"name\":\"AB Party stany\",\"description\":\"\",\"potentialAction\":[{\"@type\":\"SearchAction\",\"target\":{\"@type\":\"EntryPoint\",\"urlTemplate\":\"https:\/\/www.ab-party.cz\/?s={search_term_string}\"},\"query-input\":{\"@type\":\"PropertyValueSpecification\",\"valueRequired\":true,\"valueName\":\"search_term_string\"}}],\"inLanguage\":\"en-GB\"}]}<\/script>\n<!-- \/ Yoast SEO plugin. -->","yoast_head_json":{"title":"Podlahy a koberce - AB PARTY TENT","description":"Podlahy a koberce","robots":{"index":"index","follow":"follow","max-snippet":"max-snippet:-1","max-image-preview":"max-image-preview:large","max-video-preview":"max-video-preview:-1"},"canonical":"https:\/\/www.ab-party.cz\/en\/prislusenstvi\/podlahy-a-koberce\/","og_locale":"en_GB","og_type":"article","og_title":"Podlahy a koberce - AB PARTY TENT","og_description":"Podlahy a koberce","og_url":"https:\/\/www.ab-party.cz\/en\/prislusenstvi\/podlahy-a-koberce\/","og_site_name":"AB Party stany","article_modified_time":"2017-09-27T10:03:03+00:00","og_image":[{"width":3264,"height":2448,"url":"https:\/\/www.ab-party.cz\/wp-content\/uploads\/2015\/07\/WP_000702.jpg","type":"image\/jpeg"}],"twitter_card":"summary_large_image","schema":{"@context":"https:\/\/schema.org","@graph":[{"@type":"WebPage","@id":"https:\/\/www.ab-party.cz\/prislusenstvi\/podlahy-a-koberce\/","url":"https:\/\/www.ab-party.cz\/prislusenstvi\/podlahy-a-koberce\/","name":"Podlahy a koberce - AB PARTY TENT","isPartOf":{"@id":"https:\/\/www.ab-party.cz\/#website"},"primaryImageOfPage":{"@id":"https:\/\/www.ab-party.cz\/prislusenstvi\/podlahy-a-koberce\/#primaryimage"},"image":{"@id":"https:\/\/www.ab-party.cz\/prislusenstvi\/podlahy-a-koberce\/#primaryimage"},"thumbnailUrl":"https:\/\/www.ab-party.cz\/wp-content\/uploads\/2015\/07\/WP_000702.jpg","datePublished":"2015-07-17T15:24:31+00:00","dateModified":"2017-09-27T10:03:03+00:00","description":"Podlahy a koberce","breadcrumb":{"@id":"https:\/\/www.ab-party.cz\/prislusenstvi\/podlahy-a-koberce\/#breadcrumb"},"inLanguage":"en-GB","potentialAction":[{"@type":"ReadAction","target":["https:\/\/www.ab-party.cz\/prislusenstvi\/podlahy-a-koberce\/"]}]},{"@type":"ImageObject","inLanguage":"en-GB","@id":"https:\/\/www.ab-party.cz\/prislusenstvi\/podlahy-a-koberce\/#primaryimage","url":"https:\/\/www.ab-party.cz\/wp-content\/uploads\/2015\/07\/WP_000702.jpg","contentUrl":"https:\/\/www.ab-party.cz\/wp-content\/uploads\/2015\/07\/WP_000702.jpg","width":3264,"height":2448,"caption":"Podlaha do p\u00e1rty stanu od AB Party"},{"@type":"BreadcrumbList","@id":"https:\/\/www.ab-party.cz\/prislusenstvi\/podlahy-a-koberce\/#breadcrumb","itemListElement":[{"@type":"ListItem","position":1,"name":"Home","item":"https:\/\/www.ab-party.cz\/"},{"@type":"ListItem","position":2,"name":"P\u0159\u00edslu\u0161enstv\u00ed","item":"https:\/\/www.ab-party.cz\/prislusenstvi\/"},{"@type":"ListItem","position":3,"name":"Podlahy a koberce"}]},{"@type":"WebSite","@id":"https:\/\/www.ab-party.cz\/#website","url":"https:\/\/www.ab-party.cz\/","name":"AB Party stany","description":"","potentialAction":[{"@type":"SearchAction","target":{"@type":"EntryPoint","urlTemplate":"https:\/\/www.ab-party.cz\/?s={search_term_string}"},"query-input":{"@type":"PropertyValueSpecification","valueRequired":true,"valueName":"search_term_string"}}],"inLanguage":"en-GB"}]}},"_links":{"self":[{"href":"http:\/\/www.ab-party.cz\/en\/wp-json\/wp\/v2\/pages\/76","targetHints":{"allow":["GET"]}}],"collection":[{"href":"http:\/\/www.ab-party.cz\/en\/wp-json\/wp\/v2\/pages"}],"about":[{"href":"http:\/\/www.ab-party.cz\/en\/wp-json\/wp\/v2\/types\/page"}],"author":[{"embeddable":true,"href":"http:\/\/www.ab-party.cz\/en\/wp-json\/wp\/v2\/users\/2"}],"replies":[{"embeddable":true,"href":"http:\/\/www.ab-party.cz\/en\/wp-json\/wp\/v2\/comments?post=76"}],"version-history":[{"count":8,"href":"http:\/\/www.ab-party.cz\/en\/wp-json\/wp\/v2\/pages\/76\/revisions"}],"predecessor-version":[{"id":824,"href":"http:\/\/www.ab-party.cz\/en\/wp-json\/wp\/v2\/pages\/76\/revisions\/824"}],"up":[{"embeddable":true,"href":"http:\/\/www.ab-party.cz\/en\/wp-json\/wp\/v2\/pages\/20"}],"wp:featuredmedia":[{"embeddable":true,"href":"http:\/\/www.ab-party.cz\/en\/wp-json\/wp\/v2\/media\/678"}],"wp:attachment":[{"href":"http:\/\/www.ab-party.cz\/en\/wp-json\/wp\/v2\/media?parent=76"}],"curies":[{"name":"wp","href":"https:\/\/api.w.org\/{rel}","templated":true}]}}