{"id":24,"date":"2015-06-20T13:08:13","date_gmt":"2015-06-20T13:08:13","guid":{"rendered":"http:\/\/ab-party.testverze.cz\/?page_id=24"},"modified":"2017-09-27T10:01:24","modified_gmt":"2017-09-27T10:01:24","slug":"stoly-zidle-nabytek","status":"publish","type":"page","link":"http:\/\/www.ab-party.cz\/en\/prislusenstvi\/stoly-zidle-nabytek\/","title":{"rendered":"Stoly, \u017eidle, n\u00e1bytek"},"content":{"rendered":"<div class='wysiwyg'><p>Do p\u0159\u00edslu\u0161enstv\u00ed, kter\u00e9 nab\u00edz\u00edme, pat\u0159\u00ed tak\u00e9 n\u00e1bytek, kdy si m\u016f\u017eete vybrat z n\u011bkolika variant a pro perfektn\u00ed v\u00fdsledn\u00fd dojem je doplnit <a href=\"https:\/\/www.ab-party.cz\/en\/prislusenstvi\/dekorace-a-vyzdoba\/\">dekoracemi<\/a>.<\/p>\n<h3>Druhy \u017eidl\u00ed:<\/h3>\n<ul>\n<li>Plastov\u00e1<\/li>\n<li>Polstrovan\u00e1<\/li>\n<li>Barov\u00e1<\/li>\n<li>Pl\u00e1\u017eov\u00e9 leh\u00e1tko<\/li>\n<\/ul>\n<h3>Druhy stol\u016f:<\/h3>\n<ul>\n<li>Pr\u016fm\u011br 90 cm &#8211; plast,<\/li>\n<li>Pr\u016fm\u011br 90 &#8211; 175 cm &#8211; buk,<\/li>\n<li>Pr\u016fm\u011br 90 &#8211; 175 cm &#8211; pep\u0159 a s\u016fl,<\/li>\n<li>bistro stolek pr\u016fm\u011br 60 &#8211; 80\u00a0cm &#8211; buk.<\/li>\n<\/ul>\n<h3>Ostatn\u00ed p\u0159\u00edslu\u0161enstv\u00ed<\/h3>\n<ul>\n<li>Pivn\u00ed sady<\/li>\n<li>Slune\u010dn\u00edky<\/li>\n<li>\u0160atn\u00ed v\u011b\u0161\u00e1ky &#8211; hrazda + ram\u00ednka<\/li>\n<li>Odpadkov\u00e9 ko\u0161e a popeln\u00edkov\u00e9 ko\u0161e<\/li>\n<\/ul>\n\t\t\n\t\t<div class=\"row\">\n\t\t\t<div class=\"col-lg-12\">\n\t\t\t\t<div class=\"title-box\">\n\t\t\t\t\t<h2 class=\"gallery-title\"><\/h2>\n\t\t\t\t<\/div>\n\t\t\t\n\t    \t<div class=\"row photo-gallery-magnific\">\n\t\t\t\t\t<div class=\"col-md-3 col-sm-4 col-xs-6 gallery-item\">\n\t\t\t\t\t\t<a href=\"https:\/\/www.ab-party.cz\/wp-content\/uploads\/2015\/06\/IMG_2076.jpg\" title=\"n\u00e1bytek do p\u00e1rty stanu od AB Party\">\n\t\t\t    \t\t\t<img decoding=\"async\" src=\"https:\/\/www.ab-party.cz\/wp-content\/uploads\/2015\/06\/IMG_2076-300x300.jpg\" alt=\"n\u00e1bytek do p\u00e1rty stanu od AB Party\" title=\"n\u00e1bytek do p\u00e1rty stanu od AB Party\" class=\"img-responsive\" \/>\n\t\t\t    \t\t<\/a>\n\t\t\t    \t<\/div>\n\t\t\t\t\t<div class=\"col-md-3 col-sm-4 col-xs-6 gallery-item\">\n\t\t\t\t\t\t<a href=\"https:\/\/www.ab-party.cz\/wp-content\/uploads\/2015\/06\/IMG_2081.jpg\" title=\"N\u00e1bytek do party stanu od AB Party\">\n\t\t\t    \t\t\t<img decoding=\"async\" src=\"https:\/\/www.ab-party.cz\/wp-content\/uploads\/2015\/06\/IMG_2081-300x300.jpg\" alt=\"N\u00e1bytek do party stanu od AB Party\" title=\"N\u00e1bytek do party stanu od AB Party\" class=\"img-responsive\" \/>\n\t\t\t    \t\t<\/a>\n\t\t\t    \t<\/div>\n\t\t\t\t\t<div class=\"col-md-3 col-sm-4 col-xs-6 gallery-item\">\n\t\t\t\t\t\t<a href=\"https:\/\/www.ab-party.cz\/wp-content\/uploads\/2015\/06\/P1090549.jpg\" title=\"N\u00e1bytek do party stan\u016f od AB Party\">\n\t\t\t    \t\t\t<img decoding=\"async\" src=\"https:\/\/www.ab-party.cz\/wp-content\/uploads\/2015\/06\/P1090549-300x300.jpg\" alt=\"N\u00e1bytek do party stan\u016f od AB Party\" title=\"N\u00e1bytek do party stan\u016f od AB Party\" class=\"img-responsive\" \/>\n\t\t\t    \t\t<\/a>\n\t\t\t    \t<\/div>\n\t\t\t\t\t<div class=\"col-md-3 col-sm-4 col-xs-6 gallery-item\">\n\t\t\t\t\t\t<a href=\"https:\/\/www.ab-party.cz\/wp-content\/uploads\/2015\/06\/Stoly-\u017eidle-n\u00e1bytek_1.jpg\" title=\"Vybaven\u00ed svatebn\u00edho stanu od AB Party\">\n\t\t\t    \t\t\t<img decoding=\"async\" src=\"https:\/\/www.ab-party.cz\/wp-content\/uploads\/2015\/06\/Stoly-\u017eidle-n\u00e1bytek_1-300x300.jpg\" alt=\"Vybaven\u00ed svatebn\u00edho stanu od AB Party\" title=\"Vybaven\u00ed svatebn\u00edho stanu od AB Party\" class=\"img-responsive\" \/>\n\t\t\t    \t\t<\/a>\n\t\t\t    \t<\/div>\n\t\t\t\t\t<div class=\"col-md-3 col-sm-4 col-xs-6 gallery-item\">\n\t\t\t\t\t\t<a href=\"https:\/\/www.ab-party.cz\/wp-content\/uploads\/2015\/06\/Stoly-\u017eidle-n\u00e1bytek_6.jpg\" title=\"Vybaven\u00ed svatebn\u00edho stanu od AB Party\">\n\t\t\t    \t\t\t<img decoding=\"async\" src=\"https:\/\/www.ab-party.cz\/wp-content\/uploads\/2015\/06\/Stoly-\u017eidle-n\u00e1bytek_6-300x300.jpg\" alt=\"Vybaven\u00ed svatebn\u00edho stanu od AB Party\" title=\"Vybaven\u00ed svatebn\u00edho stanu od AB Party\" class=\"img-responsive\" \/>\n\t\t\t    \t\t<\/a>\n\t\t\t    \t<\/div>\n\t\t\t\t\t<div class=\"col-md-3 col-sm-4 col-xs-6 gallery-item\">\n\t\t\t\t\t\t<a href=\"https:\/\/www.ab-party.cz\/wp-content\/uploads\/2015\/06\/svatba_Ledeburske_zahrady_2010_small_19.jpg\" title=\"Vybaven\u00ed svatebn\u00edho p\u00e1rty stanu od AB Party\">\n\t\t\t    \t\t\t<img decoding=\"async\" src=\"https:\/\/www.ab-party.cz\/wp-content\/uploads\/2015\/06\/svatba_Ledeburske_zahrady_2010_small_19-300x300.jpg\" alt=\"Vybaven\u00ed svatebn\u00edho p\u00e1rty stanu od AB Party\" title=\"Vybaven\u00ed svatebn\u00edho p\u00e1rty stanu od AB Party\" class=\"img-responsive\" \/>\n\t\t\t    \t\t<\/a>\n\t\t\t    \t<\/div>\n\t\t\t\t\t<div class=\"col-md-3 col-sm-4 col-xs-6 gallery-item\">\n\t\t\t\t\t\t<a href=\"https:\/\/www.ab-party.cz\/wp-content\/uploads\/2015\/06\/DSCN1616.jpg\" title=\"Vybaven\u00ed svatebn\u00edho p\u00e1rty stanu od AB Party\">\n\t\t\t    \t\t\t<img decoding=\"async\" src=\"https:\/\/www.ab-party.cz\/wp-content\/uploads\/2015\/06\/DSCN1616-300x300.jpg\" alt=\"Vybaven\u00ed svatebn\u00edho p\u00e1rty stanu od AB Party\" title=\"Vybaven\u00ed svatebn\u00edho p\u00e1rty stanu od AB Party\" class=\"img-responsive\" \/>\n\t\t\t    \t\t<\/a>\n\t\t\t    \t<\/div>\n\t\t\t\t\t<div class=\"col-md-3 col-sm-4 col-xs-6 gallery-item\">\n\t\t\t\t\t\t<a href=\"https:\/\/www.ab-party.cz\/wp-content\/uploads\/2015\/06\/dekoracemcely_42.jpg\" title=\"Vybaven\u00ed svatebn\u00edho p\u00e1rty stanu od AB Party\">\n\t\t\t    \t\t\t<img decoding=\"async\" src=\"https:\/\/www.ab-party.cz\/wp-content\/uploads\/2015\/06\/dekoracemcely_42-300x300.jpg\" alt=\"Vybaven\u00ed svatebn\u00edho p\u00e1rty stanu od AB Party\" title=\"Vybaven\u00ed svatebn\u00edho p\u00e1rty stanu od AB Party\" class=\"img-responsive\" \/>\n\t\t\t    \t\t<\/a>\n\t\t\t    \t<\/div>\n\t\t\t\t\t<div class=\"col-md-3 col-sm-4 col-xs-6 gallery-item\">\n\t\t\t\t\t\t<a href=\"https:\/\/www.ab-party.cz\/wp-content\/uploads\/2015\/06\/20150612_203449.jpg\" title=\"Vybaven\u00ed svatebn\u00edho p\u00e1rty stanu od AB Party\">\n\t\t\t    \t\t\t<img decoding=\"async\" src=\"https:\/\/www.ab-party.cz\/wp-content\/uploads\/2015\/06\/20150612_203449-300x300.jpg\" alt=\"Vybaven\u00ed svatebn\u00edho p\u00e1rty stanu od AB Party\" title=\"Vybaven\u00ed svatebn\u00edho p\u00e1rty stanu od AB Party\" class=\"img-responsive\" \/>\n\t\t\t    \t\t<\/a>\n\t\t\t    \t<\/div>\n\t\t\t\t\t<div class=\"col-md-3 col-sm-4 col-xs-6 gallery-item\">\n\t\t\t\t\t\t<a href=\"https:\/\/www.ab-party.cz\/wp-content\/uploads\/2015\/06\/Stoly-\u017eidle-n\u00e1bytek_7.jpg\" title=\"Vybaven\u00ed svatebn\u00edho p\u00e1rty stanu od AB Party\">\n\t\t\t    \t\t\t<img decoding=\"async\" src=\"https:\/\/www.ab-party.cz\/wp-content\/uploads\/2015\/06\/Stoly-\u017eidle-n\u00e1bytek_7-300x300.jpg\" alt=\"Vybaven\u00ed svatebn\u00edho p\u00e1rty stanu od AB Party\" title=\"Vybaven\u00ed svatebn\u00edho p\u00e1rty stanu od AB Party\" class=\"img-responsive\" \/>\n\t\t\t    \t\t<\/a>\n\t\t\t    \t<\/div>\n\t\t\t\t\t<div class=\"col-md-3 col-sm-4 col-xs-6 gallery-item\">\n\t\t\t\t\t\t<a href=\"https:\/\/www.ab-party.cz\/wp-content\/uploads\/2015\/06\/150609-18.53.30.jpg\" title=\"N\u00e1bytek do party stan\u016f od AB Party\">\n\t\t\t    \t\t\t<img decoding=\"async\" src=\"https:\/\/www.ab-party.cz\/wp-content\/uploads\/2015\/06\/150609-18.53.30-300x300.jpg\" alt=\"N\u00e1bytek do party stan\u016f od AB Party\" title=\"N\u00e1bytek do party stan\u016f od AB Party\" class=\"img-responsive\" \/>\n\t\t\t    \t\t<\/a>\n\t\t\t    \t<\/div>\n\t\t\t\t\t<div class=\"col-md-3 col-sm-4 col-xs-6 gallery-item\">\n\t\t\t\t\t\t<a href=\"https:\/\/www.ab-party.cz\/wp-content\/uploads\/2015\/06\/Stoly-\u017eidle-n\u00e1bytek_9.jpg\" title=\"N\u00e1bytek do p\u00e1rty stan\u016f od AB Party\">\n\t\t\t    \t\t\t<img decoding=\"async\" src=\"https:\/\/www.ab-party.cz\/wp-content\/uploads\/2015\/06\/Stoly-\u017eidle-n\u00e1bytek_9-300x300.jpg\" alt=\"N\u00e1bytek do p\u00e1rty stan\u016f od AB Party\" title=\"N\u00e1bytek do p\u00e1rty stan\u016f od AB Party\" class=\"img-responsive\" \/>\n\t\t\t    \t\t<\/a>\n\t\t\t    \t<\/div>\n\t\t\t\t\t<div class=\"col-md-3 col-sm-4 col-xs-6 gallery-item\">\n\t\t\t\t\t\t<a href=\"https:\/\/www.ab-party.cz\/wp-content\/uploads\/2015\/06\/06092013267.jpg\" title=\"Posezen\u00ed v p\u00e1rty stanu od AB Party\">\n\t\t\t    \t\t\t<img decoding=\"async\" src=\"https:\/\/www.ab-party.cz\/wp-content\/uploads\/2015\/06\/06092013267-300x300.jpg\" alt=\"Posezen\u00ed v p\u00e1rty stanu od AB Party\" title=\"Posezen\u00ed v p\u00e1rty stanu od AB Party\" class=\"img-responsive\" \/>\n\t\t\t    \t\t<\/a>\n\t\t\t    \t<\/div>\n\t\t\t\t\t<div class=\"col-md-3 col-sm-4 col-xs-6 gallery-item\">\n\t\t\t\t\t\t<a href=\"https:\/\/www.ab-party.cz\/wp-content\/uploads\/2015\/06\/IMG_20140930_092102.jpg\" title=\"N\u00e1bytek do party stanu od AB Party\">\n\t\t\t    \t\t\t<img decoding=\"async\" src=\"https:\/\/www.ab-party.cz\/wp-content\/uploads\/2015\/06\/IMG_20140930_092102-300x300.jpg\" alt=\"N\u00e1bytek do party stanu od AB Party\" title=\"N\u00e1bytek do party stanu od AB Party\" class=\"img-responsive\" \/>\n\t\t\t    \t\t<\/a>\n\t\t\t    \t<\/div>\n\t\t\t\t\t<div class=\"col-md-3 col-sm-4 col-xs-6 gallery-item\">\n\t\t\t\t\t\t<a href=\"https:\/\/www.ab-party.cz\/wp-content\/uploads\/2015\/06\/Stoly-\u017eidle-n\u00e1bytek_10.jpg\" title=\"N\u00e1bytek do p\u00e1rty stan\u016f od AB Party\">\n\t\t\t    \t\t\t<img decoding=\"async\" src=\"https:\/\/www.ab-party.cz\/wp-content\/uploads\/2015\/06\/Stoly-\u017eidle-n\u00e1bytek_10-300x300.jpg\" alt=\"N\u00e1bytek do p\u00e1rty stan\u016f od AB Party\" title=\"N\u00e1bytek do p\u00e1rty stan\u016f od AB Party\" class=\"img-responsive\" \/>\n\t\t\t    \t\t<\/a>\n\t\t\t    \t<\/div>\n\t\t\t\t\t<div class=\"col-md-3 col-sm-4 col-xs-6 gallery-item\">\n\t\t\t\t\t\t<a href=\"https:\/\/www.ab-party.cz\/wp-content\/uploads\/2015\/06\/IMG_20140930_092259.jpg\" title=\"N\u00e1bytek do p\u00e1rty stan\u016f od AB Party\">\n\t\t\t    \t\t\t<img decoding=\"async\" src=\"https:\/\/www.ab-party.cz\/wp-content\/uploads\/2015\/06\/IMG_20140930_092259-300x300.jpg\" alt=\"N\u00e1bytek do p\u00e1rty stan\u016f od AB Party\" title=\"N\u00e1bytek do p\u00e1rty stan\u016f od AB Party\" class=\"img-responsive\" \/>\n\t\t\t    \t\t<\/a>\n\t\t\t    \t<\/div>\n\t\t\t\t\t<div class=\"col-md-3 col-sm-4 col-xs-6 gallery-item\">\n\t\t\t\t\t\t<a href=\"https:\/\/www.ab-party.cz\/wp-content\/uploads\/2015\/06\/Stoly-\u017eidle-n\u00e1bytek_8.jpg\" title=\"N\u00e1bytek do party stanu od AB Party\">\n\t\t\t    \t\t\t<img decoding=\"async\" src=\"https:\/\/www.ab-party.cz\/wp-content\/uploads\/2015\/06\/Stoly-\u017eidle-n\u00e1bytek_8-300x300.jpg\" alt=\"N\u00e1bytek do party stanu od AB Party\" title=\"N\u00e1bytek do party stanu od AB Party\" class=\"img-responsive\" \/>\n\t\t\t    \t\t<\/a>\n\t\t\t    \t<\/div>\n\t\t\t\t\t<div class=\"col-md-3 col-sm-4 col-xs-6 gallery-item\">\n\t\t\t\t\t\t<a href=\"https:\/\/www.ab-party.cz\/wp-content\/uploads\/2015\/06\/Stoly-\u017eidle-n\u00e1bytek_11.jpg\" title=\"n\u00e1bytek do p\u00e1rty stanu od AB Party\">\n\t\t\t    \t\t\t<img decoding=\"async\" src=\"https:\/\/www.ab-party.cz\/wp-content\/uploads\/2015\/06\/Stoly-\u017eidle-n\u00e1bytek_11-300x300.jpg\" alt=\"n\u00e1bytek do p\u00e1rty stanu od AB Party\" title=\"n\u00e1bytek do p\u00e1rty stanu od AB Party\" class=\"img-responsive\" \/>\n\t\t\t    \t\t<\/a>\n\t\t\t    \t<\/div>\n\t\t\t\t\t<div class=\"col-md-3 col-sm-4 col-xs-6 gallery-item\">\n\t\t\t\t\t\t<a href=\"https:\/\/www.ab-party.cz\/wp-content\/uploads\/2015\/06\/Stoly-\u017eidle-n\u00e1bytek_12.jpg\" title=\"N\u00e1bytek do party stan\u016f od AB Party\">\n\t\t\t    \t\t\t<img decoding=\"async\" src=\"https:\/\/www.ab-party.cz\/wp-content\/uploads\/2015\/06\/Stoly-\u017eidle-n\u00e1bytek_12-300x300.jpg\" alt=\"N\u00e1bytek do party stan\u016f od AB Party\" title=\"N\u00e1bytek do party stan\u016f od AB Party\" class=\"img-responsive\" \/>\n\t\t\t    \t\t<\/a>\n\t\t\t    \t<\/div>\n\t\t\t\t\t<div class=\"col-md-3 col-sm-4 col-xs-6 gallery-item\">\n\t\t\t\t\t\t<a href=\"https:\/\/www.ab-party.cz\/wp-content\/uploads\/2015\/06\/Stoly-\u017eidle-n\u00e1bytek_13.jpg\" title=\"n\u00e1bytek do p\u00e1rty stanu od AB Party\">\n\t\t\t    \t\t\t<img decoding=\"async\" src=\"https:\/\/www.ab-party.cz\/wp-content\/uploads\/2015\/06\/Stoly-\u017eidle-n\u00e1bytek_13-300x300.jpg\" alt=\"n\u00e1bytek do p\u00e1rty stanu od AB Party\" title=\"n\u00e1bytek do p\u00e1rty stanu od AB Party\" class=\"img-responsive\" \/>\n\t\t\t    \t\t<\/a>\n\t\t\t    \t<\/div>\n\t\t\t\t\t<div class=\"col-md-3 col-sm-4 col-xs-6 gallery-item\">\n\t\t\t\t\t\t<a href=\"https:\/\/www.ab-party.cz\/wp-content\/uploads\/2015\/06\/Stoly-\u017eidle-n\u00e1bytek_14.jpg\" title=\"N\u00e1bytek do p\u00e1rty stan\u016f od AB Party\">\n\t\t\t    \t\t\t<img decoding=\"async\" src=\"https:\/\/www.ab-party.cz\/wp-content\/uploads\/2015\/06\/Stoly-\u017eidle-n\u00e1bytek_14-300x300.jpg\" alt=\"N\u00e1bytek do p\u00e1rty stan\u016f od AB Party\" title=\"N\u00e1bytek do p\u00e1rty stan\u016f od AB Party\" class=\"img-responsive\" \/>\n\t\t\t    \t\t<\/a>\n\t\t\t    \t<\/div>\n\t\t\t\t\t<div class=\"col-md-3 col-sm-4 col-xs-6 gallery-item\">\n\t\t\t\t\t\t<a href=\"https:\/\/www.ab-party.cz\/wp-content\/uploads\/2015\/06\/Stoly-\u017eidle-n\u00e1bytek_15.jpg\" title=\"N\u00e1bytek do p\u00e1rty stan\u016f od AB Party\">\n\t\t\t    \t\t\t<img decoding=\"async\" src=\"https:\/\/www.ab-party.cz\/wp-content\/uploads\/2015\/06\/Stoly-\u017eidle-n\u00e1bytek_15-300x300.jpg\" alt=\"N\u00e1bytek do p\u00e1rty stan\u016f od AB Party\" title=\"N\u00e1bytek do p\u00e1rty stan\u016f od AB Party\" class=\"img-responsive\" \/>\n\t\t\t    \t\t<\/a>\n\t\t\t    \t<\/div>\n\t\t\t\t\t<div class=\"col-md-3 col-sm-4 col-xs-6 gallery-item\">\n\t\t\t\t\t\t<a href=\"https:\/\/www.ab-party.cz\/wp-content\/uploads\/2015\/06\/Stoly-\u017eidle-n\u00e1bytek_16.jpg\" title=\"n\u00e1bytek do p\u00e1rty stanu od AB Party\">\n\t\t\t    \t\t\t<img decoding=\"async\" src=\"https:\/\/www.ab-party.cz\/wp-content\/uploads\/2015\/06\/Stoly-\u017eidle-n\u00e1bytek_16-300x300.jpg\" alt=\"n\u00e1bytek do p\u00e1rty stanu od AB Party\" title=\"n\u00e1bytek do p\u00e1rty stanu od AB Party\" class=\"img-responsive\" \/>\n\t\t\t    \t\t<\/a>\n\t\t\t    \t<\/div>\n\t\t\t<\/div>\n\t\n\t\t<\/div><\/div>\n<script type='text\/javascript'>\njQuery(document).ready(function($) {\n\t$('.photo-gallery-magnific').magnificPopup({\n\t\tdelegate: 'a',\n\t\ttype: 'image',\n\t\ttLoading: 'Na\u010d\u00edt\u00e1m obr\u00e1zek #%curr%...',\n\t\tmainClass: 'mfp-img-mobile',\n\t\tgallery: {\n\t\t\tenabled: true,\n\t\t\tnavigateByImgClick: true,\n\t\t\ttCounter: '%curr% \/ %total%',\n\t\t\tpreload: [0,1] \/\/ Will preload 0 - before current, and 1 after the current image\n\t\t},\n\t\timage: {\n\t\t\ttError: '<a href=\"%url%\">Obr\u00e1zek #%curr%<\/a> nemohl b\u00fdt na\u010dten.',\n          \ttitleSrc: 'data-title'\n\t\t}\n\t});\n});\n<\/script>\n<\/div>","protected":false},"excerpt":{"rendered":"<p>Do p\u0159\u00edslu\u0161enstv\u00ed, kter\u00e9 nab\u00edz\u00edme, pat\u0159\u00ed tak\u00e9 n\u00e1bytek, kdy si m\u016f\u017eete vybrat z n\u011bkolika variant a pro perfektn\u00ed v\u00fdsledn\u00fd dojem je doplnit dekoracemi. Druhy \u017eidl\u00ed: Plastov\u00e1 Polstrovan\u00e1 Barov\u00e1 Pl\u00e1\u017eov\u00e9 leh\u00e1tko Druhy&#8230;<\/p>","protected":false},"author":2,"featured_media":533,"parent":20,"menu_order":32,"comment_status":"open","ping_status":"open","template":"accessories.php","meta":{"_acf_changed":false,"footnotes":""},"class_list":["post-24","page","type-page","status-publish","has-post-thumbnail","hentry"],"acf":[],"yoast_head":"<!-- This site is optimized with the Yoast SEO plugin v25.8 - https:\/\/yoast.com\/wordpress\/plugins\/seo\/ -->\n<title>Stoly, \u017eidle, n\u00e1bytek - AB PARTY TENT<\/title>\n<meta name=\"description\" content=\"Stoly, \u017eidle, n\u00e1bytek\" \/>\n<meta name=\"robots\" content=\"index, follow, max-snippet:-1, max-image-preview:large, max-video-preview:-1\" \/>\n<link rel=\"canonical\" href=\"https:\/\/www.ab-party.cz\/en\/prislusenstvi\/stoly-zidle-nabytek\/\" \/>\n<meta property=\"og:locale\" content=\"en_GB\" \/>\n<meta property=\"og:type\" content=\"article\" \/>\n<meta property=\"og:title\" content=\"Stoly, \u017eidle, n\u00e1bytek - AB PARTY TENT\" \/>\n<meta property=\"og:description\" content=\"Stoly, \u017eidle, n\u00e1bytek\" \/>\n<meta property=\"og:url\" content=\"https:\/\/www.ab-party.cz\/en\/prislusenstvi\/stoly-zidle-nabytek\/\" \/>\n<meta property=\"og:site_name\" content=\"AB Party stany\" \/>\n<meta property=\"article:modified_time\" content=\"2017-09-27T10:01:24+00:00\" \/>\n<meta property=\"og:image\" content=\"https:\/\/www.ab-party.cz\/wp-content\/uploads\/2015\/07\/Tables-chairs-furniture_2.jpg\" \/>\n\t<meta property=\"og:image:width\" content=\"600\" \/>\n\t<meta property=\"og:image:height\" content=\"450\" \/>\n\t<meta property=\"og:image:type\" content=\"image\/jpeg\" \/>\n<meta name=\"twitter:card\" content=\"summary_large_image\" \/>\n<meta name=\"twitter:label1\" content=\"Estimated reading time\" \/>\n\t<meta name=\"twitter:data1\" content=\"1 minute\" \/>\n<script type=\"application\/ld+json\" class=\"yoast-schema-graph\">{\"@context\":\"https:\/\/schema.org\",\"@graph\":[{\"@type\":\"WebPage\",\"@id\":\"https:\/\/www.ab-party.cz\/prislusenstvi\/stoly-zidle-nabytek\/\",\"url\":\"https:\/\/www.ab-party.cz\/prislusenstvi\/stoly-zidle-nabytek\/\",\"name\":\"Stoly, \u017eidle, n\u00e1bytek - AB PARTY TENT\",\"isPartOf\":{\"@id\":\"https:\/\/www.ab-party.cz\/#website\"},\"primaryImageOfPage\":{\"@id\":\"https:\/\/www.ab-party.cz\/prislusenstvi\/stoly-zidle-nabytek\/#primaryimage\"},\"image\":{\"@id\":\"https:\/\/www.ab-party.cz\/prislusenstvi\/stoly-zidle-nabytek\/#primaryimage\"},\"thumbnailUrl\":\"https:\/\/www.ab-party.cz\/wp-content\/uploads\/2015\/07\/Tables-chairs-furniture_2.jpg\",\"datePublished\":\"2015-06-20T13:08:13+00:00\",\"dateModified\":\"2017-09-27T10:01:24+00:00\",\"description\":\"Stoly, \u017eidle, n\u00e1bytek\",\"breadcrumb\":{\"@id\":\"https:\/\/www.ab-party.cz\/prislusenstvi\/stoly-zidle-nabytek\/#breadcrumb\"},\"inLanguage\":\"en-GB\",\"potentialAction\":[{\"@type\":\"ReadAction\",\"target\":[\"https:\/\/www.ab-party.cz\/prislusenstvi\/stoly-zidle-nabytek\/\"]}]},{\"@type\":\"ImageObject\",\"inLanguage\":\"en-GB\",\"@id\":\"https:\/\/www.ab-party.cz\/prislusenstvi\/stoly-zidle-nabytek\/#primaryimage\",\"url\":\"https:\/\/www.ab-party.cz\/wp-content\/uploads\/2015\/07\/Tables-chairs-furniture_2.jpg\",\"contentUrl\":\"https:\/\/www.ab-party.cz\/wp-content\/uploads\/2015\/07\/Tables-chairs-furniture_2.jpg\",\"width\":600,\"height\":450},{\"@type\":\"BreadcrumbList\",\"@id\":\"https:\/\/www.ab-party.cz\/prislusenstvi\/stoly-zidle-nabytek\/#breadcrumb\",\"itemListElement\":[{\"@type\":\"ListItem\",\"position\":1,\"name\":\"Home\",\"item\":\"https:\/\/www.ab-party.cz\/\"},{\"@type\":\"ListItem\",\"position\":2,\"name\":\"P\u0159\u00edslu\u0161enstv\u00ed\",\"item\":\"https:\/\/www.ab-party.cz\/prislusenstvi\/\"},{\"@type\":\"ListItem\",\"position\":3,\"name\":\"Stoly, \u017eidle, n\u00e1bytek\"}]},{\"@type\":\"WebSite\",\"@id\":\"https:\/\/www.ab-party.cz\/#website\",\"url\":\"https:\/\/www.ab-party.cz\/\",\"name\":\"AB Party stany\",\"description\":\"\",\"potentialAction\":[{\"@type\":\"SearchAction\",\"target\":{\"@type\":\"EntryPoint\",\"urlTemplate\":\"https:\/\/www.ab-party.cz\/?s={search_term_string}\"},\"query-input\":{\"@type\":\"PropertyValueSpecification\",\"valueRequired\":true,\"valueName\":\"search_term_string\"}}],\"inLanguage\":\"en-GB\"}]}<\/script>\n<!-- \/ Yoast SEO plugin. -->","yoast_head_json":{"title":"Stoly, \u017eidle, n\u00e1bytek - AB PARTY TENT","description":"Stoly, \u017eidle, n\u00e1bytek","robots":{"index":"index","follow":"follow","max-snippet":"max-snippet:-1","max-image-preview":"max-image-preview:large","max-video-preview":"max-video-preview:-1"},"canonical":"https:\/\/www.ab-party.cz\/en\/prislusenstvi\/stoly-zidle-nabytek\/","og_locale":"en_GB","og_type":"article","og_title":"Stoly, \u017eidle, n\u00e1bytek - AB PARTY TENT","og_description":"Stoly, \u017eidle, n\u00e1bytek","og_url":"https:\/\/www.ab-party.cz\/en\/prislusenstvi\/stoly-zidle-nabytek\/","og_site_name":"AB Party stany","article_modified_time":"2017-09-27T10:01:24+00:00","og_image":[{"width":600,"height":450,"url":"https:\/\/www.ab-party.cz\/wp-content\/uploads\/2015\/07\/Tables-chairs-furniture_2.jpg","type":"image\/jpeg"}],"twitter_card":"summary_large_image","twitter_misc":{"Estimated reading time":"1 minute"},"schema":{"@context":"https:\/\/schema.org","@graph":[{"@type":"WebPage","@id":"https:\/\/www.ab-party.cz\/prislusenstvi\/stoly-zidle-nabytek\/","url":"https:\/\/www.ab-party.cz\/prislusenstvi\/stoly-zidle-nabytek\/","name":"Stoly, \u017eidle, n\u00e1bytek - AB PARTY TENT","isPartOf":{"@id":"https:\/\/www.ab-party.cz\/#website"},"primaryImageOfPage":{"@id":"https:\/\/www.ab-party.cz\/prislusenstvi\/stoly-zidle-nabytek\/#primaryimage"},"image":{"@id":"https:\/\/www.ab-party.cz\/prislusenstvi\/stoly-zidle-nabytek\/#primaryimage"},"thumbnailUrl":"https:\/\/www.ab-party.cz\/wp-content\/uploads\/2015\/07\/Tables-chairs-furniture_2.jpg","datePublished":"2015-06-20T13:08:13+00:00","dateModified":"2017-09-27T10:01:24+00:00","description":"Stoly, \u017eidle, n\u00e1bytek","breadcrumb":{"@id":"https:\/\/www.ab-party.cz\/prislusenstvi\/stoly-zidle-nabytek\/#breadcrumb"},"inLanguage":"en-GB","potentialAction":[{"@type":"ReadAction","target":["https:\/\/www.ab-party.cz\/prislusenstvi\/stoly-zidle-nabytek\/"]}]},{"@type":"ImageObject","inLanguage":"en-GB","@id":"https:\/\/www.ab-party.cz\/prislusenstvi\/stoly-zidle-nabytek\/#primaryimage","url":"https:\/\/www.ab-party.cz\/wp-content\/uploads\/2015\/07\/Tables-chairs-furniture_2.jpg","contentUrl":"https:\/\/www.ab-party.cz\/wp-content\/uploads\/2015\/07\/Tables-chairs-furniture_2.jpg","width":600,"height":450},{"@type":"BreadcrumbList","@id":"https:\/\/www.ab-party.cz\/prislusenstvi\/stoly-zidle-nabytek\/#breadcrumb","itemListElement":[{"@type":"ListItem","position":1,"name":"Home","item":"https:\/\/www.ab-party.cz\/"},{"@type":"ListItem","position":2,"name":"P\u0159\u00edslu\u0161enstv\u00ed","item":"https:\/\/www.ab-party.cz\/prislusenstvi\/"},{"@type":"ListItem","position":3,"name":"Stoly, \u017eidle, n\u00e1bytek"}]},{"@type":"WebSite","@id":"https:\/\/www.ab-party.cz\/#website","url":"https:\/\/www.ab-party.cz\/","name":"AB Party stany","description":"","potentialAction":[{"@type":"SearchAction","target":{"@type":"EntryPoint","urlTemplate":"https:\/\/www.ab-party.cz\/?s={search_term_string}"},"query-input":{"@type":"PropertyValueSpecification","valueRequired":true,"valueName":"search_term_string"}}],"inLanguage":"en-GB"}]}},"_links":{"self":[{"href":"http:\/\/www.ab-party.cz\/en\/wp-json\/wp\/v2\/pages\/24","targetHints":{"allow":["GET"]}}],"collection":[{"href":"http:\/\/www.ab-party.cz\/en\/wp-json\/wp\/v2\/pages"}],"about":[{"href":"http:\/\/www.ab-party.cz\/en\/wp-json\/wp\/v2\/types\/page"}],"author":[{"embeddable":true,"href":"http:\/\/www.ab-party.cz\/en\/wp-json\/wp\/v2\/users\/2"}],"replies":[{"embeddable":true,"href":"http:\/\/www.ab-party.cz\/en\/wp-json\/wp\/v2\/comments?post=24"}],"version-history":[{"count":10,"href":"http:\/\/www.ab-party.cz\/en\/wp-json\/wp\/v2\/pages\/24\/revisions"}],"predecessor-version":[{"id":823,"href":"http:\/\/www.ab-party.cz\/en\/wp-json\/wp\/v2\/pages\/24\/revisions\/823"}],"up":[{"embeddable":true,"href":"http:\/\/www.ab-party.cz\/en\/wp-json\/wp\/v2\/pages\/20"}],"wp:featuredmedia":[{"embeddable":true,"href":"http:\/\/www.ab-party.cz\/en\/wp-json\/wp\/v2\/media\/533"}],"wp:attachment":[{"href":"http:\/\/www.ab-party.cz\/en\/wp-json\/wp\/v2\/media?parent=24"}],"curies":[{"name":"wp","href":"https:\/\/api.w.org\/{rel}","templated":true}]}}