{"id":22,"date":"2015-06-20T13:07:55","date_gmt":"2015-06-20T13:07:55","guid":{"rendered":"http:\/\/ab-party.testverze.cz\/?page_id=22"},"modified":"2017-04-20T09:24:36","modified_gmt":"2017-04-20T09:24:36","slug":"podia","status":"publish","type":"page","link":"http:\/\/www.ab-party.cz\/en\/prislusenstvi\/podia\/","title":{"rendered":"P\u00f3dia"},"content":{"rendered":"<div class='wysiwyg'><p>Dod\u00e1v\u00e1me profesion\u00e1ln\u00ed\u00a0 podia zna\u010dky NIVTEC. V\u00fd\u0161ky 20 cm, 40 cm, 60 cm, 80 cm, 100 cm&#8230; Z\u00e1kladn\u00ed modul p\u00f3dia je 2&#215;1 metr\u016f. Tento druh podi\u00ed n\u00e1m umo\u017e\u0148uje stav\u011bt podia r\u016fzn\u00fdch velikost\u00ed a tvar\u016f. Velmi obl\u00edben\u00e1 jsou mola pro m\u00f3dn\u00ed p\u0159ehl\u00eddky a nebo podstavce pro v\u00fdstavu automobil\u016f.<\/p>\n\t\t\n\t\t<div class=\"row\">\n\t\t\t<div class=\"col-lg-12\">\n\t\t\t\t<div class=\"title-box\">\n\t\t\t\t\t<h2 class=\"gallery-title\"><\/h2>\n\t\t\t\t<\/div>\n\t\t\t\n\t    \t<div class=\"row photo-gallery-magnific\">\n\t\t\t\t\t<div class=\"col-md-3 col-sm-4 col-xs-6 gallery-item\">\n\t\t\t\t\t\t<a href=\"https:\/\/www.ab-party.cz\/wp-content\/uploads\/2015\/06\/P\u00f3dia_1.jpg\" title=\"P\u0159enosn\u00e1 p\u00f3dia k pron\u00e1jmu od AB Party\">\n\t\t\t    \t\t\t<img decoding=\"async\" src=\"https:\/\/www.ab-party.cz\/wp-content\/uploads\/2015\/06\/P\u00f3dia_1-300x300.jpg\" alt=\"P\u0159enosn\u00e1 p\u00f3dia k pron\u00e1jmu od AB Party\" title=\"P\u0159enosn\u00e1 p\u00f3dia k pron\u00e1jmu od AB Party\" class=\"img-responsive\" \/>\n\t\t\t    \t\t<\/a>\n\t\t\t    \t<\/div>\n\t\t\t\t\t<div class=\"col-md-3 col-sm-4 col-xs-6 gallery-item\">\n\t\t\t\t\t\t<a href=\"https:\/\/www.ab-party.cz\/wp-content\/uploads\/2015\/06\/JIN_6724.jpg\" title=\"P\u0159enosn\u00e1 p\u00f3dia k pron\u00e1jmu od AB Party\">\n\t\t\t    \t\t\t<img decoding=\"async\" src=\"https:\/\/www.ab-party.cz\/wp-content\/uploads\/2015\/06\/JIN_6724-300x300.jpg\" alt=\"P\u0159enosn\u00e1 p\u00f3dia k pron\u00e1jmu od AB Party\" title=\"P\u0159enosn\u00e1 p\u00f3dia k pron\u00e1jmu od AB Party\" class=\"img-responsive\" \/>\n\t\t\t    \t\t<\/a>\n\t\t\t    \t<\/div>\n\t\t\t\t\t<div class=\"col-md-3 col-sm-4 col-xs-6 gallery-item\">\n\t\t\t\t\t\t<a href=\"https:\/\/www.ab-party.cz\/wp-content\/uploads\/2015\/06\/JIN_6725.jpg\" title=\"koncertn\u00ed p\u00f3dia k pron\u00e1jmu od AB Party\">\n\t\t\t    \t\t\t<img decoding=\"async\" src=\"https:\/\/www.ab-party.cz\/wp-content\/uploads\/2015\/06\/JIN_6725-300x300.jpg\" alt=\"koncertn\u00ed p\u00f3dia k pron\u00e1jmu od AB Party\" title=\"koncertn\u00ed p\u00f3dia k pron\u00e1jmu od AB Party\" class=\"img-responsive\" \/>\n\t\t\t    \t\t<\/a>\n\t\t\t    \t<\/div>\n\t\t\t\t\t<div class=\"col-md-3 col-sm-4 col-xs-6 gallery-item\">\n\t\t\t\t\t\t<a href=\"https:\/\/www.ab-party.cz\/wp-content\/uploads\/2015\/06\/DSCN1620.jpg\" title=\"koncertn\u00ed p\u00f3dia k pron\u00e1jmu od AB Party\">\n\t\t\t    \t\t\t<img decoding=\"async\" src=\"https:\/\/www.ab-party.cz\/wp-content\/uploads\/2015\/06\/DSCN1620-300x300.jpg\" alt=\"koncertn\u00ed p\u00f3dia k pron\u00e1jmu od AB Party\" title=\"koncertn\u00ed p\u00f3dia k pron\u00e1jmu od AB Party\" class=\"img-responsive\" \/>\n\t\t\t    \t\t<\/a>\n\t\t\t    \t<\/div>\n\t\t\t<\/div>\n\t\n\t\t<\/div><\/div>\n<script type='text\/javascript'>\njQuery(document).ready(function($) {\n\t$('.photo-gallery-magnific').magnificPopup({\n\t\tdelegate: 'a',\n\t\ttype: 'image',\n\t\ttLoading: 'Na\u010d\u00edt\u00e1m obr\u00e1zek #%curr%...',\n\t\tmainClass: 'mfp-img-mobile',\n\t\tgallery: {\n\t\t\tenabled: true,\n\t\t\tnavigateByImgClick: true,\n\t\t\ttCounter: '%curr% \/ %total%',\n\t\t\tpreload: [0,1] \/\/ Will preload 0 - before current, and 1 after the current image\n\t\t},\n\t\timage: {\n\t\t\ttError: '<a href=\"%url%\">Obr\u00e1zek #%curr%<\/a> nemohl b\u00fdt na\u010dten.',\n          \ttitleSrc: 'data-title'\n\t\t}\n\t});\n});\n<\/script>\n<p>&nbsp;<\/p>\n<div>\n<p>&nbsp;<\/p>\n<\/div>\n<\/div>","protected":false},"excerpt":{"rendered":"<p>Dod\u00e1v\u00e1me profesion\u00e1ln\u00ed\u00a0 podia zna\u010dky NIVTEC. V\u00fd\u0161ky 20 cm, 40 cm, 60 cm, 80 cm, 100 cm&#8230; Z\u00e1kladn\u00ed modul p\u00f3dia je 2&#215;1 metr\u016f. Tento druh podi\u00ed n\u00e1m umo\u017e\u0148uje stav\u011bt podia r\u016fzn\u00fdch&#8230;<\/p>","protected":false},"author":2,"featured_media":702,"parent":20,"menu_order":35,"comment_status":"open","ping_status":"open","template":"accessories.php","meta":{"_acf_changed":false,"footnotes":""},"class_list":["post-22","page","type-page","status-publish","has-post-thumbnail","hentry"],"acf":[],"yoast_head":"<!-- This site is optimized with the Yoast SEO plugin v25.8 - https:\/\/yoast.com\/wordpress\/plugins\/seo\/ -->\n<title>P\u00f3dia - AB PARTY TENT<\/title>\n<meta name=\"description\" content=\"P\u00f3dia\" \/>\n<meta name=\"robots\" content=\"index, follow, max-snippet:-1, max-image-preview:large, max-video-preview:-1\" \/>\n<link rel=\"canonical\" href=\"https:\/\/www.ab-party.cz\/en\/prislusenstvi\/podia\/\" \/>\n<meta property=\"og:locale\" content=\"en_GB\" \/>\n<meta property=\"og:type\" content=\"article\" \/>\n<meta property=\"og:title\" content=\"P\u00f3dia - AB PARTY TENT\" \/>\n<meta property=\"og:description\" content=\"P\u00f3dia\" \/>\n<meta property=\"og:url\" content=\"https:\/\/www.ab-party.cz\/en\/prislusenstvi\/podia\/\" \/>\n<meta property=\"og:site_name\" content=\"AB Party stany\" \/>\n<meta property=\"article:modified_time\" content=\"2017-04-20T09:24:36+00:00\" \/>\n<meta property=\"og:image\" content=\"https:\/\/www.ab-party.cz\/wp-content\/uploads\/2015\/06\/JIN_6725-1024x681.jpg\" \/>\n\t<meta property=\"og:image:width\" content=\"1024\" \/>\n\t<meta property=\"og:image:height\" content=\"681\" \/>\n\t<meta property=\"og:image:type\" content=\"image\/jpeg\" \/>\n<meta name=\"twitter:card\" content=\"summary_large_image\" \/>\n<script type=\"application\/ld+json\" class=\"yoast-schema-graph\">{\"@context\":\"https:\/\/schema.org\",\"@graph\":[{\"@type\":\"WebPage\",\"@id\":\"https:\/\/www.ab-party.cz\/prislusenstvi\/podia\/\",\"url\":\"https:\/\/www.ab-party.cz\/prislusenstvi\/podia\/\",\"name\":\"P\u00f3dia - AB PARTY TENT\",\"isPartOf\":{\"@id\":\"https:\/\/www.ab-party.cz\/#website\"},\"primaryImageOfPage\":{\"@id\":\"https:\/\/www.ab-party.cz\/prislusenstvi\/podia\/#primaryimage\"},\"image\":{\"@id\":\"https:\/\/www.ab-party.cz\/prislusenstvi\/podia\/#primaryimage\"},\"thumbnailUrl\":\"https:\/\/www.ab-party.cz\/wp-content\/uploads\/2015\/06\/JIN_6725.jpg\",\"datePublished\":\"2015-06-20T13:07:55+00:00\",\"dateModified\":\"2017-04-20T09:24:36+00:00\",\"description\":\"P\u00f3dia\",\"breadcrumb\":{\"@id\":\"https:\/\/www.ab-party.cz\/prislusenstvi\/podia\/#breadcrumb\"},\"inLanguage\":\"en-GB\",\"potentialAction\":[{\"@type\":\"ReadAction\",\"target\":[\"https:\/\/www.ab-party.cz\/prislusenstvi\/podia\/\"]}]},{\"@type\":\"ImageObject\",\"inLanguage\":\"en-GB\",\"@id\":\"https:\/\/www.ab-party.cz\/prislusenstvi\/podia\/#primaryimage\",\"url\":\"https:\/\/www.ab-party.cz\/wp-content\/uploads\/2015\/06\/JIN_6725.jpg\",\"contentUrl\":\"https:\/\/www.ab-party.cz\/wp-content\/uploads\/2015\/06\/JIN_6725.jpg\",\"width\":4256,\"height\":2832,\"caption\":\"koncertn\u00ed p\u00f3dia k pron\u00e1jmu od AB Party\"},{\"@type\":\"BreadcrumbList\",\"@id\":\"https:\/\/www.ab-party.cz\/prislusenstvi\/podia\/#breadcrumb\",\"itemListElement\":[{\"@type\":\"ListItem\",\"position\":1,\"name\":\"Home\",\"item\":\"https:\/\/www.ab-party.cz\/\"},{\"@type\":\"ListItem\",\"position\":2,\"name\":\"P\u0159\u00edslu\u0161enstv\u00ed\",\"item\":\"https:\/\/www.ab-party.cz\/prislusenstvi\/\"},{\"@type\":\"ListItem\",\"position\":3,\"name\":\"P\u00f3dia\"}]},{\"@type\":\"WebSite\",\"@id\":\"https:\/\/www.ab-party.cz\/#website\",\"url\":\"https:\/\/www.ab-party.cz\/\",\"name\":\"AB Party stany\",\"description\":\"\",\"potentialAction\":[{\"@type\":\"SearchAction\",\"target\":{\"@type\":\"EntryPoint\",\"urlTemplate\":\"https:\/\/www.ab-party.cz\/?s={search_term_string}\"},\"query-input\":{\"@type\":\"PropertyValueSpecification\",\"valueRequired\":true,\"valueName\":\"search_term_string\"}}],\"inLanguage\":\"en-GB\"}]}<\/script>\n<!-- \/ Yoast SEO plugin. -->","yoast_head_json":{"title":"P\u00f3dia - AB PARTY TENT","description":"P\u00f3dia","robots":{"index":"index","follow":"follow","max-snippet":"max-snippet:-1","max-image-preview":"max-image-preview:large","max-video-preview":"max-video-preview:-1"},"canonical":"https:\/\/www.ab-party.cz\/en\/prislusenstvi\/podia\/","og_locale":"en_GB","og_type":"article","og_title":"P\u00f3dia - AB PARTY TENT","og_description":"P\u00f3dia","og_url":"https:\/\/www.ab-party.cz\/en\/prislusenstvi\/podia\/","og_site_name":"AB Party stany","article_modified_time":"2017-04-20T09:24:36+00:00","og_image":[{"width":1024,"height":681,"url":"https:\/\/www.ab-party.cz\/wp-content\/uploads\/2015\/06\/JIN_6725-1024x681.jpg","type":"image\/jpeg"}],"twitter_card":"summary_large_image","schema":{"@context":"https:\/\/schema.org","@graph":[{"@type":"WebPage","@id":"https:\/\/www.ab-party.cz\/prislusenstvi\/podia\/","url":"https:\/\/www.ab-party.cz\/prislusenstvi\/podia\/","name":"P\u00f3dia - AB PARTY TENT","isPartOf":{"@id":"https:\/\/www.ab-party.cz\/#website"},"primaryImageOfPage":{"@id":"https:\/\/www.ab-party.cz\/prislusenstvi\/podia\/#primaryimage"},"image":{"@id":"https:\/\/www.ab-party.cz\/prislusenstvi\/podia\/#primaryimage"},"thumbnailUrl":"https:\/\/www.ab-party.cz\/wp-content\/uploads\/2015\/06\/JIN_6725.jpg","datePublished":"2015-06-20T13:07:55+00:00","dateModified":"2017-04-20T09:24:36+00:00","description":"P\u00f3dia","breadcrumb":{"@id":"https:\/\/www.ab-party.cz\/prislusenstvi\/podia\/#breadcrumb"},"inLanguage":"en-GB","potentialAction":[{"@type":"ReadAction","target":["https:\/\/www.ab-party.cz\/prislusenstvi\/podia\/"]}]},{"@type":"ImageObject","inLanguage":"en-GB","@id":"https:\/\/www.ab-party.cz\/prislusenstvi\/podia\/#primaryimage","url":"https:\/\/www.ab-party.cz\/wp-content\/uploads\/2015\/06\/JIN_6725.jpg","contentUrl":"https:\/\/www.ab-party.cz\/wp-content\/uploads\/2015\/06\/JIN_6725.jpg","width":4256,"height":2832,"caption":"koncertn\u00ed p\u00f3dia k pron\u00e1jmu od AB Party"},{"@type":"BreadcrumbList","@id":"https:\/\/www.ab-party.cz\/prislusenstvi\/podia\/#breadcrumb","itemListElement":[{"@type":"ListItem","position":1,"name":"Home","item":"https:\/\/www.ab-party.cz\/"},{"@type":"ListItem","position":2,"name":"P\u0159\u00edslu\u0161enstv\u00ed","item":"https:\/\/www.ab-party.cz\/prislusenstvi\/"},{"@type":"ListItem","position":3,"name":"P\u00f3dia"}]},{"@type":"WebSite","@id":"https:\/\/www.ab-party.cz\/#website","url":"https:\/\/www.ab-party.cz\/","name":"AB Party stany","description":"","potentialAction":[{"@type":"SearchAction","target":{"@type":"EntryPoint","urlTemplate":"https:\/\/www.ab-party.cz\/?s={search_term_string}"},"query-input":{"@type":"PropertyValueSpecification","valueRequired":true,"valueName":"search_term_string"}}],"inLanguage":"en-GB"}]}},"_links":{"self":[{"href":"http:\/\/www.ab-party.cz\/en\/wp-json\/wp\/v2\/pages\/22","targetHints":{"allow":["GET"]}}],"collection":[{"href":"http:\/\/www.ab-party.cz\/en\/wp-json\/wp\/v2\/pages"}],"about":[{"href":"http:\/\/www.ab-party.cz\/en\/wp-json\/wp\/v2\/types\/page"}],"author":[{"embeddable":true,"href":"http:\/\/www.ab-party.cz\/en\/wp-json\/wp\/v2\/users\/2"}],"replies":[{"embeddable":true,"href":"http:\/\/www.ab-party.cz\/en\/wp-json\/wp\/v2\/comments?post=22"}],"version-history":[{"count":6,"href":"http:\/\/www.ab-party.cz\/en\/wp-json\/wp\/v2\/pages\/22\/revisions"}],"predecessor-version":[{"id":703,"href":"http:\/\/www.ab-party.cz\/en\/wp-json\/wp\/v2\/pages\/22\/revisions\/703"}],"up":[{"embeddable":true,"href":"http:\/\/www.ab-party.cz\/en\/wp-json\/wp\/v2\/pages\/20"}],"wp:featuredmedia":[{"embeddable":true,"href":"http:\/\/www.ab-party.cz\/en\/wp-json\/wp\/v2\/media\/702"}],"wp:attachment":[{"href":"http:\/\/www.ab-party.cz\/en\/wp-json\/wp\/v2\/media?parent=22"}],"curies":[{"name":"wp","href":"https:\/\/api.w.org\/{rel}","templated":true}]}}